{"id":9901,"date":"2024-04-17T15:19:53","date_gmt":"2024-04-17T12:19:53","guid":{"rendered":"https:\/\/finarte.fi\/?post_type=product&#038;p=9901"},"modified":"2026-02-16T11:58:21","modified_gmt":"2026-02-16T09:58:21","slug":"stilleben-luomupuuvillaviltti","status":"publish","type":"product","link":"https:\/\/finarte.fi\/fi\/kauppa\/tuotteet\/sisustustuotteet\/viltit\/stilleben-luomupuuvillaviltti\/","title":{"rendered":"Stilleben luomupuuvillaviltti"},"content":{"rendered":"","protected":false},"excerpt":{"rendered":"<div class=\"row row-collapse\"  id=\"row-1807075663\">\n\n\t<div id=\"col-649572609\" class=\"col small-12 large-12\"  >\n\t\t\t\t<div class=\"col-inner\"  >\n\t\t\t\n\t\t\t\n<p class=\"alt-color\">Tuotekuvaus<\/p>\n<p>Stilleben on design-viltti, jonka on suunnitellut Antti Kekki. Stilleben-viltti on kudottu pehme\u00e4st\u00e4 luomupuuvillasta ja sit\u00e4 koristaa v\u00e4rikk\u00e4\u00e4n graafinen abstrakti kuvio yhdist\u00e4en beige\u00e4, burgundia sek\u00e4 kirkkaan keltaista ja s\u00e4hk\u00f6nsinist\u00e4. Viltin ison koon vuoksi pysyv\u00e4t my\u00f6s varpaat l\u00e4mpim\u00e4n\u00e4 ja sit\u00e4 voi k\u00e4ytt\u00e4\u00e4 my\u00f6s s\u00e4ngyll\u00e4 pienemp\u00e4n\u00e4 p\u00e4iv\u00e4peittona. Kudontatekniikan ansiosta peitto on ihanan laskeutuva ja pehme\u00e4.<\/p>\n<p>Valmistettu vastuullisesti k\u00e4sity\u00f6n\u00e4 Intiassa.<\/p>\n\t\t<\/div>\n\t\t\t\t\t<\/div>\n\n\t\n<\/div>\n","protected":false},"featured_media":1829,"comment_status":"open","ping_status":"closed","template":"","meta":[],"product_brand":[],"product_cat":[163,78,159,84],"product_tag":[],"class_list":{"0":"post-9901","1":"product","2":"type-product","3":"status-publish","4":"has-post-thumbnail","6":"product_cat-antti-kekki-fi","7":"product_cat-sisustustuotteet","8":"product_cat-suunnittelija","9":"product_cat-viltit","11":"first","12":"instock","13":"taxable","14":"shipping-taxable","15":"purchasable","16":"product-type-variable"},"group_of_quantity":0,"min_quantity":0,"max_quantity":"","exclude_order_quantity_value_rules":"no","exclude_category_quantity_rules":"no","combine_variations":"no","exclude_global_add_ons":[],"addons":[],"yoast_head":"<!-- This site is optimized with the Yoast SEO plugin v27.1.1 - https:\/\/yoast.com\/product\/yoast-seo-wordpress\/ -->\n<title>Stilleben luomupuuvillaviltti - Finarte<\/title>\n<meta name=\"robots\" content=\"index, follow, max-snippet:-1, max-image-preview:large, max-video-preview:-1\" \/>\n<link rel=\"canonical\" href=\"https:\/\/finarte.fi\/fi\/kauppa\/tuotteet\/sisustustuotteet\/viltit\/stilleben-luomupuuvillaviltti\/\" \/>\n<meta property=\"og:locale\" content=\"fi_FI\" \/>\n<meta property=\"og:type\" content=\"article\" \/>\n<meta property=\"og:title\" content=\"Stilleben luomupuuvillaviltti - Finarte\" \/>\n<meta property=\"og:url\" content=\"https:\/\/finarte.fi\/fi\/kauppa\/tuotteet\/sisustustuotteet\/viltit\/stilleben-luomupuuvillaviltti\/\" \/>\n<meta property=\"og:site_name\" content=\"Finarte\" \/>\n<meta property=\"article:modified_time\" content=\"2026-02-16T09:58:21+00:00\" \/>\n<meta property=\"og:image\" content=\"https:\/\/finarte.fi\/wp-content\/uploads\/2023\/08\/finarte-stilleben-throw-beige.webp\" \/>\n\t<meta property=\"og:image:width\" content=\"1080\" \/>\n\t<meta property=\"og:image:height\" content=\"1350\" \/>\n\t<meta property=\"og:image:type\" content=\"image\/webp\" \/>\n<meta name=\"twitter:card\" content=\"summary_large_image\" \/>\n<meta name=\"twitter:description\" content=\"[row style=&quot;collapse&quot;]  [col span__sm=&quot;12&quot;] Tuotekuvaus Stilleben on design-viltti, jonka on suunnitellut Antti Kekki. Stilleben-viltti on kudottu pehme\u00e4st\u00e4 luomupuuvillasta ja sit\u00e4 koristaa v\u00e4rikk\u00e4\u00e4n graafinen abstrakti kuvio yhdist\u00e4en beige\u00e4, burgundia sek\u00e4 kirkkaan keltaista ja s\u00e4hk\u00f6nsinist\u00e4. Viltin ison koon vuoksi pysyv\u00e4t my\u00f6s varpaat l\u00e4mpim\u00e4n\u00e4 ja sit\u00e4 voi k\u00e4ytt\u00e4\u00e4 my\u00f6s s\u00e4ngyll\u00e4 pienemp\u00e4n\u00e4 p\u00e4iv\u00e4peittona. Kudontatekniikan ansiosta peitto on ihanan laskeutuva ja pehme\u00e4.  Valmistettu vastuullisesti k\u00e4sity\u00f6n\u00e4 Intiassa.  [\/col]  [\/row]\" \/>\n<meta name=\"twitter:label1\" content=\"Arvioitu lukuaika\" \/>\n\t<meta name=\"twitter:data1\" content=\"1 minuutti\" \/>\n<script type=\"application\/ld+json\" class=\"yoast-schema-graph\">{\"@context\":\"https:\/\/schema.org\",\"@graph\":[{\"@type\":\"WebPage\",\"@id\":\"https:\/\/finarte.fi\/fi\/kauppa\/tuotteet\/sisustustuotteet\/viltit\/stilleben-luomupuuvillaviltti\/\",\"url\":\"https:\/\/finarte.fi\/fi\/kauppa\/tuotteet\/sisustustuotteet\/viltit\/stilleben-luomupuuvillaviltti\/\",\"name\":\"Stilleben luomupuuvillaviltti - Finarte\",\"isPartOf\":{\"@id\":\"https:\/\/finarte.fi\/fi\/#website\"},\"primaryImageOfPage\":{\"@id\":\"https:\/\/finarte.fi\/fi\/kauppa\/tuotteet\/sisustustuotteet\/viltit\/stilleben-luomupuuvillaviltti\/#primaryimage\"},\"image\":{\"@id\":\"https:\/\/finarte.fi\/fi\/kauppa\/tuotteet\/sisustustuotteet\/viltit\/stilleben-luomupuuvillaviltti\/#primaryimage\"},\"thumbnailUrl\":\"https:\/\/finarte.fi\/wp-content\/uploads\/2023\/08\/finarte-stilleben-throw-beige.webp\",\"datePublished\":\"2024-04-17T12:19:53+00:00\",\"dateModified\":\"2026-02-16T09:58:21+00:00\",\"breadcrumb\":{\"@id\":\"https:\/\/finarte.fi\/fi\/kauppa\/tuotteet\/sisustustuotteet\/viltit\/stilleben-luomupuuvillaviltti\/#breadcrumb\"},\"inLanguage\":\"fi\",\"potentialAction\":[{\"@type\":\"ReadAction\",\"target\":[\"https:\/\/finarte.fi\/fi\/kauppa\/tuotteet\/sisustustuotteet\/viltit\/stilleben-luomupuuvillaviltti\/\"]}]},{\"@type\":\"ImageObject\",\"inLanguage\":\"fi\",\"@id\":\"https:\/\/finarte.fi\/fi\/kauppa\/tuotteet\/sisustustuotteet\/viltit\/stilleben-luomupuuvillaviltti\/#primaryimage\",\"url\":\"https:\/\/finarte.fi\/wp-content\/uploads\/2023\/08\/finarte-stilleben-throw-beige.webp\",\"contentUrl\":\"https:\/\/finarte.fi\/wp-content\/uploads\/2023\/08\/finarte-stilleben-throw-beige.webp\",\"width\":1080,\"height\":1350},{\"@type\":\"BreadcrumbList\",\"@id\":\"https:\/\/finarte.fi\/fi\/kauppa\/tuotteet\/sisustustuotteet\/viltit\/stilleben-luomupuuvillaviltti\/#breadcrumb\",\"itemListElement\":[{\"@type\":\"ListItem\",\"position\":1,\"name\":\"Home\",\"item\":\"https:\/\/finarte.fi\/fi\/\"},{\"@type\":\"ListItem\",\"position\":2,\"name\":\"Shop\",\"item\":\"https:\/\/finarte.fi\/fi\/kauppa\/\"},{\"@type\":\"ListItem\",\"position\":3,\"name\":\"Stilleben luomupuuvillaviltti\"}]},{\"@type\":\"WebSite\",\"@id\":\"https:\/\/finarte.fi\/fi\/#website\",\"url\":\"https:\/\/finarte.fi\/fi\/\",\"name\":\"Finarte\",\"description\":\"\",\"potentialAction\":[{\"@type\":\"SearchAction\",\"target\":{\"@type\":\"EntryPoint\",\"urlTemplate\":\"https:\/\/finarte.fi\/fi\/?s={search_term_string}\"},\"query-input\":{\"@type\":\"PropertyValueSpecification\",\"valueRequired\":true,\"valueName\":\"search_term_string\"}}],\"inLanguage\":\"fi\"}]}<\/script>\n<!-- \/ Yoast SEO plugin. -->","yoast_head_json":{"title":"Stilleben luomupuuvillaviltti - Finarte","robots":{"index":"index","follow":"follow","max-snippet":"max-snippet:-1","max-image-preview":"max-image-preview:large","max-video-preview":"max-video-preview:-1"},"canonical":"https:\/\/finarte.fi\/fi\/kauppa\/tuotteet\/sisustustuotteet\/viltit\/stilleben-luomupuuvillaviltti\/","og_locale":"fi_FI","og_type":"article","og_title":"Stilleben luomupuuvillaviltti - Finarte","og_url":"https:\/\/finarte.fi\/fi\/kauppa\/tuotteet\/sisustustuotteet\/viltit\/stilleben-luomupuuvillaviltti\/","og_site_name":"Finarte","article_modified_time":"2026-02-16T09:58:21+00:00","og_image":[{"width":1080,"height":1350,"url":"https:\/\/finarte.fi\/wp-content\/uploads\/2023\/08\/finarte-stilleben-throw-beige.webp","type":"image\/webp"}],"twitter_card":"summary_large_image","twitter_description":"[row style=\"collapse\"]  [col span__sm=\"12\"] Tuotekuvaus Stilleben on design-viltti, jonka on suunnitellut Antti Kekki. Stilleben-viltti on kudottu pehme\u00e4st\u00e4 luomupuuvillasta ja sit\u00e4 koristaa v\u00e4rikk\u00e4\u00e4n graafinen abstrakti kuvio yhdist\u00e4en beige\u00e4, burgundia sek\u00e4 kirkkaan keltaista ja s\u00e4hk\u00f6nsinist\u00e4. Viltin ison koon vuoksi pysyv\u00e4t my\u00f6s varpaat l\u00e4mpim\u00e4n\u00e4 ja sit\u00e4 voi k\u00e4ytt\u00e4\u00e4 my\u00f6s s\u00e4ngyll\u00e4 pienemp\u00e4n\u00e4 p\u00e4iv\u00e4peittona. Kudontatekniikan ansiosta peitto on ihanan laskeutuva ja pehme\u00e4.  Valmistettu vastuullisesti k\u00e4sity\u00f6n\u00e4 Intiassa.  [\/col]  [\/row]","twitter_misc":{"Arvioitu lukuaika":"1 minuutti"},"schema":{"@context":"https:\/\/schema.org","@graph":[{"@type":"WebPage","@id":"https:\/\/finarte.fi\/fi\/kauppa\/tuotteet\/sisustustuotteet\/viltit\/stilleben-luomupuuvillaviltti\/","url":"https:\/\/finarte.fi\/fi\/kauppa\/tuotteet\/sisustustuotteet\/viltit\/stilleben-luomupuuvillaviltti\/","name":"Stilleben luomupuuvillaviltti - Finarte","isPartOf":{"@id":"https:\/\/finarte.fi\/fi\/#website"},"primaryImageOfPage":{"@id":"https:\/\/finarte.fi\/fi\/kauppa\/tuotteet\/sisustustuotteet\/viltit\/stilleben-luomupuuvillaviltti\/#primaryimage"},"image":{"@id":"https:\/\/finarte.fi\/fi\/kauppa\/tuotteet\/sisustustuotteet\/viltit\/stilleben-luomupuuvillaviltti\/#primaryimage"},"thumbnailUrl":"https:\/\/finarte.fi\/wp-content\/uploads\/2023\/08\/finarte-stilleben-throw-beige.webp","datePublished":"2024-04-17T12:19:53+00:00","dateModified":"2026-02-16T09:58:21+00:00","breadcrumb":{"@id":"https:\/\/finarte.fi\/fi\/kauppa\/tuotteet\/sisustustuotteet\/viltit\/stilleben-luomupuuvillaviltti\/#breadcrumb"},"inLanguage":"fi","potentialAction":[{"@type":"ReadAction","target":["https:\/\/finarte.fi\/fi\/kauppa\/tuotteet\/sisustustuotteet\/viltit\/stilleben-luomupuuvillaviltti\/"]}]},{"@type":"ImageObject","inLanguage":"fi","@id":"https:\/\/finarte.fi\/fi\/kauppa\/tuotteet\/sisustustuotteet\/viltit\/stilleben-luomupuuvillaviltti\/#primaryimage","url":"https:\/\/finarte.fi\/wp-content\/uploads\/2023\/08\/finarte-stilleben-throw-beige.webp","contentUrl":"https:\/\/finarte.fi\/wp-content\/uploads\/2023\/08\/finarte-stilleben-throw-beige.webp","width":1080,"height":1350},{"@type":"BreadcrumbList","@id":"https:\/\/finarte.fi\/fi\/kauppa\/tuotteet\/sisustustuotteet\/viltit\/stilleben-luomupuuvillaviltti\/#breadcrumb","itemListElement":[{"@type":"ListItem","position":1,"name":"Home","item":"https:\/\/finarte.fi\/fi\/"},{"@type":"ListItem","position":2,"name":"Shop","item":"https:\/\/finarte.fi\/fi\/kauppa\/"},{"@type":"ListItem","position":3,"name":"Stilleben luomupuuvillaviltti"}]},{"@type":"WebSite","@id":"https:\/\/finarte.fi\/fi\/#website","url":"https:\/\/finarte.fi\/fi\/","name":"Finarte","description":"","potentialAction":[{"@type":"SearchAction","target":{"@type":"EntryPoint","urlTemplate":"https:\/\/finarte.fi\/fi\/?s={search_term_string}"},"query-input":{"@type":"PropertyValueSpecification","valueRequired":true,"valueName":"search_term_string"}}],"inLanguage":"fi"}]}},"_links":{"self":[{"href":"https:\/\/finarte.fi\/fi\/wp-json\/wp\/v2\/product\/9901","targetHints":{"allow":["GET"]}}],"collection":[{"href":"https:\/\/finarte.fi\/fi\/wp-json\/wp\/v2\/product"}],"about":[{"href":"https:\/\/finarte.fi\/fi\/wp-json\/wp\/v2\/types\/product"}],"replies":[{"embeddable":true,"href":"https:\/\/finarte.fi\/fi\/wp-json\/wp\/v2\/comments?post=9901"}],"wp:featuredmedia":[{"embeddable":true,"href":"https:\/\/finarte.fi\/fi\/wp-json\/wp\/v2\/media\/1829"}],"wp:attachment":[{"href":"https:\/\/finarte.fi\/fi\/wp-json\/wp\/v2\/media?parent=9901"}],"wp:term":[{"taxonomy":"product_brand","embeddable":true,"href":"https:\/\/finarte.fi\/fi\/wp-json\/wp\/v2\/product_brand?post=9901"},{"taxonomy":"product_cat","embeddable":true,"href":"https:\/\/finarte.fi\/fi\/wp-json\/wp\/v2\/product_cat?post=9901"},{"taxonomy":"product_tag","embeddable":true,"href":"https:\/\/finarte.fi\/fi\/wp-json\/wp\/v2\/product_tag?post=9901"}],"curies":[{"name":"wp","href":"https:\/\/api.w.org\/{rel}","templated":true}]}}