{"id":9076,"date":"2024-02-21T13:31:03","date_gmt":"2024-02-21T11:31:03","guid":{"rendered":"https:\/\/finarte.fi\/?post_type=product&#038;p=9076"},"modified":"2026-03-05T15:02:17","modified_gmt":"2026-03-05T13:02:17","slug":"apricot-villa-kashmir-viltti","status":"publish","type":"product","link":"https:\/\/finarte.fi\/fi\/kauppa\/tuotteet\/sisustustuotteet\/viltit\/apricot-villa-kashmir-viltti\/","title":{"rendered":"Apricot villa-kashmir viltti"},"content":{"rendered":"","protected":false},"excerpt":{"rendered":"<div class=\"row row-collapse\"  id=\"row-489969589\">\n\n\t<div id=\"col-1654523479\" class=\"col small-12 large-12\"  >\n\t\t\t\t<div class=\"col-inner\"  >\n\t\t\t\n\t\t\t\n<p class=\"alt-color\">Tuotekuvaus<\/p>\n<p>Apricot-viltti on kudottu pehme\u00e4st\u00e4 villa-kashmir -sekoitteesta ja sit\u00e4 koristaa v\u00e4rikk\u00e4\u00e4n leikkis\u00e4 ruudullinen kuvio yhdist\u00e4en pinkki\u00e4, lilaa, oranssia ja keltaista.\u00a0Kudontatekniikan ansiosta peitto on ihanan paksu ja pehme\u00e4 mutta samalla miellytt\u00e4v\u00e4n kevyt. Viltin ilmett\u00e4 t\u00e4ydent\u00e4v\u00e4t hapsureunat.<\/p>\n<p>Valmistettu vastuullisesti k\u00e4sity\u00f6n\u00e4 Intiassa.<\/p>\n\t\t<\/div>\n\t\t\t\t\t<\/div>\n\n\t\n<\/div>\n","protected":false},"featured_media":9133,"comment_status":"open","ping_status":"closed","template":"","meta":[],"product_brand":[],"product_cat":[586,78,84],"product_tag":[],"class_list":{"0":"post-9076","1":"product","2":"type-product","3":"status-publish","4":"has-post-thumbnail","6":"product_cat-ale","7":"product_cat-sisustustuotteet","8":"product_cat-viltit","10":"first","11":"instock","12":"taxable","13":"shipping-taxable","14":"purchasable","15":"product-type-variable","16":"has-default-attributes"},"group_of_quantity":0,"min_quantity":0,"max_quantity":"","exclude_order_quantity_value_rules":"no","exclude_category_quantity_rules":"no","combine_variations":"no","exclude_global_add_ons":[],"addons":[],"yoast_head":"<!-- This site is optimized with the Yoast SEO plugin v27.1.1 - https:\/\/yoast.com\/product\/yoast-seo-wordpress\/ -->\n<title>Apricot villa-kashmir viltti - Finarte<\/title>\n<meta name=\"robots\" content=\"index, follow, max-snippet:-1, max-image-preview:large, max-video-preview:-1\" \/>\n<link rel=\"canonical\" href=\"https:\/\/finarte.fi\/fi\/kauppa\/tuotteet\/sisustustuotteet\/viltit\/apricot-villa-kashmir-viltti\/\" \/>\n<meta property=\"og:locale\" content=\"fi_FI\" \/>\n<meta property=\"og:type\" content=\"article\" \/>\n<meta property=\"og:title\" content=\"Apricot villa-kashmir viltti - Finarte\" \/>\n<meta property=\"og:url\" content=\"https:\/\/finarte.fi\/fi\/kauppa\/tuotteet\/sisustustuotteet\/viltit\/apricot-villa-kashmir-viltti\/\" \/>\n<meta property=\"og:site_name\" content=\"Finarte\" \/>\n<meta property=\"article:modified_time\" content=\"2026-03-05T13:02:17+00:00\" \/>\n<meta property=\"og:image\" content=\"https:\/\/finarte.fi\/wp-content\/uploads\/2024\/02\/finarte-apricot-throw-1-768x960-5.webp\" \/>\n\t<meta property=\"og:image:width\" content=\"1080\" \/>\n\t<meta property=\"og:image:height\" content=\"1350\" \/>\n\t<meta property=\"og:image:type\" content=\"image\/webp\" \/>\n<meta name=\"twitter:card\" content=\"summary_large_image\" \/>\n<meta name=\"twitter:description\" content=\"[row style=&quot;collapse&quot;]  [col span__sm=&quot;12&quot;] Tuotekuvaus Apricot-viltti on kudottu pehme\u00e4st\u00e4 villa-kashmir -sekoitteesta ja sit\u00e4 koristaa v\u00e4rikk\u00e4\u00e4n leikkis\u00e4 ruudullinen kuvio yhdist\u00e4en pinkki\u00e4, lilaa, oranssia ja keltaista.\u00a0Kudontatekniikan ansiosta peitto on ihanan paksu ja pehme\u00e4 mutta samalla miellytt\u00e4v\u00e4n kevyt. Viltin ilmett\u00e4 t\u00e4ydent\u00e4v\u00e4t hapsureunat.  Valmistettu vastuullisesti k\u00e4sity\u00f6n\u00e4 Intiassa.  [\/col]  [\/row]\" \/>\n<meta name=\"twitter:label1\" content=\"Arvioitu lukuaika\" \/>\n\t<meta name=\"twitter:data1\" content=\"1 minuutti\" \/>\n<script type=\"application\/ld+json\" class=\"yoast-schema-graph\">{\"@context\":\"https:\/\/schema.org\",\"@graph\":[{\"@type\":\"WebPage\",\"@id\":\"https:\/\/finarte.fi\/fi\/kauppa\/tuotteet\/sisustustuotteet\/viltit\/apricot-villa-kashmir-viltti\/\",\"url\":\"https:\/\/finarte.fi\/fi\/kauppa\/tuotteet\/sisustustuotteet\/viltit\/apricot-villa-kashmir-viltti\/\",\"name\":\"Apricot villa-kashmir viltti - Finarte\",\"isPartOf\":{\"@id\":\"https:\/\/finarte.fi\/fi\/#website\"},\"primaryImageOfPage\":{\"@id\":\"https:\/\/finarte.fi\/fi\/kauppa\/tuotteet\/sisustustuotteet\/viltit\/apricot-villa-kashmir-viltti\/#primaryimage\"},\"image\":{\"@id\":\"https:\/\/finarte.fi\/fi\/kauppa\/tuotteet\/sisustustuotteet\/viltit\/apricot-villa-kashmir-viltti\/#primaryimage\"},\"thumbnailUrl\":\"https:\/\/finarte.fi\/wp-content\/uploads\/2024\/02\/finarte-apricot-throw-1-768x960-5.webp\",\"datePublished\":\"2024-02-21T11:31:03+00:00\",\"dateModified\":\"2026-03-05T13:02:17+00:00\",\"breadcrumb\":{\"@id\":\"https:\/\/finarte.fi\/fi\/kauppa\/tuotteet\/sisustustuotteet\/viltit\/apricot-villa-kashmir-viltti\/#breadcrumb\"},\"inLanguage\":\"fi\",\"potentialAction\":[{\"@type\":\"ReadAction\",\"target\":[\"https:\/\/finarte.fi\/fi\/kauppa\/tuotteet\/sisustustuotteet\/viltit\/apricot-villa-kashmir-viltti\/\"]}]},{\"@type\":\"ImageObject\",\"inLanguage\":\"fi\",\"@id\":\"https:\/\/finarte.fi\/fi\/kauppa\/tuotteet\/sisustustuotteet\/viltit\/apricot-villa-kashmir-viltti\/#primaryimage\",\"url\":\"https:\/\/finarte.fi\/wp-content\/uploads\/2024\/02\/finarte-apricot-throw-1-768x960-5.webp\",\"contentUrl\":\"https:\/\/finarte.fi\/wp-content\/uploads\/2024\/02\/finarte-apricot-throw-1-768x960-5.webp\",\"width\":1080,\"height\":1350},{\"@type\":\"BreadcrumbList\",\"@id\":\"https:\/\/finarte.fi\/fi\/kauppa\/tuotteet\/sisustustuotteet\/viltit\/apricot-villa-kashmir-viltti\/#breadcrumb\",\"itemListElement\":[{\"@type\":\"ListItem\",\"position\":1,\"name\":\"Home\",\"item\":\"https:\/\/finarte.fi\/fi\/\"},{\"@type\":\"ListItem\",\"position\":2,\"name\":\"Shop\",\"item\":\"https:\/\/finarte.fi\/fi\/kauppa\/\"},{\"@type\":\"ListItem\",\"position\":3,\"name\":\"Apricot villa-kashmir viltti\"}]},{\"@type\":\"WebSite\",\"@id\":\"https:\/\/finarte.fi\/fi\/#website\",\"url\":\"https:\/\/finarte.fi\/fi\/\",\"name\":\"Finarte\",\"description\":\"\",\"potentialAction\":[{\"@type\":\"SearchAction\",\"target\":{\"@type\":\"EntryPoint\",\"urlTemplate\":\"https:\/\/finarte.fi\/fi\/?s={search_term_string}\"},\"query-input\":{\"@type\":\"PropertyValueSpecification\",\"valueRequired\":true,\"valueName\":\"search_term_string\"}}],\"inLanguage\":\"fi\"}]}<\/script>\n<!-- \/ Yoast SEO plugin. -->","yoast_head_json":{"title":"Apricot villa-kashmir viltti - Finarte","robots":{"index":"index","follow":"follow","max-snippet":"max-snippet:-1","max-image-preview":"max-image-preview:large","max-video-preview":"max-video-preview:-1"},"canonical":"https:\/\/finarte.fi\/fi\/kauppa\/tuotteet\/sisustustuotteet\/viltit\/apricot-villa-kashmir-viltti\/","og_locale":"fi_FI","og_type":"article","og_title":"Apricot villa-kashmir viltti - Finarte","og_url":"https:\/\/finarte.fi\/fi\/kauppa\/tuotteet\/sisustustuotteet\/viltit\/apricot-villa-kashmir-viltti\/","og_site_name":"Finarte","article_modified_time":"2026-03-05T13:02:17+00:00","og_image":[{"width":1080,"height":1350,"url":"https:\/\/finarte.fi\/wp-content\/uploads\/2024\/02\/finarte-apricot-throw-1-768x960-5.webp","type":"image\/webp"}],"twitter_card":"summary_large_image","twitter_description":"[row style=\"collapse\"]  [col span__sm=\"12\"] Tuotekuvaus Apricot-viltti on kudottu pehme\u00e4st\u00e4 villa-kashmir -sekoitteesta ja sit\u00e4 koristaa v\u00e4rikk\u00e4\u00e4n leikkis\u00e4 ruudullinen kuvio yhdist\u00e4en pinkki\u00e4, lilaa, oranssia ja keltaista.\u00a0Kudontatekniikan ansiosta peitto on ihanan paksu ja pehme\u00e4 mutta samalla miellytt\u00e4v\u00e4n kevyt. Viltin ilmett\u00e4 t\u00e4ydent\u00e4v\u00e4t hapsureunat.  Valmistettu vastuullisesti k\u00e4sity\u00f6n\u00e4 Intiassa.  [\/col]  [\/row]","twitter_misc":{"Arvioitu lukuaika":"1 minuutti"},"schema":{"@context":"https:\/\/schema.org","@graph":[{"@type":"WebPage","@id":"https:\/\/finarte.fi\/fi\/kauppa\/tuotteet\/sisustustuotteet\/viltit\/apricot-villa-kashmir-viltti\/","url":"https:\/\/finarte.fi\/fi\/kauppa\/tuotteet\/sisustustuotteet\/viltit\/apricot-villa-kashmir-viltti\/","name":"Apricot villa-kashmir viltti - Finarte","isPartOf":{"@id":"https:\/\/finarte.fi\/fi\/#website"},"primaryImageOfPage":{"@id":"https:\/\/finarte.fi\/fi\/kauppa\/tuotteet\/sisustustuotteet\/viltit\/apricot-villa-kashmir-viltti\/#primaryimage"},"image":{"@id":"https:\/\/finarte.fi\/fi\/kauppa\/tuotteet\/sisustustuotteet\/viltit\/apricot-villa-kashmir-viltti\/#primaryimage"},"thumbnailUrl":"https:\/\/finarte.fi\/wp-content\/uploads\/2024\/02\/finarte-apricot-throw-1-768x960-5.webp","datePublished":"2024-02-21T11:31:03+00:00","dateModified":"2026-03-05T13:02:17+00:00","breadcrumb":{"@id":"https:\/\/finarte.fi\/fi\/kauppa\/tuotteet\/sisustustuotteet\/viltit\/apricot-villa-kashmir-viltti\/#breadcrumb"},"inLanguage":"fi","potentialAction":[{"@type":"ReadAction","target":["https:\/\/finarte.fi\/fi\/kauppa\/tuotteet\/sisustustuotteet\/viltit\/apricot-villa-kashmir-viltti\/"]}]},{"@type":"ImageObject","inLanguage":"fi","@id":"https:\/\/finarte.fi\/fi\/kauppa\/tuotteet\/sisustustuotteet\/viltit\/apricot-villa-kashmir-viltti\/#primaryimage","url":"https:\/\/finarte.fi\/wp-content\/uploads\/2024\/02\/finarte-apricot-throw-1-768x960-5.webp","contentUrl":"https:\/\/finarte.fi\/wp-content\/uploads\/2024\/02\/finarte-apricot-throw-1-768x960-5.webp","width":1080,"height":1350},{"@type":"BreadcrumbList","@id":"https:\/\/finarte.fi\/fi\/kauppa\/tuotteet\/sisustustuotteet\/viltit\/apricot-villa-kashmir-viltti\/#breadcrumb","itemListElement":[{"@type":"ListItem","position":1,"name":"Home","item":"https:\/\/finarte.fi\/fi\/"},{"@type":"ListItem","position":2,"name":"Shop","item":"https:\/\/finarte.fi\/fi\/kauppa\/"},{"@type":"ListItem","position":3,"name":"Apricot villa-kashmir viltti"}]},{"@type":"WebSite","@id":"https:\/\/finarte.fi\/fi\/#website","url":"https:\/\/finarte.fi\/fi\/","name":"Finarte","description":"","potentialAction":[{"@type":"SearchAction","target":{"@type":"EntryPoint","urlTemplate":"https:\/\/finarte.fi\/fi\/?s={search_term_string}"},"query-input":{"@type":"PropertyValueSpecification","valueRequired":true,"valueName":"search_term_string"}}],"inLanguage":"fi"}]}},"_links":{"self":[{"href":"https:\/\/finarte.fi\/fi\/wp-json\/wp\/v2\/product\/9076","targetHints":{"allow":["GET"]}}],"collection":[{"href":"https:\/\/finarte.fi\/fi\/wp-json\/wp\/v2\/product"}],"about":[{"href":"https:\/\/finarte.fi\/fi\/wp-json\/wp\/v2\/types\/product"}],"replies":[{"embeddable":true,"href":"https:\/\/finarte.fi\/fi\/wp-json\/wp\/v2\/comments?post=9076"}],"wp:featuredmedia":[{"embeddable":true,"href":"https:\/\/finarte.fi\/fi\/wp-json\/wp\/v2\/media\/9133"}],"wp:attachment":[{"href":"https:\/\/finarte.fi\/fi\/wp-json\/wp\/v2\/media?parent=9076"}],"wp:term":[{"taxonomy":"product_brand","embeddable":true,"href":"https:\/\/finarte.fi\/fi\/wp-json\/wp\/v2\/product_brand?post=9076"},{"taxonomy":"product_cat","embeddable":true,"href":"https:\/\/finarte.fi\/fi\/wp-json\/wp\/v2\/product_cat?post=9076"},{"taxonomy":"product_tag","embeddable":true,"href":"https:\/\/finarte.fi\/fi\/wp-json\/wp\/v2\/product_tag?post=9076"}],"curies":[{"name":"wp","href":"https:\/\/api.w.org\/{rel}","templated":true}]}}