{"id":32504,"date":"2026-02-06T16:23:16","date_gmt":"2026-02-06T14:23:16","guid":{"rendered":"https:\/\/finarte.fi\/?post_type=product&#038;p=32504"},"modified":"2026-02-20T22:46:13","modified_gmt":"2026-02-20T20:46:13","slug":"preloved-tie-kierratyspuuvillamatto-harmaa-170x240","status":"publish","type":"product","link":"https:\/\/finarte.fi\/fi\/kauppa\/tuotteet\/preloved-fi\/preloved-tie-kierratyspuuvillamatto-harmaa-170x240\/","title":{"rendered":"Preloved Tie kierr\u00e4tyspuuvillamatto harmaa 170&#215;240"},"content":{"rendered":"","protected":false},"excerpt":{"rendered":"<div class=\"row row-collapse\"  id=\"row-744689961\">\n\n\t<div id=\"col-1987510762\" class=\"col small-12 large-12\"  >\n\t\t\t\t<div class=\"col-inner\"  >\n\t\t\t\n\t\t\t\n<span style=\"font-size: 80%;\">\u00a0<a class=\"underlink\" href=\"#size-guide\">Koko-opas<\/a>\u00a0<\/span><br \/>\n\t<div id=\"mittatilaus\"\n\t     class=\"lightbox-by-id lightbox-content mfp-hide lightbox-white \"\n\t     style=\"max-width:600px ;padding:20px\">\n\t\t\n<h3>Mittatilausmatot<\/h3>\r\nEtsitk\u00f6 kotiisi mattoa tietyss\u00e4 koossa? Haluamme auttaa sinua l\u00f6yt\u00e4m\u00e4\u00e4n juuri sopivan kokoisen maton, ja siksi valmistamme suosituimpia villa- ja viskoosimattojamme my\u00f6s mittatilauksena.\r\n\r\n<a href=\"https:\/\/finarte.fi\/fi\/mittatilausmatot\/\" class=\"button primary is-outline\" >\n\t\t<span>LUE LIS\u00c4\u00c4<\/span>\n\t<\/a>\n\n\t<\/div>\n\t\n\t\n\t<div id=\"size-guide\"\n\t     class=\"lightbox-by-id lightbox-content mfp-hide lightbox-white \"\n\t     style=\"max-width:600px ;padding:20px\">\n\t\t\n<h3>Koko-opas<\/h3>\n<p>Kuinka valita oikean kokoinen matto?<\/p>\n<p>Tekstiilien ja erityisesti mattojen avulla huoneeseen saadaan luotua mit\u00e4 erilaisimpia tunnelmia. Mattoa valitessa kannattaa k\u00e4ytt\u00e4\u00e4 hetki aikaa my\u00f6s sopivan koon pohtimiseen kutkuttavien v\u00e4ri-, materiaali- ja tekstuurivalintojen ohella. Oikean kokoisella matolla pienest\u00e4kin tilasta saa suuremman tuntuisen, ja suuresta tilasta viihtyis\u00e4n ja selke\u00e4n.<\/p>\n<a href=\"https:\/\/finarte.fi\/fi\/koko-opas\/\" class=\"button primary is-outline\" >\n\t\t<span>Lue meid\u00e4n vinkit<\/span>\n\t<\/a>\n\n\t<\/div>\n\t\n\t\n\t<div id=\"swatch-guide\"\n\t     class=\"lightbox-by-id lightbox-content mfp-hide lightbox-white \"\n\t     style=\"max-width:600px ;padding:20px\">\n\t\t\n<h3>Mallipala UKK<\/h3>\n\t<div id=\"text-3785544430\" class=\"text orangelink\">\n\t\t\n\n<p>Mallipaloja on saatavilla monista matoistamme, ja voit tilata ne k\u00e4tev\u00e4sti suoraan kotiisi tuotesivulta \u2013 aina kun niit\u00e4 on saatavilla. N\u00e4in voit tutustua maton tuntuun ja s\u00e4vyihin omassa tilassasi ennen lopullista ostop\u00e4\u00e4t\u00f6st\u00e4.<\/p>\n\t\t\t<\/div>\n\t\n<a href=\"https:\/\/finarte.fi\/fi\/mallipalat\/\" class=\"button primary is-outline\" >\n\t\t<span>Lue lis\u00e4\u00e4 mallipaloista<\/span>\n\t<\/a>\n\n\t<\/div>\n\t\n\t\n<p class=\"alt-color\">Tuotekuvaus<\/p>\n<p><a href=\"http:\/\/www.finarte.fi\/fi\/saana-ja-olli\/\">Saana ja Ollin<\/a> suunnittelema Tie-matto yhdist\u00e4\u00e4 ryijyn ja perinteisen puuvillamaton &#8211; vaalealla napakasti kudotulla puuvillapohjalla risteilee ryijym\u00e4iset puuvillalankaiset kuviot. Luonnolliset, kauniit s\u00e4vyt ja ekologinen kierr\u00e4tyspuuvilla tekev\u00e4t Tiest\u00e4 ajattoman ja kest\u00e4v\u00e4n valinnan, joka sopii niin lattialle kuin sein\u00e4llekin.<\/p>\n<p>Huomiothan, ett\u00e4 matto myyd\u00e4\u00e4n k\u00e4ytetyss\u00e4 Preloved -kunnossa. Matossa on iso tahra toisessa p\u00e4\u00e4dyss\u00e4. Tutustu kuntoon paremmin kuvissa. Preloved -tuotteissa on mahdolliset virheet jo huomioitu hinnassa, eik\u00e4 tuotteella ole niiden osalta vaihto- palautus- tai reklamaatio-oikeutta.<\/p>\n<p>Valmistettu vastuullisesti k\u00e4sity\u00f6n\u00e4 Intiassa.<\/p>\n\t\t<\/div>\n\t\t\t\t\t<\/div>\n\n\t\n<\/div>\n","protected":false},"featured_media":2149,"comment_status":"open","ping_status":"closed","template":"","meta":[],"product_brand":[],"product_cat":[230,235,225,44,223,232,237,161,37,110,231,283,159,167,173,169,222,600,106],"product_tag":[],"class_list":{"0":"post-32504","1":"product","2":"type-product","3":"status-publish","4":"has-post-thumbnail","6":"product_cat-huone","7":"product_cat-keittio-matot","8":"product_cat-keskikokoiset-matot","9":"product_cat-kierratetty-puuvilla","10":"product_cat-koko","11":"product_cat-makuuhuoneen-matot","12":"product_cat-mallipala-saatavilla","13":"product_cat-materiaali","14":"product_cat-matot","15":"product_cat-mervi-pesonen","16":"product_cat-olohuoneen-matot","17":"product_cat-preloved-fi","18":"product_cat-suunnittelija","19":"product_cat-tekniikka","20":"product_cat-tuftatut-matot","21":"product_cat-tyyli","22":"product_cat-varikkaat-matot","23":"product_cat-villa","24":"product_cat-yksivariset","26":"first","27":"onbackorder","28":"sale","29":"taxable","30":"shipping-taxable","31":"purchasable","32":"product-type-variable","33":"has-default-attributes"},"group_of_quantity":0,"min_quantity":0,"max_quantity":"","exclude_order_quantity_value_rules":"no","exclude_category_quantity_rules":"no","combine_variations":"no","exclude_global_add_ons":[],"addons":[],"yoast_head":"<!-- This site is optimized with the Yoast SEO plugin v27.3 - https:\/\/yoast.com\/product\/yoast-seo-wordpress\/ -->\n<title>Preloved Tie kierr\u00e4tyspuuvillamatto harmaa 170x240 - Finarte<\/title>\n<meta name=\"robots\" content=\"index, follow, max-snippet:-1, max-image-preview:large, max-video-preview:-1\" \/>\n<link rel=\"canonical\" href=\"https:\/\/finarte.fi\/fi\/kauppa\/tuotteet\/preloved-fi\/preloved-tie-kierratyspuuvillamatto-harmaa-170x240\/\" \/>\n<meta property=\"og:locale\" content=\"fi_FI\" \/>\n<meta property=\"og:type\" content=\"article\" \/>\n<meta property=\"og:title\" content=\"Preloved Tie kierr\u00e4tyspuuvillamatto harmaa 170x240 - Finarte\" \/>\n<meta property=\"og:url\" content=\"https:\/\/finarte.fi\/fi\/kauppa\/tuotteet\/preloved-fi\/preloved-tie-kierratyspuuvillamatto-harmaa-170x240\/\" \/>\n<meta property=\"og:site_name\" content=\"Finarte\" \/>\n<meta property=\"article:modified_time\" content=\"2026-02-20T20:46:13+00:00\" \/>\n<meta property=\"og:image\" content=\"https:\/\/finarte.fi\/wp-content\/uploads\/2023\/08\/finarte-tie-rug-grey.webp\" \/>\n\t<meta property=\"og:image:width\" content=\"1080\" \/>\n\t<meta property=\"og:image:height\" content=\"1350\" \/>\n\t<meta property=\"og:image:type\" content=\"image\/webp\" \/>\n<meta name=\"twitter:card\" content=\"summary_large_image\" \/>\n<meta name=\"twitter:description\" content=\"[row style=&quot;collapse&quot;] [col span__sm=&quot;12&quot;] \u00a0Koko-opas\u00a0 [lightbox id=&quot;mittatilaus&quot; width=&quot;600px&quot; padding=&quot;20px&quot;] [block id=&quot;custom-size-pop-up&quot;] [\/lightbox] [lightbox id=&quot;size-guide&quot; width=&quot;600px&quot; padding=&quot;20px&quot;] [block id=&quot;size-guide-pop-up-box&quot;] [\/lightbox] [lightbox id=&quot;swatch-guide&quot; width=&quot;600px&quot; padding=&quot;20px&quot;] Mallipala UKK [block id=&quot;swatch-faq-pop-up-box&quot;] [\/lightbox] Tuotekuvaus Saana ja Ollin suunnittelema Tie-matto yhdist\u00e4\u00e4 ryijyn ja perinteisen puuvillamaton - vaalealla napakasti kudotulla puuvillapohjalla risteilee ryijym\u00e4iset puuvillalankaiset kuviot. Luonnolliset, kauniit s\u00e4vyt ja ekologinen kierr\u00e4tyspuuvilla tekev\u00e4t Tiest\u00e4 ajattoman ja kest\u00e4v\u00e4n valinnan, joka sopii niin lattialle kuin sein\u00e4llekin.  Huomiothan, ett\u00e4 matto myyd\u00e4\u00e4n k\u00e4ytetyss\u00e4 Preloved -kunnossa. Matossa on iso tahra toisessa p\u00e4\u00e4dyss\u00e4. Tutustu kuntoon paremmin kuvissa. Preloved -tuotteissa on mahdolliset virheet jo huomioitu hinnassa, eik\u00e4 tuotteella ole niiden osalta vaihto- palautus- tai reklamaatio-oikeutta.  Valmistettu vastuullisesti k\u00e4sity\u00f6n\u00e4 Intiassa.  [\/col]  [\/row]\" \/>\n<meta name=\"twitter:label1\" content=\"Arvioitu lukuaika\" \/>\n\t<meta name=\"twitter:data1\" content=\"1 minuutti\" \/>\n<script type=\"application\/ld+json\" class=\"yoast-schema-graph\">{\"@context\":\"https:\\\/\\\/schema.org\",\"@graph\":[{\"@type\":\"WebPage\",\"@id\":\"https:\\\/\\\/finarte.fi\\\/fi\\\/kauppa\\\/tuotteet\\\/preloved-fi\\\/preloved-tie-kierratyspuuvillamatto-harmaa-170x240\\\/\",\"url\":\"https:\\\/\\\/finarte.fi\\\/fi\\\/kauppa\\\/tuotteet\\\/preloved-fi\\\/preloved-tie-kierratyspuuvillamatto-harmaa-170x240\\\/\",\"name\":\"Preloved Tie kierr\u00e4tyspuuvillamatto harmaa 170x240 - Finarte\",\"isPartOf\":{\"@id\":\"https:\\\/\\\/finarte.fi\\\/fi\\\/#website\"},\"primaryImageOfPage\":{\"@id\":\"https:\\\/\\\/finarte.fi\\\/fi\\\/kauppa\\\/tuotteet\\\/preloved-fi\\\/preloved-tie-kierratyspuuvillamatto-harmaa-170x240\\\/#primaryimage\"},\"image\":{\"@id\":\"https:\\\/\\\/finarte.fi\\\/fi\\\/kauppa\\\/tuotteet\\\/preloved-fi\\\/preloved-tie-kierratyspuuvillamatto-harmaa-170x240\\\/#primaryimage\"},\"thumbnailUrl\":\"https:\\\/\\\/finarte.fi\\\/wp-content\\\/uploads\\\/2023\\\/08\\\/finarte-tie-rug-grey.webp\",\"datePublished\":\"2026-02-06T14:23:16+00:00\",\"dateModified\":\"2026-02-20T20:46:13+00:00\",\"breadcrumb\":{\"@id\":\"https:\\\/\\\/finarte.fi\\\/fi\\\/kauppa\\\/tuotteet\\\/preloved-fi\\\/preloved-tie-kierratyspuuvillamatto-harmaa-170x240\\\/#breadcrumb\"},\"inLanguage\":\"fi\",\"potentialAction\":[{\"@type\":\"ReadAction\",\"target\":[\"https:\\\/\\\/finarte.fi\\\/fi\\\/kauppa\\\/tuotteet\\\/preloved-fi\\\/preloved-tie-kierratyspuuvillamatto-harmaa-170x240\\\/\"]}]},{\"@type\":\"ImageObject\",\"inLanguage\":\"fi\",\"@id\":\"https:\\\/\\\/finarte.fi\\\/fi\\\/kauppa\\\/tuotteet\\\/preloved-fi\\\/preloved-tie-kierratyspuuvillamatto-harmaa-170x240\\\/#primaryimage\",\"url\":\"https:\\\/\\\/finarte.fi\\\/wp-content\\\/uploads\\\/2023\\\/08\\\/finarte-tie-rug-grey.webp\",\"contentUrl\":\"https:\\\/\\\/finarte.fi\\\/wp-content\\\/uploads\\\/2023\\\/08\\\/finarte-tie-rug-grey.webp\",\"width\":1080,\"height\":1350},{\"@type\":\"BreadcrumbList\",\"@id\":\"https:\\\/\\\/finarte.fi\\\/fi\\\/kauppa\\\/tuotteet\\\/preloved-fi\\\/preloved-tie-kierratyspuuvillamatto-harmaa-170x240\\\/#breadcrumb\",\"itemListElement\":[{\"@type\":\"ListItem\",\"position\":1,\"name\":\"Home\",\"item\":\"https:\\\/\\\/finarte.fi\\\/fi\\\/\"},{\"@type\":\"ListItem\",\"position\":2,\"name\":\"Shop\",\"item\":\"https:\\\/\\\/finarte.fi\\\/fi\\\/kauppa\\\/\"},{\"@type\":\"ListItem\",\"position\":3,\"name\":\"Preloved Tie kierr\u00e4tyspuuvillamatto harmaa 170&#215;240\"}]},{\"@type\":\"WebSite\",\"@id\":\"https:\\\/\\\/finarte.fi\\\/fi\\\/#website\",\"url\":\"https:\\\/\\\/finarte.fi\\\/fi\\\/\",\"name\":\"Finarte\",\"description\":\"\",\"potentialAction\":[{\"@type\":\"SearchAction\",\"target\":{\"@type\":\"EntryPoint\",\"urlTemplate\":\"https:\\\/\\\/finarte.fi\\\/fi\\\/?s={search_term_string}\"},\"query-input\":{\"@type\":\"PropertyValueSpecification\",\"valueRequired\":true,\"valueName\":\"search_term_string\"}}],\"inLanguage\":\"fi\"}]}<\/script>\n<!-- \/ Yoast SEO plugin. -->","yoast_head_json":{"title":"Preloved Tie kierr\u00e4tyspuuvillamatto harmaa 170x240 - Finarte","robots":{"index":"index","follow":"follow","max-snippet":"max-snippet:-1","max-image-preview":"max-image-preview:large","max-video-preview":"max-video-preview:-1"},"canonical":"https:\/\/finarte.fi\/fi\/kauppa\/tuotteet\/preloved-fi\/preloved-tie-kierratyspuuvillamatto-harmaa-170x240\/","og_locale":"fi_FI","og_type":"article","og_title":"Preloved Tie kierr\u00e4tyspuuvillamatto harmaa 170x240 - Finarte","og_url":"https:\/\/finarte.fi\/fi\/kauppa\/tuotteet\/preloved-fi\/preloved-tie-kierratyspuuvillamatto-harmaa-170x240\/","og_site_name":"Finarte","article_modified_time":"2026-02-20T20:46:13+00:00","og_image":[{"width":1080,"height":1350,"url":"https:\/\/finarte.fi\/wp-content\/uploads\/2023\/08\/finarte-tie-rug-grey.webp","type":"image\/webp"}],"twitter_card":"summary_large_image","twitter_description":"[row style=\"collapse\"] [col span__sm=\"12\"] \u00a0Koko-opas\u00a0 [lightbox id=\"mittatilaus\" width=\"600px\" padding=\"20px\"] [block id=\"custom-size-pop-up\"] [\/lightbox] [lightbox id=\"size-guide\" width=\"600px\" padding=\"20px\"] [block id=\"size-guide-pop-up-box\"] [\/lightbox] [lightbox id=\"swatch-guide\" width=\"600px\" padding=\"20px\"] Mallipala UKK [block id=\"swatch-faq-pop-up-box\"] [\/lightbox] Tuotekuvaus Saana ja Ollin suunnittelema Tie-matto yhdist\u00e4\u00e4 ryijyn ja perinteisen puuvillamaton - vaalealla napakasti kudotulla puuvillapohjalla risteilee ryijym\u00e4iset puuvillalankaiset kuviot. Luonnolliset, kauniit s\u00e4vyt ja ekologinen kierr\u00e4tyspuuvilla tekev\u00e4t Tiest\u00e4 ajattoman ja kest\u00e4v\u00e4n valinnan, joka sopii niin lattialle kuin sein\u00e4llekin.  Huomiothan, ett\u00e4 matto myyd\u00e4\u00e4n k\u00e4ytetyss\u00e4 Preloved -kunnossa. Matossa on iso tahra toisessa p\u00e4\u00e4dyss\u00e4. Tutustu kuntoon paremmin kuvissa. Preloved -tuotteissa on mahdolliset virheet jo huomioitu hinnassa, eik\u00e4 tuotteella ole niiden osalta vaihto- palautus- tai reklamaatio-oikeutta.  Valmistettu vastuullisesti k\u00e4sity\u00f6n\u00e4 Intiassa.  [\/col]  [\/row]","twitter_misc":{"Arvioitu lukuaika":"1 minuutti"},"schema":{"@context":"https:\/\/schema.org","@graph":[{"@type":"WebPage","@id":"https:\/\/finarte.fi\/fi\/kauppa\/tuotteet\/preloved-fi\/preloved-tie-kierratyspuuvillamatto-harmaa-170x240\/","url":"https:\/\/finarte.fi\/fi\/kauppa\/tuotteet\/preloved-fi\/preloved-tie-kierratyspuuvillamatto-harmaa-170x240\/","name":"Preloved Tie kierr\u00e4tyspuuvillamatto harmaa 170x240 - Finarte","isPartOf":{"@id":"https:\/\/finarte.fi\/fi\/#website"},"primaryImageOfPage":{"@id":"https:\/\/finarte.fi\/fi\/kauppa\/tuotteet\/preloved-fi\/preloved-tie-kierratyspuuvillamatto-harmaa-170x240\/#primaryimage"},"image":{"@id":"https:\/\/finarte.fi\/fi\/kauppa\/tuotteet\/preloved-fi\/preloved-tie-kierratyspuuvillamatto-harmaa-170x240\/#primaryimage"},"thumbnailUrl":"https:\/\/finarte.fi\/wp-content\/uploads\/2023\/08\/finarte-tie-rug-grey.webp","datePublished":"2026-02-06T14:23:16+00:00","dateModified":"2026-02-20T20:46:13+00:00","breadcrumb":{"@id":"https:\/\/finarte.fi\/fi\/kauppa\/tuotteet\/preloved-fi\/preloved-tie-kierratyspuuvillamatto-harmaa-170x240\/#breadcrumb"},"inLanguage":"fi","potentialAction":[{"@type":"ReadAction","target":["https:\/\/finarte.fi\/fi\/kauppa\/tuotteet\/preloved-fi\/preloved-tie-kierratyspuuvillamatto-harmaa-170x240\/"]}]},{"@type":"ImageObject","inLanguage":"fi","@id":"https:\/\/finarte.fi\/fi\/kauppa\/tuotteet\/preloved-fi\/preloved-tie-kierratyspuuvillamatto-harmaa-170x240\/#primaryimage","url":"https:\/\/finarte.fi\/wp-content\/uploads\/2023\/08\/finarte-tie-rug-grey.webp","contentUrl":"https:\/\/finarte.fi\/wp-content\/uploads\/2023\/08\/finarte-tie-rug-grey.webp","width":1080,"height":1350},{"@type":"BreadcrumbList","@id":"https:\/\/finarte.fi\/fi\/kauppa\/tuotteet\/preloved-fi\/preloved-tie-kierratyspuuvillamatto-harmaa-170x240\/#breadcrumb","itemListElement":[{"@type":"ListItem","position":1,"name":"Home","item":"https:\/\/finarte.fi\/fi\/"},{"@type":"ListItem","position":2,"name":"Shop","item":"https:\/\/finarte.fi\/fi\/kauppa\/"},{"@type":"ListItem","position":3,"name":"Preloved Tie kierr\u00e4tyspuuvillamatto harmaa 170&#215;240"}]},{"@type":"WebSite","@id":"https:\/\/finarte.fi\/fi\/#website","url":"https:\/\/finarte.fi\/fi\/","name":"Finarte","description":"","potentialAction":[{"@type":"SearchAction","target":{"@type":"EntryPoint","urlTemplate":"https:\/\/finarte.fi\/fi\/?s={search_term_string}"},"query-input":{"@type":"PropertyValueSpecification","valueRequired":true,"valueName":"search_term_string"}}],"inLanguage":"fi"}]}},"_links":{"self":[{"href":"https:\/\/finarte.fi\/fi\/wp-json\/wp\/v2\/product\/32504","targetHints":{"allow":["GET"]}}],"collection":[{"href":"https:\/\/finarte.fi\/fi\/wp-json\/wp\/v2\/product"}],"about":[{"href":"https:\/\/finarte.fi\/fi\/wp-json\/wp\/v2\/types\/product"}],"replies":[{"embeddable":true,"href":"https:\/\/finarte.fi\/fi\/wp-json\/wp\/v2\/comments?post=32504"}],"wp:featuredmedia":[{"embeddable":true,"href":"https:\/\/finarte.fi\/fi\/wp-json\/wp\/v2\/media\/2149"}],"wp:attachment":[{"href":"https:\/\/finarte.fi\/fi\/wp-json\/wp\/v2\/media?parent=32504"}],"wp:term":[{"taxonomy":"product_brand","embeddable":true,"href":"https:\/\/finarte.fi\/fi\/wp-json\/wp\/v2\/product_brand?post=32504"},{"taxonomy":"product_cat","embeddable":true,"href":"https:\/\/finarte.fi\/fi\/wp-json\/wp\/v2\/product_cat?post=32504"},{"taxonomy":"product_tag","embeddable":true,"href":"https:\/\/finarte.fi\/fi\/wp-json\/wp\/v2\/product_tag?post=32504"}],"curies":[{"name":"wp","href":"https:\/\/api.w.org\/{rel}","templated":true}]}}