{"id":29896,"date":"2025-12-11T10:30:22","date_gmt":"2025-12-11T08:30:22","guid":{"rendered":"https:\/\/finarte.fi\/?post_type=product&#038;p=29896"},"modified":"2026-02-06T13:39:57","modified_gmt":"2026-02-06T11:39:57","slug":"preloved-dyyni-kierratyspuuvillamatto-200x300","status":"publish","type":"product","link":"https:\/\/finarte.fi\/fi\/kauppa\/tuotteet\/preloved-fi\/preloved-dyyni-kierratyspuuvillamatto-200x300\/","title":{"rendered":"Preloved Dyyni kierr\u00e4tyspuuvillamatto 200&#215;300"},"content":{"rendered":"","protected":false},"excerpt":{"rendered":"<div class=\"row row-collapse\"  id=\"row-1992889110\">\n\n\t<div id=\"col-957035326\" class=\"col small-12 large-12\"  >\n\t\t\t\t<div class=\"col-inner\"  >\n\t\t\t\n\t\t\t\n<span style=\"font-size: 80%;\"><a class=\"underlink\" href=\"#mittatilaus\">Mittatilaus<\/a> \/ <a class=\"underlink\" href=\"#size-guide\">Koko-opas<\/a>\u00a0<\/span><br \/>\n\t<div id=\"mittatilaus\"\n\t     class=\"lightbox-by-id lightbox-content mfp-hide lightbox-white \"\n\t     style=\"max-width:600px ;padding:20px\">\n\t\t\n<h3>Mittatilausmatot<\/h3>\r\nEtsitk\u00f6 kotiisi mattoa tietyss\u00e4 koossa? Haluamme auttaa sinua l\u00f6yt\u00e4m\u00e4\u00e4n juuri sopivan kokoisen maton, ja siksi valmistamme suosituimpia villa- ja viskoosimattojamme my\u00f6s mittatilauksena.\r\n\r\n<a href=\"https:\/\/finarte.fi\/fi\/mittatilausmatot\/\" class=\"button primary is-outline\" >\n\t\t<span>LUE LIS\u00c4\u00c4<\/span>\n\t<\/a>\n\n\t<\/div>\n\t\n\t\n\t<div id=\"size-guide\"\n\t     class=\"lightbox-by-id lightbox-content mfp-hide lightbox-white \"\n\t     style=\"max-width:600px ;padding:20px\">\n\t\t\n<h3>Koko-opas<\/h3>\n<p>Kuinka valita oikean kokoinen matto?<\/p>\n<p>Tekstiilien ja erityisesti mattojen avulla huoneeseen saadaan luotua mit\u00e4 erilaisimpia tunnelmia. Mattoa valitessa kannattaa k\u00e4ytt\u00e4\u00e4 hetki aikaa my\u00f6s sopivan koon pohtimiseen kutkuttavien v\u00e4ri-, materiaali- ja tekstuurivalintojen ohella. Oikean kokoisella matolla pienest\u00e4kin tilasta saa suuremman tuntuisen, ja suuresta tilasta viihtyis\u00e4n ja selke\u00e4n.<\/p>\n<a href=\"https:\/\/finarte.fi\/fi\/koko-opas\/\" class=\"button primary is-outline\" >\n\t\t<span>Lue meid\u00e4n vinkit<\/span>\n\t<\/a>\n\n\t<\/div>\n\t\n\t\n\t<div id=\"swatch-guide\"\n\t     class=\"lightbox-by-id lightbox-content mfp-hide lightbox-white \"\n\t     style=\"max-width:600px ;padding:20px\">\n\t\t\n<h3>Mallipala UKK<\/h3>\n\t<div id=\"text-2430560008\" class=\"text orangelink\">\n\t\t\n\n<p>Mallipaloja on saatavilla monista matoistamme, ja voit tilata ne k\u00e4tev\u00e4sti suoraan kotiisi tuotesivulta \u2013 aina kun niit\u00e4 on saatavilla. N\u00e4in voit tutustua maton tuntuun ja s\u00e4vyihin omassa tilassasi ennen lopullista ostop\u00e4\u00e4t\u00f6st\u00e4.<\/p>\n\t\t\t<\/div>\n\t\n<a href=\"https:\/\/finarte.fi\/fi\/mallipalat\/\" class=\"button primary is-outline\" >\n\t\t<span>Lue lis\u00e4\u00e4 mallipaloista<\/span>\n\t<\/a>\n\n\t<\/div>\n\t\n\t\n<p class=\"alt-color\">Tuotekuvaus<\/p>\n<p>Suomalaisen muotoilijapariskunnan\u00a0<a href=\"https:\/\/finarte.fi\/fi\/saana-olli\/\">Saana ja Ollin<\/a> suunittelemassa Dyyni -matossa maanl\u00e4heiset hiekan s\u00e4vyt kohtaavat vapaamuotoisen mustan aaltoilun. K\u00e4yt\u00e4nn\u00f6llinen lyhytnukkainen matto on valmistettu vastuullisesti 100% kierr\u00e4tetyst\u00e4 puuvillasta. Dyyni on suunniteltu kest\u00e4m\u00e4\u00e4n aikaa ja el\u00e4m\u00e4\u00e4 niin materiaalinsa kuin muotoilunsa puolesta ja toimii niin mattona kuin sein\u00e4tekstiilin\u00e4. Matto on helppohoitoinen ja vesipest\u00e4v\u00e4.<\/p>\n<p>Huomioithan, ett\u00e4 matto myyd\u00e4\u00e4n k\u00e4ytetyss\u00e4 Preloved -kunnossa. Matto on k\u00e4ytetyss\u00e4 kunnossa ja ryppyinen, mink\u00e4 lis\u00e4ksi siin\u00e4 on isompi tahra. Lis\u00e4ksi maton kuviosta on irronnut pidempi lanka irralleen. Tutustu kuntoon paremmin kuvista. Preloved -tuotteissa on mahdolliset virheet jo huomioitu hinnassa, eik\u00e4 tuotteella ole niiden osalta vaihto- palautus- tai reklamaatio-oikeutta.<\/p>\n<p>Valmistettu vastuullisesti k\u00e4sity\u00f6n\u00e4 Intiassa.<\/p>\n\t\t<\/div>\n\t\t\t\t\t<\/div>\n\n\t\n<\/div>\n","protected":false},"featured_media":1893,"comment_status":"open","ping_status":"closed","template":"","meta":[],"product_brand":[],"product_cat":[224,235,44,104,232,237,37,221,231,599,283],"product_tag":[],"class_list":{"0":"post-29896","1":"product","2":"type-product","3":"status-publish","4":"has-post-thumbnail","6":"product_cat-isot-matot","7":"product_cat-keittio-matot","8":"product_cat-kierratetty-puuvilla","9":"product_cat-kuviolliset","10":"product_cat-makuuhuoneen-matot","11":"product_cat-mallipala-saatavilla","12":"product_cat-matot","13":"product_cat-neutraalit-matot","14":"product_cat-olohuoneen-matot","15":"product_cat-poytatuftatut-matot","16":"product_cat-preloved-fi","18":"first","19":"onbackorder","20":"sale","21":"taxable","22":"shipping-taxable","23":"purchasable","24":"product-type-variable","25":"has-default-attributes"},"group_of_quantity":0,"min_quantity":0,"max_quantity":"","exclude_order_quantity_value_rules":"no","exclude_category_quantity_rules":"no","combine_variations":"no","exclude_global_add_ons":[],"addons":[],"yoast_head":"<!-- This site is optimized with the Yoast SEO plugin v27.3 - https:\/\/yoast.com\/product\/yoast-seo-wordpress\/ -->\n<title>Preloved Dyyni kierr\u00e4tyspuuvillamatto 200x300 - Finarte<\/title>\n<meta name=\"description\" content=\"Dyyni on Finarten suomessa suunniteltu ja vastuullisesti Intiassa valmistettu pehme\u00e4 beige-musta kierr\u00e4tyspuuvillainen nukkamatto.\" \/>\n<meta name=\"robots\" content=\"index, follow, max-snippet:-1, max-image-preview:large, max-video-preview:-1\" \/>\n<link rel=\"canonical\" href=\"https:\/\/finarte.fi\/fi\/kauppa\/tuotteet\/preloved-fi\/preloved-dyyni-kierratyspuuvillamatto-200x300\/\" \/>\n<meta property=\"og:locale\" content=\"fi_FI\" \/>\n<meta property=\"og:type\" content=\"article\" \/>\n<meta property=\"og:title\" content=\"Preloved Dyyni kierr\u00e4tyspuuvillamatto 200x300 - Finarte\" \/>\n<meta property=\"og:description\" content=\"Dyyni on Finarten suomessa suunniteltu ja vastuullisesti Intiassa valmistettu pehme\u00e4 beige-musta kierr\u00e4tyspuuvillainen nukkamatto.\" \/>\n<meta property=\"og:url\" content=\"https:\/\/finarte.fi\/fi\/kauppa\/tuotteet\/preloved-fi\/preloved-dyyni-kierratyspuuvillamatto-200x300\/\" \/>\n<meta property=\"og:site_name\" content=\"Finarte\" \/>\n<meta property=\"article:modified_time\" content=\"2026-02-06T11:39:57+00:00\" \/>\n<meta property=\"og:image\" content=\"https:\/\/finarte.fi\/wp-content\/uploads\/2023\/08\/finarte-dyyni-rug-beige-black.webp\" \/>\n\t<meta property=\"og:image:width\" content=\"1080\" \/>\n\t<meta property=\"og:image:height\" content=\"1350\" \/>\n\t<meta property=\"og:image:type\" content=\"image\/webp\" \/>\n<meta name=\"twitter:card\" content=\"summary_large_image\" \/>\n<meta name=\"twitter:label1\" content=\"Arvioitu lukuaika\" \/>\n\t<meta name=\"twitter:data1\" content=\"1 minuutti\" \/>\n<script type=\"application\/ld+json\" class=\"yoast-schema-graph\">{\"@context\":\"https:\\\/\\\/schema.org\",\"@graph\":[{\"@type\":\"WebPage\",\"@id\":\"https:\\\/\\\/finarte.fi\\\/fi\\\/kauppa\\\/tuotteet\\\/preloved-fi\\\/preloved-dyyni-kierratyspuuvillamatto-200x300\\\/\",\"url\":\"https:\\\/\\\/finarte.fi\\\/fi\\\/kauppa\\\/tuotteet\\\/preloved-fi\\\/preloved-dyyni-kierratyspuuvillamatto-200x300\\\/\",\"name\":\"Preloved Dyyni kierr\u00e4tyspuuvillamatto 200x300 - Finarte\",\"isPartOf\":{\"@id\":\"https:\\\/\\\/finarte.fi\\\/fi\\\/#website\"},\"primaryImageOfPage\":{\"@id\":\"https:\\\/\\\/finarte.fi\\\/fi\\\/kauppa\\\/tuotteet\\\/preloved-fi\\\/preloved-dyyni-kierratyspuuvillamatto-200x300\\\/#primaryimage\"},\"image\":{\"@id\":\"https:\\\/\\\/finarte.fi\\\/fi\\\/kauppa\\\/tuotteet\\\/preloved-fi\\\/preloved-dyyni-kierratyspuuvillamatto-200x300\\\/#primaryimage\"},\"thumbnailUrl\":\"https:\\\/\\\/finarte.fi\\\/wp-content\\\/uploads\\\/2023\\\/08\\\/finarte-dyyni-rug-beige-black.webp\",\"datePublished\":\"2025-12-11T08:30:22+00:00\",\"dateModified\":\"2026-02-06T11:39:57+00:00\",\"description\":\"Dyyni on Finarten suomessa suunniteltu ja vastuullisesti Intiassa valmistettu pehme\u00e4 beige-musta kierr\u00e4tyspuuvillainen nukkamatto.\",\"breadcrumb\":{\"@id\":\"https:\\\/\\\/finarte.fi\\\/fi\\\/kauppa\\\/tuotteet\\\/preloved-fi\\\/preloved-dyyni-kierratyspuuvillamatto-200x300\\\/#breadcrumb\"},\"inLanguage\":\"fi\",\"potentialAction\":[{\"@type\":\"ReadAction\",\"target\":[\"https:\\\/\\\/finarte.fi\\\/fi\\\/kauppa\\\/tuotteet\\\/preloved-fi\\\/preloved-dyyni-kierratyspuuvillamatto-200x300\\\/\"]}]},{\"@type\":\"ImageObject\",\"inLanguage\":\"fi\",\"@id\":\"https:\\\/\\\/finarte.fi\\\/fi\\\/kauppa\\\/tuotteet\\\/preloved-fi\\\/preloved-dyyni-kierratyspuuvillamatto-200x300\\\/#primaryimage\",\"url\":\"https:\\\/\\\/finarte.fi\\\/wp-content\\\/uploads\\\/2023\\\/08\\\/finarte-dyyni-rug-beige-black.webp\",\"contentUrl\":\"https:\\\/\\\/finarte.fi\\\/wp-content\\\/uploads\\\/2023\\\/08\\\/finarte-dyyni-rug-beige-black.webp\",\"width\":1080,\"height\":1350},{\"@type\":\"BreadcrumbList\",\"@id\":\"https:\\\/\\\/finarte.fi\\\/fi\\\/kauppa\\\/tuotteet\\\/preloved-fi\\\/preloved-dyyni-kierratyspuuvillamatto-200x300\\\/#breadcrumb\",\"itemListElement\":[{\"@type\":\"ListItem\",\"position\":1,\"name\":\"Home\",\"item\":\"https:\\\/\\\/finarte.fi\\\/fi\\\/\"},{\"@type\":\"ListItem\",\"position\":2,\"name\":\"Shop\",\"item\":\"https:\\\/\\\/finarte.fi\\\/fi\\\/kauppa\\\/\"},{\"@type\":\"ListItem\",\"position\":3,\"name\":\"Preloved Dyyni kierr\u00e4tyspuuvillamatto 200&#215;300\"}]},{\"@type\":\"WebSite\",\"@id\":\"https:\\\/\\\/finarte.fi\\\/fi\\\/#website\",\"url\":\"https:\\\/\\\/finarte.fi\\\/fi\\\/\",\"name\":\"Finarte\",\"description\":\"\",\"potentialAction\":[{\"@type\":\"SearchAction\",\"target\":{\"@type\":\"EntryPoint\",\"urlTemplate\":\"https:\\\/\\\/finarte.fi\\\/fi\\\/?s={search_term_string}\"},\"query-input\":{\"@type\":\"PropertyValueSpecification\",\"valueRequired\":true,\"valueName\":\"search_term_string\"}}],\"inLanguage\":\"fi\"}]}<\/script>\n<!-- \/ Yoast SEO plugin. -->","yoast_head_json":{"title":"Preloved Dyyni kierr\u00e4tyspuuvillamatto 200x300 - Finarte","description":"Dyyni on Finarten suomessa suunniteltu ja vastuullisesti Intiassa valmistettu pehme\u00e4 beige-musta kierr\u00e4tyspuuvillainen nukkamatto.","robots":{"index":"index","follow":"follow","max-snippet":"max-snippet:-1","max-image-preview":"max-image-preview:large","max-video-preview":"max-video-preview:-1"},"canonical":"https:\/\/finarte.fi\/fi\/kauppa\/tuotteet\/preloved-fi\/preloved-dyyni-kierratyspuuvillamatto-200x300\/","og_locale":"fi_FI","og_type":"article","og_title":"Preloved Dyyni kierr\u00e4tyspuuvillamatto 200x300 - Finarte","og_description":"Dyyni on Finarten suomessa suunniteltu ja vastuullisesti Intiassa valmistettu pehme\u00e4 beige-musta kierr\u00e4tyspuuvillainen nukkamatto.","og_url":"https:\/\/finarte.fi\/fi\/kauppa\/tuotteet\/preloved-fi\/preloved-dyyni-kierratyspuuvillamatto-200x300\/","og_site_name":"Finarte","article_modified_time":"2026-02-06T11:39:57+00:00","og_image":[{"width":1080,"height":1350,"url":"https:\/\/finarte.fi\/wp-content\/uploads\/2023\/08\/finarte-dyyni-rug-beige-black.webp","type":"image\/webp"}],"twitter_card":"summary_large_image","twitter_misc":{"Arvioitu lukuaika":"1 minuutti"},"schema":{"@context":"https:\/\/schema.org","@graph":[{"@type":"WebPage","@id":"https:\/\/finarte.fi\/fi\/kauppa\/tuotteet\/preloved-fi\/preloved-dyyni-kierratyspuuvillamatto-200x300\/","url":"https:\/\/finarte.fi\/fi\/kauppa\/tuotteet\/preloved-fi\/preloved-dyyni-kierratyspuuvillamatto-200x300\/","name":"Preloved Dyyni kierr\u00e4tyspuuvillamatto 200x300 - Finarte","isPartOf":{"@id":"https:\/\/finarte.fi\/fi\/#website"},"primaryImageOfPage":{"@id":"https:\/\/finarte.fi\/fi\/kauppa\/tuotteet\/preloved-fi\/preloved-dyyni-kierratyspuuvillamatto-200x300\/#primaryimage"},"image":{"@id":"https:\/\/finarte.fi\/fi\/kauppa\/tuotteet\/preloved-fi\/preloved-dyyni-kierratyspuuvillamatto-200x300\/#primaryimage"},"thumbnailUrl":"https:\/\/finarte.fi\/wp-content\/uploads\/2023\/08\/finarte-dyyni-rug-beige-black.webp","datePublished":"2025-12-11T08:30:22+00:00","dateModified":"2026-02-06T11:39:57+00:00","description":"Dyyni on Finarten suomessa suunniteltu ja vastuullisesti Intiassa valmistettu pehme\u00e4 beige-musta kierr\u00e4tyspuuvillainen nukkamatto.","breadcrumb":{"@id":"https:\/\/finarte.fi\/fi\/kauppa\/tuotteet\/preloved-fi\/preloved-dyyni-kierratyspuuvillamatto-200x300\/#breadcrumb"},"inLanguage":"fi","potentialAction":[{"@type":"ReadAction","target":["https:\/\/finarte.fi\/fi\/kauppa\/tuotteet\/preloved-fi\/preloved-dyyni-kierratyspuuvillamatto-200x300\/"]}]},{"@type":"ImageObject","inLanguage":"fi","@id":"https:\/\/finarte.fi\/fi\/kauppa\/tuotteet\/preloved-fi\/preloved-dyyni-kierratyspuuvillamatto-200x300\/#primaryimage","url":"https:\/\/finarte.fi\/wp-content\/uploads\/2023\/08\/finarte-dyyni-rug-beige-black.webp","contentUrl":"https:\/\/finarte.fi\/wp-content\/uploads\/2023\/08\/finarte-dyyni-rug-beige-black.webp","width":1080,"height":1350},{"@type":"BreadcrumbList","@id":"https:\/\/finarte.fi\/fi\/kauppa\/tuotteet\/preloved-fi\/preloved-dyyni-kierratyspuuvillamatto-200x300\/#breadcrumb","itemListElement":[{"@type":"ListItem","position":1,"name":"Home","item":"https:\/\/finarte.fi\/fi\/"},{"@type":"ListItem","position":2,"name":"Shop","item":"https:\/\/finarte.fi\/fi\/kauppa\/"},{"@type":"ListItem","position":3,"name":"Preloved Dyyni kierr\u00e4tyspuuvillamatto 200&#215;300"}]},{"@type":"WebSite","@id":"https:\/\/finarte.fi\/fi\/#website","url":"https:\/\/finarte.fi\/fi\/","name":"Finarte","description":"","potentialAction":[{"@type":"SearchAction","target":{"@type":"EntryPoint","urlTemplate":"https:\/\/finarte.fi\/fi\/?s={search_term_string}"},"query-input":{"@type":"PropertyValueSpecification","valueRequired":true,"valueName":"search_term_string"}}],"inLanguage":"fi"}]}},"_links":{"self":[{"href":"https:\/\/finarte.fi\/fi\/wp-json\/wp\/v2\/product\/29896","targetHints":{"allow":["GET"]}}],"collection":[{"href":"https:\/\/finarte.fi\/fi\/wp-json\/wp\/v2\/product"}],"about":[{"href":"https:\/\/finarte.fi\/fi\/wp-json\/wp\/v2\/types\/product"}],"replies":[{"embeddable":true,"href":"https:\/\/finarte.fi\/fi\/wp-json\/wp\/v2\/comments?post=29896"}],"wp:featuredmedia":[{"embeddable":true,"href":"https:\/\/finarte.fi\/fi\/wp-json\/wp\/v2\/media\/1893"}],"wp:attachment":[{"href":"https:\/\/finarte.fi\/fi\/wp-json\/wp\/v2\/media?parent=29896"}],"wp:term":[{"taxonomy":"product_brand","embeddable":true,"href":"https:\/\/finarte.fi\/fi\/wp-json\/wp\/v2\/product_brand?post=29896"},{"taxonomy":"product_cat","embeddable":true,"href":"https:\/\/finarte.fi\/fi\/wp-json\/wp\/v2\/product_cat?post=29896"},{"taxonomy":"product_tag","embeddable":true,"href":"https:\/\/finarte.fi\/fi\/wp-json\/wp\/v2\/product_tag?post=29896"}],"curies":[{"name":"wp","href":"https:\/\/api.w.org\/{rel}","templated":true}]}}