{"id":28596,"date":"2025-11-19T15:41:26","date_gmt":"2025-11-19T13:41:26","guid":{"rendered":"https:\/\/finarte.fi\/?post_type=product&#038;p=28596"},"modified":"2026-04-08T10:19:44","modified_gmt":"2026-04-08T07:19:44","slug":"ursula-kierratyspuuvilla-rasymatto-sininen","status":"publish","type":"product","link":"https:\/\/finarte.fi\/fi\/kauppa\/tuotteet\/matot\/materiaali\/kierratetty-puuvilla\/ursula-kierratyspuuvilla-rasymatto-sininen\/","title":{"rendered":"Ursula  kierr\u00e4tyspuuvilla r\u00e4symatto sininen"},"content":{"rendered":"","protected":false},"excerpt":{"rendered":"<div class=\"row row-collapse\"  id=\"row-1284352714\">\n\n\t<div id=\"col-1755735099\" class=\"col small-12 large-12\"  >\n\t\t\t\t<div class=\"col-inner\"  >\n\t\t\t\n\t\t\t\n<p><span style=\"font-size: 80%;\"><a class=\"underlink\" href=\"#size-guide\">Koko-opas<\/a>\u00a0<\/span><br \/>\n\t<div id=\"size-guide\"\n\t     class=\"lightbox-by-id lightbox-content mfp-hide lightbox-white \"\n\t     style=\"max-width:600px ;padding:20px\">\n\t\t\n<h3>Koko-opas<\/h3>\n<p>Kuinka valita oikean kokoinen matto?<\/p>\n<p>Tekstiilien ja erityisesti mattojen avulla huoneeseen saadaan luotua mit\u00e4 erilaisimpia tunnelmia. Mattoa valitessa kannattaa k\u00e4ytt\u00e4\u00e4 hetki aikaa my\u00f6s sopivan koon pohtimiseen kutkuttavien v\u00e4ri-, materiaali- ja tekstuurivalintojen ohella. Oikean kokoisella matolla pienest\u00e4kin tilasta saa suuremman tuntuisen, ja suuresta tilasta viihtyis\u00e4n ja selke\u00e4n.<\/p>\n<a href=\"https:\/\/finarte.fi\/fi\/koko-opas\/\" class=\"button primary is-outline\" >\n\t\t<span>Lue meid\u00e4n vinkit<\/span>\n\t<\/a>\n\n\t<\/div>\n\t\n\t\n<p class=\"alt-color\">Tuotekuvaus<\/p>\n<p class=\"orangelink\">Ursula on ajaton r\u00e4symatto, jossa kaunis sinisten s\u00e4vyjen kaunis kirjo saa seurakseen hienovaraisen raikkaan ripauksen luonnonvalkoista. Sen pelkistetty ja rauhallinen ilme sopii monenlaisiin sisustuksiin. <a href=\"https:\/\/finarte.fi\/fi\/eija-rasinmaki\/\">Eija Rasinm\u00e4en<\/a> suunnittelema Ursula on valmistettu 100-prosenttisesti kierr\u00e4tetyst\u00e4 puuvillasta \u2013 kest\u00e4v\u00e4sti ja laadukkaasti.<\/p>\n<p>Valmistettu vastuullisesti k\u00e4sity\u00f6n\u00e4 Intiassa.<\/p>\n\t\t<\/div>\n\t\t\t\t\t<\/div>\n\n\t\n<\/div>\n","protected":false},"featured_media":28416,"comment_status":"open","ping_status":"closed","template":"","meta":[],"product_brand":[],"product_cat":[98,225,44,223,104,161,37,180,220,159,167,169,222],"product_tag":[],"class_list":{"0":"post-28596","1":"product","2":"type-product","3":"status-publish","4":"has-post-thumbnail","6":"product_cat-eija-rasinmaki","7":"product_cat-keskikokoiset-matot","8":"product_cat-kierratetty-puuvilla","9":"product_cat-koko","10":"product_cat-kuviolliset","11":"product_cat-materiaali","12":"product_cat-matot","13":"product_cat-ohuet-matot","14":"product_cat-rasymatot","15":"product_cat-suunnittelija","16":"product_cat-tekniikka","17":"product_cat-tyyli","18":"product_cat-varikkaat-matot","20":"first","21":"onbackorder","22":"taxable","23":"shipping-taxable","24":"purchasable","25":"product-type-variable","26":"has-default-attributes"},"group_of_quantity":0,"min_quantity":0,"max_quantity":"","exclude_order_quantity_value_rules":"no","exclude_category_quantity_rules":"no","combine_variations":"no","exclude_global_add_ons":[],"addons":[],"yoast_head":"<!-- This site is optimized with the Yoast SEO plugin v27.3 - https:\/\/yoast.com\/product\/yoast-seo-wordpress\/ -->\n<title>Ursula kierr\u00e4tyspuuvilla r\u00e4symatto sininen - Finarte<\/title>\n<meta name=\"description\" content=\"Finarten Kareena on Eija Rasinm\u00e4en suunnittelema design-r\u00e4symatto, joka on valmistettu vastuullisesti kierr\u00e4tyspuuvillasta.\" \/>\n<meta name=\"robots\" content=\"index, follow, max-snippet:-1, max-image-preview:large, max-video-preview:-1\" \/>\n<link rel=\"canonical\" href=\"https:\/\/finarte.fi\/fi\/kauppa\/tuotteet\/matot\/materiaali\/kierratetty-puuvilla\/ursula-kierratyspuuvilla-rasymatto-sininen\/\" \/>\n<meta property=\"og:locale\" content=\"fi_FI\" \/>\n<meta property=\"og:type\" content=\"article\" \/>\n<meta property=\"og:title\" content=\"Ursula kierr\u00e4tyspuuvilla r\u00e4symatto sininen - Finarte\" \/>\n<meta property=\"og:description\" content=\"Finarten Kareena on Eija Rasinm\u00e4en suunnittelema design-r\u00e4symatto, joka on valmistettu vastuullisesti kierr\u00e4tyspuuvillasta.\" \/>\n<meta property=\"og:url\" content=\"https:\/\/finarte.fi\/fi\/kauppa\/tuotteet\/matot\/materiaali\/kierratetty-puuvilla\/ursula-kierratyspuuvilla-rasymatto-sininen\/\" \/>\n<meta property=\"og:site_name\" content=\"Finarte\" \/>\n<meta property=\"article:modified_time\" content=\"2026-04-08T07:19:44+00:00\" \/>\n<meta property=\"og:image\" content=\"https:\/\/finarte.fi\/wp-content\/uploads\/2025\/11\/finarte-ursula-rug.webp\" \/>\n\t<meta property=\"og:image:width\" content=\"1080\" \/>\n\t<meta property=\"og:image:height\" content=\"1350\" \/>\n\t<meta property=\"og:image:type\" content=\"image\/webp\" \/>\n<meta name=\"twitter:card\" content=\"summary_large_image\" \/>\n<meta name=\"twitter:label1\" content=\"Arvioitu lukuaika\" \/>\n\t<meta name=\"twitter:data1\" content=\"1 minuutti\" \/>\n<script type=\"application\/ld+json\" class=\"yoast-schema-graph\">{\"@context\":\"https:\\\/\\\/schema.org\",\"@graph\":[{\"@type\":\"WebPage\",\"@id\":\"https:\\\/\\\/finarte.fi\\\/fi\\\/kauppa\\\/tuotteet\\\/matot\\\/materiaali\\\/kierratetty-puuvilla\\\/ursula-kierratyspuuvilla-rasymatto-sininen\\\/\",\"url\":\"https:\\\/\\\/finarte.fi\\\/fi\\\/kauppa\\\/tuotteet\\\/matot\\\/materiaali\\\/kierratetty-puuvilla\\\/ursula-kierratyspuuvilla-rasymatto-sininen\\\/\",\"name\":\"Ursula kierr\u00e4tyspuuvilla r\u00e4symatto sininen - Finarte\",\"isPartOf\":{\"@id\":\"https:\\\/\\\/finarte.fi\\\/fi\\\/#website\"},\"primaryImageOfPage\":{\"@id\":\"https:\\\/\\\/finarte.fi\\\/fi\\\/kauppa\\\/tuotteet\\\/matot\\\/materiaali\\\/kierratetty-puuvilla\\\/ursula-kierratyspuuvilla-rasymatto-sininen\\\/#primaryimage\"},\"image\":{\"@id\":\"https:\\\/\\\/finarte.fi\\\/fi\\\/kauppa\\\/tuotteet\\\/matot\\\/materiaali\\\/kierratetty-puuvilla\\\/ursula-kierratyspuuvilla-rasymatto-sininen\\\/#primaryimage\"},\"thumbnailUrl\":\"https:\\\/\\\/finarte.fi\\\/wp-content\\\/uploads\\\/2025\\\/11\\\/finarte-ursula-rug.webp\",\"datePublished\":\"2025-11-19T13:41:26+00:00\",\"dateModified\":\"2026-04-08T07:19:44+00:00\",\"description\":\"Finarten Kareena on Eija Rasinm\u00e4en suunnittelema design-r\u00e4symatto, joka on valmistettu vastuullisesti kierr\u00e4tyspuuvillasta.\",\"breadcrumb\":{\"@id\":\"https:\\\/\\\/finarte.fi\\\/fi\\\/kauppa\\\/tuotteet\\\/matot\\\/materiaali\\\/kierratetty-puuvilla\\\/ursula-kierratyspuuvilla-rasymatto-sininen\\\/#breadcrumb\"},\"inLanguage\":\"fi\",\"potentialAction\":[{\"@type\":\"ReadAction\",\"target\":[\"https:\\\/\\\/finarte.fi\\\/fi\\\/kauppa\\\/tuotteet\\\/matot\\\/materiaali\\\/kierratetty-puuvilla\\\/ursula-kierratyspuuvilla-rasymatto-sininen\\\/\"]}]},{\"@type\":\"ImageObject\",\"inLanguage\":\"fi\",\"@id\":\"https:\\\/\\\/finarte.fi\\\/fi\\\/kauppa\\\/tuotteet\\\/matot\\\/materiaali\\\/kierratetty-puuvilla\\\/ursula-kierratyspuuvilla-rasymatto-sininen\\\/#primaryimage\",\"url\":\"https:\\\/\\\/finarte.fi\\\/wp-content\\\/uploads\\\/2025\\\/11\\\/finarte-ursula-rug.webp\",\"contentUrl\":\"https:\\\/\\\/finarte.fi\\\/wp-content\\\/uploads\\\/2025\\\/11\\\/finarte-ursula-rug.webp\",\"width\":1080,\"height\":1350},{\"@type\":\"BreadcrumbList\",\"@id\":\"https:\\\/\\\/finarte.fi\\\/fi\\\/kauppa\\\/tuotteet\\\/matot\\\/materiaali\\\/kierratetty-puuvilla\\\/ursula-kierratyspuuvilla-rasymatto-sininen\\\/#breadcrumb\",\"itemListElement\":[{\"@type\":\"ListItem\",\"position\":1,\"name\":\"Home\",\"item\":\"https:\\\/\\\/finarte.fi\\\/fi\\\/\"},{\"@type\":\"ListItem\",\"position\":2,\"name\":\"Shop\",\"item\":\"https:\\\/\\\/finarte.fi\\\/fi\\\/kauppa\\\/\"},{\"@type\":\"ListItem\",\"position\":3,\"name\":\"Ursula kierr\u00e4tyspuuvilla r\u00e4symatto sininen\"}]},{\"@type\":\"WebSite\",\"@id\":\"https:\\\/\\\/finarte.fi\\\/fi\\\/#website\",\"url\":\"https:\\\/\\\/finarte.fi\\\/fi\\\/\",\"name\":\"Finarte\",\"description\":\"\",\"potentialAction\":[{\"@type\":\"SearchAction\",\"target\":{\"@type\":\"EntryPoint\",\"urlTemplate\":\"https:\\\/\\\/finarte.fi\\\/fi\\\/?s={search_term_string}\"},\"query-input\":{\"@type\":\"PropertyValueSpecification\",\"valueRequired\":true,\"valueName\":\"search_term_string\"}}],\"inLanguage\":\"fi\"}]}<\/script>\n<!-- \/ Yoast SEO plugin. -->","yoast_head_json":{"title":"Ursula kierr\u00e4tyspuuvilla r\u00e4symatto sininen - Finarte","description":"Finarten Kareena on Eija Rasinm\u00e4en suunnittelema design-r\u00e4symatto, joka on valmistettu vastuullisesti kierr\u00e4tyspuuvillasta.","robots":{"index":"index","follow":"follow","max-snippet":"max-snippet:-1","max-image-preview":"max-image-preview:large","max-video-preview":"max-video-preview:-1"},"canonical":"https:\/\/finarte.fi\/fi\/kauppa\/tuotteet\/matot\/materiaali\/kierratetty-puuvilla\/ursula-kierratyspuuvilla-rasymatto-sininen\/","og_locale":"fi_FI","og_type":"article","og_title":"Ursula kierr\u00e4tyspuuvilla r\u00e4symatto sininen - Finarte","og_description":"Finarten Kareena on Eija Rasinm\u00e4en suunnittelema design-r\u00e4symatto, joka on valmistettu vastuullisesti kierr\u00e4tyspuuvillasta.","og_url":"https:\/\/finarte.fi\/fi\/kauppa\/tuotteet\/matot\/materiaali\/kierratetty-puuvilla\/ursula-kierratyspuuvilla-rasymatto-sininen\/","og_site_name":"Finarte","article_modified_time":"2026-04-08T07:19:44+00:00","og_image":[{"width":1080,"height":1350,"url":"https:\/\/finarte.fi\/wp-content\/uploads\/2025\/11\/finarte-ursula-rug.webp","type":"image\/webp"}],"twitter_card":"summary_large_image","twitter_misc":{"Arvioitu lukuaika":"1 minuutti"},"schema":{"@context":"https:\/\/schema.org","@graph":[{"@type":"WebPage","@id":"https:\/\/finarte.fi\/fi\/kauppa\/tuotteet\/matot\/materiaali\/kierratetty-puuvilla\/ursula-kierratyspuuvilla-rasymatto-sininen\/","url":"https:\/\/finarte.fi\/fi\/kauppa\/tuotteet\/matot\/materiaali\/kierratetty-puuvilla\/ursula-kierratyspuuvilla-rasymatto-sininen\/","name":"Ursula kierr\u00e4tyspuuvilla r\u00e4symatto sininen - Finarte","isPartOf":{"@id":"https:\/\/finarte.fi\/fi\/#website"},"primaryImageOfPage":{"@id":"https:\/\/finarte.fi\/fi\/kauppa\/tuotteet\/matot\/materiaali\/kierratetty-puuvilla\/ursula-kierratyspuuvilla-rasymatto-sininen\/#primaryimage"},"image":{"@id":"https:\/\/finarte.fi\/fi\/kauppa\/tuotteet\/matot\/materiaali\/kierratetty-puuvilla\/ursula-kierratyspuuvilla-rasymatto-sininen\/#primaryimage"},"thumbnailUrl":"https:\/\/finarte.fi\/wp-content\/uploads\/2025\/11\/finarte-ursula-rug.webp","datePublished":"2025-11-19T13:41:26+00:00","dateModified":"2026-04-08T07:19:44+00:00","description":"Finarten Kareena on Eija Rasinm\u00e4en suunnittelema design-r\u00e4symatto, joka on valmistettu vastuullisesti kierr\u00e4tyspuuvillasta.","breadcrumb":{"@id":"https:\/\/finarte.fi\/fi\/kauppa\/tuotteet\/matot\/materiaali\/kierratetty-puuvilla\/ursula-kierratyspuuvilla-rasymatto-sininen\/#breadcrumb"},"inLanguage":"fi","potentialAction":[{"@type":"ReadAction","target":["https:\/\/finarte.fi\/fi\/kauppa\/tuotteet\/matot\/materiaali\/kierratetty-puuvilla\/ursula-kierratyspuuvilla-rasymatto-sininen\/"]}]},{"@type":"ImageObject","inLanguage":"fi","@id":"https:\/\/finarte.fi\/fi\/kauppa\/tuotteet\/matot\/materiaali\/kierratetty-puuvilla\/ursula-kierratyspuuvilla-rasymatto-sininen\/#primaryimage","url":"https:\/\/finarte.fi\/wp-content\/uploads\/2025\/11\/finarte-ursula-rug.webp","contentUrl":"https:\/\/finarte.fi\/wp-content\/uploads\/2025\/11\/finarte-ursula-rug.webp","width":1080,"height":1350},{"@type":"BreadcrumbList","@id":"https:\/\/finarte.fi\/fi\/kauppa\/tuotteet\/matot\/materiaali\/kierratetty-puuvilla\/ursula-kierratyspuuvilla-rasymatto-sininen\/#breadcrumb","itemListElement":[{"@type":"ListItem","position":1,"name":"Home","item":"https:\/\/finarte.fi\/fi\/"},{"@type":"ListItem","position":2,"name":"Shop","item":"https:\/\/finarte.fi\/fi\/kauppa\/"},{"@type":"ListItem","position":3,"name":"Ursula kierr\u00e4tyspuuvilla r\u00e4symatto sininen"}]},{"@type":"WebSite","@id":"https:\/\/finarte.fi\/fi\/#website","url":"https:\/\/finarte.fi\/fi\/","name":"Finarte","description":"","potentialAction":[{"@type":"SearchAction","target":{"@type":"EntryPoint","urlTemplate":"https:\/\/finarte.fi\/fi\/?s={search_term_string}"},"query-input":{"@type":"PropertyValueSpecification","valueRequired":true,"valueName":"search_term_string"}}],"inLanguage":"fi"}]}},"_links":{"self":[{"href":"https:\/\/finarte.fi\/fi\/wp-json\/wp\/v2\/product\/28596","targetHints":{"allow":["GET"]}}],"collection":[{"href":"https:\/\/finarte.fi\/fi\/wp-json\/wp\/v2\/product"}],"about":[{"href":"https:\/\/finarte.fi\/fi\/wp-json\/wp\/v2\/types\/product"}],"replies":[{"embeddable":true,"href":"https:\/\/finarte.fi\/fi\/wp-json\/wp\/v2\/comments?post=28596"}],"wp:featuredmedia":[{"embeddable":true,"href":"https:\/\/finarte.fi\/fi\/wp-json\/wp\/v2\/media\/28416"}],"wp:attachment":[{"href":"https:\/\/finarte.fi\/fi\/wp-json\/wp\/v2\/media?parent=28596"}],"wp:term":[{"taxonomy":"product_brand","embeddable":true,"href":"https:\/\/finarte.fi\/fi\/wp-json\/wp\/v2\/product_brand?post=28596"},{"taxonomy":"product_cat","embeddable":true,"href":"https:\/\/finarte.fi\/fi\/wp-json\/wp\/v2\/product_cat?post=28596"},{"taxonomy":"product_tag","embeddable":true,"href":"https:\/\/finarte.fi\/fi\/wp-json\/wp\/v2\/product_tag?post=28596"}],"curies":[{"name":"wp","href":"https:\/\/api.w.org\/{rel}","templated":true}]}}