{"id":28562,"date":"2025-11-19T13:34:40","date_gmt":"2025-11-19T11:34:40","guid":{"rendered":"https:\/\/finarte.fi\/?post_type=product&#038;p=28562"},"modified":"2026-01-16T11:29:26","modified_gmt":"2026-01-16T09:29:26","slug":"olivia-kierratyspuuvilla-rasymatto-vihrea","status":"publish","type":"product","link":"https:\/\/finarte.fi\/fi\/kauppa\/tuotteet\/matot\/materiaali\/kierratetty-puuvilla\/olivia-kierratyspuuvilla-rasymatto-vihrea\/","title":{"rendered":"Olivia kierr\u00e4tyspuuvilla r\u00e4symatto vihre\u00e4"},"content":{"rendered":"","protected":false},"excerpt":{"rendered":"<div class=\"row row-collapse\"  id=\"row-488724009\">\n\n\t<div id=\"col-1330804782\" class=\"col small-12 large-12\"  >\n\t\t\t\t<div class=\"col-inner\"  >\n\t\t\t\n\t\t\t\n<p><span style=\"font-size: 80%;\"><a class=\"underlink\" href=\"#size-guide\">Koko-opas<\/a>\u00a0<\/span><br \/>\n\t<div id=\"size-guide\"\n\t     class=\"lightbox-by-id lightbox-content mfp-hide lightbox-white \"\n\t     style=\"max-width:600px ;padding:20px\">\n\t\t\n<h3>Koko-opas<\/h3>\n<p>Kuinka valita oikean kokoinen matto?<\/p>\n<p>Tekstiilien ja erityisesti mattojen avulla huoneeseen saadaan luotua mit\u00e4 erilaisimpia tunnelmia. Mattoa valitessa kannattaa k\u00e4ytt\u00e4\u00e4 hetki aikaa my\u00f6s sopivan koon pohtimiseen kutkuttavien v\u00e4ri-, materiaali- ja tekstuurivalintojen ohella. Oikean kokoisella matolla pienest\u00e4kin tilasta saa suuremman tuntuisen, ja suuresta tilasta viihtyis\u00e4n ja selke\u00e4n.<\/p>\n<a href=\"https:\/\/finarte.fi\/fi\/koko-opas\/\" class=\"button primary is-outline\" >\n\t\t<span>Lue meid\u00e4n vinkit<\/span>\n\t<\/a>\n\n\t<\/div>\n\t\n\t\n<p class=\"alt-color\">V\u00e4rivaihtoehdot<\/p>\n\t\n  \n    <div class=\"row large-columns-4 medium-columns-3 small-columns-2 row-small slider row-slider slider-nav-reveal slider-nav-push\"  data-flickity-options='{&quot;imagesLoaded&quot;: true, &quot;groupCells&quot;: &quot;100%&quot;, &quot;dragThreshold&quot; : 5, &quot;cellAlign&quot;: &quot;left&quot;,&quot;wrapAround&quot;: true,&quot;prevNextButtons&quot;: true,&quot;percentPosition&quot;: true,&quot;pageDots&quot;: false, &quot;rightToLeft&quot;: false, &quot;autoPlay&quot; : false}' >\n\n  \n\t     <div class=\"col\" >\n\t\t\t\t\t\t<div class=\"col-inner\">\n\t\t\t\t\t\t\n<div class=\"badge-container absolute left top z-1\">\n\n<\/div>\n\t\t\t\t\t\t<div class=\"product-small box has-hover box-normal box-text-bottom\">\n\t\t\t\t\t\t\t<div class=\"box-image\" >\n\t\t\t\t\t\t\t\t<div class=\"\" >\n\t\t\t\t\t\t\t\t\t<a href=\"https:\/\/finarte.fi\/fi\/kauppa\/tuotteet\/matot\/materiaali\/kierratetty-puuvilla\/olivia-kierratyspuuvilla-rasymatto-vihrea\/\" aria-label=\"Olivia kierr\u00e4tyspuuvilla r\u00e4symatto vihre\u00e4\">\n\t\t\t\t\t\t\t\t\t\t<img width=\"400\" height=\"480\" src=\"https:\/\/finarte.fi\/wp-content\/uploads\/2025\/11\/finarte-olivia-green-3-400x480.webp\" class=\"show-on-hover absolute fill hide-for-small back-image\" alt=\"Alternative view of Olivia kierr\u00e4tyspuuvilla r\u00e4symatto vihre\u00e4\" aria-hidden=\"true\" decoding=\"async\" loading=\"lazy\" \/><img width=\"400\" height=\"480\" src=\"https:\/\/finarte.fi\/wp-content\/uploads\/2025\/11\/finarte-olivia-rug-green-400x480.webp\" class=\"attachment-woocommerce_thumbnail size-woocommerce_thumbnail\" alt=\"Olivia kierr\u00e4tyspuuvilla r\u00e4symatto vihre\u00e4\" decoding=\"async\" loading=\"lazy\" \/>\t\t\t\t\t\t\t\t\t<\/a>\n\t\t\t\t\t\t\t\t\t\t\t\t\t\t\t\t\t\t \t\t\t\t\t\t\t\t<\/div>\n\t\t\t\t\t\t\t\t<div class=\"image-tools top right show-on-hover\">\n\t\t\t\t\t\t\t\t\t\t\t<div class=\"wishlist-icon\">\n\t\t\t<button class=\"wishlist-button button is-outline circle icon\" aria-label=\"Wishlist\">\n\t\t\t\t<i class=\"icon-heart\" aria-hidden=\"true\"><\/i>\t\t\t<\/button>\n\t\t\t<div class=\"wishlist-popup dark\">\n\t\t\t\t\n<div\n\tclass=\"yith-wcwl-add-to-wishlist add-to-wishlist-28562 yith-wcwl-add-to-wishlist--link-style wishlist-fragment on-first-load\"\n\tdata-fragment-ref=\"28562\"\n\tdata-fragment-options=\"{&quot;base_url&quot;:&quot;&quot;,&quot;product_id&quot;:28562,&quot;parent_product_id&quot;:0,&quot;product_type&quot;:&quot;variable&quot;,&quot;is_single&quot;:false,&quot;in_default_wishlist&quot;:false,&quot;show_view&quot;:false,&quot;browse_wishlist_text&quot;:&quot;Browse wishlist&quot;,&quot;already_in_wishslist_text&quot;:&quot;The product is already in your wishlist!&quot;,&quot;product_added_text&quot;:&quot;Product added!&quot;,&quot;available_multi_wishlist&quot;:false,&quot;disable_wishlist&quot;:false,&quot;show_count&quot;:false,&quot;ajax_loading&quot;:false,&quot;loop_position&quot;:&quot;after_add_to_cart&quot;,&quot;item&quot;:&quot;add_to_wishlist&quot;}\"\n>\n\t\t\t\n\t\t\t<!-- ADD TO WISHLIST -->\n\t\t\t\n<div class=\"yith-wcwl-add-button\">\n\t\t<a\n\t\thref=\"?add_to_wishlist=28562&#038;_wpnonce=128e449d54\"\n\t\tclass=\"add_to_wishlist single_add_to_wishlist\"\n\t\tdata-product-id=\"28562\"\n\t\tdata-product-type=\"variable\"\n\t\tdata-original-product-id=\"0\"\n\t\tdata-title=\"Lis\u00e4\u00e4 Suosikkeihin\"\n\t\trel=\"nofollow\"\n\t>\n\t\t<svg id=\"yith-wcwl-icon-heart-outline\" class=\"yith-wcwl-icon-svg\" fill=\"none\" stroke-width=\"1.5\" stroke=\"currentColor\" viewBox=\"0 0 24 24\" xmlns=\"http:\/\/www.w3.org\/2000\/svg\">\n  <path stroke-linecap=\"round\" stroke-linejoin=\"round\" d=\"M21 8.25c0-2.485-2.099-4.5-4.688-4.5-1.935 0-3.597 1.126-4.312 2.733-.715-1.607-2.377-2.733-4.313-2.733C5.1 3.75 3 5.765 3 8.25c0 7.22 9 12 9 12s9-4.78 9-12Z\"><\/path>\n<\/svg>\t\t<span>Lis\u00e4\u00e4 Suosikkeihin<\/span>\n\t<\/a>\n<\/div>\n\n\t\t\t<!-- COUNT TEXT -->\n\t\t\t\n\t\t\t<\/div>\n\t\t\t<\/div>\n\t\t<\/div>\n\t\t\t\t\t\t\t\t\t\t<\/div>\n\t\t\t\t\t\t\t\t\t\t\t\t\t\t\t\t\t<div class=\"image-tools grid-tools text-center hide-for-small bottom hover-slide-in show-on-hover\">\n\t\t\t\t\t\t\t\t\t\t\t\t\t\t\t\t\t\t\t<\/div>\n\t\t\t\t\t\t\t\t\t\t\t\t\t\t\t\t\t\t\t\t\t\t\t<\/div>\n\n\t\t\t\t\t\t\t<div class=\"box-text text-center is-small\" >\n\t\t\t\t\t\t\t\t<div class=\"title-wrapper\"><\/div><div class=\"price-wrapper\"><\/div>\t\t\t\t\t\t\t<\/div>\n\t\t\t\t\t\t<\/div>\n\t\t\t\t\t\t<\/div>\n\t\t\t\t\t<\/div><div class=\"col\" >\n\t\t\t\t\t\t<div class=\"col-inner\">\n\t\t\t\t\t\t\n<div class=\"badge-container absolute left top z-1\">\n\n<\/div>\n\t\t\t\t\t\t<div class=\"product-small box has-hover box-normal box-text-bottom\">\n\t\t\t\t\t\t\t<div class=\"box-image\" >\n\t\t\t\t\t\t\t\t<div class=\"\" >\n\t\t\t\t\t\t\t\t\t<a href=\"https:\/\/finarte.fi\/fi\/kauppa\/tuotteet\/matot\/materiaali\/kierratetty-puuvilla\/olivia-kierratyspuuvilla-rasymatto-harmaa\/\" aria-label=\"Olivia kierr\u00e4tyspuuvilla r\u00e4symatto harmaa\">\n\t\t\t\t\t\t\t\t\t\t<img width=\"400\" height=\"480\" src=\"https:\/\/finarte.fi\/wp-content\/uploads\/2025\/11\/finarte-olivia-rug-grey-2-400x480.webp\" class=\"show-on-hover absolute fill hide-for-small back-image\" alt=\"Alternative view of Olivia kierr\u00e4tyspuuvilla r\u00e4symatto harmaa\" aria-hidden=\"true\" decoding=\"async\" loading=\"lazy\" \/><img width=\"400\" height=\"480\" src=\"https:\/\/finarte.fi\/wp-content\/uploads\/2025\/11\/finarte-olivia-rug-grey-400x480.webp\" class=\"attachment-woocommerce_thumbnail size-woocommerce_thumbnail\" alt=\"Olivia kierr\u00e4tyspuuvilla r\u00e4symatto harmaa\" decoding=\"async\" loading=\"lazy\" \/>\t\t\t\t\t\t\t\t\t<\/a>\n\t\t\t\t\t\t\t\t\t\t\t\t\t\t\t\t\t\t \t\t\t\t\t\t\t\t<\/div>\n\t\t\t\t\t\t\t\t<div class=\"image-tools top right show-on-hover\">\n\t\t\t\t\t\t\t\t\t\t\t<div class=\"wishlist-icon\">\n\t\t\t<button class=\"wishlist-button button is-outline circle icon\" aria-label=\"Wishlist\">\n\t\t\t\t<i class=\"icon-heart\" aria-hidden=\"true\"><\/i>\t\t\t<\/button>\n\t\t\t<div class=\"wishlist-popup dark\">\n\t\t\t\t\n<div\n\tclass=\"yith-wcwl-add-to-wishlist add-to-wishlist-28579 yith-wcwl-add-to-wishlist--link-style wishlist-fragment on-first-load\"\n\tdata-fragment-ref=\"28579\"\n\tdata-fragment-options=\"{&quot;base_url&quot;:&quot;&quot;,&quot;product_id&quot;:28579,&quot;parent_product_id&quot;:0,&quot;product_type&quot;:&quot;variable&quot;,&quot;is_single&quot;:false,&quot;in_default_wishlist&quot;:false,&quot;show_view&quot;:false,&quot;browse_wishlist_text&quot;:&quot;Browse wishlist&quot;,&quot;already_in_wishslist_text&quot;:&quot;The product is already in your wishlist!&quot;,&quot;product_added_text&quot;:&quot;Product added!&quot;,&quot;available_multi_wishlist&quot;:false,&quot;disable_wishlist&quot;:false,&quot;show_count&quot;:false,&quot;ajax_loading&quot;:false,&quot;loop_position&quot;:&quot;after_add_to_cart&quot;,&quot;item&quot;:&quot;add_to_wishlist&quot;}\"\n>\n\t\t\t\n\t\t\t<!-- ADD TO WISHLIST -->\n\t\t\t\n<div class=\"yith-wcwl-add-button\">\n\t\t<a\n\t\thref=\"?add_to_wishlist=28579&#038;_wpnonce=128e449d54\"\n\t\tclass=\"add_to_wishlist single_add_to_wishlist\"\n\t\tdata-product-id=\"28579\"\n\t\tdata-product-type=\"variable\"\n\t\tdata-original-product-id=\"0\"\n\t\tdata-title=\"Lis\u00e4\u00e4 Suosikkeihin\"\n\t\trel=\"nofollow\"\n\t>\n\t\t<svg id=\"yith-wcwl-icon-heart-outline\" class=\"yith-wcwl-icon-svg\" fill=\"none\" stroke-width=\"1.5\" stroke=\"currentColor\" viewBox=\"0 0 24 24\" xmlns=\"http:\/\/www.w3.org\/2000\/svg\">\n  <path stroke-linecap=\"round\" stroke-linejoin=\"round\" d=\"M21 8.25c0-2.485-2.099-4.5-4.688-4.5-1.935 0-3.597 1.126-4.312 2.733-.715-1.607-2.377-2.733-4.313-2.733C5.1 3.75 3 5.765 3 8.25c0 7.22 9 12 9 12s9-4.78 9-12Z\"><\/path>\n<\/svg>\t\t<span>Lis\u00e4\u00e4 Suosikkeihin<\/span>\n\t<\/a>\n<\/div>\n\n\t\t\t<!-- COUNT TEXT -->\n\t\t\t\n\t\t\t<\/div>\n\t\t\t<\/div>\n\t\t<\/div>\n\t\t\t\t\t\t\t\t\t\t<\/div>\n\t\t\t\t\t\t\t\t\t\t\t\t\t\t\t\t\t<div class=\"image-tools grid-tools text-center hide-for-small bottom hover-slide-in show-on-hover\">\n\t\t\t\t\t\t\t\t\t\t\t\t\t\t\t\t\t\t\t<\/div>\n\t\t\t\t\t\t\t\t\t\t\t\t\t\t\t\t\t\t\t\t\t\t\t<\/div>\n\n\t\t\t\t\t\t\t<div class=\"box-text text-center is-small\" >\n\t\t\t\t\t\t\t\t<div class=\"title-wrapper\"><\/div><div class=\"price-wrapper\"><\/div>\t\t\t\t\t\t\t<\/div>\n\t\t\t\t\t\t<\/div>\n\t\t\t\t\t\t<\/div>\n\t\t\t\t\t<\/div><\/div>\n<p class=\"alt-color\">Tuotekuvaus<\/p>\n<p class=\"orangelink\">Olivia on kauniisti viimeistelty puuvillamatto, jossa romanttinen estetiikka yhdistyy perinteisiin kudontatekniikoihin. <a href=\"http:\/\/finarte.fi\/eija-rasinmaki\/\">Eija Rasinm\u00e4en<\/a> suunnittelema ja kierr\u00e4tyspuuvillasta k\u00e4sinkudottu matto on s\u00e4vylt\u00e4\u00e4n hele\u00e4n vaaleanvihre\u00e4, jossa on hitunen luonnonvalkoista. Napakasti kudottu kest\u00e4v\u00e4 r\u00e4symatto tuntuu miellytt\u00e4v\u00e4n pehme\u00e4lt\u00e4 ja mukavalta jalan alla ja on k\u00e4yt\u00f6ss\u00e4 kest\u00e4v\u00e4 valinta monen tilan lattialle.<\/p>\n<p>Valmistettu vastuullisesti k\u00e4sity\u00f6n\u00e4 Intiassa.<\/p>\n\t\t<\/div>\n\t\t\t\t\t<\/div>\n\n\t\n<\/div>\n","protected":false},"featured_media":28566,"comment_status":"open","ping_status":"closed","template":"","meta":[],"product_brand":[],"product_cat":[98,229,225,44,223,104,161,37,221,180,226,220,159,167,169],"product_tag":[],"class_list":{"0":"post-28562","1":"product","2":"type-product","3":"status-publish","4":"has-post-thumbnail","6":"product_cat-eija-rasinmaki","7":"product_cat-kaytavamatot","8":"product_cat-keskikokoiset-matot","9":"product_cat-kierratetty-puuvilla","10":"product_cat-koko","11":"product_cat-kuviolliset","12":"product_cat-materiaali","13":"product_cat-matot","14":"product_cat-neutraalit-matot","15":"product_cat-ohuet-matot","16":"product_cat-pienet-matot","17":"product_cat-rasymatot","18":"product_cat-suunnittelija","19":"product_cat-tekniikka","20":"product_cat-tyyli","22":"first","23":"onbackorder","24":"taxable","25":"shipping-taxable","26":"purchasable","27":"product-type-variable","28":"has-default-attributes"},"group_of_quantity":0,"min_quantity":0,"max_quantity":"","exclude_order_quantity_value_rules":"no","exclude_category_quantity_rules":"no","combine_variations":"no","exclude_global_add_ons":[],"addons":[],"yoast_head":"<!-- This site is optimized with the Yoast SEO plugin v27.3 - https:\/\/yoast.com\/product\/yoast-seo-wordpress\/ -->\n<title>Olivia kierr\u00e4tyspuuvilla r\u00e4symatto vihre\u00e4 - Finarte<\/title>\n<meta name=\"description\" content=\"Finarten Kareena on Eija Rasinm\u00e4en suunnittelema design-r\u00e4symatto, joka on valmistettu vastuullisesti kierr\u00e4tyspuuvillasta.\" \/>\n<meta name=\"robots\" content=\"index, follow, max-snippet:-1, max-image-preview:large, max-video-preview:-1\" \/>\n<link rel=\"canonical\" href=\"https:\/\/finarte.fi\/fi\/kauppa\/tuotteet\/matot\/materiaali\/kierratetty-puuvilla\/olivia-kierratyspuuvilla-rasymatto-vihrea\/\" \/>\n<meta property=\"og:locale\" content=\"fi_FI\" \/>\n<meta property=\"og:type\" content=\"article\" \/>\n<meta property=\"og:title\" content=\"Olivia kierr\u00e4tyspuuvilla r\u00e4symatto vihre\u00e4 - Finarte\" \/>\n<meta property=\"og:description\" content=\"Finarten Kareena on Eija Rasinm\u00e4en suunnittelema design-r\u00e4symatto, joka on valmistettu vastuullisesti kierr\u00e4tyspuuvillasta.\" \/>\n<meta property=\"og:url\" content=\"https:\/\/finarte.fi\/fi\/kauppa\/tuotteet\/matot\/materiaali\/kierratetty-puuvilla\/olivia-kierratyspuuvilla-rasymatto-vihrea\/\" \/>\n<meta property=\"og:site_name\" content=\"Finarte\" \/>\n<meta property=\"article:modified_time\" content=\"2026-01-16T09:29:26+00:00\" \/>\n<meta property=\"og:image\" content=\"https:\/\/finarte.fi\/wp-content\/uploads\/2025\/11\/finarte-olivia-rug-green.webp\" \/>\n\t<meta property=\"og:image:width\" content=\"1080\" \/>\n\t<meta property=\"og:image:height\" content=\"1350\" \/>\n\t<meta property=\"og:image:type\" content=\"image\/webp\" \/>\n<meta name=\"twitter:card\" content=\"summary_large_image\" \/>\n<meta name=\"twitter:label1\" content=\"Arvioitu lukuaika\" \/>\n\t<meta name=\"twitter:data1\" content=\"1 minuutti\" \/>\n<script type=\"application\/ld+json\" class=\"yoast-schema-graph\">{\"@context\":\"https:\\\/\\\/schema.org\",\"@graph\":[{\"@type\":\"WebPage\",\"@id\":\"https:\\\/\\\/finarte.fi\\\/fi\\\/kauppa\\\/tuotteet\\\/matot\\\/materiaali\\\/kierratetty-puuvilla\\\/olivia-kierratyspuuvilla-rasymatto-vihrea\\\/\",\"url\":\"https:\\\/\\\/finarte.fi\\\/fi\\\/kauppa\\\/tuotteet\\\/matot\\\/materiaali\\\/kierratetty-puuvilla\\\/olivia-kierratyspuuvilla-rasymatto-vihrea\\\/\",\"name\":\"Olivia kierr\u00e4tyspuuvilla r\u00e4symatto vihre\u00e4 - Finarte\",\"isPartOf\":{\"@id\":\"https:\\\/\\\/finarte.fi\\\/fi\\\/#website\"},\"primaryImageOfPage\":{\"@id\":\"https:\\\/\\\/finarte.fi\\\/fi\\\/kauppa\\\/tuotteet\\\/matot\\\/materiaali\\\/kierratetty-puuvilla\\\/olivia-kierratyspuuvilla-rasymatto-vihrea\\\/#primaryimage\"},\"image\":{\"@id\":\"https:\\\/\\\/finarte.fi\\\/fi\\\/kauppa\\\/tuotteet\\\/matot\\\/materiaali\\\/kierratetty-puuvilla\\\/olivia-kierratyspuuvilla-rasymatto-vihrea\\\/#primaryimage\"},\"thumbnailUrl\":\"https:\\\/\\\/finarte.fi\\\/wp-content\\\/uploads\\\/2025\\\/11\\\/finarte-olivia-rug-green.webp\",\"datePublished\":\"2025-11-19T11:34:40+00:00\",\"dateModified\":\"2026-01-16T09:29:26+00:00\",\"description\":\"Finarten Kareena on Eija Rasinm\u00e4en suunnittelema design-r\u00e4symatto, joka on valmistettu vastuullisesti kierr\u00e4tyspuuvillasta.\",\"breadcrumb\":{\"@id\":\"https:\\\/\\\/finarte.fi\\\/fi\\\/kauppa\\\/tuotteet\\\/matot\\\/materiaali\\\/kierratetty-puuvilla\\\/olivia-kierratyspuuvilla-rasymatto-vihrea\\\/#breadcrumb\"},\"inLanguage\":\"fi\",\"potentialAction\":[{\"@type\":\"ReadAction\",\"target\":[\"https:\\\/\\\/finarte.fi\\\/fi\\\/kauppa\\\/tuotteet\\\/matot\\\/materiaali\\\/kierratetty-puuvilla\\\/olivia-kierratyspuuvilla-rasymatto-vihrea\\\/\"]}]},{\"@type\":\"ImageObject\",\"inLanguage\":\"fi\",\"@id\":\"https:\\\/\\\/finarte.fi\\\/fi\\\/kauppa\\\/tuotteet\\\/matot\\\/materiaali\\\/kierratetty-puuvilla\\\/olivia-kierratyspuuvilla-rasymatto-vihrea\\\/#primaryimage\",\"url\":\"https:\\\/\\\/finarte.fi\\\/wp-content\\\/uploads\\\/2025\\\/11\\\/finarte-olivia-rug-green.webp\",\"contentUrl\":\"https:\\\/\\\/finarte.fi\\\/wp-content\\\/uploads\\\/2025\\\/11\\\/finarte-olivia-rug-green.webp\",\"width\":1080,\"height\":1350},{\"@type\":\"BreadcrumbList\",\"@id\":\"https:\\\/\\\/finarte.fi\\\/fi\\\/kauppa\\\/tuotteet\\\/matot\\\/materiaali\\\/kierratetty-puuvilla\\\/olivia-kierratyspuuvilla-rasymatto-vihrea\\\/#breadcrumb\",\"itemListElement\":[{\"@type\":\"ListItem\",\"position\":1,\"name\":\"Home\",\"item\":\"https:\\\/\\\/finarte.fi\\\/fi\\\/\"},{\"@type\":\"ListItem\",\"position\":2,\"name\":\"Shop\",\"item\":\"https:\\\/\\\/finarte.fi\\\/fi\\\/kauppa\\\/\"},{\"@type\":\"ListItem\",\"position\":3,\"name\":\"Olivia kierr\u00e4tyspuuvilla r\u00e4symatto vihre\u00e4\"}]},{\"@type\":\"WebSite\",\"@id\":\"https:\\\/\\\/finarte.fi\\\/fi\\\/#website\",\"url\":\"https:\\\/\\\/finarte.fi\\\/fi\\\/\",\"name\":\"Finarte\",\"description\":\"\",\"potentialAction\":[{\"@type\":\"SearchAction\",\"target\":{\"@type\":\"EntryPoint\",\"urlTemplate\":\"https:\\\/\\\/finarte.fi\\\/fi\\\/?s={search_term_string}\"},\"query-input\":{\"@type\":\"PropertyValueSpecification\",\"valueRequired\":true,\"valueName\":\"search_term_string\"}}],\"inLanguage\":\"fi\"}]}<\/script>\n<!-- \/ Yoast SEO plugin. -->","yoast_head_json":{"title":"Olivia kierr\u00e4tyspuuvilla r\u00e4symatto vihre\u00e4 - Finarte","description":"Finarten Kareena on Eija Rasinm\u00e4en suunnittelema design-r\u00e4symatto, joka on valmistettu vastuullisesti kierr\u00e4tyspuuvillasta.","robots":{"index":"index","follow":"follow","max-snippet":"max-snippet:-1","max-image-preview":"max-image-preview:large","max-video-preview":"max-video-preview:-1"},"canonical":"https:\/\/finarte.fi\/fi\/kauppa\/tuotteet\/matot\/materiaali\/kierratetty-puuvilla\/olivia-kierratyspuuvilla-rasymatto-vihrea\/","og_locale":"fi_FI","og_type":"article","og_title":"Olivia kierr\u00e4tyspuuvilla r\u00e4symatto vihre\u00e4 - Finarte","og_description":"Finarten Kareena on Eija Rasinm\u00e4en suunnittelema design-r\u00e4symatto, joka on valmistettu vastuullisesti kierr\u00e4tyspuuvillasta.","og_url":"https:\/\/finarte.fi\/fi\/kauppa\/tuotteet\/matot\/materiaali\/kierratetty-puuvilla\/olivia-kierratyspuuvilla-rasymatto-vihrea\/","og_site_name":"Finarte","article_modified_time":"2026-01-16T09:29:26+00:00","og_image":[{"width":1080,"height":1350,"url":"https:\/\/finarte.fi\/wp-content\/uploads\/2025\/11\/finarte-olivia-rug-green.webp","type":"image\/webp"}],"twitter_card":"summary_large_image","twitter_misc":{"Arvioitu lukuaika":"1 minuutti"},"schema":{"@context":"https:\/\/schema.org","@graph":[{"@type":"WebPage","@id":"https:\/\/finarte.fi\/fi\/kauppa\/tuotteet\/matot\/materiaali\/kierratetty-puuvilla\/olivia-kierratyspuuvilla-rasymatto-vihrea\/","url":"https:\/\/finarte.fi\/fi\/kauppa\/tuotteet\/matot\/materiaali\/kierratetty-puuvilla\/olivia-kierratyspuuvilla-rasymatto-vihrea\/","name":"Olivia kierr\u00e4tyspuuvilla r\u00e4symatto vihre\u00e4 - Finarte","isPartOf":{"@id":"https:\/\/finarte.fi\/fi\/#website"},"primaryImageOfPage":{"@id":"https:\/\/finarte.fi\/fi\/kauppa\/tuotteet\/matot\/materiaali\/kierratetty-puuvilla\/olivia-kierratyspuuvilla-rasymatto-vihrea\/#primaryimage"},"image":{"@id":"https:\/\/finarte.fi\/fi\/kauppa\/tuotteet\/matot\/materiaali\/kierratetty-puuvilla\/olivia-kierratyspuuvilla-rasymatto-vihrea\/#primaryimage"},"thumbnailUrl":"https:\/\/finarte.fi\/wp-content\/uploads\/2025\/11\/finarte-olivia-rug-green.webp","datePublished":"2025-11-19T11:34:40+00:00","dateModified":"2026-01-16T09:29:26+00:00","description":"Finarten Kareena on Eija Rasinm\u00e4en suunnittelema design-r\u00e4symatto, joka on valmistettu vastuullisesti kierr\u00e4tyspuuvillasta.","breadcrumb":{"@id":"https:\/\/finarte.fi\/fi\/kauppa\/tuotteet\/matot\/materiaali\/kierratetty-puuvilla\/olivia-kierratyspuuvilla-rasymatto-vihrea\/#breadcrumb"},"inLanguage":"fi","potentialAction":[{"@type":"ReadAction","target":["https:\/\/finarte.fi\/fi\/kauppa\/tuotteet\/matot\/materiaali\/kierratetty-puuvilla\/olivia-kierratyspuuvilla-rasymatto-vihrea\/"]}]},{"@type":"ImageObject","inLanguage":"fi","@id":"https:\/\/finarte.fi\/fi\/kauppa\/tuotteet\/matot\/materiaali\/kierratetty-puuvilla\/olivia-kierratyspuuvilla-rasymatto-vihrea\/#primaryimage","url":"https:\/\/finarte.fi\/wp-content\/uploads\/2025\/11\/finarte-olivia-rug-green.webp","contentUrl":"https:\/\/finarte.fi\/wp-content\/uploads\/2025\/11\/finarte-olivia-rug-green.webp","width":1080,"height":1350},{"@type":"BreadcrumbList","@id":"https:\/\/finarte.fi\/fi\/kauppa\/tuotteet\/matot\/materiaali\/kierratetty-puuvilla\/olivia-kierratyspuuvilla-rasymatto-vihrea\/#breadcrumb","itemListElement":[{"@type":"ListItem","position":1,"name":"Home","item":"https:\/\/finarte.fi\/fi\/"},{"@type":"ListItem","position":2,"name":"Shop","item":"https:\/\/finarte.fi\/fi\/kauppa\/"},{"@type":"ListItem","position":3,"name":"Olivia kierr\u00e4tyspuuvilla r\u00e4symatto vihre\u00e4"}]},{"@type":"WebSite","@id":"https:\/\/finarte.fi\/fi\/#website","url":"https:\/\/finarte.fi\/fi\/","name":"Finarte","description":"","potentialAction":[{"@type":"SearchAction","target":{"@type":"EntryPoint","urlTemplate":"https:\/\/finarte.fi\/fi\/?s={search_term_string}"},"query-input":{"@type":"PropertyValueSpecification","valueRequired":true,"valueName":"search_term_string"}}],"inLanguage":"fi"}]}},"_links":{"self":[{"href":"https:\/\/finarte.fi\/fi\/wp-json\/wp\/v2\/product\/28562","targetHints":{"allow":["GET"]}}],"collection":[{"href":"https:\/\/finarte.fi\/fi\/wp-json\/wp\/v2\/product"}],"about":[{"href":"https:\/\/finarte.fi\/fi\/wp-json\/wp\/v2\/types\/product"}],"replies":[{"embeddable":true,"href":"https:\/\/finarte.fi\/fi\/wp-json\/wp\/v2\/comments?post=28562"}],"wp:featuredmedia":[{"embeddable":true,"href":"https:\/\/finarte.fi\/fi\/wp-json\/wp\/v2\/media\/28566"}],"wp:attachment":[{"href":"https:\/\/finarte.fi\/fi\/wp-json\/wp\/v2\/media?parent=28562"}],"wp:term":[{"taxonomy":"product_brand","embeddable":true,"href":"https:\/\/finarte.fi\/fi\/wp-json\/wp\/v2\/product_brand?post=28562"},{"taxonomy":"product_cat","embeddable":true,"href":"https:\/\/finarte.fi\/fi\/wp-json\/wp\/v2\/product_cat?post=28562"},{"taxonomy":"product_tag","embeddable":true,"href":"https:\/\/finarte.fi\/fi\/wp-json\/wp\/v2\/product_tag?post=28562"}],"curies":[{"name":"wp","href":"https:\/\/api.w.org\/{rel}","templated":true}]}}