{"id":26168,"date":"2025-09-04T18:52:14","date_gmt":"2025-09-04T15:52:14","guid":{"rendered":"https:\/\/finarte.fi\/?post_type=product&#038;p=26168"},"modified":"2026-03-19T09:24:37","modified_gmt":"2026-03-19T07:24:37","slug":"columbus-villamatto","status":"publish","type":"product","link":"https:\/\/finarte.fi\/fi\/kauppa\/tuotteet\/matot\/materiaali\/villa\/columbus-villamatto\/","title":{"rendered":"Columbus villamatto"},"content":{"rendered":"","protected":false},"excerpt":{"rendered":"<div class=\"row row-collapse\"  id=\"row-958660951\">\n\n\t<div id=\"col-1606452733\" class=\"col small-12 large-12\"  >\n\t\t\t\t<div class=\"col-inner\"  >\n\t\t\t\n\t\t\t\n<span style=\"font-size: 80%;\"><a class=\"underlink\" href=\"#mittatilaus\">Mittatilaus<\/a> \/ <a class=\"underlink\" href=\"#size-guide\">Koko-opas<\/a>\u00a0<\/span><br \/>\n\t<div id=\"mittatilaus\"\n\t     class=\"lightbox-by-id lightbox-content mfp-hide lightbox-white \"\n\t     style=\"max-width:600px ;padding:20px\">\n\t\t\n<h3>Mittatilausmatot<\/h3>\r\nEtsitk\u00f6 kotiisi mattoa tietyss\u00e4 koossa? Haluamme auttaa sinua l\u00f6yt\u00e4m\u00e4\u00e4n juuri sopivan kokoisen maton, ja siksi valmistamme suosituimpia villa- ja viskoosimattojamme my\u00f6s mittatilauksena.\r\n\r\n<a href=\"https:\/\/finarte.fi\/fi\/mittatilausmatot\/\" class=\"button primary is-outline\" >\n\t\t<span>LUE LIS\u00c4\u00c4<\/span>\n\t<\/a>\n\n\t<\/div>\n\t\n\t\n\t<div id=\"size-guide\"\n\t     class=\"lightbox-by-id lightbox-content mfp-hide lightbox-white \"\n\t     style=\"max-width:600px ;padding:20px\">\n\t\t\n<h3>Koko-opas<\/h3>\n<p>Kuinka valita oikean kokoinen matto?<\/p>\n<p>Tekstiilien ja erityisesti mattojen avulla huoneeseen saadaan luotua mit\u00e4 erilaisimpia tunnelmia. Mattoa valitessa kannattaa k\u00e4ytt\u00e4\u00e4 hetki aikaa my\u00f6s sopivan koon pohtimiseen kutkuttavien v\u00e4ri-, materiaali- ja tekstuurivalintojen ohella. Oikean kokoisella matolla pienest\u00e4kin tilasta saa suuremman tuntuisen, ja suuresta tilasta viihtyis\u00e4n ja selke\u00e4n.<\/p>\n<a href=\"https:\/\/finarte.fi\/fi\/koko-opas\/\" class=\"button primary is-outline\" >\n\t\t<span>Lue meid\u00e4n vinkit<\/span>\n\t<\/a>\n\n\t<\/div>\n\t\n\t\n\t<div id=\"swatch-guide\"\n\t     class=\"lightbox-by-id lightbox-content mfp-hide lightbox-white \"\n\t     style=\"max-width:600px ;padding:20px\">\n\t\t\n<h3>Mallipala UKK<\/h3>\n\t<div id=\"text-1980917005\" class=\"text orangelink\">\n\t\t\n\n<p>Mallipaloja on saatavilla monista matoistamme, ja voit tilata ne k\u00e4tev\u00e4sti suoraan kotiisi tuotesivulta \u2013 aina kun niit\u00e4 on saatavilla. N\u00e4in voit tutustua maton tuntuun ja s\u00e4vyihin omassa tilassasi ennen lopullista ostop\u00e4\u00e4t\u00f6st\u00e4.<\/p>\n\t\t\t<\/div>\n\t\n<a href=\"https:\/\/finarte.fi\/fi\/mallipalat\/\" class=\"button primary is-outline\" >\n\t\t<span>Lue lis\u00e4\u00e4 mallipaloista<\/span>\n\t<\/a>\n\n\t<\/div>\n\t\n\t\n<p class=\"alt-color\">Tuotekuvaus<\/p>\n<p data-start=\"98\" data-end=\"409\">Finarte Columbus -matto on <a href=\"https:\/\/finarte.fi\/fi\/eija-rasinmaki\/\">Eija Rasinm\u00e4en<\/a> suunnittelema ja se syntyi 1990-luvun loppupuolella yhten\u00e4 h\u00e4nen ensimm\u00e4isist\u00e4 villamatoistaan Finartelle. Sen kaunis v\u00e4ripaletti yhdist\u00e4\u00e4 tummia ja vaaleita sinisen s\u00e4vyj\u00e4 hienovaraisiin vaaleanbeigeihin yksityiskohtiin, luoden harmonisen ja elegantin kokonaisuuden.<\/p>\n<p data-start=\"411\" data-end=\"668\">Columbuksen inspiraatio syntyi n\u00e4kym\u00e4st\u00e4 lentokoneesta \u2013 laaja sininen meri ja saaret, jotka tuikkivat kuin valot. T\u00e4m\u00e4 vaikutelma p\u00e4\u00e4tyi mattoon abstraktissa muodossa ja antoi sille sek\u00e4 sen tunnistettavan ilmeen ett\u00e4 l\u00f6yt\u00f6retkeilij\u00e4\u00e4 muistuttavan nimen.<\/p>\n<p data-start=\"670\" data-end=\"983\">K\u00e4sintuftattu ylellisest\u00e4, paksusta villasta ja viimeistelty tukevalla puuvillapohjalla, Columbus on luonnostaan likaa hylkiv\u00e4, kest\u00e4v\u00e4 ja miellytt\u00e4v\u00e4n pehme\u00e4 jalan alla. K\u00e4yt\u00e4nn\u00f6llisten ominaisuuksiensa ansiosta se sopii monenlaisiin sisustuksiin olohuoneista makuuhuoneisiin ja tuo arkeen ajattoman kauneuden.<\/p>\n<p data-start=\"985\" data-end=\"1242\">Columbus on osa Finarten 40-vuotisjuhlakokoelmaa. Jokainen kokoelman matto on aito aarre arkistoista. Ajattoman vieh\u00e4tyksens\u00e4 ansiosta n\u00e4m\u00e4 designit ovat s\u00e4ilytt\u00e4neet kauneutensa vuosikymmenien ajan ja tulevat inspiroimaan viel\u00e4 pitk\u00e4lle tulevaisuuteen.<\/p>\n<p>Valmistettu vastuullisesti k\u00e4sity\u00f6n\u00e4 Intiassa.<\/p>\n\t\t<\/div>\n\t\t\t\t\t<\/div>\n\n\t\n<\/div>\n","protected":false},"featured_media":26172,"comment_status":"open","ping_status":"closed","template":"","meta":[],"product_brand":[],"product_cat":[98,224,225,104,232,237,37,231,173,100,222,600],"product_tag":[],"class_list":{"0":"post-26168","1":"product","2":"type-product","3":"status-publish","4":"has-post-thumbnail","6":"product_cat-eija-rasinmaki","7":"product_cat-isot-matot","8":"product_cat-keskikokoiset-matot","9":"product_cat-kuviolliset","10":"product_cat-makuuhuoneen-matot","11":"product_cat-mallipala-saatavilla","12":"product_cat-matot","13":"product_cat-olohuoneen-matot","14":"product_cat-tuftatut-matot","15":"product_cat-uutuudet","16":"product_cat-varikkaat-matot","17":"product_cat-villa","19":"first","20":"onbackorder","21":"taxable","22":"shipping-taxable","23":"purchasable","24":"product-type-variable","25":"has-default-attributes"},"group_of_quantity":0,"min_quantity":0,"max_quantity":"","exclude_order_quantity_value_rules":"no","exclude_category_quantity_rules":"no","combine_variations":"no","exclude_global_add_ons":[],"addons":[],"yoast_head":"<!-- This site is optimized with the Yoast SEO plugin v27.1.1 - https:\/\/yoast.com\/product\/yoast-seo-wordpress\/ -->\n<title>Columbus villamatto - Finarte<\/title>\n<meta name=\"robots\" content=\"index, follow, max-snippet:-1, max-image-preview:large, max-video-preview:-1\" \/>\n<link rel=\"canonical\" href=\"https:\/\/finarte.fi\/fi\/kauppa\/tuotteet\/matot\/materiaali\/villa\/columbus-villamatto\/\" \/>\n<meta property=\"og:locale\" content=\"fi_FI\" \/>\n<meta property=\"og:type\" content=\"article\" \/>\n<meta property=\"og:title\" content=\"Columbus villamatto - Finarte\" \/>\n<meta property=\"og:url\" content=\"https:\/\/finarte.fi\/fi\/kauppa\/tuotteet\/matot\/materiaali\/villa\/columbus-villamatto\/\" \/>\n<meta property=\"og:site_name\" content=\"Finarte\" \/>\n<meta property=\"article:modified_time\" content=\"2026-03-19T07:24:37+00:00\" \/>\n<meta property=\"og:image\" content=\"https:\/\/finarte.fi\/wp-content\/uploads\/2025\/09\/finarte-columbus-wool-rug.webp\" \/>\n\t<meta property=\"og:image:width\" content=\"827\" \/>\n\t<meta property=\"og:image:height\" content=\"1024\" \/>\n\t<meta property=\"og:image:type\" content=\"image\/webp\" \/>\n<meta name=\"twitter:card\" content=\"summary_large_image\" \/>\n<meta name=\"twitter:description\" content=\"[row style=&quot;collapse&quot;] [col span__sm=&quot;12&quot;] Mittatilaus \/ Koko-opas\u00a0 [lightbox id=&quot;mittatilaus&quot; width=&quot;600px&quot; padding=&quot;20px&quot;] [block id=&quot;custom-size-pop-up&quot;] [\/lightbox] [lightbox id=&quot;size-guide&quot; width=&quot;600px&quot; padding=&quot;20px&quot;] [block id=&quot;size-guide-pop-up-box&quot;] [\/lightbox] [lightbox id=&quot;swatch-guide&quot; width=&quot;600px&quot; padding=&quot;20px&quot;] Mallipala UKK [block id=&quot;swatch-faq-pop-up-box&quot;] [\/lightbox] Tuotekuvaus Finarte Columbus -matto on Eija Rasinm\u00e4en suunnittelema ja se syntyi 1990-luvun loppupuolella yhten\u00e4 h\u00e4nen ensimm\u00e4isist\u00e4 villamatoistaan Finartelle. Sen kaunis v\u00e4ripaletti yhdist\u00e4\u00e4 tummia ja vaaleita sinisen s\u00e4vyj\u00e4 hienovaraisiin vaaleanbeigeihin yksityiskohtiin, luoden harmonisen ja elegantin kokonaisuuden. Columbuksen inspiraatio syntyi n\u00e4kym\u00e4st\u00e4 lentokoneesta \u2013 laaja sininen meri ja saaret, jotka tuikkivat kuin valot. T\u00e4m\u00e4 vaikutelma p\u00e4\u00e4tyi mattoon abstraktissa muodossa ja antoi sille sek\u00e4 sen tunnistettavan ilmeen ett\u00e4 l\u00f6yt\u00f6retkeilij\u00e4\u00e4 muistuttavan nimen. K\u00e4sintuftattu ylellisest\u00e4, paksusta villasta ja viimeistelty tukevalla puuvillapohjalla, Columbus on luonnostaan likaa hylkiv\u00e4, kest\u00e4v\u00e4 ja miellytt\u00e4v\u00e4n pehme\u00e4 jalan alla. K\u00e4yt\u00e4nn\u00f6llisten ominaisuuksiensa ansiosta se sopii monenlaisiin sisustuksiin olohuoneista makuuhuoneisiin ja tuo arkeen ajattoman kauneuden. Columbus on osa Finarten 40-vuotisjuhlakokoelmaa. Jokainen kokoelman matto on aito aarre arkistoista. Ajattoman vieh\u00e4tyksens\u00e4 ansiosta n\u00e4m\u00e4 designit ovat s\u00e4ilytt\u00e4neet kauneutensa vuosikymmenien ajan ja tulevat inspiroimaan viel\u00e4 pitk\u00e4lle tulevaisuuteen. Valmistettu vastuullisesti k\u00e4sity\u00f6n\u00e4 Intiassa.  [\/col]  [\/row]\" \/>\n<meta name=\"twitter:label1\" content=\"Arvioitu lukuaika\" \/>\n\t<meta name=\"twitter:data1\" content=\"1 minuutti\" \/>\n<script type=\"application\/ld+json\" class=\"yoast-schema-graph\">{\"@context\":\"https:\/\/schema.org\",\"@graph\":[{\"@type\":\"WebPage\",\"@id\":\"https:\/\/finarte.fi\/fi\/kauppa\/tuotteet\/matot\/materiaali\/villa\/columbus-villamatto\/\",\"url\":\"https:\/\/finarte.fi\/fi\/kauppa\/tuotteet\/matot\/materiaali\/villa\/columbus-villamatto\/\",\"name\":\"Columbus villamatto - Finarte\",\"isPartOf\":{\"@id\":\"https:\/\/finarte.fi\/fi\/#website\"},\"primaryImageOfPage\":{\"@id\":\"https:\/\/finarte.fi\/fi\/kauppa\/tuotteet\/matot\/materiaali\/villa\/columbus-villamatto\/#primaryimage\"},\"image\":{\"@id\":\"https:\/\/finarte.fi\/fi\/kauppa\/tuotteet\/matot\/materiaali\/villa\/columbus-villamatto\/#primaryimage\"},\"thumbnailUrl\":\"https:\/\/finarte.fi\/wp-content\/uploads\/2025\/09\/finarte-columbus-wool-rug.webp\",\"datePublished\":\"2025-09-04T15:52:14+00:00\",\"dateModified\":\"2026-03-19T07:24:37+00:00\",\"breadcrumb\":{\"@id\":\"https:\/\/finarte.fi\/fi\/kauppa\/tuotteet\/matot\/materiaali\/villa\/columbus-villamatto\/#breadcrumb\"},\"inLanguage\":\"fi\",\"potentialAction\":[{\"@type\":\"ReadAction\",\"target\":[\"https:\/\/finarte.fi\/fi\/kauppa\/tuotteet\/matot\/materiaali\/villa\/columbus-villamatto\/\"]}]},{\"@type\":\"ImageObject\",\"inLanguage\":\"fi\",\"@id\":\"https:\/\/finarte.fi\/fi\/kauppa\/tuotteet\/matot\/materiaali\/villa\/columbus-villamatto\/#primaryimage\",\"url\":\"https:\/\/finarte.fi\/wp-content\/uploads\/2025\/09\/finarte-columbus-wool-rug.webp\",\"contentUrl\":\"https:\/\/finarte.fi\/wp-content\/uploads\/2025\/09\/finarte-columbus-wool-rug.webp\",\"width\":827,\"height\":1024},{\"@type\":\"BreadcrumbList\",\"@id\":\"https:\/\/finarte.fi\/fi\/kauppa\/tuotteet\/matot\/materiaali\/villa\/columbus-villamatto\/#breadcrumb\",\"itemListElement\":[{\"@type\":\"ListItem\",\"position\":1,\"name\":\"Home\",\"item\":\"https:\/\/finarte.fi\/fi\/\"},{\"@type\":\"ListItem\",\"position\":2,\"name\":\"Shop\",\"item\":\"https:\/\/finarte.fi\/fi\/kauppa\/\"},{\"@type\":\"ListItem\",\"position\":3,\"name\":\"Columbus villamatto\"}]},{\"@type\":\"WebSite\",\"@id\":\"https:\/\/finarte.fi\/fi\/#website\",\"url\":\"https:\/\/finarte.fi\/fi\/\",\"name\":\"Finarte\",\"description\":\"\",\"potentialAction\":[{\"@type\":\"SearchAction\",\"target\":{\"@type\":\"EntryPoint\",\"urlTemplate\":\"https:\/\/finarte.fi\/fi\/?s={search_term_string}\"},\"query-input\":{\"@type\":\"PropertyValueSpecification\",\"valueRequired\":true,\"valueName\":\"search_term_string\"}}],\"inLanguage\":\"fi\"}]}<\/script>\n<!-- \/ Yoast SEO plugin. -->","yoast_head_json":{"title":"Columbus villamatto - Finarte","robots":{"index":"index","follow":"follow","max-snippet":"max-snippet:-1","max-image-preview":"max-image-preview:large","max-video-preview":"max-video-preview:-1"},"canonical":"https:\/\/finarte.fi\/fi\/kauppa\/tuotteet\/matot\/materiaali\/villa\/columbus-villamatto\/","og_locale":"fi_FI","og_type":"article","og_title":"Columbus villamatto - Finarte","og_url":"https:\/\/finarte.fi\/fi\/kauppa\/tuotteet\/matot\/materiaali\/villa\/columbus-villamatto\/","og_site_name":"Finarte","article_modified_time":"2026-03-19T07:24:37+00:00","og_image":[{"width":827,"height":1024,"url":"https:\/\/finarte.fi\/wp-content\/uploads\/2025\/09\/finarte-columbus-wool-rug.webp","type":"image\/webp"}],"twitter_card":"summary_large_image","twitter_description":"[row style=\"collapse\"] [col span__sm=\"12\"] Mittatilaus \/ Koko-opas\u00a0 [lightbox id=\"mittatilaus\" width=\"600px\" padding=\"20px\"] [block id=\"custom-size-pop-up\"] [\/lightbox] [lightbox id=\"size-guide\" width=\"600px\" padding=\"20px\"] [block id=\"size-guide-pop-up-box\"] [\/lightbox] [lightbox id=\"swatch-guide\" width=\"600px\" padding=\"20px\"] Mallipala UKK [block id=\"swatch-faq-pop-up-box\"] [\/lightbox] Tuotekuvaus Finarte Columbus -matto on Eija Rasinm\u00e4en suunnittelema ja se syntyi 1990-luvun loppupuolella yhten\u00e4 h\u00e4nen ensimm\u00e4isist\u00e4 villamatoistaan Finartelle. Sen kaunis v\u00e4ripaletti yhdist\u00e4\u00e4 tummia ja vaaleita sinisen s\u00e4vyj\u00e4 hienovaraisiin vaaleanbeigeihin yksityiskohtiin, luoden harmonisen ja elegantin kokonaisuuden. Columbuksen inspiraatio syntyi n\u00e4kym\u00e4st\u00e4 lentokoneesta \u2013 laaja sininen meri ja saaret, jotka tuikkivat kuin valot. T\u00e4m\u00e4 vaikutelma p\u00e4\u00e4tyi mattoon abstraktissa muodossa ja antoi sille sek\u00e4 sen tunnistettavan ilmeen ett\u00e4 l\u00f6yt\u00f6retkeilij\u00e4\u00e4 muistuttavan nimen. K\u00e4sintuftattu ylellisest\u00e4, paksusta villasta ja viimeistelty tukevalla puuvillapohjalla, Columbus on luonnostaan likaa hylkiv\u00e4, kest\u00e4v\u00e4 ja miellytt\u00e4v\u00e4n pehme\u00e4 jalan alla. K\u00e4yt\u00e4nn\u00f6llisten ominaisuuksiensa ansiosta se sopii monenlaisiin sisustuksiin olohuoneista makuuhuoneisiin ja tuo arkeen ajattoman kauneuden. Columbus on osa Finarten 40-vuotisjuhlakokoelmaa. Jokainen kokoelman matto on aito aarre arkistoista. Ajattoman vieh\u00e4tyksens\u00e4 ansiosta n\u00e4m\u00e4 designit ovat s\u00e4ilytt\u00e4neet kauneutensa vuosikymmenien ajan ja tulevat inspiroimaan viel\u00e4 pitk\u00e4lle tulevaisuuteen. Valmistettu vastuullisesti k\u00e4sity\u00f6n\u00e4 Intiassa.  [\/col]  [\/row]","twitter_misc":{"Arvioitu lukuaika":"1 minuutti"},"schema":{"@context":"https:\/\/schema.org","@graph":[{"@type":"WebPage","@id":"https:\/\/finarte.fi\/fi\/kauppa\/tuotteet\/matot\/materiaali\/villa\/columbus-villamatto\/","url":"https:\/\/finarte.fi\/fi\/kauppa\/tuotteet\/matot\/materiaali\/villa\/columbus-villamatto\/","name":"Columbus villamatto - Finarte","isPartOf":{"@id":"https:\/\/finarte.fi\/fi\/#website"},"primaryImageOfPage":{"@id":"https:\/\/finarte.fi\/fi\/kauppa\/tuotteet\/matot\/materiaali\/villa\/columbus-villamatto\/#primaryimage"},"image":{"@id":"https:\/\/finarte.fi\/fi\/kauppa\/tuotteet\/matot\/materiaali\/villa\/columbus-villamatto\/#primaryimage"},"thumbnailUrl":"https:\/\/finarte.fi\/wp-content\/uploads\/2025\/09\/finarte-columbus-wool-rug.webp","datePublished":"2025-09-04T15:52:14+00:00","dateModified":"2026-03-19T07:24:37+00:00","breadcrumb":{"@id":"https:\/\/finarte.fi\/fi\/kauppa\/tuotteet\/matot\/materiaali\/villa\/columbus-villamatto\/#breadcrumb"},"inLanguage":"fi","potentialAction":[{"@type":"ReadAction","target":["https:\/\/finarte.fi\/fi\/kauppa\/tuotteet\/matot\/materiaali\/villa\/columbus-villamatto\/"]}]},{"@type":"ImageObject","inLanguage":"fi","@id":"https:\/\/finarte.fi\/fi\/kauppa\/tuotteet\/matot\/materiaali\/villa\/columbus-villamatto\/#primaryimage","url":"https:\/\/finarte.fi\/wp-content\/uploads\/2025\/09\/finarte-columbus-wool-rug.webp","contentUrl":"https:\/\/finarte.fi\/wp-content\/uploads\/2025\/09\/finarte-columbus-wool-rug.webp","width":827,"height":1024},{"@type":"BreadcrumbList","@id":"https:\/\/finarte.fi\/fi\/kauppa\/tuotteet\/matot\/materiaali\/villa\/columbus-villamatto\/#breadcrumb","itemListElement":[{"@type":"ListItem","position":1,"name":"Home","item":"https:\/\/finarte.fi\/fi\/"},{"@type":"ListItem","position":2,"name":"Shop","item":"https:\/\/finarte.fi\/fi\/kauppa\/"},{"@type":"ListItem","position":3,"name":"Columbus villamatto"}]},{"@type":"WebSite","@id":"https:\/\/finarte.fi\/fi\/#website","url":"https:\/\/finarte.fi\/fi\/","name":"Finarte","description":"","potentialAction":[{"@type":"SearchAction","target":{"@type":"EntryPoint","urlTemplate":"https:\/\/finarte.fi\/fi\/?s={search_term_string}"},"query-input":{"@type":"PropertyValueSpecification","valueRequired":true,"valueName":"search_term_string"}}],"inLanguage":"fi"}]}},"_links":{"self":[{"href":"https:\/\/finarte.fi\/fi\/wp-json\/wp\/v2\/product\/26168","targetHints":{"allow":["GET"]}}],"collection":[{"href":"https:\/\/finarte.fi\/fi\/wp-json\/wp\/v2\/product"}],"about":[{"href":"https:\/\/finarte.fi\/fi\/wp-json\/wp\/v2\/types\/product"}],"replies":[{"embeddable":true,"href":"https:\/\/finarte.fi\/fi\/wp-json\/wp\/v2\/comments?post=26168"}],"wp:featuredmedia":[{"embeddable":true,"href":"https:\/\/finarte.fi\/fi\/wp-json\/wp\/v2\/media\/26172"}],"wp:attachment":[{"href":"https:\/\/finarte.fi\/fi\/wp-json\/wp\/v2\/media?parent=26168"}],"wp:term":[{"taxonomy":"product_brand","embeddable":true,"href":"https:\/\/finarte.fi\/fi\/wp-json\/wp\/v2\/product_brand?post=26168"},{"taxonomy":"product_cat","embeddable":true,"href":"https:\/\/finarte.fi\/fi\/wp-json\/wp\/v2\/product_cat?post=26168"},{"taxonomy":"product_tag","embeddable":true,"href":"https:\/\/finarte.fi\/fi\/wp-json\/wp\/v2\/product_tag?post=26168"}],"curies":[{"name":"wp","href":"https:\/\/api.w.org\/{rel}","templated":true}]}}