{"id":25882,"date":"2025-08-29T14:04:31","date_gmt":"2025-08-29T11:04:31","guid":{"rendered":"https:\/\/finarte.fi\/?post_type=product&#038;p=25882"},"modified":"2026-03-19T09:24:35","modified_gmt":"2026-03-19T07:24:35","slug":"orion-villamatto","status":"publish","type":"product","link":"https:\/\/finarte.fi\/fi\/kauppa\/tuotteet\/matot\/materiaali\/villa\/orion-villamatto\/","title":{"rendered":"Orion villamatto"},"content":{"rendered":"","protected":false},"excerpt":{"rendered":"<div class=\"row row-collapse\"  id=\"row-475264169\">\n\n\t<div id=\"col-1921906330\" class=\"col small-12 large-12\"  >\n\t\t\t\t<div class=\"col-inner\"  >\n\t\t\t\n\t\t\t\n<span style=\"font-size: 80%;\"><a class=\"underlink\" href=\"#mittatilaus\">Mittatilaus<\/a> \/ <a class=\"underlink\" href=\"#size-guide\">Koko-opas<\/a>\u00a0<\/span><br \/>\n\t<div id=\"mittatilaus\"\n\t     class=\"lightbox-by-id lightbox-content mfp-hide lightbox-white \"\n\t     style=\"max-width:600px ;padding:20px\">\n\t\t\n<h3>Mittatilausmatot<\/h3>\r\nEtsitk\u00f6 kotiisi mattoa tietyss\u00e4 koossa? Haluamme auttaa sinua l\u00f6yt\u00e4m\u00e4\u00e4n juuri sopivan kokoisen maton, ja siksi valmistamme suosituimpia villa- ja viskoosimattojamme my\u00f6s mittatilauksena.\r\n\r\n<a href=\"https:\/\/finarte.fi\/fi\/mittatilausmatot\/\" class=\"button primary is-outline\" >\n\t\t<span>LUE LIS\u00c4\u00c4<\/span>\n\t<\/a>\n\n\t<\/div>\n\t\n\t\n\t<div id=\"size-guide\"\n\t     class=\"lightbox-by-id lightbox-content mfp-hide lightbox-white \"\n\t     style=\"max-width:600px ;padding:20px\">\n\t\t\n<h3>Koko-opas<\/h3>\n<p>Kuinka valita oikean kokoinen matto?<\/p>\n<p>Tekstiilien ja erityisesti mattojen avulla huoneeseen saadaan luotua mit\u00e4 erilaisimpia tunnelmia. Mattoa valitessa kannattaa k\u00e4ytt\u00e4\u00e4 hetki aikaa my\u00f6s sopivan koon pohtimiseen kutkuttavien v\u00e4ri-, materiaali- ja tekstuurivalintojen ohella. Oikean kokoisella matolla pienest\u00e4kin tilasta saa suuremman tuntuisen, ja suuresta tilasta viihtyis\u00e4n ja selke\u00e4n.<\/p>\n<a href=\"https:\/\/finarte.fi\/fi\/koko-opas\/\" class=\"button primary is-outline\" >\n\t\t<span>Lue meid\u00e4n vinkit<\/span>\n\t<\/a>\n\n\t<\/div>\n\t\n\t\n\t<div id=\"swatch-guide\"\n\t     class=\"lightbox-by-id lightbox-content mfp-hide lightbox-white \"\n\t     style=\"max-width:600px ;padding:20px\">\n\t\t\n<h3>Mallipala UKK<\/h3>\n\t<div id=\"text-19188248\" class=\"text orangelink\">\n\t\t\n\n<p>Mallipaloja on saatavilla monista matoistamme, ja voit tilata ne k\u00e4tev\u00e4sti suoraan kotiisi tuotesivulta \u2013 aina kun niit\u00e4 on saatavilla. N\u00e4in voit tutustua maton tuntuun ja s\u00e4vyihin omassa tilassasi ennen lopullista ostop\u00e4\u00e4t\u00f6st\u00e4.<\/p>\n\t\t\t<\/div>\n\t\n<a href=\"https:\/\/finarte.fi\/fi\/mallipalat\/\" class=\"button primary is-outline\" >\n\t\t<span>Lue lis\u00e4\u00e4 mallipaloista<\/span>\n\t<\/a>\n\n\t<\/div>\n\t\n\t\n<p class=\"alt-color\">Tuotekuvaus<\/p>\n<p data-start=\"210\" data-end=\"444\">Finarten perustajan ja pitk\u00e4n uran tehneen tekstiilitaiteilijan <a href=\"https:\/\/finarte.fi\/fi\/eija-rasinmaki\/\">Eija Rasinm\u00e4en<\/a> suunnittelemassa Orion-matossa yhdistyy kaunis raidallinen kudonta l\u00e4mpim\u00e4n maanl\u00e4heisiin ruskean, beigen ja turkoosin s\u00e4vyihin. Helppohoitoinen, napakasti kudotusta villasta valmistettu matto on kest\u00e4v\u00e4 ja tyylik\u00e4s valinta niin eteiseen, keitti\u00f6\u00f6n kuin olohuoneeseen ja se soveltuu hyvin my\u00f6s esimerkiksi ruokap\u00f6yd\u00e4n alle.<\/p>\n<p data-start=\"210\" data-end=\"444\">Orion on osa Finarten 40-vuotisjuhlakokoelmaa. Jokainen kokoelman matto on aito aarre arkistoista. Ajattoman vieh\u00e4tyksens\u00e4 ansiosta n\u00e4m\u00e4 designit ovat s\u00e4ilytt\u00e4neet kauneutensa vuosikymmenien ajan ja tulevat inspiroimaan viel\u00e4 pitk\u00e4lle tulevaisuuteen.<\/p>\n<p>Valmistettu vastuullisesti k\u00e4sity\u00f6n\u00e4 Intiassa.<\/p>\n\t\t<\/div>\n\t\t\t\t\t<\/div>\n\n\t\n<\/div>\n","protected":false},"featured_media":25890,"comment_status":"open","ping_status":"closed","template":"","meta":[],"product_brand":[],"product_cat":[98,230,234,229,235,225,223,238,104,232,161,37,180,231,226,159,167,403,169,100,222,600],"product_tag":[],"class_list":{"0":"post-25882","1":"product","2":"type-product","3":"status-publish","4":"has-post-thumbnail","6":"product_cat-eija-rasinmaki","7":"product_cat-huone","8":"product_cat-kaytavamatot-fi","9":"product_cat-kaytavamatot","10":"product_cat-keittio-matot","11":"product_cat-keskikokoiset-matot","12":"product_cat-koko","13":"product_cat-kudotut-matot","14":"product_cat-kuviolliset","15":"product_cat-makuuhuoneen-matot","16":"product_cat-materiaali","17":"product_cat-matot","18":"product_cat-ohuet-matot","19":"product_cat-olohuoneen-matot","20":"product_cat-pienet-matot","21":"product_cat-suunnittelija","22":"product_cat-tekniikka","23":"product_cat-tuotteet","24":"product_cat-tyyli","25":"product_cat-uutuudet","26":"product_cat-varikkaat-matot","27":"product_cat-villa","29":"first","30":"onbackorder","31":"taxable","32":"shipping-taxable","33":"purchasable","34":"product-type-variable","35":"has-default-attributes"},"group_of_quantity":0,"min_quantity":0,"max_quantity":"","exclude_order_quantity_value_rules":"no","exclude_category_quantity_rules":"no","combine_variations":"no","exclude_global_add_ons":[],"addons":[],"yoast_head":"<!-- This site is optimized with the Yoast SEO plugin v27.1.1 - https:\/\/yoast.com\/product\/yoast-seo-wordpress\/ -->\n<title>Orion villamatto - Finarte<\/title>\n<meta name=\"description\" content=\"Finarten Saaristo on luonnonvalkoista ja tummanharmaata yhdist\u00e4v\u00e4 napakasti kudottu villamatto, joka on valmistettu vastuullisesti k\u00e4sity\u00f6n\u00e4 Intiassa.\" \/>\n<meta name=\"robots\" content=\"index, follow, max-snippet:-1, max-image-preview:large, max-video-preview:-1\" \/>\n<link rel=\"canonical\" href=\"https:\/\/finarte.fi\/fi\/kauppa\/tuotteet\/matot\/materiaali\/villa\/orion-villamatto\/\" \/>\n<meta property=\"og:locale\" content=\"fi_FI\" \/>\n<meta property=\"og:type\" content=\"article\" \/>\n<meta property=\"og:title\" content=\"Orion villamatto - Finarte\" \/>\n<meta property=\"og:description\" content=\"Finarten Saaristo on luonnonvalkoista ja tummanharmaata yhdist\u00e4v\u00e4 napakasti kudottu villamatto, joka on valmistettu vastuullisesti k\u00e4sity\u00f6n\u00e4 Intiassa.\" \/>\n<meta property=\"og:url\" content=\"https:\/\/finarte.fi\/fi\/kauppa\/tuotteet\/matot\/materiaali\/villa\/orion-villamatto\/\" \/>\n<meta property=\"og:site_name\" content=\"Finarte\" \/>\n<meta property=\"article:modified_time\" content=\"2026-03-19T07:24:35+00:00\" \/>\n<meta property=\"og:image\" content=\"https:\/\/finarte.fi\/wp-content\/uploads\/2025\/08\/finarte-orion-wool-rug.webp\" \/>\n\t<meta property=\"og:image:width\" content=\"827\" \/>\n\t<meta property=\"og:image:height\" content=\"1024\" \/>\n\t<meta property=\"og:image:type\" content=\"image\/webp\" \/>\n<meta name=\"twitter:card\" content=\"summary_large_image\" \/>\n<meta name=\"twitter:label1\" content=\"Arvioitu lukuaika\" \/>\n\t<meta name=\"twitter:data1\" content=\"1 minuutti\" \/>\n<script type=\"application\/ld+json\" class=\"yoast-schema-graph\">{\"@context\":\"https:\/\/schema.org\",\"@graph\":[{\"@type\":\"WebPage\",\"@id\":\"https:\/\/finarte.fi\/fi\/kauppa\/tuotteet\/matot\/materiaali\/villa\/orion-villamatto\/\",\"url\":\"https:\/\/finarte.fi\/fi\/kauppa\/tuotteet\/matot\/materiaali\/villa\/orion-villamatto\/\",\"name\":\"Orion villamatto - Finarte\",\"isPartOf\":{\"@id\":\"https:\/\/finarte.fi\/fi\/#website\"},\"primaryImageOfPage\":{\"@id\":\"https:\/\/finarte.fi\/fi\/kauppa\/tuotteet\/matot\/materiaali\/villa\/orion-villamatto\/#primaryimage\"},\"image\":{\"@id\":\"https:\/\/finarte.fi\/fi\/kauppa\/tuotteet\/matot\/materiaali\/villa\/orion-villamatto\/#primaryimage\"},\"thumbnailUrl\":\"https:\/\/finarte.fi\/wp-content\/uploads\/2025\/08\/finarte-orion-wool-rug.webp\",\"datePublished\":\"2025-08-29T11:04:31+00:00\",\"dateModified\":\"2026-03-19T07:24:35+00:00\",\"description\":\"Finarten Saaristo on luonnonvalkoista ja tummanharmaata yhdist\u00e4v\u00e4 napakasti kudottu villamatto, joka on valmistettu vastuullisesti k\u00e4sity\u00f6n\u00e4 Intiassa.\",\"breadcrumb\":{\"@id\":\"https:\/\/finarte.fi\/fi\/kauppa\/tuotteet\/matot\/materiaali\/villa\/orion-villamatto\/#breadcrumb\"},\"inLanguage\":\"fi\",\"potentialAction\":[{\"@type\":\"ReadAction\",\"target\":[\"https:\/\/finarte.fi\/fi\/kauppa\/tuotteet\/matot\/materiaali\/villa\/orion-villamatto\/\"]}]},{\"@type\":\"ImageObject\",\"inLanguage\":\"fi\",\"@id\":\"https:\/\/finarte.fi\/fi\/kauppa\/tuotteet\/matot\/materiaali\/villa\/orion-villamatto\/#primaryimage\",\"url\":\"https:\/\/finarte.fi\/wp-content\/uploads\/2025\/08\/finarte-orion-wool-rug.webp\",\"contentUrl\":\"https:\/\/finarte.fi\/wp-content\/uploads\/2025\/08\/finarte-orion-wool-rug.webp\",\"width\":827,\"height\":1024},{\"@type\":\"BreadcrumbList\",\"@id\":\"https:\/\/finarte.fi\/fi\/kauppa\/tuotteet\/matot\/materiaali\/villa\/orion-villamatto\/#breadcrumb\",\"itemListElement\":[{\"@type\":\"ListItem\",\"position\":1,\"name\":\"Home\",\"item\":\"https:\/\/finarte.fi\/fi\/\"},{\"@type\":\"ListItem\",\"position\":2,\"name\":\"Shop\",\"item\":\"https:\/\/finarte.fi\/fi\/kauppa\/\"},{\"@type\":\"ListItem\",\"position\":3,\"name\":\"Orion villamatto\"}]},{\"@type\":\"WebSite\",\"@id\":\"https:\/\/finarte.fi\/fi\/#website\",\"url\":\"https:\/\/finarte.fi\/fi\/\",\"name\":\"Finarte\",\"description\":\"\",\"potentialAction\":[{\"@type\":\"SearchAction\",\"target\":{\"@type\":\"EntryPoint\",\"urlTemplate\":\"https:\/\/finarte.fi\/fi\/?s={search_term_string}\"},\"query-input\":{\"@type\":\"PropertyValueSpecification\",\"valueRequired\":true,\"valueName\":\"search_term_string\"}}],\"inLanguage\":\"fi\"}]}<\/script>\n<!-- \/ Yoast SEO plugin. -->","yoast_head_json":{"title":"Orion villamatto - Finarte","description":"Finarten Saaristo on luonnonvalkoista ja tummanharmaata yhdist\u00e4v\u00e4 napakasti kudottu villamatto, joka on valmistettu vastuullisesti k\u00e4sity\u00f6n\u00e4 Intiassa.","robots":{"index":"index","follow":"follow","max-snippet":"max-snippet:-1","max-image-preview":"max-image-preview:large","max-video-preview":"max-video-preview:-1"},"canonical":"https:\/\/finarte.fi\/fi\/kauppa\/tuotteet\/matot\/materiaali\/villa\/orion-villamatto\/","og_locale":"fi_FI","og_type":"article","og_title":"Orion villamatto - Finarte","og_description":"Finarten Saaristo on luonnonvalkoista ja tummanharmaata yhdist\u00e4v\u00e4 napakasti kudottu villamatto, joka on valmistettu vastuullisesti k\u00e4sity\u00f6n\u00e4 Intiassa.","og_url":"https:\/\/finarte.fi\/fi\/kauppa\/tuotteet\/matot\/materiaali\/villa\/orion-villamatto\/","og_site_name":"Finarte","article_modified_time":"2026-03-19T07:24:35+00:00","og_image":[{"width":827,"height":1024,"url":"https:\/\/finarte.fi\/wp-content\/uploads\/2025\/08\/finarte-orion-wool-rug.webp","type":"image\/webp"}],"twitter_card":"summary_large_image","twitter_misc":{"Arvioitu lukuaika":"1 minuutti"},"schema":{"@context":"https:\/\/schema.org","@graph":[{"@type":"WebPage","@id":"https:\/\/finarte.fi\/fi\/kauppa\/tuotteet\/matot\/materiaali\/villa\/orion-villamatto\/","url":"https:\/\/finarte.fi\/fi\/kauppa\/tuotteet\/matot\/materiaali\/villa\/orion-villamatto\/","name":"Orion villamatto - Finarte","isPartOf":{"@id":"https:\/\/finarte.fi\/fi\/#website"},"primaryImageOfPage":{"@id":"https:\/\/finarte.fi\/fi\/kauppa\/tuotteet\/matot\/materiaali\/villa\/orion-villamatto\/#primaryimage"},"image":{"@id":"https:\/\/finarte.fi\/fi\/kauppa\/tuotteet\/matot\/materiaali\/villa\/orion-villamatto\/#primaryimage"},"thumbnailUrl":"https:\/\/finarte.fi\/wp-content\/uploads\/2025\/08\/finarte-orion-wool-rug.webp","datePublished":"2025-08-29T11:04:31+00:00","dateModified":"2026-03-19T07:24:35+00:00","description":"Finarten Saaristo on luonnonvalkoista ja tummanharmaata yhdist\u00e4v\u00e4 napakasti kudottu villamatto, joka on valmistettu vastuullisesti k\u00e4sity\u00f6n\u00e4 Intiassa.","breadcrumb":{"@id":"https:\/\/finarte.fi\/fi\/kauppa\/tuotteet\/matot\/materiaali\/villa\/orion-villamatto\/#breadcrumb"},"inLanguage":"fi","potentialAction":[{"@type":"ReadAction","target":["https:\/\/finarte.fi\/fi\/kauppa\/tuotteet\/matot\/materiaali\/villa\/orion-villamatto\/"]}]},{"@type":"ImageObject","inLanguage":"fi","@id":"https:\/\/finarte.fi\/fi\/kauppa\/tuotteet\/matot\/materiaali\/villa\/orion-villamatto\/#primaryimage","url":"https:\/\/finarte.fi\/wp-content\/uploads\/2025\/08\/finarte-orion-wool-rug.webp","contentUrl":"https:\/\/finarte.fi\/wp-content\/uploads\/2025\/08\/finarte-orion-wool-rug.webp","width":827,"height":1024},{"@type":"BreadcrumbList","@id":"https:\/\/finarte.fi\/fi\/kauppa\/tuotteet\/matot\/materiaali\/villa\/orion-villamatto\/#breadcrumb","itemListElement":[{"@type":"ListItem","position":1,"name":"Home","item":"https:\/\/finarte.fi\/fi\/"},{"@type":"ListItem","position":2,"name":"Shop","item":"https:\/\/finarte.fi\/fi\/kauppa\/"},{"@type":"ListItem","position":3,"name":"Orion villamatto"}]},{"@type":"WebSite","@id":"https:\/\/finarte.fi\/fi\/#website","url":"https:\/\/finarte.fi\/fi\/","name":"Finarte","description":"","potentialAction":[{"@type":"SearchAction","target":{"@type":"EntryPoint","urlTemplate":"https:\/\/finarte.fi\/fi\/?s={search_term_string}"},"query-input":{"@type":"PropertyValueSpecification","valueRequired":true,"valueName":"search_term_string"}}],"inLanguage":"fi"}]}},"_links":{"self":[{"href":"https:\/\/finarte.fi\/fi\/wp-json\/wp\/v2\/product\/25882","targetHints":{"allow":["GET"]}}],"collection":[{"href":"https:\/\/finarte.fi\/fi\/wp-json\/wp\/v2\/product"}],"about":[{"href":"https:\/\/finarte.fi\/fi\/wp-json\/wp\/v2\/types\/product"}],"replies":[{"embeddable":true,"href":"https:\/\/finarte.fi\/fi\/wp-json\/wp\/v2\/comments?post=25882"}],"wp:featuredmedia":[{"embeddable":true,"href":"https:\/\/finarte.fi\/fi\/wp-json\/wp\/v2\/media\/25890"}],"wp:attachment":[{"href":"https:\/\/finarte.fi\/fi\/wp-json\/wp\/v2\/media?parent=25882"}],"wp:term":[{"taxonomy":"product_brand","embeddable":true,"href":"https:\/\/finarte.fi\/fi\/wp-json\/wp\/v2\/product_brand?post=25882"},{"taxonomy":"product_cat","embeddable":true,"href":"https:\/\/finarte.fi\/fi\/wp-json\/wp\/v2\/product_cat?post=25882"},{"taxonomy":"product_tag","embeddable":true,"href":"https:\/\/finarte.fi\/fi\/wp-json\/wp\/v2\/product_tag?post=25882"}],"curies":[{"name":"wp","href":"https:\/\/api.w.org\/{rel}","templated":true}]}}