{"id":24422,"date":"2025-07-14T15:26:10","date_gmt":"2025-07-14T12:26:10","guid":{"rendered":"https:\/\/finarte.fi\/?post_type=product&#038;p=24422"},"modified":"2025-09-13T11:04:44","modified_gmt":"2025-09-13T08:04:44","slug":"riimi-villamatto-beige-mittatilaus","status":"publish","type":"product","link":"https:\/\/finarte.fi\/fi\/kauppa\/tuotteet\/matot\/koko\/mittatilaus\/riimi-villamatto-beige-mittatilaus\/","title":{"rendered":"Riimi villamatto beige mittatilaus"},"content":{"rendered":"","protected":false},"excerpt":{"rendered":"<div class=\"row row-collapse\"  id=\"row-128024219\">\n\n\t<div id=\"col-1404355156\" class=\"col small-12 large-12\"  >\n\t\t\t\t<div class=\"col-inner\"  >\n\t\t\t\n\t\t\t\n<span style=\"font-size: 80%;\"><a class=\"underlink\" href=\"#mittatilaus\">Mittatilaus<\/a> \/ <a class=\"underlink\" href=\"#size-guide\">Koko-opas<\/a> \/ <a class=\"underlink\" href=\"https:\/\/finarte.fi\/fi\/tuote\/mallipala\/?attribute_pa_select-a-rug-sample=riimi-villamatto-beige\">Tilaa mallipala<\/a><\/span><br \/>\n\t<div id=\"mittatilaus\"\n\t     class=\"lightbox-by-id lightbox-content mfp-hide lightbox-white \"\n\t     style=\"max-width:600px ;padding:20px\">\n\t\t\n<h3>Mittatilausmatot<\/h3>\n<p>Valmistamme rakastetuimpia villamattomallejamme my\u00f6s mittatilauksena. Voit tutustua tarkemmin mittatilausprosessiin ennen tilausta Mittatilausmatot -sivustollamme.<\/p>\n<a href=\"https:\/\/finarte.fi\/fi\/mittatilausmatot\/\" class=\"button primary\" >\n\t\t<span>Tutustu mittatilausmaton tilaamiseen<\/span>\n\t<\/a>\n\n\t<\/div>\n\t\n\t\n\t<div id=\"size-guide\"\n\t     class=\"lightbox-by-id lightbox-content mfp-hide lightbox-white \"\n\t     style=\"max-width:600px ;padding:20px\">\n\t\t\n<h3>Koko-opas<\/h3>\n<p>Kuinka valita oikean kokoinen matto?<\/p>\n<p>Tekstiilien ja erityisesti mattojen avulla huoneeseen saadaan luotua mit\u00e4 erilaisimpia tunnelmia. Mattoa valitessa kannattaa k\u00e4ytt\u00e4\u00e4 hetki aikaa my\u00f6s sopivan koon pohtimiseen kutkuttavien v\u00e4ri-, materiaali- ja tekstuurivalintojen ohella. Oikean kokoisella matolla pienest\u00e4kin tilasta saa suuremman tuntuisen, ja suuresta tilasta viihtyis\u00e4n ja selke\u00e4n.<\/p>\n<a href=\"https:\/\/finarte.fi\/fi\/koko-opas\/\" class=\"button primary is-outline\" >\n\t\t<span>Lue meid\u00e4n vinkit<\/span>\n\t<\/a>\n\n\t<\/div>\n\t\n\t\n\t<div id=\"swatch-guide\"\n\t     class=\"lightbox-by-id lightbox-content mfp-hide lightbox-white \"\n\t     style=\"max-width:600px ;padding:20px\">\n\t\t\n<h3>Mallipala UKK<\/h3>\n\t<div id=\"text-835003354\" class=\"text orangelink\">\n\t\t\n\n<p>Mallipaloja on saatavilla monista matoistamme, ja voit tilata ne k\u00e4tev\u00e4sti suoraan kotiisi tuotesivulta \u2013 aina kun niit\u00e4 on saatavilla. N\u00e4in voit tutustua maton tuntuun ja s\u00e4vyihin omassa tilassasi ennen lopullista ostop\u00e4\u00e4t\u00f6st\u00e4.<\/p>\n\t\t\t<\/div>\n\t\n<a href=\"https:\/\/finarte.fi\/fi\/mallipalat\/\" class=\"button primary is-outline\" >\n\t\t<span>Lue lis\u00e4\u00e4 mallipaloista<\/span>\n\t<\/a>\n\n\t<\/div>\n\t\n\t\n<p class=\"alt-color\">V\u00e4rivaihtoehdot<\/p>\n\t\n  \n    <div class=\"row large-columns-4 medium-columns-3 small-columns-2 row-small slider row-slider slider-nav-reveal slider-nav-push\"  data-flickity-options='{&quot;imagesLoaded&quot;: true, &quot;groupCells&quot;: &quot;100%&quot;, &quot;dragThreshold&quot; : 5, &quot;cellAlign&quot;: &quot;left&quot;,&quot;wrapAround&quot;: true,&quot;prevNextButtons&quot;: true,&quot;percentPosition&quot;: true,&quot;pageDots&quot;: false, &quot;rightToLeft&quot;: false, &quot;autoPlay&quot; : false}' >\n\n  \n\t     <div class=\"col\" >\n\t\t\t\t\t\t<div class=\"col-inner\">\n\t\t\t\t\t\t\n<div class=\"badge-container absolute left top z-1\">\n\n<\/div>\n\t\t\t\t\t\t<div class=\"product-small box has-hover box-normal box-text-bottom\">\n\t\t\t\t\t\t\t<div class=\"box-image\" >\n\t\t\t\t\t\t\t\t<div class=\"\" >\n\t\t\t\t\t\t\t\t\t<a href=\"https:\/\/finarte.fi\/fi\/kauppa\/tuotteet\/matot\/koko\/mittatilaus\/riimi-villamatto-beige-mittatilaus\/\" aria-label=\"Riimi villamatto beige mittatilaus\">\n\t\t\t\t\t\t\t\t\t\t<img width=\"400\" height=\"480\" src=\"https:\/\/finarte.fi\/wp-content\/uploads\/2024\/09\/finarte-riimi-beige-ool-rug-400x480.webp\" class=\"show-on-hover absolute fill hide-for-small back-image\" alt=\"Alternative view of Riimi villamatto beige mittatilaus\" aria-hidden=\"true\" decoding=\"async\" loading=\"lazy\" \/><img width=\"400\" height=\"480\" src=\"https:\/\/finarte.fi\/wp-content\/uploads\/2024\/09\/finarte-riimi-beige-rug-768x960-2-400x480.webp\" class=\"attachment-woocommerce_thumbnail size-woocommerce_thumbnail\" alt=\"Riimi villamatto beige mittatilaus\" decoding=\"async\" loading=\"lazy\" \/>\t\t\t\t\t\t\t\t\t<\/a>\n\t\t\t\t\t\t\t\t\t\t\t\t\t\t\t\t\t\t \t\t\t\t\t\t\t\t<\/div>\n\t\t\t\t\t\t\t\t<div class=\"image-tools top right show-on-hover\">\n\t\t\t\t\t\t\t\t\t\t\t<div class=\"wishlist-icon\">\n\t\t\t<button class=\"wishlist-button button is-outline circle icon\" aria-label=\"Wishlist\">\n\t\t\t\t<i class=\"icon-heart\" aria-hidden=\"true\"><\/i>\t\t\t<\/button>\n\t\t\t<div class=\"wishlist-popup dark\">\n\t\t\t\t\n<div\n\tclass=\"yith-wcwl-add-to-wishlist add-to-wishlist-24422 yith-wcwl-add-to-wishlist--link-style wishlist-fragment on-first-load\"\n\tdata-fragment-ref=\"24422\"\n\tdata-fragment-options=\"{&quot;base_url&quot;:&quot;&quot;,&quot;product_id&quot;:24422,&quot;parent_product_id&quot;:0,&quot;product_type&quot;:&quot;simple&quot;,&quot;is_single&quot;:false,&quot;in_default_wishlist&quot;:false,&quot;show_view&quot;:false,&quot;browse_wishlist_text&quot;:&quot;Browse wishlist&quot;,&quot;already_in_wishslist_text&quot;:&quot;The product is already in your wishlist!&quot;,&quot;product_added_text&quot;:&quot;Product added!&quot;,&quot;available_multi_wishlist&quot;:false,&quot;disable_wishlist&quot;:false,&quot;show_count&quot;:false,&quot;ajax_loading&quot;:false,&quot;loop_position&quot;:&quot;after_add_to_cart&quot;,&quot;item&quot;:&quot;add_to_wishlist&quot;}\"\n>\n\t\t\t\n\t\t\t<!-- ADD TO WISHLIST -->\n\t\t\t\n<div class=\"yith-wcwl-add-button\">\n\t\t<a\n\t\thref=\"?add_to_wishlist=24422&#038;_wpnonce=cf0b242e1a\"\n\t\tclass=\"add_to_wishlist single_add_to_wishlist\"\n\t\tdata-product-id=\"24422\"\n\t\tdata-product-type=\"simple\"\n\t\tdata-original-product-id=\"0\"\n\t\tdata-title=\"Lis\u00e4\u00e4 Suosikkeihin\"\n\t\trel=\"nofollow\"\n\t>\n\t\t<svg id=\"yith-wcwl-icon-heart-outline\" class=\"yith-wcwl-icon-svg\" fill=\"none\" stroke-width=\"1.5\" stroke=\"currentColor\" viewBox=\"0 0 24 24\" xmlns=\"http:\/\/www.w3.org\/2000\/svg\">\n  <path stroke-linecap=\"round\" stroke-linejoin=\"round\" d=\"M21 8.25c0-2.485-2.099-4.5-4.688-4.5-1.935 0-3.597 1.126-4.312 2.733-.715-1.607-2.377-2.733-4.313-2.733C5.1 3.75 3 5.765 3 8.25c0 7.22 9 12 9 12s9-4.78 9-12Z\"><\/path>\n<\/svg>\t\t<span>Lis\u00e4\u00e4 Suosikkeihin<\/span>\n\t<\/a>\n<\/div>\n\n\t\t\t<!-- COUNT TEXT -->\n\t\t\t\n\t\t\t<\/div>\n\t\t\t<\/div>\n\t\t<\/div>\n\t\t\t\t\t\t\t\t\t\t<\/div>\n\t\t\t\t\t\t\t\t\t\t\t\t\t\t\t\t\t<div class=\"image-tools grid-tools text-center hide-for-small bottom hover-slide-in show-on-hover\">\n\t\t\t\t\t\t\t\t\t\t\t\t\t\t\t\t\t\t\t<\/div>\n\t\t\t\t\t\t\t\t\t\t\t\t\t\t\t\t\t\t\t\t\t\t\t<\/div>\n\n\t\t\t\t\t\t\t<div class=\"box-text text-center is-small\" >\n\t\t\t\t\t\t\t\t<div class=\"title-wrapper\"><\/div><div class=\"price-wrapper\"><\/div>\t\t\t\t\t\t\t<\/div>\n\t\t\t\t\t\t<\/div>\n\t\t\t\t\t\t<\/div>\n\t\t\t\t\t<\/div><div class=\"col\" >\n\t\t\t\t\t\t<div class=\"col-inner\">\n\t\t\t\t\t\t\n<div class=\"badge-container absolute left top z-1\">\n\n<\/div>\n\t\t\t\t\t\t<div class=\"product-small box has-hover box-normal box-text-bottom\">\n\t\t\t\t\t\t\t<div class=\"box-image\" >\n\t\t\t\t\t\t\t\t<div class=\"\" >\n\t\t\t\t\t\t\t\t\t<a href=\"https:\/\/finarte.fi\/fi\/kauppa\/tuotteet\/matot\/koko\/mittatilaus\/riimi-villamatto-sininen-mittatilaus\/\" aria-label=\"Riimi villamatto sininen mittatilaus\">\n\t\t\t\t\t\t\t\t\t\t<img width=\"400\" height=\"480\" src=\"https:\/\/finarte.fi\/wp-content\/uploads\/2024\/09\/finarte-riimi-wool-rug-e1725810039234-400x480.webp\" class=\"show-on-hover absolute fill hide-for-small back-image\" alt=\"Alternative view of Riimi villamatto sininen mittatilaus\" aria-hidden=\"true\" decoding=\"async\" loading=\"lazy\" \/><img width=\"400\" height=\"480\" src=\"https:\/\/finarte.fi\/wp-content\/uploads\/2024\/09\/finarte-riimi-blue-rug-768x960-2-400x480.webp\" class=\"attachment-woocommerce_thumbnail size-woocommerce_thumbnail\" alt=\"Riimi villamatto sininen mittatilaus\" decoding=\"async\" loading=\"lazy\" \/>\t\t\t\t\t\t\t\t\t<\/a>\n\t\t\t\t\t\t\t\t\t\t\t\t\t\t\t\t\t\t \t\t\t\t\t\t\t\t<\/div>\n\t\t\t\t\t\t\t\t<div class=\"image-tools top right show-on-hover\">\n\t\t\t\t\t\t\t\t\t\t\t<div class=\"wishlist-icon\">\n\t\t\t<button class=\"wishlist-button button is-outline circle icon\" aria-label=\"Wishlist\">\n\t\t\t\t<i class=\"icon-heart\" aria-hidden=\"true\"><\/i>\t\t\t<\/button>\n\t\t\t<div class=\"wishlist-popup dark\">\n\t\t\t\t\n<div\n\tclass=\"yith-wcwl-add-to-wishlist add-to-wishlist-24425 yith-wcwl-add-to-wishlist--link-style wishlist-fragment on-first-load\"\n\tdata-fragment-ref=\"24425\"\n\tdata-fragment-options=\"{&quot;base_url&quot;:&quot;&quot;,&quot;product_id&quot;:24425,&quot;parent_product_id&quot;:0,&quot;product_type&quot;:&quot;simple&quot;,&quot;is_single&quot;:false,&quot;in_default_wishlist&quot;:false,&quot;show_view&quot;:false,&quot;browse_wishlist_text&quot;:&quot;Browse wishlist&quot;,&quot;already_in_wishslist_text&quot;:&quot;The product is already in your wishlist!&quot;,&quot;product_added_text&quot;:&quot;Product added!&quot;,&quot;available_multi_wishlist&quot;:false,&quot;disable_wishlist&quot;:false,&quot;show_count&quot;:false,&quot;ajax_loading&quot;:false,&quot;loop_position&quot;:&quot;after_add_to_cart&quot;,&quot;item&quot;:&quot;add_to_wishlist&quot;}\"\n>\n\t\t\t\n\t\t\t<!-- ADD TO WISHLIST -->\n\t\t\t\n<div class=\"yith-wcwl-add-button\">\n\t\t<a\n\t\thref=\"?add_to_wishlist=24425&#038;_wpnonce=cf0b242e1a\"\n\t\tclass=\"add_to_wishlist single_add_to_wishlist\"\n\t\tdata-product-id=\"24425\"\n\t\tdata-product-type=\"simple\"\n\t\tdata-original-product-id=\"0\"\n\t\tdata-title=\"Lis\u00e4\u00e4 Suosikkeihin\"\n\t\trel=\"nofollow\"\n\t>\n\t\t<svg id=\"yith-wcwl-icon-heart-outline\" class=\"yith-wcwl-icon-svg\" fill=\"none\" stroke-width=\"1.5\" stroke=\"currentColor\" viewBox=\"0 0 24 24\" xmlns=\"http:\/\/www.w3.org\/2000\/svg\">\n  <path stroke-linecap=\"round\" stroke-linejoin=\"round\" d=\"M21 8.25c0-2.485-2.099-4.5-4.688-4.5-1.935 0-3.597 1.126-4.312 2.733-.715-1.607-2.377-2.733-4.313-2.733C5.1 3.75 3 5.765 3 8.25c0 7.22 9 12 9 12s9-4.78 9-12Z\"><\/path>\n<\/svg>\t\t<span>Lis\u00e4\u00e4 Suosikkeihin<\/span>\n\t<\/a>\n<\/div>\n\n\t\t\t<!-- COUNT TEXT -->\n\t\t\t\n\t\t\t<\/div>\n\t\t\t<\/div>\n\t\t<\/div>\n\t\t\t\t\t\t\t\t\t\t<\/div>\n\t\t\t\t\t\t\t\t\t\t\t\t\t\t\t\t\t<div class=\"image-tools grid-tools text-center hide-for-small bottom hover-slide-in show-on-hover\">\n\t\t\t\t\t\t\t\t\t\t\t\t\t\t\t\t\t\t\t<\/div>\n\t\t\t\t\t\t\t\t\t\t\t\t\t\t\t\t\t\t\t\t\t\t\t<\/div>\n\n\t\t\t\t\t\t\t<div class=\"box-text text-center is-small\" >\n\t\t\t\t\t\t\t\t<div class=\"title-wrapper\"><\/div><div class=\"price-wrapper\"><\/div>\t\t\t\t\t\t\t<\/div>\n\t\t\t\t\t\t<\/div>\n\t\t\t\t\t\t<\/div>\n\t\t\t\t\t<\/div><\/div>\n<p class=\"alt-color\">Tuotekuvaus<\/p>\n<p>Riimi on simppeli, moneen ymp\u00e4rist\u00f6\u00f6n sopiva pehme\u00e4 villamatto, miss\u00e4 maton kaunis ruutukuviointi syntyy maton kudonnasta yhdist\u00e4en kahta eri s\u00e4vyist\u00e4 beige\u00e4. Napakka helppohoitoinen Riimi sopii niin olohuoneeseen, makuuhuoneeseen tai ruokap\u00f6yd\u00e4n alle.<\/p>\n<p class=\"alt-color\">Mittatilaus Riimi villamatto<\/p>\n<p class=\"orangelink\"><span data-preserver-spaces=\"true\">Voit tilata Riimi -maton mittatilauksena t\u00e4lt\u00e4 sivulta miss\u00e4 tahansa koossa, aina kokoon 300&#215;900 asti. Mik\u00e4li olet kiinnostunut n\u00e4it\u00e4 mittoja suuremmasta matosta, voit tiedustella sen valmistusmahdollisuuksia <a href=\"https:\/\/finarte.fi\/fi\/yhteystiedot\/\">asiakaspalvelustamme<\/a>. Tarkemmin mittatilausmattoihin ja tilausprosessiin p\u00e4\u00e4set tutustumaan <a href=\"https:\/\/finarte.fi\/fi\/mittatilausmatot\/\">t\u00e4\u00e4lt\u00e4<\/a>. Jos etsit Riimi beige -mattoa mallistostamme l\u00f6ytyviss\u00e4 vakiokoissa 140&#215;200, 170&#215;240 tai 200&#215;300, l\u00f6yd\u00e4t ne <a href=\"https:\/\/finarte.fi\/fi\/tuote\/riimi-villamatto-beige\/\">t\u00e4\u00e4lt\u00e4<\/a>.<\/span><\/p>\n<div class=\"product-short-description\">\n<div id=\"row-1474167846\" class=\"row row-collapse\">\n<div id=\"col-996992030\" class=\"col small-12 large-12\">\n<div class=\"col-inner\">\n<p>Valmistettu vastuullisesti k\u00e4sity\u00f6n\u00e4 Intiassa.<\/p>\n<\/div>\n<\/div>\n<\/div>\n<\/div>\n\t\t<\/div>\n\t\t\t\t\t<\/div>\n\n\t\n<\/div>\n","protected":false},"featured_media":13700,"comment_status":"open","ping_status":"closed","template":"","meta":[],"product_brand":[],"product_cat":[223,104,161,37,228,178,221,171,167,169,600,106],"product_tag":[],"class_list":{"0":"post-24422","1":"product","2":"type-product","3":"status-publish","4":"has-post-thumbnail","6":"product_cat-koko","7":"product_cat-kuviolliset","8":"product_cat-materiaali","9":"product_cat-matot","10":"product_cat-mittatilaus","11":"product_cat-muut-paksut-matot","12":"product_cat-neutraalit-matot","13":"product_cat-paksut-matot","14":"product_cat-tekniikka","15":"product_cat-tyyli","16":"product_cat-villa","17":"product_cat-yksivariset","19":"first","20":"instock","21":"taxable","22":"shipping-taxable","23":"purchasable","24":"product-type-simple"},"group_of_quantity":0,"min_quantity":0,"max_quantity":"","exclude_order_quantity_value_rules":"no","exclude_category_quantity_rules":"no","combine_variations":"no","exclude_global_add_ons":false,"addons":[{"name":"Mittatilausmaton erityisehdot","type":"checkbox","position":0,"required":true,"title_format":"label","default":"","description_enable":true,"description":"Huomiothan, ett\u00e4 t\u00e4lt\u00e4 sivulta tilattavat tuotteet valmistetaan tilauksen j\u00e4lkeen mittatilauksena valitsemiesi mittojen mukaan. Valitsemalla alla olevan valintaruudun hyv\u00e4ksyt, ett\u00e4 kaikista mahdollisista muutoksista tai peruutuksista on ilmoitettava meille 24 tunnin kuluessa tilauksen tekemisest\u00e4. 24 tunnin kuluttua tilauksesta mittatilausty\u00f6n\u00e4 tilattujen tuotteiden tilauksia ei voi en\u00e4\u00e4 muuttaa tai peruuttaa. Mittatilauksilla ei ole vaihto- eik\u00e4 palautusoikeutta.","placeholder_enable":false,"placeholder":"","display":"select","restrictions_type":"any_text","adjust_price":false,"price":"","price_type":"flat_fee","restrictions":false,"min":"0","max":"0","options":[{"label":"Valitsemalla t\u00e4m\u00e4n ruudun ymm\u00e4rr\u00e4n, ett\u00e4 mittatilauksia ei voi peruuttaa, muuttaa, vaihtaa tai palauttaa 24 tunnin kuluttua ostohetkest\u00e4.","price":"","price_type":"quantity_based","image":0,"visibility":true}],"id":1736856182}],"yoast_head":"<!-- This site is optimized with the Yoast SEO plugin v27.1.1 - https:\/\/yoast.com\/product\/yoast-seo-wordpress\/ -->\n<title>Riimi villamatto beige mittatilaus - Finarte<\/title>\n<meta name=\"robots\" content=\"index, follow, max-snippet:-1, max-image-preview:large, max-video-preview:-1\" \/>\n<link rel=\"canonical\" href=\"https:\/\/finarte.fi\/fi\/kauppa\/tuotteet\/matot\/koko\/mittatilaus\/riimi-villamatto-beige-mittatilaus\/\" \/>\n<meta property=\"og:locale\" content=\"fi_FI\" \/>\n<meta property=\"og:type\" content=\"article\" \/>\n<meta property=\"og:title\" content=\"Riimi villamatto beige mittatilaus - Finarte\" \/>\n<meta property=\"og:url\" content=\"https:\/\/finarte.fi\/fi\/kauppa\/tuotteet\/matot\/koko\/mittatilaus\/riimi-villamatto-beige-mittatilaus\/\" \/>\n<meta property=\"og:site_name\" content=\"Finarte\" \/>\n<meta property=\"article:modified_time\" content=\"2025-09-13T08:04:44+00:00\" \/>\n<meta property=\"og:image\" content=\"https:\/\/finarte.fi\/wp-content\/uploads\/2024\/09\/finarte-riimi-beige-rug-768x960-2.webp\" \/>\n\t<meta property=\"og:image:width\" content=\"768\" \/>\n\t<meta property=\"og:image:height\" content=\"960\" \/>\n\t<meta property=\"og:image:type\" content=\"image\/webp\" \/>\n<meta name=\"twitter:card\" content=\"summary_large_image\" \/>\n<meta name=\"twitter:description\" content=\"[row style=&quot;collapse&quot;] [col span__sm=&quot;12&quot;] Mittatilaus \/ Koko-opas \/ Tilaa mallipala [lightbox id=&quot;mittatilaus&quot; width=&quot;600px&quot; padding=&quot;20px&quot;] [block id=&quot;custom-size-box-in-custom-size-product-page&quot;] [\/lightbox] [lightbox id=&quot;size-guide&quot; width=&quot;600px&quot; padding=&quot;20px&quot;] [block id=&quot;size-guide-pop-up-box&quot;] [\/lightbox] [lightbox id=&quot;swatch-guide&quot; width=&quot;600px&quot; padding=&quot;20px&quot;] Mallipala UKK [block id=&quot;swatch-faq-pop-up-box&quot;] [\/lightbox] V\u00e4rivaihtoehdot [ux_products style=&quot;normal&quot; show_cat=&quot;0&quot; show_title=&quot;0&quot; show_rating=&quot;0&quot; show_price=&quot;0&quot; show_add_to_cart=&quot;0&quot; show_quick_view=&quot;0&quot; ids=&quot;24421,24424&quot; text_size=&quot;small&quot;] Tuotekuvaus Riimi on simppeli, moneen ymp\u00e4rist\u00f6\u00f6n sopiva pehme\u00e4 villamatto, miss\u00e4 maton kaunis ruutukuviointi syntyy maton kudonnasta yhdist\u00e4en kahta eri s\u00e4vyist\u00e4 beige\u00e4. Napakka helppohoitoinen Riimi sopii niin olohuoneeseen, makuuhuoneeseen tai ruokap\u00f6yd\u00e4n alle. Mittatilaus Riimi villamatto Voit tilata Riimi -maton mittatilauksena t\u00e4lt\u00e4 sivulta miss\u00e4 tahansa koossa, aina kokoon 300x900 asti. Mik\u00e4li olet kiinnostunut n\u00e4it\u00e4 mittoja suuremmasta matosta, voit tiedustella sen valmistusmahdollisuuksia asiakaspalvelustamme. Tarkemmin mittatilausmattoihin ja tilausprosessiin p\u00e4\u00e4set tutustumaan t\u00e4\u00e4lt\u00e4. Jos etsit Riimi beige -mattoa mallistostamme l\u00f6ytyviss\u00e4 vakiokoissa 140x200, 170x240 tai 200x300, l\u00f6yd\u00e4t ne t\u00e4\u00e4lt\u00e4.       Valmistettu vastuullisesti k\u00e4sity\u00f6n\u00e4 Intiassa.      [\/col]  [\/row]\" \/>\n<meta name=\"twitter:label1\" content=\"Arvioitu lukuaika\" \/>\n\t<meta name=\"twitter:data1\" content=\"1 minuutti\" \/>\n<script type=\"application\/ld+json\" class=\"yoast-schema-graph\">{\"@context\":\"https:\/\/schema.org\",\"@graph\":[{\"@type\":\"WebPage\",\"@id\":\"https:\/\/finarte.fi\/fi\/kauppa\/tuotteet\/matot\/koko\/mittatilaus\/riimi-villamatto-beige-mittatilaus\/\",\"url\":\"https:\/\/finarte.fi\/fi\/kauppa\/tuotteet\/matot\/koko\/mittatilaus\/riimi-villamatto-beige-mittatilaus\/\",\"name\":\"Riimi villamatto beige mittatilaus - Finarte\",\"isPartOf\":{\"@id\":\"https:\/\/finarte.fi\/fi\/#website\"},\"primaryImageOfPage\":{\"@id\":\"https:\/\/finarte.fi\/fi\/kauppa\/tuotteet\/matot\/koko\/mittatilaus\/riimi-villamatto-beige-mittatilaus\/#primaryimage\"},\"image\":{\"@id\":\"https:\/\/finarte.fi\/fi\/kauppa\/tuotteet\/matot\/koko\/mittatilaus\/riimi-villamatto-beige-mittatilaus\/#primaryimage\"},\"thumbnailUrl\":\"https:\/\/finarte.fi\/wp-content\/uploads\/2024\/09\/finarte-riimi-beige-rug-768x960-2.webp\",\"datePublished\":\"2025-07-14T12:26:10+00:00\",\"dateModified\":\"2025-09-13T08:04:44+00:00\",\"breadcrumb\":{\"@id\":\"https:\/\/finarte.fi\/fi\/kauppa\/tuotteet\/matot\/koko\/mittatilaus\/riimi-villamatto-beige-mittatilaus\/#breadcrumb\"},\"inLanguage\":\"fi\",\"potentialAction\":[{\"@type\":\"ReadAction\",\"target\":[\"https:\/\/finarte.fi\/fi\/kauppa\/tuotteet\/matot\/koko\/mittatilaus\/riimi-villamatto-beige-mittatilaus\/\"]}]},{\"@type\":\"ImageObject\",\"inLanguage\":\"fi\",\"@id\":\"https:\/\/finarte.fi\/fi\/kauppa\/tuotteet\/matot\/koko\/mittatilaus\/riimi-villamatto-beige-mittatilaus\/#primaryimage\",\"url\":\"https:\/\/finarte.fi\/wp-content\/uploads\/2024\/09\/finarte-riimi-beige-rug-768x960-2.webp\",\"contentUrl\":\"https:\/\/finarte.fi\/wp-content\/uploads\/2024\/09\/finarte-riimi-beige-rug-768x960-2.webp\",\"width\":768,\"height\":960},{\"@type\":\"BreadcrumbList\",\"@id\":\"https:\/\/finarte.fi\/fi\/kauppa\/tuotteet\/matot\/koko\/mittatilaus\/riimi-villamatto-beige-mittatilaus\/#breadcrumb\",\"itemListElement\":[{\"@type\":\"ListItem\",\"position\":1,\"name\":\"Home\",\"item\":\"https:\/\/finarte.fi\/fi\/\"},{\"@type\":\"ListItem\",\"position\":2,\"name\":\"Shop\",\"item\":\"https:\/\/finarte.fi\/fi\/kauppa\/\"},{\"@type\":\"ListItem\",\"position\":3,\"name\":\"Riimi villamatto beige mittatilaus\"}]},{\"@type\":\"WebSite\",\"@id\":\"https:\/\/finarte.fi\/fi\/#website\",\"url\":\"https:\/\/finarte.fi\/fi\/\",\"name\":\"Finarte\",\"description\":\"\",\"potentialAction\":[{\"@type\":\"SearchAction\",\"target\":{\"@type\":\"EntryPoint\",\"urlTemplate\":\"https:\/\/finarte.fi\/fi\/?s={search_term_string}\"},\"query-input\":{\"@type\":\"PropertyValueSpecification\",\"valueRequired\":true,\"valueName\":\"search_term_string\"}}],\"inLanguage\":\"fi\"}]}<\/script>\n<!-- \/ Yoast SEO plugin. -->","yoast_head_json":{"title":"Riimi villamatto beige mittatilaus - Finarte","robots":{"index":"index","follow":"follow","max-snippet":"max-snippet:-1","max-image-preview":"max-image-preview:large","max-video-preview":"max-video-preview:-1"},"canonical":"https:\/\/finarte.fi\/fi\/kauppa\/tuotteet\/matot\/koko\/mittatilaus\/riimi-villamatto-beige-mittatilaus\/","og_locale":"fi_FI","og_type":"article","og_title":"Riimi villamatto beige mittatilaus - Finarte","og_url":"https:\/\/finarte.fi\/fi\/kauppa\/tuotteet\/matot\/koko\/mittatilaus\/riimi-villamatto-beige-mittatilaus\/","og_site_name":"Finarte","article_modified_time":"2025-09-13T08:04:44+00:00","og_image":[{"width":768,"height":960,"url":"https:\/\/finarte.fi\/wp-content\/uploads\/2024\/09\/finarte-riimi-beige-rug-768x960-2.webp","type":"image\/webp"}],"twitter_card":"summary_large_image","twitter_description":"[row style=\"collapse\"] [col span__sm=\"12\"] Mittatilaus \/ Koko-opas \/ Tilaa mallipala [lightbox id=\"mittatilaus\" width=\"600px\" padding=\"20px\"] [block id=\"custom-size-box-in-custom-size-product-page\"] [\/lightbox] [lightbox id=\"size-guide\" width=\"600px\" padding=\"20px\"] [block id=\"size-guide-pop-up-box\"] [\/lightbox] [lightbox id=\"swatch-guide\" width=\"600px\" padding=\"20px\"] Mallipala UKK [block id=\"swatch-faq-pop-up-box\"] [\/lightbox] V\u00e4rivaihtoehdot [ux_products style=\"normal\" show_cat=\"0\" show_title=\"0\" show_rating=\"0\" show_price=\"0\" show_add_to_cart=\"0\" show_quick_view=\"0\" ids=\"24421,24424\" text_size=\"small\"] Tuotekuvaus Riimi on simppeli, moneen ymp\u00e4rist\u00f6\u00f6n sopiva pehme\u00e4 villamatto, miss\u00e4 maton kaunis ruutukuviointi syntyy maton kudonnasta yhdist\u00e4en kahta eri s\u00e4vyist\u00e4 beige\u00e4. Napakka helppohoitoinen Riimi sopii niin olohuoneeseen, makuuhuoneeseen tai ruokap\u00f6yd\u00e4n alle. Mittatilaus Riimi villamatto Voit tilata Riimi -maton mittatilauksena t\u00e4lt\u00e4 sivulta miss\u00e4 tahansa koossa, aina kokoon 300x900 asti. Mik\u00e4li olet kiinnostunut n\u00e4it\u00e4 mittoja suuremmasta matosta, voit tiedustella sen valmistusmahdollisuuksia asiakaspalvelustamme. Tarkemmin mittatilausmattoihin ja tilausprosessiin p\u00e4\u00e4set tutustumaan t\u00e4\u00e4lt\u00e4. Jos etsit Riimi beige -mattoa mallistostamme l\u00f6ytyviss\u00e4 vakiokoissa 140x200, 170x240 tai 200x300, l\u00f6yd\u00e4t ne t\u00e4\u00e4lt\u00e4.       Valmistettu vastuullisesti k\u00e4sity\u00f6n\u00e4 Intiassa.      [\/col]  [\/row]","twitter_misc":{"Arvioitu lukuaika":"1 minuutti"},"schema":{"@context":"https:\/\/schema.org","@graph":[{"@type":"WebPage","@id":"https:\/\/finarte.fi\/fi\/kauppa\/tuotteet\/matot\/koko\/mittatilaus\/riimi-villamatto-beige-mittatilaus\/","url":"https:\/\/finarte.fi\/fi\/kauppa\/tuotteet\/matot\/koko\/mittatilaus\/riimi-villamatto-beige-mittatilaus\/","name":"Riimi villamatto beige mittatilaus - Finarte","isPartOf":{"@id":"https:\/\/finarte.fi\/fi\/#website"},"primaryImageOfPage":{"@id":"https:\/\/finarte.fi\/fi\/kauppa\/tuotteet\/matot\/koko\/mittatilaus\/riimi-villamatto-beige-mittatilaus\/#primaryimage"},"image":{"@id":"https:\/\/finarte.fi\/fi\/kauppa\/tuotteet\/matot\/koko\/mittatilaus\/riimi-villamatto-beige-mittatilaus\/#primaryimage"},"thumbnailUrl":"https:\/\/finarte.fi\/wp-content\/uploads\/2024\/09\/finarte-riimi-beige-rug-768x960-2.webp","datePublished":"2025-07-14T12:26:10+00:00","dateModified":"2025-09-13T08:04:44+00:00","breadcrumb":{"@id":"https:\/\/finarte.fi\/fi\/kauppa\/tuotteet\/matot\/koko\/mittatilaus\/riimi-villamatto-beige-mittatilaus\/#breadcrumb"},"inLanguage":"fi","potentialAction":[{"@type":"ReadAction","target":["https:\/\/finarte.fi\/fi\/kauppa\/tuotteet\/matot\/koko\/mittatilaus\/riimi-villamatto-beige-mittatilaus\/"]}]},{"@type":"ImageObject","inLanguage":"fi","@id":"https:\/\/finarte.fi\/fi\/kauppa\/tuotteet\/matot\/koko\/mittatilaus\/riimi-villamatto-beige-mittatilaus\/#primaryimage","url":"https:\/\/finarte.fi\/wp-content\/uploads\/2024\/09\/finarte-riimi-beige-rug-768x960-2.webp","contentUrl":"https:\/\/finarte.fi\/wp-content\/uploads\/2024\/09\/finarte-riimi-beige-rug-768x960-2.webp","width":768,"height":960},{"@type":"BreadcrumbList","@id":"https:\/\/finarte.fi\/fi\/kauppa\/tuotteet\/matot\/koko\/mittatilaus\/riimi-villamatto-beige-mittatilaus\/#breadcrumb","itemListElement":[{"@type":"ListItem","position":1,"name":"Home","item":"https:\/\/finarte.fi\/fi\/"},{"@type":"ListItem","position":2,"name":"Shop","item":"https:\/\/finarte.fi\/fi\/kauppa\/"},{"@type":"ListItem","position":3,"name":"Riimi villamatto beige mittatilaus"}]},{"@type":"WebSite","@id":"https:\/\/finarte.fi\/fi\/#website","url":"https:\/\/finarte.fi\/fi\/","name":"Finarte","description":"","potentialAction":[{"@type":"SearchAction","target":{"@type":"EntryPoint","urlTemplate":"https:\/\/finarte.fi\/fi\/?s={search_term_string}"},"query-input":{"@type":"PropertyValueSpecification","valueRequired":true,"valueName":"search_term_string"}}],"inLanguage":"fi"}]}},"_links":{"self":[{"href":"https:\/\/finarte.fi\/fi\/wp-json\/wp\/v2\/product\/24422","targetHints":{"allow":["GET"]}}],"collection":[{"href":"https:\/\/finarte.fi\/fi\/wp-json\/wp\/v2\/product"}],"about":[{"href":"https:\/\/finarte.fi\/fi\/wp-json\/wp\/v2\/types\/product"}],"replies":[{"embeddable":true,"href":"https:\/\/finarte.fi\/fi\/wp-json\/wp\/v2\/comments?post=24422"}],"wp:featuredmedia":[{"embeddable":true,"href":"https:\/\/finarte.fi\/fi\/wp-json\/wp\/v2\/media\/13700"}],"wp:attachment":[{"href":"https:\/\/finarte.fi\/fi\/wp-json\/wp\/v2\/media?parent=24422"}],"wp:term":[{"taxonomy":"product_brand","embeddable":true,"href":"https:\/\/finarte.fi\/fi\/wp-json\/wp\/v2\/product_brand?post=24422"},{"taxonomy":"product_cat","embeddable":true,"href":"https:\/\/finarte.fi\/fi\/wp-json\/wp\/v2\/product_cat?post=24422"},{"taxonomy":"product_tag","embeddable":true,"href":"https:\/\/finarte.fi\/fi\/wp-json\/wp\/v2\/product_tag?post=24422"}],"curies":[{"name":"wp","href":"https:\/\/api.w.org\/{rel}","templated":true}]}}