{"id":22423,"date":"2025-05-19T12:51:33","date_gmt":"2025-05-19T09:51:33","guid":{"rendered":"https:\/\/finarte.fi\/?post_type=product&#038;p=22423"},"modified":"2026-04-07T15:36:13","modified_gmt":"2026-04-07T12:36:13","slug":"mallipala","status":"publish","type":"product","link":"https:\/\/finarte.fi\/fi\/kauppa\/tuotteet\/mallipalat\/mallipala\/","title":{"rendered":"Mallipala"},"content":{"rendered":"","protected":false},"excerpt":{"rendered":"<p>Oikean maton valinta voi olla haastavaa, mutta me olemme t\u00e4\u00e4ll\u00e4 auttamassa! Mallipalojen avulla voit testata maton v\u00e4ri\u00e4, materiaalia ja tuntua omassa kodissasi ennen varsinaisen maton ostoa ja varmistua n\u00e4in siit\u00e4, ett\u00e4 matto on toivotunlainen ja sopii t\u00e4ydellisesti kotiisi.<\/p>\n<p data-start=\"0\" data-end=\"139\">Mallipalat ovat pieni\u00e4 paloja matoistamme, joista saat paremman k\u00e4sityksen maton materiaalista, tekstuurista ja v\u00e4reist\u00e4 ennen varsinaisen maton tilaamista. Mallipaloja on saatavilla suurimmasta osasta villamattomallejamme sek\u00e4 kierr\u00e4tyspuuvillaisesta Dyyni -matosta.<\/p>\n<p data-start=\"141\" data-end=\"359\">Huomiothan, ett\u00e4 mallipalat eiv\u00e4t ole pienoismalleja matoista, joten maton koko kuvio ei v\u00e4ltt\u00e4m\u00e4tt\u00e4 toistu mallipalassa samalla tavalla, kuin itse matossa. Mallipalassa on kuitenkin sama materiaali, tekstuuri ja v\u00e4ritys kuin itse matossa.<\/p>\n<p data-start=\"361\" data-end=\"527\" data-is-last-node=\"\" data-is-only-node=\"\">Mallipalan avulla voit n\u00e4hd\u00e4, milt\u00e4 v\u00e4rit n\u00e4ytt\u00e4v\u00e4t oman kotisi valaistuksessa ja tunnustella, milt\u00e4 materiaalin pinta tuntuu sormiesi alla \u2013 n\u00e4in voit tehd\u00e4 ostop\u00e4\u00e4t\u00f6ksen entist\u00e4 varmemmin.<\/p>\n<p>Voit tilata enint\u00e4\u00e4n 4 mallipalaa yhdess\u00e4 tilauksessa.<\/p>\n<p>Kaikkien verkkokaupan kautta tehtyjen Mallipalatilausten mukana saat alennuskoodin, joka hyvitt\u00e4\u00e4 n\u00e4ytteiden hinnan \u2013 koodi on voimassa, mik\u00e4li lopullisen mattotilauksesi arvo ylitt\u00e4\u00e4 200 \u20ac.<\/p>\n<p class=\"orangelink\"><a href=\"https:\/\/finarte.fi\/fi\/mallipalat\/\">Lue lis\u00e4\u00e4 mallipaoista ja niiden tilaamisesta.<\/a><\/p>\n","protected":false},"featured_media":14326,"comment_status":"open","ping_status":"closed","template":"","meta":[],"product_brand":[],"product_cat":[547],"product_tag":[],"class_list":{"0":"post-22423","1":"product","2":"type-product","3":"status-publish","4":"has-post-thumbnail","6":"product_cat-mallipalat","7":"product_shipping_class-samples-fi-2","9":"first","10":"instock","11":"taxable","12":"shipping-taxable","13":"purchasable","14":"product-type-variable"},"group_of_quantity":0,"min_quantity":1,"max_quantity":4,"exclude_order_quantity_value_rules":"no","exclude_category_quantity_rules":"no","combine_variations":"yes","exclude_global_add_ons":[],"addons":[],"yoast_head":"<!-- This site is optimized with the Yoast SEO plugin v27.1.1 - https:\/\/yoast.com\/product\/yoast-seo-wordpress\/ -->\n<title>Mallipala - Finarte<\/title>\n<meta name=\"description\" content=\"Tutustu rakastettuihin mattomalleihin ennen ostop\u00e4\u00e4t\u00f6st\u00e4 - tilaa mallipalat netist\u00e4 ennen ostosp\u00e4\u00e4t\u00f6st\u00e4 ja tutustu v\u00e4reihin ja materiaaleihin kotona.\" \/>\n<meta name=\"robots\" content=\"index, follow, max-snippet:-1, max-image-preview:large, max-video-preview:-1\" \/>\n<link rel=\"canonical\" href=\"https:\/\/finarte.fi\/fi\/kauppa\/tuotteet\/mallipalat\/mallipala\/\" \/>\n<meta property=\"og:locale\" content=\"fi_FI\" \/>\n<meta property=\"og:type\" content=\"article\" \/>\n<meta property=\"og:title\" content=\"Mallipala - Finarte\" \/>\n<meta property=\"og:description\" content=\"Tutustu rakastettuihin mattomalleihin ennen ostop\u00e4\u00e4t\u00f6st\u00e4 - tilaa mallipalat netist\u00e4 ennen ostosp\u00e4\u00e4t\u00f6st\u00e4 ja tutustu v\u00e4reihin ja materiaaleihin kotona.\" \/>\n<meta property=\"og:url\" content=\"https:\/\/finarte.fi\/fi\/kauppa\/tuotteet\/mallipalat\/mallipala\/\" \/>\n<meta property=\"og:site_name\" content=\"Finarte\" \/>\n<meta property=\"article:modified_time\" content=\"2026-04-07T12:36:13+00:00\" \/>\n<meta property=\"og:image\" content=\"https:\/\/finarte.fi\/wp-content\/uploads\/2024\/10\/finarte-poet-collection.webp\" \/>\n\t<meta property=\"og:image:width\" content=\"768\" \/>\n\t<meta property=\"og:image:height\" content=\"960\" \/>\n\t<meta property=\"og:image:type\" content=\"image\/webp\" \/>\n<meta name=\"twitter:card\" content=\"summary_large_image\" \/>\n<meta name=\"twitter:label1\" content=\"Arvioitu lukuaika\" \/>\n\t<meta name=\"twitter:data1\" content=\"1 minuutti\" \/>\n<script type=\"application\/ld+json\" class=\"yoast-schema-graph\">{\"@context\":\"https:\/\/schema.org\",\"@graph\":[{\"@type\":\"WebPage\",\"@id\":\"https:\/\/finarte.fi\/fi\/kauppa\/tuotteet\/mallipalat\/mallipala\/\",\"url\":\"https:\/\/finarte.fi\/fi\/kauppa\/tuotteet\/mallipalat\/mallipala\/\",\"name\":\"Mallipala - Finarte\",\"isPartOf\":{\"@id\":\"https:\/\/finarte.fi\/fi\/#website\"},\"primaryImageOfPage\":{\"@id\":\"https:\/\/finarte.fi\/fi\/kauppa\/tuotteet\/mallipalat\/mallipala\/#primaryimage\"},\"image\":{\"@id\":\"https:\/\/finarte.fi\/fi\/kauppa\/tuotteet\/mallipalat\/mallipala\/#primaryimage\"},\"thumbnailUrl\":\"https:\/\/finarte.fi\/wp-content\/uploads\/2024\/10\/finarte-poet-collection.webp\",\"datePublished\":\"2025-05-19T09:51:33+00:00\",\"dateModified\":\"2026-04-07T12:36:13+00:00\",\"description\":\"Tutustu rakastettuihin mattomalleihin ennen ostop\u00e4\u00e4t\u00f6st\u00e4 - tilaa mallipalat netist\u00e4 ennen ostosp\u00e4\u00e4t\u00f6st\u00e4 ja tutustu v\u00e4reihin ja materiaaleihin kotona.\",\"breadcrumb\":{\"@id\":\"https:\/\/finarte.fi\/fi\/kauppa\/tuotteet\/mallipalat\/mallipala\/#breadcrumb\"},\"inLanguage\":\"fi\",\"potentialAction\":[{\"@type\":\"ReadAction\",\"target\":[\"https:\/\/finarte.fi\/fi\/kauppa\/tuotteet\/mallipalat\/mallipala\/\"]}]},{\"@type\":\"ImageObject\",\"inLanguage\":\"fi\",\"@id\":\"https:\/\/finarte.fi\/fi\/kauppa\/tuotteet\/mallipalat\/mallipala\/#primaryimage\",\"url\":\"https:\/\/finarte.fi\/wp-content\/uploads\/2024\/10\/finarte-poet-collection.webp\",\"contentUrl\":\"https:\/\/finarte.fi\/wp-content\/uploads\/2024\/10\/finarte-poet-collection.webp\",\"width\":768,\"height\":960},{\"@type\":\"BreadcrumbList\",\"@id\":\"https:\/\/finarte.fi\/fi\/kauppa\/tuotteet\/mallipalat\/mallipala\/#breadcrumb\",\"itemListElement\":[{\"@type\":\"ListItem\",\"position\":1,\"name\":\"Home\",\"item\":\"https:\/\/finarte.fi\/fi\/\"},{\"@type\":\"ListItem\",\"position\":2,\"name\":\"Shop\",\"item\":\"https:\/\/finarte.fi\/fi\/kauppa\/\"},{\"@type\":\"ListItem\",\"position\":3,\"name\":\"Mallipala\"}]},{\"@type\":\"WebSite\",\"@id\":\"https:\/\/finarte.fi\/fi\/#website\",\"url\":\"https:\/\/finarte.fi\/fi\/\",\"name\":\"Finarte\",\"description\":\"\",\"potentialAction\":[{\"@type\":\"SearchAction\",\"target\":{\"@type\":\"EntryPoint\",\"urlTemplate\":\"https:\/\/finarte.fi\/fi\/?s={search_term_string}\"},\"query-input\":{\"@type\":\"PropertyValueSpecification\",\"valueRequired\":true,\"valueName\":\"search_term_string\"}}],\"inLanguage\":\"fi\"}]}<\/script>\n<!-- \/ Yoast SEO plugin. -->","yoast_head_json":{"title":"Mallipala - Finarte","description":"Tutustu rakastettuihin mattomalleihin ennen ostop\u00e4\u00e4t\u00f6st\u00e4 - tilaa mallipalat netist\u00e4 ennen ostosp\u00e4\u00e4t\u00f6st\u00e4 ja tutustu v\u00e4reihin ja materiaaleihin kotona.","robots":{"index":"index","follow":"follow","max-snippet":"max-snippet:-1","max-image-preview":"max-image-preview:large","max-video-preview":"max-video-preview:-1"},"canonical":"https:\/\/finarte.fi\/fi\/kauppa\/tuotteet\/mallipalat\/mallipala\/","og_locale":"fi_FI","og_type":"article","og_title":"Mallipala - Finarte","og_description":"Tutustu rakastettuihin mattomalleihin ennen ostop\u00e4\u00e4t\u00f6st\u00e4 - tilaa mallipalat netist\u00e4 ennen ostosp\u00e4\u00e4t\u00f6st\u00e4 ja tutustu v\u00e4reihin ja materiaaleihin kotona.","og_url":"https:\/\/finarte.fi\/fi\/kauppa\/tuotteet\/mallipalat\/mallipala\/","og_site_name":"Finarte","article_modified_time":"2026-04-07T12:36:13+00:00","og_image":[{"width":768,"height":960,"url":"https:\/\/finarte.fi\/wp-content\/uploads\/2024\/10\/finarte-poet-collection.webp","type":"image\/webp"}],"twitter_card":"summary_large_image","twitter_misc":{"Arvioitu lukuaika":"1 minuutti"},"schema":{"@context":"https:\/\/schema.org","@graph":[{"@type":"WebPage","@id":"https:\/\/finarte.fi\/fi\/kauppa\/tuotteet\/mallipalat\/mallipala\/","url":"https:\/\/finarte.fi\/fi\/kauppa\/tuotteet\/mallipalat\/mallipala\/","name":"Mallipala - Finarte","isPartOf":{"@id":"https:\/\/finarte.fi\/fi\/#website"},"primaryImageOfPage":{"@id":"https:\/\/finarte.fi\/fi\/kauppa\/tuotteet\/mallipalat\/mallipala\/#primaryimage"},"image":{"@id":"https:\/\/finarte.fi\/fi\/kauppa\/tuotteet\/mallipalat\/mallipala\/#primaryimage"},"thumbnailUrl":"https:\/\/finarte.fi\/wp-content\/uploads\/2024\/10\/finarte-poet-collection.webp","datePublished":"2025-05-19T09:51:33+00:00","dateModified":"2026-04-07T12:36:13+00:00","description":"Tutustu rakastettuihin mattomalleihin ennen ostop\u00e4\u00e4t\u00f6st\u00e4 - tilaa mallipalat netist\u00e4 ennen ostosp\u00e4\u00e4t\u00f6st\u00e4 ja tutustu v\u00e4reihin ja materiaaleihin kotona.","breadcrumb":{"@id":"https:\/\/finarte.fi\/fi\/kauppa\/tuotteet\/mallipalat\/mallipala\/#breadcrumb"},"inLanguage":"fi","potentialAction":[{"@type":"ReadAction","target":["https:\/\/finarte.fi\/fi\/kauppa\/tuotteet\/mallipalat\/mallipala\/"]}]},{"@type":"ImageObject","inLanguage":"fi","@id":"https:\/\/finarte.fi\/fi\/kauppa\/tuotteet\/mallipalat\/mallipala\/#primaryimage","url":"https:\/\/finarte.fi\/wp-content\/uploads\/2024\/10\/finarte-poet-collection.webp","contentUrl":"https:\/\/finarte.fi\/wp-content\/uploads\/2024\/10\/finarte-poet-collection.webp","width":768,"height":960},{"@type":"BreadcrumbList","@id":"https:\/\/finarte.fi\/fi\/kauppa\/tuotteet\/mallipalat\/mallipala\/#breadcrumb","itemListElement":[{"@type":"ListItem","position":1,"name":"Home","item":"https:\/\/finarte.fi\/fi\/"},{"@type":"ListItem","position":2,"name":"Shop","item":"https:\/\/finarte.fi\/fi\/kauppa\/"},{"@type":"ListItem","position":3,"name":"Mallipala"}]},{"@type":"WebSite","@id":"https:\/\/finarte.fi\/fi\/#website","url":"https:\/\/finarte.fi\/fi\/","name":"Finarte","description":"","potentialAction":[{"@type":"SearchAction","target":{"@type":"EntryPoint","urlTemplate":"https:\/\/finarte.fi\/fi\/?s={search_term_string}"},"query-input":{"@type":"PropertyValueSpecification","valueRequired":true,"valueName":"search_term_string"}}],"inLanguage":"fi"}]}},"_links":{"self":[{"href":"https:\/\/finarte.fi\/fi\/wp-json\/wp\/v2\/product\/22423","targetHints":{"allow":["GET"]}}],"collection":[{"href":"https:\/\/finarte.fi\/fi\/wp-json\/wp\/v2\/product"}],"about":[{"href":"https:\/\/finarte.fi\/fi\/wp-json\/wp\/v2\/types\/product"}],"replies":[{"embeddable":true,"href":"https:\/\/finarte.fi\/fi\/wp-json\/wp\/v2\/comments?post=22423"}],"wp:featuredmedia":[{"embeddable":true,"href":"https:\/\/finarte.fi\/fi\/wp-json\/wp\/v2\/media\/14326"}],"wp:attachment":[{"href":"https:\/\/finarte.fi\/fi\/wp-json\/wp\/v2\/media?parent=22423"}],"wp:term":[{"taxonomy":"product_brand","embeddable":true,"href":"https:\/\/finarte.fi\/fi\/wp-json\/wp\/v2\/product_brand?post=22423"},{"taxonomy":"product_cat","embeddable":true,"href":"https:\/\/finarte.fi\/fi\/wp-json\/wp\/v2\/product_cat?post=22423"},{"taxonomy":"product_tag","embeddable":true,"href":"https:\/\/finarte.fi\/fi\/wp-json\/wp\/v2\/product_tag?post=22423"}],"curies":[{"name":"wp","href":"https:\/\/api.w.org\/{rel}","templated":true}]}}