{"id":21972,"date":"2025-05-15T15:47:17","date_gmt":"2025-05-15T12:47:17","guid":{"rendered":"https:\/\/finarte.fi\/?post_type=product&#038;p=21972"},"modified":"2025-09-13T11:39:23","modified_gmt":"2025-09-13T08:39:23","slug":"stool-villa-tencel-matto-mittatilaus","status":"publish","type":"product","link":"https:\/\/finarte.fi\/fi\/kauppa\/tuotteet\/matot\/koko\/mittatilaus\/stool-villa-tencel-matto-mittatilaus\/","title":{"rendered":"Stool villa-tencel matto mittatilaus"},"content":{"rendered":"","protected":false},"excerpt":{"rendered":"<div class=\"row row-collapse\"  id=\"row-524671867\">\n\n\t<div id=\"col-1820052691\" class=\"col small-12 large-12\"  >\n\t\t\t\t<div class=\"col-inner\"  >\n\t\t\t\n\t\t\t\n<span style=\"font-size: 80%;\"><a class=\"underlink\" href=\"#mittatilaus\">Mittatilaus<\/a> \/ <a class=\"underlink\" href=\"#size-guide\">Koko-opas<\/a>\u00a0<\/span><br \/>\n\t<div id=\"mittatilaus\"\n\t     class=\"lightbox-by-id lightbox-content mfp-hide lightbox-white \"\n\t     style=\"max-width:600px ;padding:20px\">\n\t\t\n<h3>Mittatilausmatot<\/h3>\n<p>Valmistamme rakastetuimpia villamattomallejamme my\u00f6s mittatilauksena. Voit tutustua tarkemmin mittatilausprosessiin ennen tilausta Mittatilausmatot -sivustollamme.<\/p>\n<a href=\"https:\/\/finarte.fi\/fi\/mittatilausmatot\/\" class=\"button primary\" >\n\t\t<span>Tutustu mittatilausmaton tilaamiseen<\/span>\n\t<\/a>\n\n\t<\/div>\n\t\n\t\n\t<div id=\"size-guide\"\n\t     class=\"lightbox-by-id lightbox-content mfp-hide lightbox-white \"\n\t     style=\"max-width:600px ;padding:20px\">\n\t\t\n<h3>Koko-opas<\/h3>\n<p>Kuinka valita oikean kokoinen matto?<\/p>\n<p>Tekstiilien ja erityisesti mattojen avulla huoneeseen saadaan luotua mit\u00e4 erilaisimpia tunnelmia. Mattoa valitessa kannattaa k\u00e4ytt\u00e4\u00e4 hetki aikaa my\u00f6s sopivan koon pohtimiseen kutkuttavien v\u00e4ri-, materiaali- ja tekstuurivalintojen ohella. Oikean kokoisella matolla pienest\u00e4kin tilasta saa suuremman tuntuisen, ja suuresta tilasta viihtyis\u00e4n ja selke\u00e4n.<\/p>\n<a href=\"https:\/\/finarte.fi\/fi\/koko-opas\/\" class=\"button primary is-outline\" >\n\t\t<span>Lue meid\u00e4n vinkit<\/span>\n\t<\/a>\n\n\t<\/div>\n\t\n\t\n\t<div id=\"swatch-guide\"\n\t     class=\"lightbox-by-id lightbox-content mfp-hide lightbox-white \"\n\t     style=\"max-width:600px ;padding:20px\">\n\t\t\n<h3>Mallipala UKK<\/h3>\n\t<div id=\"text-3148791103\" class=\"text orangelink\">\n\t\t\n\n<p>Mallipaloja on saatavilla monista matoistamme, ja voit tilata ne k\u00e4tev\u00e4sti suoraan kotiisi tuotesivulta \u2013 aina kun niit\u00e4 on saatavilla. N\u00e4in voit tutustua maton tuntuun ja s\u00e4vyihin omassa tilassasi ennen lopullista ostop\u00e4\u00e4t\u00f6st\u00e4.<\/p>\n\t\t\t<\/div>\n\t\n<a href=\"https:\/\/finarte.fi\/fi\/mallipalat\/\" class=\"button primary is-outline\" >\n\t\t<span>Lue lis\u00e4\u00e4 mallipaloista<\/span>\n\t<\/a>\n\n\t<\/div>\n\t\n\t\n<p class=\"alt-color\">Tuotekuvaus<\/p>\n<p class=\"orangelink\">Stool on Antti Kekin suunnittelema ylellisest\u00e4 paksusta tuftatusta villasta valmistettu lila-keltainen matto, jonka punaiset yksityiskohdat on kiilt\u00e4v\u00e4\u00e4 punaista silkkisenpehme\u00e4\u00e4 tenceli\u00e4. Graafinen n\u00e4ytt\u00e4v\u00e4 design-matto Stool on t\u00e4ydellinen katseenvangitsija kotiisi. Matossa on k\u00e4yt\u00e4nn\u00f6llinen puuvillainen pohjaus, mik\u00e4 tekee matosta j\u00e4m\u00e4k\u00e4n.<\/p>\n<p class=\"alt-color\">Mittatilaus Stool villamatto<\/p>\n<p class=\"orangelink\"><span data-preserver-spaces=\"true\">Voit tilata Stool -maton mittatilauksena t\u00e4lt\u00e4 sivulta miss\u00e4 tahansa koossa, aina kokoon 300&#215;900 asti. Mik\u00e4li olet kiinnostunut n\u00e4it\u00e4 mittoja suuremmasta matosta, voit tiedustella sen valmistusmahdollisuuksia <a href=\"https:\/\/finarte.fi\/fi\/yhteystiedot\/\">asiakaspalvelustamme<\/a>. Tarkemmin mittatilausmattoihin ja tilausprosessiin p\u00e4\u00e4set tutustumaan <a href=\"https:\/\/finarte.fi\/fi\/mittatilausmatot\/\">t\u00e4\u00e4lt\u00e4<\/a>. Jos etsit Stool -mattoa mallistostamme l\u00f6ytyviss\u00e4 vakiokoissa 170&#215;240 tai 200&#215;300, l\u00f6yd\u00e4t ne <a href=\"https:\/\/finarte.fi\/fi\/tuote\/stool\/\">t\u00e4\u00e4lt\u00e4<\/a>.<\/span><\/p>\n<div class=\"product-short-description\">\n<div id=\"row-1474167846\" class=\"row row-collapse\">\n<div id=\"col-996992030\" class=\"col small-12 large-12\">\n<div class=\"col-inner\">\n<p>Valmistettu vastuullisesti k\u00e4sity\u00f6n\u00e4 Intiassa.<\/p>\n<\/div>\n<\/div>\n<\/div>\n<\/div>\n\t\t<\/div>\n\t\t\t\t\t<\/div>\n\n\t\n<\/div>\n","protected":false},"featured_media":5324,"comment_status":"open","ping_status":"closed","template":"","meta":[],"product_brand":[],"product_cat":[163,223,104,161,37,228,171,159,167,173,169,222,600],"product_tag":[],"class_list":{"0":"post-21972","1":"product","2":"type-product","3":"status-publish","4":"has-post-thumbnail","6":"product_cat-antti-kekki-fi","7":"product_cat-koko","8":"product_cat-kuviolliset","9":"product_cat-materiaali","10":"product_cat-matot","11":"product_cat-mittatilaus","12":"product_cat-paksut-matot","13":"product_cat-suunnittelija","14":"product_cat-tekniikka","15":"product_cat-tuftatut-matot","16":"product_cat-tyyli","17":"product_cat-varikkaat-matot","18":"product_cat-villa","20":"first","21":"instock","22":"taxable","23":"shipping-taxable","24":"purchasable","25":"product-type-simple"},"group_of_quantity":0,"min_quantity":0,"max_quantity":"","exclude_order_quantity_value_rules":"no","exclude_category_quantity_rules":"no","combine_variations":"no","exclude_global_add_ons":false,"addons":[{"name":"Mittatilausmaton erityisehdot","type":"checkbox","position":0,"required":true,"title_format":"label","default":"","description_enable":true,"description":"Huomiothan, ett\u00e4 t\u00e4lt\u00e4 sivulta tilattavat tuotteet valmistetaan tilauksen j\u00e4lkeen mittatilauksena valitsemiesi mittojen mukaan. Valitsemalla alla olevan valintaruudun hyv\u00e4ksyt, ett\u00e4 kaikista mahdollisista muutoksista tai peruutuksista on ilmoitettava meille 24 tunnin kuluessa tilauksen tekemisest\u00e4. 24 tunnin kuluttua tilauksesta mittatilausty\u00f6n\u00e4 tilattujen tuotteiden tilauksia ei voi en\u00e4\u00e4 muuttaa tai peruuttaa. Mittatilauksilla ei ole vaihto- eik\u00e4 palautusoikeutta.","placeholder_enable":false,"placeholder":"","display":"select","restrictions_type":"any_text","adjust_price":false,"price":"","price_type":"flat_fee","restrictions":false,"min":"0","max":"0","options":[{"label":"Valitsemalla t\u00e4m\u00e4n ruudun ymm\u00e4rr\u00e4n, ett\u00e4 mittatilauksia ei voi peruuttaa, muuttaa, vaihtaa tai palauttaa 24 tunnin kuluttua ostohetkest\u00e4.","price":"","price_type":"quantity_based","image":0,"visibility":true}],"id":1736856182}],"yoast_head":"<!-- This site is optimized with the Yoast SEO plugin v27.1.1 - https:\/\/yoast.com\/product\/yoast-seo-wordpress\/ -->\n<title>Stool villa-tencel matto mittatilaus - Finarte<\/title>\n<meta name=\"robots\" content=\"index, follow, max-snippet:-1, max-image-preview:large, max-video-preview:-1\" \/>\n<link rel=\"canonical\" href=\"https:\/\/finarte.fi\/fi\/kauppa\/tuotteet\/matot\/koko\/mittatilaus\/stool-villa-tencel-matto-mittatilaus\/\" \/>\n<meta property=\"og:locale\" content=\"fi_FI\" \/>\n<meta property=\"og:type\" content=\"article\" \/>\n<meta property=\"og:title\" content=\"Stool villa-tencel matto mittatilaus - Finarte\" \/>\n<meta property=\"og:url\" content=\"https:\/\/finarte.fi\/fi\/kauppa\/tuotteet\/matot\/koko\/mittatilaus\/stool-villa-tencel-matto-mittatilaus\/\" \/>\n<meta property=\"og:site_name\" content=\"Finarte\" \/>\n<meta property=\"article:modified_time\" content=\"2025-09-13T08:39:23+00:00\" \/>\n<meta property=\"og:image\" content=\"https:\/\/finarte.fi\/wp-content\/uploads\/2023\/09\/finarte-stool-rug.webp\" \/>\n\t<meta property=\"og:image:width\" content=\"1080\" \/>\n\t<meta property=\"og:image:height\" content=\"1350\" \/>\n\t<meta property=\"og:image:type\" content=\"image\/webp\" \/>\n<meta name=\"twitter:card\" content=\"summary_large_image\" \/>\n<meta name=\"twitter:description\" content=\"[row style=&quot;collapse&quot;] [col span__sm=&quot;12&quot;] Mittatilaus \/ Koko-opas\u00a0 [lightbox id=&quot;mittatilaus&quot; width=&quot;600px&quot; padding=&quot;20px&quot;] [block id=&quot;custom-size-box-in-custom-size-product-page&quot;] [\/lightbox] [lightbox id=&quot;size-guide&quot; width=&quot;600px&quot; padding=&quot;20px&quot;] [block id=&quot;size-guide-pop-up-box&quot;] [\/lightbox] [lightbox id=&quot;swatch-guide&quot; width=&quot;600px&quot; padding=&quot;20px&quot;] Mallipala UKK [block id=&quot;swatch-faq-pop-up-box&quot;] [\/lightbox] Tuotekuvaus Stool on Antti Kekin suunnittelema ylellisest\u00e4 paksusta tuftatusta villasta valmistettu lila-keltainen matto, jonka punaiset yksityiskohdat on kiilt\u00e4v\u00e4\u00e4 punaista silkkisenpehme\u00e4\u00e4 tenceli\u00e4. Graafinen n\u00e4ytt\u00e4v\u00e4 design-matto Stool on t\u00e4ydellinen katseenvangitsija kotiisi. Matossa on k\u00e4yt\u00e4nn\u00f6llinen puuvillainen pohjaus, mik\u00e4 tekee matosta j\u00e4m\u00e4k\u00e4n. Mittatilaus Stool villamatto Voit tilata Stool -maton mittatilauksena t\u00e4lt\u00e4 sivulta miss\u00e4 tahansa koossa, aina kokoon 300x900 asti. Mik\u00e4li olet kiinnostunut n\u00e4it\u00e4 mittoja suuremmasta matosta, voit tiedustella sen valmistusmahdollisuuksia asiakaspalvelustamme. Tarkemmin mittatilausmattoihin ja tilausprosessiin p\u00e4\u00e4set tutustumaan t\u00e4\u00e4lt\u00e4. Jos etsit Stool -mattoa mallistostamme l\u00f6ytyviss\u00e4 vakiokoissa 170x240 tai 200x300, l\u00f6yd\u00e4t ne t\u00e4\u00e4lt\u00e4.       Valmistettu vastuullisesti k\u00e4sity\u00f6n\u00e4 Intiassa.      [\/col]  [\/row]\" \/>\n<meta name=\"twitter:label1\" content=\"Arvioitu lukuaika\" \/>\n\t<meta name=\"twitter:data1\" content=\"1 minuutti\" \/>\n<script type=\"application\/ld+json\" class=\"yoast-schema-graph\">{\"@context\":\"https:\/\/schema.org\",\"@graph\":[{\"@type\":\"WebPage\",\"@id\":\"https:\/\/finarte.fi\/fi\/kauppa\/tuotteet\/matot\/koko\/mittatilaus\/stool-villa-tencel-matto-mittatilaus\/\",\"url\":\"https:\/\/finarte.fi\/fi\/kauppa\/tuotteet\/matot\/koko\/mittatilaus\/stool-villa-tencel-matto-mittatilaus\/\",\"name\":\"Stool villa-tencel matto mittatilaus - Finarte\",\"isPartOf\":{\"@id\":\"https:\/\/finarte.fi\/fi\/#website\"},\"primaryImageOfPage\":{\"@id\":\"https:\/\/finarte.fi\/fi\/kauppa\/tuotteet\/matot\/koko\/mittatilaus\/stool-villa-tencel-matto-mittatilaus\/#primaryimage\"},\"image\":{\"@id\":\"https:\/\/finarte.fi\/fi\/kauppa\/tuotteet\/matot\/koko\/mittatilaus\/stool-villa-tencel-matto-mittatilaus\/#primaryimage\"},\"thumbnailUrl\":\"https:\/\/finarte.fi\/wp-content\/uploads\/2023\/09\/finarte-stool-rug.webp\",\"datePublished\":\"2025-05-15T12:47:17+00:00\",\"dateModified\":\"2025-09-13T08:39:23+00:00\",\"breadcrumb\":{\"@id\":\"https:\/\/finarte.fi\/fi\/kauppa\/tuotteet\/matot\/koko\/mittatilaus\/stool-villa-tencel-matto-mittatilaus\/#breadcrumb\"},\"inLanguage\":\"fi\",\"potentialAction\":[{\"@type\":\"ReadAction\",\"target\":[\"https:\/\/finarte.fi\/fi\/kauppa\/tuotteet\/matot\/koko\/mittatilaus\/stool-villa-tencel-matto-mittatilaus\/\"]}]},{\"@type\":\"ImageObject\",\"inLanguage\":\"fi\",\"@id\":\"https:\/\/finarte.fi\/fi\/kauppa\/tuotteet\/matot\/koko\/mittatilaus\/stool-villa-tencel-matto-mittatilaus\/#primaryimage\",\"url\":\"https:\/\/finarte.fi\/wp-content\/uploads\/2023\/09\/finarte-stool-rug.webp\",\"contentUrl\":\"https:\/\/finarte.fi\/wp-content\/uploads\/2023\/09\/finarte-stool-rug.webp\",\"width\":1080,\"height\":1350},{\"@type\":\"BreadcrumbList\",\"@id\":\"https:\/\/finarte.fi\/fi\/kauppa\/tuotteet\/matot\/koko\/mittatilaus\/stool-villa-tencel-matto-mittatilaus\/#breadcrumb\",\"itemListElement\":[{\"@type\":\"ListItem\",\"position\":1,\"name\":\"Home\",\"item\":\"https:\/\/finarte.fi\/fi\/\"},{\"@type\":\"ListItem\",\"position\":2,\"name\":\"Shop\",\"item\":\"https:\/\/finarte.fi\/fi\/kauppa\/\"},{\"@type\":\"ListItem\",\"position\":3,\"name\":\"Stool villa-tencel matto mittatilaus\"}]},{\"@type\":\"WebSite\",\"@id\":\"https:\/\/finarte.fi\/fi\/#website\",\"url\":\"https:\/\/finarte.fi\/fi\/\",\"name\":\"Finarte\",\"description\":\"\",\"potentialAction\":[{\"@type\":\"SearchAction\",\"target\":{\"@type\":\"EntryPoint\",\"urlTemplate\":\"https:\/\/finarte.fi\/fi\/?s={search_term_string}\"},\"query-input\":{\"@type\":\"PropertyValueSpecification\",\"valueRequired\":true,\"valueName\":\"search_term_string\"}}],\"inLanguage\":\"fi\"}]}<\/script>\n<!-- \/ Yoast SEO plugin. -->","yoast_head_json":{"title":"Stool villa-tencel matto mittatilaus - Finarte","robots":{"index":"index","follow":"follow","max-snippet":"max-snippet:-1","max-image-preview":"max-image-preview:large","max-video-preview":"max-video-preview:-1"},"canonical":"https:\/\/finarte.fi\/fi\/kauppa\/tuotteet\/matot\/koko\/mittatilaus\/stool-villa-tencel-matto-mittatilaus\/","og_locale":"fi_FI","og_type":"article","og_title":"Stool villa-tencel matto mittatilaus - Finarte","og_url":"https:\/\/finarte.fi\/fi\/kauppa\/tuotteet\/matot\/koko\/mittatilaus\/stool-villa-tencel-matto-mittatilaus\/","og_site_name":"Finarte","article_modified_time":"2025-09-13T08:39:23+00:00","og_image":[{"width":1080,"height":1350,"url":"https:\/\/finarte.fi\/wp-content\/uploads\/2023\/09\/finarte-stool-rug.webp","type":"image\/webp"}],"twitter_card":"summary_large_image","twitter_description":"[row style=\"collapse\"] [col span__sm=\"12\"] Mittatilaus \/ Koko-opas\u00a0 [lightbox id=\"mittatilaus\" width=\"600px\" padding=\"20px\"] [block id=\"custom-size-box-in-custom-size-product-page\"] [\/lightbox] [lightbox id=\"size-guide\" width=\"600px\" padding=\"20px\"] [block id=\"size-guide-pop-up-box\"] [\/lightbox] [lightbox id=\"swatch-guide\" width=\"600px\" padding=\"20px\"] Mallipala UKK [block id=\"swatch-faq-pop-up-box\"] [\/lightbox] Tuotekuvaus Stool on Antti Kekin suunnittelema ylellisest\u00e4 paksusta tuftatusta villasta valmistettu lila-keltainen matto, jonka punaiset yksityiskohdat on kiilt\u00e4v\u00e4\u00e4 punaista silkkisenpehme\u00e4\u00e4 tenceli\u00e4. Graafinen n\u00e4ytt\u00e4v\u00e4 design-matto Stool on t\u00e4ydellinen katseenvangitsija kotiisi. Matossa on k\u00e4yt\u00e4nn\u00f6llinen puuvillainen pohjaus, mik\u00e4 tekee matosta j\u00e4m\u00e4k\u00e4n. Mittatilaus Stool villamatto Voit tilata Stool -maton mittatilauksena t\u00e4lt\u00e4 sivulta miss\u00e4 tahansa koossa, aina kokoon 300x900 asti. Mik\u00e4li olet kiinnostunut n\u00e4it\u00e4 mittoja suuremmasta matosta, voit tiedustella sen valmistusmahdollisuuksia asiakaspalvelustamme. Tarkemmin mittatilausmattoihin ja tilausprosessiin p\u00e4\u00e4set tutustumaan t\u00e4\u00e4lt\u00e4. Jos etsit Stool -mattoa mallistostamme l\u00f6ytyviss\u00e4 vakiokoissa 170x240 tai 200x300, l\u00f6yd\u00e4t ne t\u00e4\u00e4lt\u00e4.       Valmistettu vastuullisesti k\u00e4sity\u00f6n\u00e4 Intiassa.      [\/col]  [\/row]","twitter_misc":{"Arvioitu lukuaika":"1 minuutti"},"schema":{"@context":"https:\/\/schema.org","@graph":[{"@type":"WebPage","@id":"https:\/\/finarte.fi\/fi\/kauppa\/tuotteet\/matot\/koko\/mittatilaus\/stool-villa-tencel-matto-mittatilaus\/","url":"https:\/\/finarte.fi\/fi\/kauppa\/tuotteet\/matot\/koko\/mittatilaus\/stool-villa-tencel-matto-mittatilaus\/","name":"Stool villa-tencel matto mittatilaus - Finarte","isPartOf":{"@id":"https:\/\/finarte.fi\/fi\/#website"},"primaryImageOfPage":{"@id":"https:\/\/finarte.fi\/fi\/kauppa\/tuotteet\/matot\/koko\/mittatilaus\/stool-villa-tencel-matto-mittatilaus\/#primaryimage"},"image":{"@id":"https:\/\/finarte.fi\/fi\/kauppa\/tuotteet\/matot\/koko\/mittatilaus\/stool-villa-tencel-matto-mittatilaus\/#primaryimage"},"thumbnailUrl":"https:\/\/finarte.fi\/wp-content\/uploads\/2023\/09\/finarte-stool-rug.webp","datePublished":"2025-05-15T12:47:17+00:00","dateModified":"2025-09-13T08:39:23+00:00","breadcrumb":{"@id":"https:\/\/finarte.fi\/fi\/kauppa\/tuotteet\/matot\/koko\/mittatilaus\/stool-villa-tencel-matto-mittatilaus\/#breadcrumb"},"inLanguage":"fi","potentialAction":[{"@type":"ReadAction","target":["https:\/\/finarte.fi\/fi\/kauppa\/tuotteet\/matot\/koko\/mittatilaus\/stool-villa-tencel-matto-mittatilaus\/"]}]},{"@type":"ImageObject","inLanguage":"fi","@id":"https:\/\/finarte.fi\/fi\/kauppa\/tuotteet\/matot\/koko\/mittatilaus\/stool-villa-tencel-matto-mittatilaus\/#primaryimage","url":"https:\/\/finarte.fi\/wp-content\/uploads\/2023\/09\/finarte-stool-rug.webp","contentUrl":"https:\/\/finarte.fi\/wp-content\/uploads\/2023\/09\/finarte-stool-rug.webp","width":1080,"height":1350},{"@type":"BreadcrumbList","@id":"https:\/\/finarte.fi\/fi\/kauppa\/tuotteet\/matot\/koko\/mittatilaus\/stool-villa-tencel-matto-mittatilaus\/#breadcrumb","itemListElement":[{"@type":"ListItem","position":1,"name":"Home","item":"https:\/\/finarte.fi\/fi\/"},{"@type":"ListItem","position":2,"name":"Shop","item":"https:\/\/finarte.fi\/fi\/kauppa\/"},{"@type":"ListItem","position":3,"name":"Stool villa-tencel matto mittatilaus"}]},{"@type":"WebSite","@id":"https:\/\/finarte.fi\/fi\/#website","url":"https:\/\/finarte.fi\/fi\/","name":"Finarte","description":"","potentialAction":[{"@type":"SearchAction","target":{"@type":"EntryPoint","urlTemplate":"https:\/\/finarte.fi\/fi\/?s={search_term_string}"},"query-input":{"@type":"PropertyValueSpecification","valueRequired":true,"valueName":"search_term_string"}}],"inLanguage":"fi"}]}},"_links":{"self":[{"href":"https:\/\/finarte.fi\/fi\/wp-json\/wp\/v2\/product\/21972","targetHints":{"allow":["GET"]}}],"collection":[{"href":"https:\/\/finarte.fi\/fi\/wp-json\/wp\/v2\/product"}],"about":[{"href":"https:\/\/finarte.fi\/fi\/wp-json\/wp\/v2\/types\/product"}],"replies":[{"embeddable":true,"href":"https:\/\/finarte.fi\/fi\/wp-json\/wp\/v2\/comments?post=21972"}],"wp:featuredmedia":[{"embeddable":true,"href":"https:\/\/finarte.fi\/fi\/wp-json\/wp\/v2\/media\/5324"}],"wp:attachment":[{"href":"https:\/\/finarte.fi\/fi\/wp-json\/wp\/v2\/media?parent=21972"}],"wp:term":[{"taxonomy":"product_brand","embeddable":true,"href":"https:\/\/finarte.fi\/fi\/wp-json\/wp\/v2\/product_brand?post=21972"},{"taxonomy":"product_cat","embeddable":true,"href":"https:\/\/finarte.fi\/fi\/wp-json\/wp\/v2\/product_cat?post=21972"},{"taxonomy":"product_tag","embeddable":true,"href":"https:\/\/finarte.fi\/fi\/wp-json\/wp\/v2\/product_tag?post=21972"}],"curies":[{"name":"wp","href":"https:\/\/api.w.org\/{rel}","templated":true}]}}