{"id":14965,"date":"2024-10-24T13:06:31","date_gmt":"2024-10-24T10:06:31","guid":{"rendered":"https:\/\/finarte.fi\/?post_type=product&#038;p=14965"},"modified":"2026-02-14T17:18:14","modified_gmt":"2026-02-14T15:18:14","slug":"matonsuojasuihke","status":"publish","type":"product","link":"https:\/\/finarte.fi\/fi\/kauppa\/tuotteet\/hoitotuotteet\/matonsuojasuihke\/","title":{"rendered":"Matonsuojasuihke"},"content":{"rendered":"","protected":false},"excerpt":{"rendered":"<p>&nbsp;<\/p>\n<p class=\"alt-color\">Tuotekuvaus<\/p>\n<p>Softcare Matonsuojasuihke on turvallinen ja helppok\u00e4ytt\u00f6inen ratkaisu erilaisten mattojen suojaamiseen, olipa kyseess\u00e4 villa-, puuvilla-, silkki-, juutti- tai paperilankamatot. Se sopii my\u00f6s paksuille erikoistekstiileille, kuten ryijyille. Suihke muodostaa maton pinnalle kest\u00e4v\u00e4n, likaa hylkiv\u00e4n kerroksen, joka helpottaa puhdistamista ja est\u00e4\u00e4 pysyvien tahrojen syntymisen. K\u00e4siteltyjen pintojen imurointi on my\u00f6s vaivattomampaa, sill\u00e4 p\u00f6ly irtoaa helpommin. Suojaus ei vaikuta maton tuntuun, v\u00e4riin tai hengitt\u00e4vyyteen.<\/p>\n<p>Yksi 500 ml pullo riitt\u00e4\u00e4 noin 4-6 m\u00b2 suojaamiseen, maton paksuudesta riippuen. K\u00e4ytt\u00f6ohje: Suihkuta tasaisesti kuivalle ja puhtaalle pinnalle noin 15 cm et\u00e4isyydelt\u00e4, kunnes pinta on kostea mutta ei m\u00e4rk\u00e4. Testaa aina v\u00e4rinkesto n\u00e4kym\u00e4tt\u00f6m\u00e4ss\u00e4 kohdassa ennen k\u00e4ytt\u00f6\u00e4 ja suojaa ymp\u00e4r\u00f6iv\u00e4t pinnat suihkutuksen aikana. Huolehdi hyv\u00e4st\u00e4 tuuletuksesta. Suoja kest\u00e4\u00e4 normaalik\u00e4yt\u00f6ss\u00e4 pari vuotta. Softcare Matonsuojasuihke ei sis\u00e4ll\u00e4 haitallisia PFOS- tai PFOA-yhdisteit\u00e4, mutta tuote on eritt\u00e4in syttyv\u00e4\u00e4, joten v\u00e4lt\u00e4 tupakointia ja suihkuttamista avotulen l\u00e4hell\u00e4.<\/p>\n<p>Parhaan tuloksen saavuttamiseksi lue pullon k\u00e4ytt\u00f6ohjeet huolellisesti ennen tuotteen k\u00e4ytt\u00f6\u00e4.<\/p>\n<p>Valmistettu Suomessa.<\/p>\n","protected":false},"featured_media":14962,"comment_status":"open","ping_status":"closed","template":"","meta":[],"product_brand":[],"product_cat":[201],"product_tag":[],"class_list":{"0":"post-14965","1":"product","2":"type-product","3":"status-publish","4":"has-post-thumbnail","6":"product_cat-hoitotuotteet","8":"first","9":"onbackorder","10":"taxable","11":"shipping-taxable","12":"purchasable","13":"product-type-variable"},"group_of_quantity":0,"min_quantity":0,"max_quantity":"","exclude_order_quantity_value_rules":"no","exclude_category_quantity_rules":"no","combine_variations":"no","exclude_global_add_ons":[],"addons":[],"yoast_head":"<!-- This site is optimized with the Yoast SEO plugin v27.3 - https:\/\/yoast.com\/product\/yoast-seo-wordpress\/ -->\n<title>Matonsuojasuihke - Finarte<\/title>\n<meta name=\"description\" content=\"Tehokas suoja matoille, verhoilukankaille ja sisustustekstiileille silkist\u00e4 villaan ja puuvillaan. Est\u00e4\u00e4 lian tunkeutumisen kuituihin.\" \/>\n<meta name=\"robots\" content=\"index, follow, max-snippet:-1, max-image-preview:large, max-video-preview:-1\" \/>\n<link rel=\"canonical\" href=\"https:\/\/finarte.fi\/fi\/kauppa\/tuotteet\/hoitotuotteet\/matonsuojasuihke\/\" \/>\n<meta property=\"og:locale\" content=\"fi_FI\" \/>\n<meta property=\"og:type\" content=\"article\" \/>\n<meta property=\"og:title\" content=\"Matonsuojasuihke - Finarte\" \/>\n<meta property=\"og:description\" content=\"Tehokas suoja matoille, verhoilukankaille ja sisustustekstiileille silkist\u00e4 villaan ja puuvillaan. Est\u00e4\u00e4 lian tunkeutumisen kuituihin.\" \/>\n<meta property=\"og:url\" content=\"https:\/\/finarte.fi\/fi\/kauppa\/tuotteet\/hoitotuotteet\/matonsuojasuihke\/\" \/>\n<meta property=\"og:site_name\" content=\"Finarte\" \/>\n<meta property=\"article:modified_time\" content=\"2026-02-14T15:18:14+00:00\" \/>\n<meta property=\"og:image\" content=\"https:\/\/finarte.fi\/wp-content\/uploads\/2024\/10\/softcare-carpet-protector-768x960-1.webp\" \/>\n\t<meta property=\"og:image:width\" content=\"768\" \/>\n\t<meta property=\"og:image:height\" content=\"960\" \/>\n\t<meta property=\"og:image:type\" content=\"image\/webp\" \/>\n<meta name=\"twitter:card\" content=\"summary_large_image\" \/>\n<meta name=\"twitter:label1\" content=\"Arvioitu lukuaika\" \/>\n\t<meta name=\"twitter:data1\" content=\"1 minuutti\" \/>\n<script type=\"application\/ld+json\" class=\"yoast-schema-graph\">{\"@context\":\"https:\\\/\\\/schema.org\",\"@graph\":[{\"@type\":\"WebPage\",\"@id\":\"https:\\\/\\\/finarte.fi\\\/fi\\\/kauppa\\\/tuotteet\\\/hoitotuotteet\\\/matonsuojasuihke\\\/\",\"url\":\"https:\\\/\\\/finarte.fi\\\/fi\\\/kauppa\\\/tuotteet\\\/hoitotuotteet\\\/matonsuojasuihke\\\/\",\"name\":\"Matonsuojasuihke - Finarte\",\"isPartOf\":{\"@id\":\"https:\\\/\\\/finarte.fi\\\/fi\\\/#website\"},\"primaryImageOfPage\":{\"@id\":\"https:\\\/\\\/finarte.fi\\\/fi\\\/kauppa\\\/tuotteet\\\/hoitotuotteet\\\/matonsuojasuihke\\\/#primaryimage\"},\"image\":{\"@id\":\"https:\\\/\\\/finarte.fi\\\/fi\\\/kauppa\\\/tuotteet\\\/hoitotuotteet\\\/matonsuojasuihke\\\/#primaryimage\"},\"thumbnailUrl\":\"https:\\\/\\\/finarte.fi\\\/wp-content\\\/uploads\\\/2024\\\/10\\\/softcare-carpet-protector-768x960-1.webp\",\"datePublished\":\"2024-10-24T10:06:31+00:00\",\"dateModified\":\"2026-02-14T15:18:14+00:00\",\"description\":\"Tehokas suoja matoille, verhoilukankaille ja sisustustekstiileille silkist\u00e4 villaan ja puuvillaan. Est\u00e4\u00e4 lian tunkeutumisen kuituihin.\",\"breadcrumb\":{\"@id\":\"https:\\\/\\\/finarte.fi\\\/fi\\\/kauppa\\\/tuotteet\\\/hoitotuotteet\\\/matonsuojasuihke\\\/#breadcrumb\"},\"inLanguage\":\"fi\",\"potentialAction\":[{\"@type\":\"ReadAction\",\"target\":[\"https:\\\/\\\/finarte.fi\\\/fi\\\/kauppa\\\/tuotteet\\\/hoitotuotteet\\\/matonsuojasuihke\\\/\"]}]},{\"@type\":\"ImageObject\",\"inLanguage\":\"fi\",\"@id\":\"https:\\\/\\\/finarte.fi\\\/fi\\\/kauppa\\\/tuotteet\\\/hoitotuotteet\\\/matonsuojasuihke\\\/#primaryimage\",\"url\":\"https:\\\/\\\/finarte.fi\\\/wp-content\\\/uploads\\\/2024\\\/10\\\/softcare-carpet-protector-768x960-1.webp\",\"contentUrl\":\"https:\\\/\\\/finarte.fi\\\/wp-content\\\/uploads\\\/2024\\\/10\\\/softcare-carpet-protector-768x960-1.webp\",\"width\":768,\"height\":960},{\"@type\":\"BreadcrumbList\",\"@id\":\"https:\\\/\\\/finarte.fi\\\/fi\\\/kauppa\\\/tuotteet\\\/hoitotuotteet\\\/matonsuojasuihke\\\/#breadcrumb\",\"itemListElement\":[{\"@type\":\"ListItem\",\"position\":1,\"name\":\"Home\",\"item\":\"https:\\\/\\\/finarte.fi\\\/fi\\\/\"},{\"@type\":\"ListItem\",\"position\":2,\"name\":\"Shop\",\"item\":\"https:\\\/\\\/finarte.fi\\\/fi\\\/kauppa\\\/\"},{\"@type\":\"ListItem\",\"position\":3,\"name\":\"Matonsuojasuihke\"}]},{\"@type\":\"WebSite\",\"@id\":\"https:\\\/\\\/finarte.fi\\\/fi\\\/#website\",\"url\":\"https:\\\/\\\/finarte.fi\\\/fi\\\/\",\"name\":\"Finarte\",\"description\":\"\",\"potentialAction\":[{\"@type\":\"SearchAction\",\"target\":{\"@type\":\"EntryPoint\",\"urlTemplate\":\"https:\\\/\\\/finarte.fi\\\/fi\\\/?s={search_term_string}\"},\"query-input\":{\"@type\":\"PropertyValueSpecification\",\"valueRequired\":true,\"valueName\":\"search_term_string\"}}],\"inLanguage\":\"fi\"}]}<\/script>\n<!-- \/ Yoast SEO plugin. -->","yoast_head_json":{"title":"Matonsuojasuihke - Finarte","description":"Tehokas suoja matoille, verhoilukankaille ja sisustustekstiileille silkist\u00e4 villaan ja puuvillaan. Est\u00e4\u00e4 lian tunkeutumisen kuituihin.","robots":{"index":"index","follow":"follow","max-snippet":"max-snippet:-1","max-image-preview":"max-image-preview:large","max-video-preview":"max-video-preview:-1"},"canonical":"https:\/\/finarte.fi\/fi\/kauppa\/tuotteet\/hoitotuotteet\/matonsuojasuihke\/","og_locale":"fi_FI","og_type":"article","og_title":"Matonsuojasuihke - Finarte","og_description":"Tehokas suoja matoille, verhoilukankaille ja sisustustekstiileille silkist\u00e4 villaan ja puuvillaan. Est\u00e4\u00e4 lian tunkeutumisen kuituihin.","og_url":"https:\/\/finarte.fi\/fi\/kauppa\/tuotteet\/hoitotuotteet\/matonsuojasuihke\/","og_site_name":"Finarte","article_modified_time":"2026-02-14T15:18:14+00:00","og_image":[{"width":768,"height":960,"url":"https:\/\/finarte.fi\/wp-content\/uploads\/2024\/10\/softcare-carpet-protector-768x960-1.webp","type":"image\/webp"}],"twitter_card":"summary_large_image","twitter_misc":{"Arvioitu lukuaika":"1 minuutti"},"schema":{"@context":"https:\/\/schema.org","@graph":[{"@type":"WebPage","@id":"https:\/\/finarte.fi\/fi\/kauppa\/tuotteet\/hoitotuotteet\/matonsuojasuihke\/","url":"https:\/\/finarte.fi\/fi\/kauppa\/tuotteet\/hoitotuotteet\/matonsuojasuihke\/","name":"Matonsuojasuihke - Finarte","isPartOf":{"@id":"https:\/\/finarte.fi\/fi\/#website"},"primaryImageOfPage":{"@id":"https:\/\/finarte.fi\/fi\/kauppa\/tuotteet\/hoitotuotteet\/matonsuojasuihke\/#primaryimage"},"image":{"@id":"https:\/\/finarte.fi\/fi\/kauppa\/tuotteet\/hoitotuotteet\/matonsuojasuihke\/#primaryimage"},"thumbnailUrl":"https:\/\/finarte.fi\/wp-content\/uploads\/2024\/10\/softcare-carpet-protector-768x960-1.webp","datePublished":"2024-10-24T10:06:31+00:00","dateModified":"2026-02-14T15:18:14+00:00","description":"Tehokas suoja matoille, verhoilukankaille ja sisustustekstiileille silkist\u00e4 villaan ja puuvillaan. Est\u00e4\u00e4 lian tunkeutumisen kuituihin.","breadcrumb":{"@id":"https:\/\/finarte.fi\/fi\/kauppa\/tuotteet\/hoitotuotteet\/matonsuojasuihke\/#breadcrumb"},"inLanguage":"fi","potentialAction":[{"@type":"ReadAction","target":["https:\/\/finarte.fi\/fi\/kauppa\/tuotteet\/hoitotuotteet\/matonsuojasuihke\/"]}]},{"@type":"ImageObject","inLanguage":"fi","@id":"https:\/\/finarte.fi\/fi\/kauppa\/tuotteet\/hoitotuotteet\/matonsuojasuihke\/#primaryimage","url":"https:\/\/finarte.fi\/wp-content\/uploads\/2024\/10\/softcare-carpet-protector-768x960-1.webp","contentUrl":"https:\/\/finarte.fi\/wp-content\/uploads\/2024\/10\/softcare-carpet-protector-768x960-1.webp","width":768,"height":960},{"@type":"BreadcrumbList","@id":"https:\/\/finarte.fi\/fi\/kauppa\/tuotteet\/hoitotuotteet\/matonsuojasuihke\/#breadcrumb","itemListElement":[{"@type":"ListItem","position":1,"name":"Home","item":"https:\/\/finarte.fi\/fi\/"},{"@type":"ListItem","position":2,"name":"Shop","item":"https:\/\/finarte.fi\/fi\/kauppa\/"},{"@type":"ListItem","position":3,"name":"Matonsuojasuihke"}]},{"@type":"WebSite","@id":"https:\/\/finarte.fi\/fi\/#website","url":"https:\/\/finarte.fi\/fi\/","name":"Finarte","description":"","potentialAction":[{"@type":"SearchAction","target":{"@type":"EntryPoint","urlTemplate":"https:\/\/finarte.fi\/fi\/?s={search_term_string}"},"query-input":{"@type":"PropertyValueSpecification","valueRequired":true,"valueName":"search_term_string"}}],"inLanguage":"fi"}]}},"_links":{"self":[{"href":"https:\/\/finarte.fi\/fi\/wp-json\/wp\/v2\/product\/14965","targetHints":{"allow":["GET"]}}],"collection":[{"href":"https:\/\/finarte.fi\/fi\/wp-json\/wp\/v2\/product"}],"about":[{"href":"https:\/\/finarte.fi\/fi\/wp-json\/wp\/v2\/types\/product"}],"replies":[{"embeddable":true,"href":"https:\/\/finarte.fi\/fi\/wp-json\/wp\/v2\/comments?post=14965"}],"wp:featuredmedia":[{"embeddable":true,"href":"https:\/\/finarte.fi\/fi\/wp-json\/wp\/v2\/media\/14962"}],"wp:attachment":[{"href":"https:\/\/finarte.fi\/fi\/wp-json\/wp\/v2\/media?parent=14965"}],"wp:term":[{"taxonomy":"product_brand","embeddable":true,"href":"https:\/\/finarte.fi\/fi\/wp-json\/wp\/v2\/product_brand?post=14965"},{"taxonomy":"product_cat","embeddable":true,"href":"https:\/\/finarte.fi\/fi\/wp-json\/wp\/v2\/product_cat?post=14965"},{"taxonomy":"product_tag","embeddable":true,"href":"https:\/\/finarte.fi\/fi\/wp-json\/wp\/v2\/product_tag?post=14965"}],"curies":[{"name":"wp","href":"https:\/\/api.w.org\/{rel}","templated":true}]}}