{"id":14949,"date":"2024-10-23T17:34:03","date_gmt":"2024-10-23T14:34:03","guid":{"rendered":"https:\/\/finarte.fi\/?post_type=product&#038;p=14949"},"modified":"2026-03-08T17:11:32","modified_gmt":"2026-03-08T15:11:32","slug":"matonalusverkko","status":"publish","type":"product","link":"https:\/\/finarte.fi\/fi\/kauppa\/tuotteet\/hoitotuotteet\/matonalusverkko\/","title":{"rendered":"Matonalusverkko"},"content":{"rendered":"","protected":false},"excerpt":{"rendered":"<p>&nbsp;<\/p>\n<p class=\"alt-color\">Tuotekuvaus<\/p>\n<p>Maton alle erillisen\u00e4 tuotteena lis\u00e4tt\u00e4v\u00e4 matonalusverkko soveltuu kaikkien Finarten mattojen kanssa k\u00e4ytett\u00e4v\u00e4ksi. Matonalusverkko on toimiva lis\u00e4 varsinkin talouksiin, jossa on lemmikkej\u00e4 ja lapsia ja est\u00e4\u00e4 mattojen liukumista ja pit\u00e4\u00e4 matot tukevasti paikallaan kovemmassakin menossa.<\/p>\n<p>Voit leikata verkkoa helposti tarpeidesi mukaan, mik\u00e4 tekee siit\u00e4 monik\u00e4ytt\u00f6isen erilaisille matoille ja matonalusverkon saakin istumaan hankalampien muotojen, kuten py\u00f6re\u00e4n maton alle. Matonalusverkko sopii kaikille lattiapinnoille, kuten parketille, laminaatille, laatalle ja toimii my\u00f6s lattioilla, joissa on lattial\u00e4mmitys, mik\u00e4 tekee siit\u00e4 k\u00e4yt\u00e4nn\u00f6llisen lis\u00e4n mihin tahansa huoneeseen kodissasi. Verkon huolto on yksinkertaista; riitt\u00e4\u00e4, kun peset sen tarvittaessa miedolla pesuaineella, mik\u00e4 pident\u00e4\u00e4 sek\u00e4 maton ett\u00e4 lattiapinnan k\u00e4ytt\u00f6ik\u00e4\u00e4.<\/p>\n","protected":false},"featured_media":14964,"comment_status":"open","ping_status":"closed","template":"","meta":[],"product_brand":[],"product_cat":[201],"product_tag":[],"class_list":{"0":"post-14949","1":"product","2":"type-product","3":"status-publish","4":"has-post-thumbnail","6":"product_cat-hoitotuotteet","8":"first","9":"onbackorder","10":"taxable","11":"shipping-taxable","12":"purchasable","13":"product-type-variable"},"group_of_quantity":0,"min_quantity":0,"max_quantity":"","exclude_order_quantity_value_rules":"no","exclude_category_quantity_rules":"no","combine_variations":"no","exclude_global_add_ons":[],"addons":[],"yoast_head":"<!-- This site is optimized with the Yoast SEO plugin v27.3 - https:\/\/yoast.com\/product\/yoast-seo-wordpress\/ -->\n<title>Matonalusverkko - Finarte<\/title>\n<meta name=\"description\" content=\"Kest\u00e4v\u00e4 ja helppohoitoinen liukuesteverkko kaikille lattiapinnoille. Pit\u00e4\u00e4 maton tukevasti paikoillaan est\u00e4en sen liukumisen ja rypistymisen. Suojaa mattoa ja tehostaa sen puhtaana pysymist\u00e4. Voidaan tarvittaessa pest\u00e4 haalealla vedell\u00e4 ja pesuaineella. Kest\u00e4\u00e4 lattial\u00e4mmityksen.\" \/>\n<meta name=\"robots\" content=\"index, follow, max-snippet:-1, max-image-preview:large, max-video-preview:-1\" \/>\n<link rel=\"canonical\" href=\"https:\/\/finarte.fi\/fi\/kauppa\/tuotteet\/hoitotuotteet\/matonalusverkko\/\" \/>\n<meta property=\"og:locale\" content=\"fi_FI\" \/>\n<meta property=\"og:type\" content=\"article\" \/>\n<meta property=\"og:title\" content=\"Matonalusverkko - Finarte\" \/>\n<meta property=\"og:description\" content=\"Kest\u00e4v\u00e4 ja helppohoitoinen liukuesteverkko kaikille lattiapinnoille. Pit\u00e4\u00e4 maton tukevasti paikoillaan est\u00e4en sen liukumisen ja rypistymisen. Suojaa mattoa ja tehostaa sen puhtaana pysymist\u00e4. Voidaan tarvittaessa pest\u00e4 haalealla vedell\u00e4 ja pesuaineella. Kest\u00e4\u00e4 lattial\u00e4mmityksen.\" \/>\n<meta property=\"og:url\" content=\"https:\/\/finarte.fi\/fi\/kauppa\/tuotteet\/hoitotuotteet\/matonalusverkko\/\" \/>\n<meta property=\"og:site_name\" content=\"Finarte\" \/>\n<meta property=\"article:modified_time\" content=\"2026-03-08T15:11:32+00:00\" \/>\n<meta property=\"og:image\" content=\"https:\/\/finarte.fi\/wp-content\/uploads\/2024\/10\/rug-underlay-768x960-1.webp\" \/>\n\t<meta property=\"og:image:width\" content=\"768\" \/>\n\t<meta property=\"og:image:height\" content=\"960\" \/>\n\t<meta property=\"og:image:type\" content=\"image\/webp\" \/>\n<meta name=\"twitter:card\" content=\"summary_large_image\" \/>\n<meta name=\"twitter:label1\" content=\"Arvioitu lukuaika\" \/>\n\t<meta name=\"twitter:data1\" content=\"1 minuutti\" \/>\n<script type=\"application\/ld+json\" class=\"yoast-schema-graph\">{\"@context\":\"https:\\\/\\\/schema.org\",\"@graph\":[{\"@type\":\"WebPage\",\"@id\":\"https:\\\/\\\/finarte.fi\\\/fi\\\/kauppa\\\/tuotteet\\\/hoitotuotteet\\\/matonalusverkko\\\/\",\"url\":\"https:\\\/\\\/finarte.fi\\\/fi\\\/kauppa\\\/tuotteet\\\/hoitotuotteet\\\/matonalusverkko\\\/\",\"name\":\"Matonalusverkko - Finarte\",\"isPartOf\":{\"@id\":\"https:\\\/\\\/finarte.fi\\\/fi\\\/#website\"},\"primaryImageOfPage\":{\"@id\":\"https:\\\/\\\/finarte.fi\\\/fi\\\/kauppa\\\/tuotteet\\\/hoitotuotteet\\\/matonalusverkko\\\/#primaryimage\"},\"image\":{\"@id\":\"https:\\\/\\\/finarte.fi\\\/fi\\\/kauppa\\\/tuotteet\\\/hoitotuotteet\\\/matonalusverkko\\\/#primaryimage\"},\"thumbnailUrl\":\"https:\\\/\\\/finarte.fi\\\/wp-content\\\/uploads\\\/2024\\\/10\\\/rug-underlay-768x960-1.webp\",\"datePublished\":\"2024-10-23T14:34:03+00:00\",\"dateModified\":\"2026-03-08T15:11:32+00:00\",\"description\":\"Kest\u00e4v\u00e4 ja helppohoitoinen liukuesteverkko kaikille lattiapinnoille. Pit\u00e4\u00e4 maton tukevasti paikoillaan est\u00e4en sen liukumisen ja rypistymisen. Suojaa mattoa ja tehostaa sen puhtaana pysymist\u00e4. Voidaan tarvittaessa pest\u00e4 haalealla vedell\u00e4 ja pesuaineella. Kest\u00e4\u00e4 lattial\u00e4mmityksen.\",\"breadcrumb\":{\"@id\":\"https:\\\/\\\/finarte.fi\\\/fi\\\/kauppa\\\/tuotteet\\\/hoitotuotteet\\\/matonalusverkko\\\/#breadcrumb\"},\"inLanguage\":\"fi\",\"potentialAction\":[{\"@type\":\"ReadAction\",\"target\":[\"https:\\\/\\\/finarte.fi\\\/fi\\\/kauppa\\\/tuotteet\\\/hoitotuotteet\\\/matonalusverkko\\\/\"]}]},{\"@type\":\"ImageObject\",\"inLanguage\":\"fi\",\"@id\":\"https:\\\/\\\/finarte.fi\\\/fi\\\/kauppa\\\/tuotteet\\\/hoitotuotteet\\\/matonalusverkko\\\/#primaryimage\",\"url\":\"https:\\\/\\\/finarte.fi\\\/wp-content\\\/uploads\\\/2024\\\/10\\\/rug-underlay-768x960-1.webp\",\"contentUrl\":\"https:\\\/\\\/finarte.fi\\\/wp-content\\\/uploads\\\/2024\\\/10\\\/rug-underlay-768x960-1.webp\",\"width\":768,\"height\":960},{\"@type\":\"BreadcrumbList\",\"@id\":\"https:\\\/\\\/finarte.fi\\\/fi\\\/kauppa\\\/tuotteet\\\/hoitotuotteet\\\/matonalusverkko\\\/#breadcrumb\",\"itemListElement\":[{\"@type\":\"ListItem\",\"position\":1,\"name\":\"Home\",\"item\":\"https:\\\/\\\/finarte.fi\\\/fi\\\/\"},{\"@type\":\"ListItem\",\"position\":2,\"name\":\"Shop\",\"item\":\"https:\\\/\\\/finarte.fi\\\/fi\\\/kauppa\\\/\"},{\"@type\":\"ListItem\",\"position\":3,\"name\":\"Matonalusverkko\"}]},{\"@type\":\"WebSite\",\"@id\":\"https:\\\/\\\/finarte.fi\\\/fi\\\/#website\",\"url\":\"https:\\\/\\\/finarte.fi\\\/fi\\\/\",\"name\":\"Finarte\",\"description\":\"\",\"potentialAction\":[{\"@type\":\"SearchAction\",\"target\":{\"@type\":\"EntryPoint\",\"urlTemplate\":\"https:\\\/\\\/finarte.fi\\\/fi\\\/?s={search_term_string}\"},\"query-input\":{\"@type\":\"PropertyValueSpecification\",\"valueRequired\":true,\"valueName\":\"search_term_string\"}}],\"inLanguage\":\"fi\"}]}<\/script>\n<!-- \/ Yoast SEO plugin. -->","yoast_head_json":{"title":"Matonalusverkko - Finarte","description":"Kest\u00e4v\u00e4 ja helppohoitoinen liukuesteverkko kaikille lattiapinnoille. Pit\u00e4\u00e4 maton tukevasti paikoillaan est\u00e4en sen liukumisen ja rypistymisen. Suojaa mattoa ja tehostaa sen puhtaana pysymist\u00e4. Voidaan tarvittaessa pest\u00e4 haalealla vedell\u00e4 ja pesuaineella. Kest\u00e4\u00e4 lattial\u00e4mmityksen.","robots":{"index":"index","follow":"follow","max-snippet":"max-snippet:-1","max-image-preview":"max-image-preview:large","max-video-preview":"max-video-preview:-1"},"canonical":"https:\/\/finarte.fi\/fi\/kauppa\/tuotteet\/hoitotuotteet\/matonalusverkko\/","og_locale":"fi_FI","og_type":"article","og_title":"Matonalusverkko - Finarte","og_description":"Kest\u00e4v\u00e4 ja helppohoitoinen liukuesteverkko kaikille lattiapinnoille. Pit\u00e4\u00e4 maton tukevasti paikoillaan est\u00e4en sen liukumisen ja rypistymisen. Suojaa mattoa ja tehostaa sen puhtaana pysymist\u00e4. Voidaan tarvittaessa pest\u00e4 haalealla vedell\u00e4 ja pesuaineella. Kest\u00e4\u00e4 lattial\u00e4mmityksen.","og_url":"https:\/\/finarte.fi\/fi\/kauppa\/tuotteet\/hoitotuotteet\/matonalusverkko\/","og_site_name":"Finarte","article_modified_time":"2026-03-08T15:11:32+00:00","og_image":[{"width":768,"height":960,"url":"https:\/\/finarte.fi\/wp-content\/uploads\/2024\/10\/rug-underlay-768x960-1.webp","type":"image\/webp"}],"twitter_card":"summary_large_image","twitter_misc":{"Arvioitu lukuaika":"1 minuutti"},"schema":{"@context":"https:\/\/schema.org","@graph":[{"@type":"WebPage","@id":"https:\/\/finarte.fi\/fi\/kauppa\/tuotteet\/hoitotuotteet\/matonalusverkko\/","url":"https:\/\/finarte.fi\/fi\/kauppa\/tuotteet\/hoitotuotteet\/matonalusverkko\/","name":"Matonalusverkko - Finarte","isPartOf":{"@id":"https:\/\/finarte.fi\/fi\/#website"},"primaryImageOfPage":{"@id":"https:\/\/finarte.fi\/fi\/kauppa\/tuotteet\/hoitotuotteet\/matonalusverkko\/#primaryimage"},"image":{"@id":"https:\/\/finarte.fi\/fi\/kauppa\/tuotteet\/hoitotuotteet\/matonalusverkko\/#primaryimage"},"thumbnailUrl":"https:\/\/finarte.fi\/wp-content\/uploads\/2024\/10\/rug-underlay-768x960-1.webp","datePublished":"2024-10-23T14:34:03+00:00","dateModified":"2026-03-08T15:11:32+00:00","description":"Kest\u00e4v\u00e4 ja helppohoitoinen liukuesteverkko kaikille lattiapinnoille. Pit\u00e4\u00e4 maton tukevasti paikoillaan est\u00e4en sen liukumisen ja rypistymisen. Suojaa mattoa ja tehostaa sen puhtaana pysymist\u00e4. Voidaan tarvittaessa pest\u00e4 haalealla vedell\u00e4 ja pesuaineella. Kest\u00e4\u00e4 lattial\u00e4mmityksen.","breadcrumb":{"@id":"https:\/\/finarte.fi\/fi\/kauppa\/tuotteet\/hoitotuotteet\/matonalusverkko\/#breadcrumb"},"inLanguage":"fi","potentialAction":[{"@type":"ReadAction","target":["https:\/\/finarte.fi\/fi\/kauppa\/tuotteet\/hoitotuotteet\/matonalusverkko\/"]}]},{"@type":"ImageObject","inLanguage":"fi","@id":"https:\/\/finarte.fi\/fi\/kauppa\/tuotteet\/hoitotuotteet\/matonalusverkko\/#primaryimage","url":"https:\/\/finarte.fi\/wp-content\/uploads\/2024\/10\/rug-underlay-768x960-1.webp","contentUrl":"https:\/\/finarte.fi\/wp-content\/uploads\/2024\/10\/rug-underlay-768x960-1.webp","width":768,"height":960},{"@type":"BreadcrumbList","@id":"https:\/\/finarte.fi\/fi\/kauppa\/tuotteet\/hoitotuotteet\/matonalusverkko\/#breadcrumb","itemListElement":[{"@type":"ListItem","position":1,"name":"Home","item":"https:\/\/finarte.fi\/fi\/"},{"@type":"ListItem","position":2,"name":"Shop","item":"https:\/\/finarte.fi\/fi\/kauppa\/"},{"@type":"ListItem","position":3,"name":"Matonalusverkko"}]},{"@type":"WebSite","@id":"https:\/\/finarte.fi\/fi\/#website","url":"https:\/\/finarte.fi\/fi\/","name":"Finarte","description":"","potentialAction":[{"@type":"SearchAction","target":{"@type":"EntryPoint","urlTemplate":"https:\/\/finarte.fi\/fi\/?s={search_term_string}"},"query-input":{"@type":"PropertyValueSpecification","valueRequired":true,"valueName":"search_term_string"}}],"inLanguage":"fi"}]}},"_links":{"self":[{"href":"https:\/\/finarte.fi\/fi\/wp-json\/wp\/v2\/product\/14949","targetHints":{"allow":["GET"]}}],"collection":[{"href":"https:\/\/finarte.fi\/fi\/wp-json\/wp\/v2\/product"}],"about":[{"href":"https:\/\/finarte.fi\/fi\/wp-json\/wp\/v2\/types\/product"}],"replies":[{"embeddable":true,"href":"https:\/\/finarte.fi\/fi\/wp-json\/wp\/v2\/comments?post=14949"}],"wp:featuredmedia":[{"embeddable":true,"href":"https:\/\/finarte.fi\/fi\/wp-json\/wp\/v2\/media\/14964"}],"wp:attachment":[{"href":"https:\/\/finarte.fi\/fi\/wp-json\/wp\/v2\/media?parent=14949"}],"wp:term":[{"taxonomy":"product_brand","embeddable":true,"href":"https:\/\/finarte.fi\/fi\/wp-json\/wp\/v2\/product_brand?post=14949"},{"taxonomy":"product_cat","embeddable":true,"href":"https:\/\/finarte.fi\/fi\/wp-json\/wp\/v2\/product_cat?post=14949"},{"taxonomy":"product_tag","embeddable":true,"href":"https:\/\/finarte.fi\/fi\/wp-json\/wp\/v2\/product_tag?post=14949"}],"curies":[{"name":"wp","href":"https:\/\/api.w.org\/{rel}","templated":true}]}}