{"id":10796,"date":"2024-05-29T17:08:27","date_gmt":"2024-05-29T14:08:27","guid":{"rendered":"https:\/\/finarte.fi\/?post_type=product&#038;p=10796"},"modified":"2026-03-19T11:37:36","modified_gmt":"2026-03-19T09:37:36","slug":"lahjakortti","status":"publish","type":"product","link":"https:\/\/finarte.fi\/fi\/kauppa\/tuotteet\/lahjakortti\/lahjakortti\/","title":{"rendered":"Lahjakortti"},"content":{"rendered":"","protected":false},"excerpt":{"rendered":"<p>Oletko etsim\u00e4ss\u00e4 lahjaa, mutta valinnan tekeminen on vaikeaa? Finarte -lahjakortti sopii monelle ja on loistava lahjaidea antaen lahjansaajalle vapauden valita itselleen mieluinen lahja Finarten laadukkaasta design-tuotteiden valikoimasta.<\/p>\n<p>Lahjakortin voi k\u00e4ytt\u00e4\u00e4 verkkokaupassamme www.finarte.fi. Lahjakortti on voimassa vuoden ostop\u00e4iv\u00e4st\u00e4, eik\u00e4 sit\u00e4 voi vaihtaa rahaksi.<\/p>\n<p><strong>Huomaathan, ett\u00e4 lahjakortti l\u00e4hetet\u00e4\u00e4n v\u00e4litt\u00f6m\u00e4sti yll\u00e4 olevaan saajan s\u00e4hk\u00f6postiosoitteeseen. Jos haluat antaa lahjakortin my\u00f6hemmin, kirjoita oma s\u00e4hk\u00f6postiosoitteesi, niin lahjakortti l\u00e4hetet\u00e4\u00e4n sinulle ja voit toimittaa sen lahjansaajalle valitsemanasi ajankohtana.<\/strong><\/p>\n","protected":false},"featured_media":10813,"comment_status":"closed","ping_status":"closed","template":"","meta":[],"product_brand":[],"product_cat":[264],"product_tag":[],"class_list":{"0":"post-10796","1":"product","2":"type-product","3":"status-publish","4":"has-post-thumbnail","6":"product_cat-lahjakortti","8":"first","9":"instock","10":"sold-individually","11":"purchasable","12":"product-type-variable"},"group_of_quantity":0,"min_quantity":0,"max_quantity":"","exclude_order_quantity_value_rules":"no","exclude_category_quantity_rules":"no","combine_variations":"no","exclude_global_add_ons":[],"addons":[],"yoast_head":"<!-- This site is optimized with the Yoast SEO plugin v27.3 - https:\/\/yoast.com\/product\/yoast-seo-wordpress\/ -->\n<title>Lahjakortti - Finarte<\/title>\n<meta name=\"robots\" content=\"index, follow, max-snippet:-1, max-image-preview:large, max-video-preview:-1\" \/>\n<link rel=\"canonical\" href=\"https:\/\/finarte.fi\/fi\/kauppa\/tuotteet\/lahjakortti\/lahjakortti\/\" \/>\n<meta property=\"og:locale\" content=\"fi_FI\" \/>\n<meta property=\"og:type\" content=\"article\" \/>\n<meta property=\"og:title\" content=\"Lahjakortti - Finarte\" \/>\n<meta property=\"og:description\" content=\"Oletko etsim\u00e4ss\u00e4 lahjaa, mutta valinnan tekeminen on vaikeaa? Finarte -lahjakortti sopii monelle ja on loistava lahjaidea antaen lahjansaajalle vapauden valita itselleen mieluinen lahja Finarten laadukkaasta design-tuotteiden valikoimasta.  Lahjakortin voi k\u00e4ytt\u00e4\u00e4 verkkokaupassamme www.finarte.fi. Lahjakortti on voimassa vuoden ostop\u00e4iv\u00e4st\u00e4, eik\u00e4 sit\u00e4 voi vaihtaa rahaksi.  Huomaathan, ett\u00e4 lahjakortti l\u00e4hetet\u00e4\u00e4n v\u00e4litt\u00f6m\u00e4sti yll\u00e4 olevaan saajan s\u00e4hk\u00f6postiosoitteeseen. Jos haluat antaa lahjakortin my\u00f6hemmin, kirjoita oma s\u00e4hk\u00f6postiosoitteesi, niin lahjakortti l\u00e4hetet\u00e4\u00e4n sinulle ja voit toimittaa sen lahjansaajalle valitsemanasi ajankohtana.\" \/>\n<meta property=\"og:url\" content=\"https:\/\/finarte.fi\/fi\/kauppa\/tuotteet\/lahjakortti\/lahjakortti\/\" \/>\n<meta property=\"og:site_name\" content=\"Finarte\" \/>\n<meta property=\"article:modified_time\" content=\"2026-03-19T09:37:36+00:00\" \/>\n<meta property=\"og:image\" content=\"https:\/\/finarte.fi\/wp-content\/uploads\/2024\/05\/gift-card-mood.webp\" \/>\n\t<meta property=\"og:image:width\" content=\"1080\" \/>\n\t<meta property=\"og:image:height\" content=\"1350\" \/>\n\t<meta property=\"og:image:type\" content=\"image\/webp\" \/>\n<meta name=\"twitter:card\" content=\"summary_large_image\" \/>\n<meta name=\"twitter:label1\" content=\"Arvioitu lukuaika\" \/>\n\t<meta name=\"twitter:data1\" content=\"1 minuutti\" \/>\n<script type=\"application\/ld+json\" class=\"yoast-schema-graph\">{\"@context\":\"https:\\\/\\\/schema.org\",\"@graph\":[{\"@type\":\"WebPage\",\"@id\":\"https:\\\/\\\/finarte.fi\\\/fi\\\/kauppa\\\/tuotteet\\\/lahjakortti\\\/lahjakortti\\\/\",\"url\":\"https:\\\/\\\/finarte.fi\\\/fi\\\/kauppa\\\/tuotteet\\\/lahjakortti\\\/lahjakortti\\\/\",\"name\":\"Lahjakortti - Finarte\",\"isPartOf\":{\"@id\":\"https:\\\/\\\/finarte.fi\\\/fi\\\/#website\"},\"primaryImageOfPage\":{\"@id\":\"https:\\\/\\\/finarte.fi\\\/fi\\\/kauppa\\\/tuotteet\\\/lahjakortti\\\/lahjakortti\\\/#primaryimage\"},\"image\":{\"@id\":\"https:\\\/\\\/finarte.fi\\\/fi\\\/kauppa\\\/tuotteet\\\/lahjakortti\\\/lahjakortti\\\/#primaryimage\"},\"thumbnailUrl\":\"https:\\\/\\\/finarte.fi\\\/wp-content\\\/uploads\\\/2024\\\/05\\\/gift-card-mood.webp\",\"datePublished\":\"2024-05-29T14:08:27+00:00\",\"dateModified\":\"2026-03-19T09:37:36+00:00\",\"breadcrumb\":{\"@id\":\"https:\\\/\\\/finarte.fi\\\/fi\\\/kauppa\\\/tuotteet\\\/lahjakortti\\\/lahjakortti\\\/#breadcrumb\"},\"inLanguage\":\"fi\",\"potentialAction\":[{\"@type\":\"ReadAction\",\"target\":[\"https:\\\/\\\/finarte.fi\\\/fi\\\/kauppa\\\/tuotteet\\\/lahjakortti\\\/lahjakortti\\\/\"]}]},{\"@type\":\"ImageObject\",\"inLanguage\":\"fi\",\"@id\":\"https:\\\/\\\/finarte.fi\\\/fi\\\/kauppa\\\/tuotteet\\\/lahjakortti\\\/lahjakortti\\\/#primaryimage\",\"url\":\"https:\\\/\\\/finarte.fi\\\/wp-content\\\/uploads\\\/2024\\\/05\\\/gift-card-mood.webp\",\"contentUrl\":\"https:\\\/\\\/finarte.fi\\\/wp-content\\\/uploads\\\/2024\\\/05\\\/gift-card-mood.webp\",\"width\":1080,\"height\":1350},{\"@type\":\"BreadcrumbList\",\"@id\":\"https:\\\/\\\/finarte.fi\\\/fi\\\/kauppa\\\/tuotteet\\\/lahjakortti\\\/lahjakortti\\\/#breadcrumb\",\"itemListElement\":[{\"@type\":\"ListItem\",\"position\":1,\"name\":\"Home\",\"item\":\"https:\\\/\\\/finarte.fi\\\/fi\\\/\"},{\"@type\":\"ListItem\",\"position\":2,\"name\":\"Shop\",\"item\":\"https:\\\/\\\/finarte.fi\\\/fi\\\/kauppa\\\/\"},{\"@type\":\"ListItem\",\"position\":3,\"name\":\"Lahjakortti\"}]},{\"@type\":\"WebSite\",\"@id\":\"https:\\\/\\\/finarte.fi\\\/fi\\\/#website\",\"url\":\"https:\\\/\\\/finarte.fi\\\/fi\\\/\",\"name\":\"Finarte\",\"description\":\"\",\"potentialAction\":[{\"@type\":\"SearchAction\",\"target\":{\"@type\":\"EntryPoint\",\"urlTemplate\":\"https:\\\/\\\/finarte.fi\\\/fi\\\/?s={search_term_string}\"},\"query-input\":{\"@type\":\"PropertyValueSpecification\",\"valueRequired\":true,\"valueName\":\"search_term_string\"}}],\"inLanguage\":\"fi\"}]}<\/script>\n<!-- \/ Yoast SEO plugin. -->","yoast_head_json":{"title":"Lahjakortti - Finarte","robots":{"index":"index","follow":"follow","max-snippet":"max-snippet:-1","max-image-preview":"max-image-preview:large","max-video-preview":"max-video-preview:-1"},"canonical":"https:\/\/finarte.fi\/fi\/kauppa\/tuotteet\/lahjakortti\/lahjakortti\/","og_locale":"fi_FI","og_type":"article","og_title":"Lahjakortti - Finarte","og_description":"Oletko etsim\u00e4ss\u00e4 lahjaa, mutta valinnan tekeminen on vaikeaa? Finarte -lahjakortti sopii monelle ja on loistava lahjaidea antaen lahjansaajalle vapauden valita itselleen mieluinen lahja Finarten laadukkaasta design-tuotteiden valikoimasta.  Lahjakortin voi k\u00e4ytt\u00e4\u00e4 verkkokaupassamme www.finarte.fi. Lahjakortti on voimassa vuoden ostop\u00e4iv\u00e4st\u00e4, eik\u00e4 sit\u00e4 voi vaihtaa rahaksi.  Huomaathan, ett\u00e4 lahjakortti l\u00e4hetet\u00e4\u00e4n v\u00e4litt\u00f6m\u00e4sti yll\u00e4 olevaan saajan s\u00e4hk\u00f6postiosoitteeseen. Jos haluat antaa lahjakortin my\u00f6hemmin, kirjoita oma s\u00e4hk\u00f6postiosoitteesi, niin lahjakortti l\u00e4hetet\u00e4\u00e4n sinulle ja voit toimittaa sen lahjansaajalle valitsemanasi ajankohtana.","og_url":"https:\/\/finarte.fi\/fi\/kauppa\/tuotteet\/lahjakortti\/lahjakortti\/","og_site_name":"Finarte","article_modified_time":"2026-03-19T09:37:36+00:00","og_image":[{"width":1080,"height":1350,"url":"https:\/\/finarte.fi\/wp-content\/uploads\/2024\/05\/gift-card-mood.webp","type":"image\/webp"}],"twitter_card":"summary_large_image","twitter_misc":{"Arvioitu lukuaika":"1 minuutti"},"schema":{"@context":"https:\/\/schema.org","@graph":[{"@type":"WebPage","@id":"https:\/\/finarte.fi\/fi\/kauppa\/tuotteet\/lahjakortti\/lahjakortti\/","url":"https:\/\/finarte.fi\/fi\/kauppa\/tuotteet\/lahjakortti\/lahjakortti\/","name":"Lahjakortti - Finarte","isPartOf":{"@id":"https:\/\/finarte.fi\/fi\/#website"},"primaryImageOfPage":{"@id":"https:\/\/finarte.fi\/fi\/kauppa\/tuotteet\/lahjakortti\/lahjakortti\/#primaryimage"},"image":{"@id":"https:\/\/finarte.fi\/fi\/kauppa\/tuotteet\/lahjakortti\/lahjakortti\/#primaryimage"},"thumbnailUrl":"https:\/\/finarte.fi\/wp-content\/uploads\/2024\/05\/gift-card-mood.webp","datePublished":"2024-05-29T14:08:27+00:00","dateModified":"2026-03-19T09:37:36+00:00","breadcrumb":{"@id":"https:\/\/finarte.fi\/fi\/kauppa\/tuotteet\/lahjakortti\/lahjakortti\/#breadcrumb"},"inLanguage":"fi","potentialAction":[{"@type":"ReadAction","target":["https:\/\/finarte.fi\/fi\/kauppa\/tuotteet\/lahjakortti\/lahjakortti\/"]}]},{"@type":"ImageObject","inLanguage":"fi","@id":"https:\/\/finarte.fi\/fi\/kauppa\/tuotteet\/lahjakortti\/lahjakortti\/#primaryimage","url":"https:\/\/finarte.fi\/wp-content\/uploads\/2024\/05\/gift-card-mood.webp","contentUrl":"https:\/\/finarte.fi\/wp-content\/uploads\/2024\/05\/gift-card-mood.webp","width":1080,"height":1350},{"@type":"BreadcrumbList","@id":"https:\/\/finarte.fi\/fi\/kauppa\/tuotteet\/lahjakortti\/lahjakortti\/#breadcrumb","itemListElement":[{"@type":"ListItem","position":1,"name":"Home","item":"https:\/\/finarte.fi\/fi\/"},{"@type":"ListItem","position":2,"name":"Shop","item":"https:\/\/finarte.fi\/fi\/kauppa\/"},{"@type":"ListItem","position":3,"name":"Lahjakortti"}]},{"@type":"WebSite","@id":"https:\/\/finarte.fi\/fi\/#website","url":"https:\/\/finarte.fi\/fi\/","name":"Finarte","description":"","potentialAction":[{"@type":"SearchAction","target":{"@type":"EntryPoint","urlTemplate":"https:\/\/finarte.fi\/fi\/?s={search_term_string}"},"query-input":{"@type":"PropertyValueSpecification","valueRequired":true,"valueName":"search_term_string"}}],"inLanguage":"fi"}]}},"_links":{"self":[{"href":"https:\/\/finarte.fi\/fi\/wp-json\/wp\/v2\/product\/10796","targetHints":{"allow":["GET"]}}],"collection":[{"href":"https:\/\/finarte.fi\/fi\/wp-json\/wp\/v2\/product"}],"about":[{"href":"https:\/\/finarte.fi\/fi\/wp-json\/wp\/v2\/types\/product"}],"replies":[{"embeddable":true,"href":"https:\/\/finarte.fi\/fi\/wp-json\/wp\/v2\/comments?post=10796"}],"wp:featuredmedia":[{"embeddable":true,"href":"https:\/\/finarte.fi\/fi\/wp-json\/wp\/v2\/media\/10813"}],"wp:attachment":[{"href":"https:\/\/finarte.fi\/fi\/wp-json\/wp\/v2\/media?parent=10796"}],"wp:term":[{"taxonomy":"product_brand","embeddable":true,"href":"https:\/\/finarte.fi\/fi\/wp-json\/wp\/v2\/product_brand?post=10796"},{"taxonomy":"product_cat","embeddable":true,"href":"https:\/\/finarte.fi\/fi\/wp-json\/wp\/v2\/product_cat?post=10796"},{"taxonomy":"product_tag","embeddable":true,"href":"https:\/\/finarte.fi\/fi\/wp-json\/wp\/v2\/product_tag?post=10796"}],"curies":[{"name":"wp","href":"https:\/\/api.w.org\/{rel}","templated":true}]}}