{"id":10393,"date":"2024-05-04T11:21:10","date_gmt":"2024-05-04T08:21:10","guid":{"rendered":"https:\/\/finarte.fi\/?post_type=product&#038;p=10393"},"modified":"2026-04-01T19:19:24","modified_gmt":"2026-04-01T16:19:24","slug":"popsicle-tyynynpaallinen","status":"publish","type":"product","link":"https:\/\/finarte.fi\/fi\/kauppa\/tuotteet\/sisustustuotteet\/tyynyt\/popsicle-tyynynpaallinen\/","title":{"rendered":"Popsicle villa-puuvilla tyynynp\u00e4\u00e4llinen"},"content":{"rendered":"","protected":false},"excerpt":{"rendered":"<div class=\"row row-collapse\"  id=\"row-465288110\">\n\n\t<div id=\"col-242155970\" class=\"col small-12 large-12\"  >\n\t\t\t\t<div class=\"col-inner\"  >\n\t\t\t\n\t\t\t\n<p class=\"alt-color\">Tuotekuvaus<\/p>\n<p>Popsicle-tyynynp\u00e4\u00e4llinen on kuvittaja <a href=\"https:\/\/finarte.fi\/fi\/minni-havas\/\">Minni Havaksen<\/a> suunnittelema. Tyynyn etupuolen kuvio on k\u00e4sin kirjaitu pehme\u00e4st\u00e4 villasta villakankaalle ja tyynyn takapuoli on l\u00e4mpim\u00e4n luonnonvalkoista puuvillaa. Popsiclen kuviossa yhdistyy lilan, turkoosin, mustan ja beigen s\u00e4vyt. V\u00e4rik\u00e4s mutta kokonaisilmeelt\u00e4\u00e4n rauhallinen Popsicle on helppo yhdist\u00e4\u00e4 muihin yksinkertaisempiin tai kuviollisiin tyynyihin luodaksesi leikkis\u00e4n kokonaisuuden.<\/p>\n<p>Valmistettu vastuullisesti k\u00e4sity\u00f6n\u00e4 Intiassa.<\/p>\n\t\t<\/div>\n\t\t\t\t\t<\/div>\n\n\t\n<\/div>\n","protected":false},"featured_media":2091,"comment_status":"open","ping_status":"closed","template":"","meta":[],"product_brand":[],"product_cat":[101,78,159,80],"product_tag":[],"class_list":{"0":"post-10393","1":"product","2":"type-product","3":"status-publish","4":"has-post-thumbnail","6":"product_cat-minni-havas","7":"product_cat-sisustustuotteet","8":"product_cat-suunnittelija","9":"product_cat-tyynyt","11":"first","12":"instock","13":"taxable","14":"shipping-taxable","15":"purchasable","16":"product-type-variable","17":"has-default-attributes"},"group_of_quantity":0,"min_quantity":0,"max_quantity":"","exclude_order_quantity_value_rules":"no","exclude_category_quantity_rules":"no","combine_variations":"no","exclude_global_add_ons":[],"addons":[],"yoast_head":"<!-- This site is optimized with the Yoast SEO plugin v27.1.1 - https:\/\/yoast.com\/product\/yoast-seo-wordpress\/ -->\n<title>Popsicle villa-puuvilla tyynynp\u00e4\u00e4llinen - Finarte<\/title>\n<meta name=\"robots\" content=\"index, follow, max-snippet:-1, max-image-preview:large, max-video-preview:-1\" \/>\n<link rel=\"canonical\" href=\"https:\/\/finarte.fi\/fi\/kauppa\/tuotteet\/sisustustuotteet\/tyynyt\/popsicle-tyynynpaallinen\/\" \/>\n<meta property=\"og:locale\" content=\"fi_FI\" \/>\n<meta property=\"og:type\" content=\"article\" \/>\n<meta property=\"og:title\" content=\"Popsicle villa-puuvilla tyynynp\u00e4\u00e4llinen - Finarte\" \/>\n<meta property=\"og:url\" content=\"https:\/\/finarte.fi\/fi\/kauppa\/tuotteet\/sisustustuotteet\/tyynyt\/popsicle-tyynynpaallinen\/\" \/>\n<meta property=\"og:site_name\" content=\"Finarte\" \/>\n<meta property=\"article:modified_time\" content=\"2026-04-01T16:19:24+00:00\" \/>\n<meta property=\"og:image\" content=\"https:\/\/finarte.fi\/wp-content\/uploads\/2023\/08\/finarte-popsicle-cushion-cover.webp\" \/>\n\t<meta property=\"og:image:width\" content=\"1080\" \/>\n\t<meta property=\"og:image:height\" content=\"1350\" \/>\n\t<meta property=\"og:image:type\" content=\"image\/webp\" \/>\n<meta name=\"twitter:card\" content=\"summary_large_image\" \/>\n<meta name=\"twitter:description\" content=\"[row style=&quot;collapse&quot;]  [col span__sm=&quot;12&quot;] Tuotekuvaus Popsicle-tyynynp\u00e4\u00e4llinen on kuvittaja Minni Havaksen suunnittelema. Tyynyn etupuolen kuvio on k\u00e4sin kirjaitu pehme\u00e4st\u00e4 villasta villakankaalle ja tyynyn takapuoli on l\u00e4mpim\u00e4n luonnonvalkoista puuvillaa. Popsiclen kuviossa yhdistyy lilan, turkoosin, mustan ja beigen s\u00e4vyt. V\u00e4rik\u00e4s mutta kokonaisilmeelt\u00e4\u00e4n rauhallinen Popsicle on helppo yhdist\u00e4\u00e4 muihin yksinkertaisempiin tai kuviollisiin tyynyihin luodaksesi leikkis\u00e4n kokonaisuuden.  Valmistettu vastuullisesti k\u00e4sity\u00f6n\u00e4 Intiassa.  [\/col]  [\/row]\" \/>\n<meta name=\"twitter:label1\" content=\"Arvioitu lukuaika\" \/>\n\t<meta name=\"twitter:data1\" content=\"1 minuutti\" \/>\n<script type=\"application\/ld+json\" class=\"yoast-schema-graph\">{\"@context\":\"https:\/\/schema.org\",\"@graph\":[{\"@type\":\"WebPage\",\"@id\":\"https:\/\/finarte.fi\/fi\/kauppa\/tuotteet\/sisustustuotteet\/tyynyt\/popsicle-tyynynpaallinen\/\",\"url\":\"https:\/\/finarte.fi\/fi\/kauppa\/tuotteet\/sisustustuotteet\/tyynyt\/popsicle-tyynynpaallinen\/\",\"name\":\"Popsicle villa-puuvilla tyynynp\u00e4\u00e4llinen - Finarte\",\"isPartOf\":{\"@id\":\"https:\/\/finarte.fi\/fi\/#website\"},\"primaryImageOfPage\":{\"@id\":\"https:\/\/finarte.fi\/fi\/kauppa\/tuotteet\/sisustustuotteet\/tyynyt\/popsicle-tyynynpaallinen\/#primaryimage\"},\"image\":{\"@id\":\"https:\/\/finarte.fi\/fi\/kauppa\/tuotteet\/sisustustuotteet\/tyynyt\/popsicle-tyynynpaallinen\/#primaryimage\"},\"thumbnailUrl\":\"https:\/\/finarte.fi\/wp-content\/uploads\/2023\/08\/finarte-popsicle-cushion-cover.webp\",\"datePublished\":\"2024-05-04T08:21:10+00:00\",\"dateModified\":\"2026-04-01T16:19:24+00:00\",\"breadcrumb\":{\"@id\":\"https:\/\/finarte.fi\/fi\/kauppa\/tuotteet\/sisustustuotteet\/tyynyt\/popsicle-tyynynpaallinen\/#breadcrumb\"},\"inLanguage\":\"fi\",\"potentialAction\":[{\"@type\":\"ReadAction\",\"target\":[\"https:\/\/finarte.fi\/fi\/kauppa\/tuotteet\/sisustustuotteet\/tyynyt\/popsicle-tyynynpaallinen\/\"]}]},{\"@type\":\"ImageObject\",\"inLanguage\":\"fi\",\"@id\":\"https:\/\/finarte.fi\/fi\/kauppa\/tuotteet\/sisustustuotteet\/tyynyt\/popsicle-tyynynpaallinen\/#primaryimage\",\"url\":\"https:\/\/finarte.fi\/wp-content\/uploads\/2023\/08\/finarte-popsicle-cushion-cover.webp\",\"contentUrl\":\"https:\/\/finarte.fi\/wp-content\/uploads\/2023\/08\/finarte-popsicle-cushion-cover.webp\",\"width\":1080,\"height\":1350},{\"@type\":\"BreadcrumbList\",\"@id\":\"https:\/\/finarte.fi\/fi\/kauppa\/tuotteet\/sisustustuotteet\/tyynyt\/popsicle-tyynynpaallinen\/#breadcrumb\",\"itemListElement\":[{\"@type\":\"ListItem\",\"position\":1,\"name\":\"Home\",\"item\":\"https:\/\/finarte.fi\/fi\/\"},{\"@type\":\"ListItem\",\"position\":2,\"name\":\"Shop\",\"item\":\"https:\/\/finarte.fi\/fi\/kauppa\/\"},{\"@type\":\"ListItem\",\"position\":3,\"name\":\"Popsicle villa-puuvilla tyynynp\u00e4\u00e4llinen\"}]},{\"@type\":\"WebSite\",\"@id\":\"https:\/\/finarte.fi\/fi\/#website\",\"url\":\"https:\/\/finarte.fi\/fi\/\",\"name\":\"Finarte\",\"description\":\"\",\"potentialAction\":[{\"@type\":\"SearchAction\",\"target\":{\"@type\":\"EntryPoint\",\"urlTemplate\":\"https:\/\/finarte.fi\/fi\/?s={search_term_string}\"},\"query-input\":{\"@type\":\"PropertyValueSpecification\",\"valueRequired\":true,\"valueName\":\"search_term_string\"}}],\"inLanguage\":\"fi\"}]}<\/script>\n<!-- \/ Yoast SEO plugin. -->","yoast_head_json":{"title":"Popsicle villa-puuvilla tyynynp\u00e4\u00e4llinen - Finarte","robots":{"index":"index","follow":"follow","max-snippet":"max-snippet:-1","max-image-preview":"max-image-preview:large","max-video-preview":"max-video-preview:-1"},"canonical":"https:\/\/finarte.fi\/fi\/kauppa\/tuotteet\/sisustustuotteet\/tyynyt\/popsicle-tyynynpaallinen\/","og_locale":"fi_FI","og_type":"article","og_title":"Popsicle villa-puuvilla tyynynp\u00e4\u00e4llinen - Finarte","og_url":"https:\/\/finarte.fi\/fi\/kauppa\/tuotteet\/sisustustuotteet\/tyynyt\/popsicle-tyynynpaallinen\/","og_site_name":"Finarte","article_modified_time":"2026-04-01T16:19:24+00:00","og_image":[{"width":1080,"height":1350,"url":"https:\/\/finarte.fi\/wp-content\/uploads\/2023\/08\/finarte-popsicle-cushion-cover.webp","type":"image\/webp"}],"twitter_card":"summary_large_image","twitter_description":"[row style=\"collapse\"]  [col span__sm=\"12\"] Tuotekuvaus Popsicle-tyynynp\u00e4\u00e4llinen on kuvittaja Minni Havaksen suunnittelema. Tyynyn etupuolen kuvio on k\u00e4sin kirjaitu pehme\u00e4st\u00e4 villasta villakankaalle ja tyynyn takapuoli on l\u00e4mpim\u00e4n luonnonvalkoista puuvillaa. Popsiclen kuviossa yhdistyy lilan, turkoosin, mustan ja beigen s\u00e4vyt. V\u00e4rik\u00e4s mutta kokonaisilmeelt\u00e4\u00e4n rauhallinen Popsicle on helppo yhdist\u00e4\u00e4 muihin yksinkertaisempiin tai kuviollisiin tyynyihin luodaksesi leikkis\u00e4n kokonaisuuden.  Valmistettu vastuullisesti k\u00e4sity\u00f6n\u00e4 Intiassa.  [\/col]  [\/row]","twitter_misc":{"Arvioitu lukuaika":"1 minuutti"},"schema":{"@context":"https:\/\/schema.org","@graph":[{"@type":"WebPage","@id":"https:\/\/finarte.fi\/fi\/kauppa\/tuotteet\/sisustustuotteet\/tyynyt\/popsicle-tyynynpaallinen\/","url":"https:\/\/finarte.fi\/fi\/kauppa\/tuotteet\/sisustustuotteet\/tyynyt\/popsicle-tyynynpaallinen\/","name":"Popsicle villa-puuvilla tyynynp\u00e4\u00e4llinen - Finarte","isPartOf":{"@id":"https:\/\/finarte.fi\/fi\/#website"},"primaryImageOfPage":{"@id":"https:\/\/finarte.fi\/fi\/kauppa\/tuotteet\/sisustustuotteet\/tyynyt\/popsicle-tyynynpaallinen\/#primaryimage"},"image":{"@id":"https:\/\/finarte.fi\/fi\/kauppa\/tuotteet\/sisustustuotteet\/tyynyt\/popsicle-tyynynpaallinen\/#primaryimage"},"thumbnailUrl":"https:\/\/finarte.fi\/wp-content\/uploads\/2023\/08\/finarte-popsicle-cushion-cover.webp","datePublished":"2024-05-04T08:21:10+00:00","dateModified":"2026-04-01T16:19:24+00:00","breadcrumb":{"@id":"https:\/\/finarte.fi\/fi\/kauppa\/tuotteet\/sisustustuotteet\/tyynyt\/popsicle-tyynynpaallinen\/#breadcrumb"},"inLanguage":"fi","potentialAction":[{"@type":"ReadAction","target":["https:\/\/finarte.fi\/fi\/kauppa\/tuotteet\/sisustustuotteet\/tyynyt\/popsicle-tyynynpaallinen\/"]}]},{"@type":"ImageObject","inLanguage":"fi","@id":"https:\/\/finarte.fi\/fi\/kauppa\/tuotteet\/sisustustuotteet\/tyynyt\/popsicle-tyynynpaallinen\/#primaryimage","url":"https:\/\/finarte.fi\/wp-content\/uploads\/2023\/08\/finarte-popsicle-cushion-cover.webp","contentUrl":"https:\/\/finarte.fi\/wp-content\/uploads\/2023\/08\/finarte-popsicle-cushion-cover.webp","width":1080,"height":1350},{"@type":"BreadcrumbList","@id":"https:\/\/finarte.fi\/fi\/kauppa\/tuotteet\/sisustustuotteet\/tyynyt\/popsicle-tyynynpaallinen\/#breadcrumb","itemListElement":[{"@type":"ListItem","position":1,"name":"Home","item":"https:\/\/finarte.fi\/fi\/"},{"@type":"ListItem","position":2,"name":"Shop","item":"https:\/\/finarte.fi\/fi\/kauppa\/"},{"@type":"ListItem","position":3,"name":"Popsicle villa-puuvilla tyynynp\u00e4\u00e4llinen"}]},{"@type":"WebSite","@id":"https:\/\/finarte.fi\/fi\/#website","url":"https:\/\/finarte.fi\/fi\/","name":"Finarte","description":"","potentialAction":[{"@type":"SearchAction","target":{"@type":"EntryPoint","urlTemplate":"https:\/\/finarte.fi\/fi\/?s={search_term_string}"},"query-input":{"@type":"PropertyValueSpecification","valueRequired":true,"valueName":"search_term_string"}}],"inLanguage":"fi"}]}},"_links":{"self":[{"href":"https:\/\/finarte.fi\/fi\/wp-json\/wp\/v2\/product\/10393","targetHints":{"allow":["GET"]}}],"collection":[{"href":"https:\/\/finarte.fi\/fi\/wp-json\/wp\/v2\/product"}],"about":[{"href":"https:\/\/finarte.fi\/fi\/wp-json\/wp\/v2\/types\/product"}],"replies":[{"embeddable":true,"href":"https:\/\/finarte.fi\/fi\/wp-json\/wp\/v2\/comments?post=10393"}],"wp:featuredmedia":[{"embeddable":true,"href":"https:\/\/finarte.fi\/fi\/wp-json\/wp\/v2\/media\/2091"}],"wp:attachment":[{"href":"https:\/\/finarte.fi\/fi\/wp-json\/wp\/v2\/media?parent=10393"}],"wp:term":[{"taxonomy":"product_brand","embeddable":true,"href":"https:\/\/finarte.fi\/fi\/wp-json\/wp\/v2\/product_brand?post=10393"},{"taxonomy":"product_cat","embeddable":true,"href":"https:\/\/finarte.fi\/fi\/wp-json\/wp\/v2\/product_cat?post=10393"},{"taxonomy":"product_tag","embeddable":true,"href":"https:\/\/finarte.fi\/fi\/wp-json\/wp\/v2\/product_tag?post=10393"}],"curies":[{"name":"wp","href":"https:\/\/api.w.org\/{rel}","templated":true}]}}