{"id":8692,"date":"2024-01-17T15:12:15","date_gmt":"2024-01-17T13:12:15","guid":{"rendered":"https:\/\/finarte.fi\/snow-washing-how-to-do-it\/"},"modified":"2024-01-17T16:47:09","modified_gmt":"2024-01-17T14:47:09","slug":"kuinka-puhdistaa-matto-lumella","status":"publish","type":"page","link":"https:\/\/finarte.fi\/fi\/kuinka-puhdistaa-matto-lumella\/","title":{"rendered":"Aika lumipesulle &#8211; Kuinka puhdistaa matto lumella?"},"content":{"rendered":"\t<div id=\"text-3033374351\" class=\"text\">\n\t\t\n<h1>AIKA LUMIPESULLE<\/h1>\n\t\t\n<style>\n#text-3033374351 {\n  text-align: center;\n}\n<\/style>\n\t<\/div>\n\t\n<h4 style=\"text-align: center;\"><span class=\"Superette-Light-Web\" style=\"font-size: 150%;\">Kuinka pest\u00e4 matto lumessa?<\/span><\/h4>\n\t<div id=\"gap-275430052\" class=\"gap-element clearfix\" style=\"display:block; height:auto;\">\n\t\t\n<style>\n#gap-275430052 {\n  padding-top: 30px;\n}\n<\/style>\n\t<\/div>\n\t\n<div class=\"row\"  id=\"row-1088249191\">\n\n\t<div id=\"col-734626294\" class=\"col small-12 large-12\"  >\n\t\t\t\t<div class=\"col-inner\"  >\n\t\t\t\n\t\t\t\n<div class=\"row\"  id=\"row-677967900\">\n\n\t<div id=\"col-82064630\" class=\"col medium-6 small-12 large-6\"  >\n\t\t\t\t<div class=\"col-inner\"  >\n\t\t\t\n\t\t\t\n\t<div class=\"img has-hover x md-x lg-x y md-y lg-y\" id=\"image_568156334\">\n\t\t\t\t\t\t\t\t<div class=\"img-inner dark\" >\n\t\t\t<img loading=\"lazy\" decoding=\"async\" width=\"819\" height=\"1024\" src=\"https:\/\/finarte.fi\/wp-content\/uploads\/2024\/01\/lumipesu1-819x1024.webp\" class=\"attachment-large size-large\" alt=\"\" srcset=\"https:\/\/finarte.fi\/wp-content\/uploads\/2024\/01\/lumipesu1-819x1024.webp 819w, https:\/\/finarte.fi\/wp-content\/uploads\/2024\/01\/lumipesu1-240x300.webp 240w, https:\/\/finarte.fi\/wp-content\/uploads\/2024\/01\/lumipesu1-768x960.webp 768w, https:\/\/finarte.fi\/wp-content\/uploads\/2024\/01\/lumipesu1-510x638.webp 510w, https:\/\/finarte.fi\/wp-content\/uploads\/2024\/01\/lumipesu1.webp 1080w\" sizes=\"auto, (max-width: 819px) 100vw, 819px\" \/>\t\t\t\t\t\t\n\t\t\t\t\t<\/div>\n\t\t\t\t\t\t\t\t\n<style>\n#image_568156334 {\n  width: 100%;\n}\n<\/style>\n\t<\/div>\n\t\n\t\t<\/div>\n\t\t\t\t\t<\/div>\n\n\t\n\n\t<div id=\"col-974261802\" class=\"col medium-6 small-12 large-6\"  >\n\t\t\t\t<div class=\"col-inner\"  >\n\t\t\t\n\t\t\t\n<p>Viime viikkoina l\u00e4mp\u00f6mittari on pysytellyt reippaasti pakkasen puolella. Kirpe\u00e4ss\u00e4 pakkass\u00e4\u00e4ss\u00e4 on omat hyv\u00e4t puolensa: nyt on nimitt\u00e4in t\u00e4ydellinen hetki puhdistaa matot ulkona, lumessa. Erityisesti villamatot nauttivat lumipesusta ja pakkasilman raikkaudesta. Lue alta vinkkimme kuinka toteuttaa villamaton pesu lumessa onnistuneesti.<\/p>\n<p><strong>1.<\/strong>\u00a0Imuroi aluksi matto sis\u00e4ll\u00e4 normaaliin tapaan ylim\u00e4\u00e4r\u00e4isest\u00e4 p\u00f6lyst\u00e4.<\/p>\n<p><strong>2.<\/strong>\u00a0Tuo matto ulos pakkaseen, mutta anna sen viilenty\u00e4 aluksi mattotelineell\u00e4. Lumi sulaa huoneenl\u00e4mp\u00f6iseen mattoon kiinni, joten maton on hyv\u00e4 olla viile\u00e4, kun sit\u00e4 l\u00e4htee puhdistamaan.<\/p>\n<p><strong>3.<\/strong>\u00a0K\u00e4yt\u00e4 lumipesussa vain puhdasta pakkaslunta. Levit\u00e4 matto lumelle ja ripottele lunta matolle. Mattoa voi my\u00f6s kieritt\u00e4\u00e4 lumessa tai sen voi raikastaa telineell\u00e4kin. Puhdista matto molemmin puolin.<\/p>\n<p><strong>4.<\/strong>\u00a0Ravistele ja harjaa kaikki lumi mahdollisimman huolellisesti pois, jotta matto ei kastu liiaksi sis\u00e4ll\u00e4.<\/p>\n<p><strong>5.<\/strong>\u00a0Maton voi antaa lev\u00e4t\u00e4 pesun j\u00e4lkeen viel\u00e4 hetki pakkasessa.<\/p>\n<p><strong>6.<\/strong> Matto on nyt puhdistunut ja raikastunut! Lumipesun j\u00e4lkeen villamaton v\u00e4ritkin kirkastuvat. Huomaathan, ett\u00e4 sis\u00e4lle tuotaessa matto on hetken viel\u00e4 kostea.<\/p>\n<p>Villamaton pesu lumessa kannattaa. Ihania raikkaita talvip\u00e4ivi\u00e4 ja puhtaita mattoja!<\/p>\n\t\t<\/div>\n\t\t\t\t\t<\/div>\n\n\t\n<\/div>\n\t\t<\/div>\n\t\t\t\t\n<style>\n#col-734626294 > .col-inner {\n  padding: 0px 10px 0px 10px;\n}\n<\/style>\n\t<\/div>\n\n\t\n<\/div>\n","protected":false},"excerpt":{"rendered":"<p>Kuinka pest\u00e4 matto lumessa?<\/p>\n","protected":false},"author":2,"featured_media":0,"parent":0,"menu_order":0,"comment_status":"closed","ping_status":"closed","template":"","meta":{"footnotes":""},"class_list":["post-8692","page","type-page","status-publish","hentry"],"yoast_head":"<!-- This site is optimized with the Yoast SEO plugin v27.3 - https:\/\/yoast.com\/product\/yoast-seo-wordpress\/ -->\n<title>Aika lumipesulle - Kuinka puhdistaa matto lumella? - Finarte<\/title>\n<meta name=\"robots\" content=\"index, follow, max-snippet:-1, max-image-preview:large, max-video-preview:-1\" \/>\n<link rel=\"canonical\" href=\"https:\/\/finarte.fi\/fi\/kuinka-puhdistaa-matto-lumella\/\" \/>\n<meta property=\"og:locale\" content=\"fi_FI\" \/>\n<meta property=\"og:type\" content=\"article\" \/>\n<meta property=\"og:title\" content=\"Aika lumipesulle - Kuinka puhdistaa matto lumella? - Finarte\" \/>\n<meta property=\"og:description\" content=\"Kuinka pest\u00e4 matto lumessa?\" \/>\n<meta property=\"og:url\" content=\"https:\/\/finarte.fi\/fi\/kuinka-puhdistaa-matto-lumella\/\" \/>\n<meta property=\"og:site_name\" content=\"Finarte\" \/>\n<meta property=\"article:modified_time\" content=\"2024-01-17T14:47:09+00:00\" \/>\n<meta name=\"twitter:card\" content=\"summary_large_image\" \/>\n<meta name=\"twitter:label1\" content=\"Arvioitu lukuaika\" \/>\n\t<meta name=\"twitter:data1\" content=\"2 minuuttia\" \/>\n<script type=\"application\/ld+json\" class=\"yoast-schema-graph\">{\"@context\":\"https:\\\/\\\/schema.org\",\"@graph\":[{\"@type\":\"WebPage\",\"@id\":\"https:\\\/\\\/finarte.fi\\\/fi\\\/kuinka-puhdistaa-matto-lumella\\\/\",\"url\":\"https:\\\/\\\/finarte.fi\\\/fi\\\/kuinka-puhdistaa-matto-lumella\\\/\",\"name\":\"Aika lumipesulle - Kuinka puhdistaa matto lumella? - Finarte\",\"isPartOf\":{\"@id\":\"https:\\\/\\\/finarte.fi\\\/fi\\\/#website\"},\"datePublished\":\"2024-01-17T13:12:15+00:00\",\"dateModified\":\"2024-01-17T14:47:09+00:00\",\"breadcrumb\":{\"@id\":\"https:\\\/\\\/finarte.fi\\\/fi\\\/kuinka-puhdistaa-matto-lumella\\\/#breadcrumb\"},\"inLanguage\":\"fi\",\"potentialAction\":[{\"@type\":\"ReadAction\",\"target\":[\"https:\\\/\\\/finarte.fi\\\/fi\\\/kuinka-puhdistaa-matto-lumella\\\/\"]}]},{\"@type\":\"BreadcrumbList\",\"@id\":\"https:\\\/\\\/finarte.fi\\\/fi\\\/kuinka-puhdistaa-matto-lumella\\\/#breadcrumb\",\"itemListElement\":[{\"@type\":\"ListItem\",\"position\":1,\"name\":\"Home\",\"item\":\"https:\\\/\\\/finarte.fi\\\/fi\\\/\"},{\"@type\":\"ListItem\",\"position\":2,\"name\":\"Aika lumipesulle &#8211; Kuinka puhdistaa matto lumella?\"}]},{\"@type\":\"WebSite\",\"@id\":\"https:\\\/\\\/finarte.fi\\\/fi\\\/#website\",\"url\":\"https:\\\/\\\/finarte.fi\\\/fi\\\/\",\"name\":\"Finarte\",\"description\":\"\",\"potentialAction\":[{\"@type\":\"SearchAction\",\"target\":{\"@type\":\"EntryPoint\",\"urlTemplate\":\"https:\\\/\\\/finarte.fi\\\/fi\\\/?s={search_term_string}\"},\"query-input\":{\"@type\":\"PropertyValueSpecification\",\"valueRequired\":true,\"valueName\":\"search_term_string\"}}],\"inLanguage\":\"fi\"}]}<\/script>\n<!-- \/ Yoast SEO plugin. -->","yoast_head_json":{"title":"Aika lumipesulle - Kuinka puhdistaa matto lumella? - Finarte","robots":{"index":"index","follow":"follow","max-snippet":"max-snippet:-1","max-image-preview":"max-image-preview:large","max-video-preview":"max-video-preview:-1"},"canonical":"https:\/\/finarte.fi\/fi\/kuinka-puhdistaa-matto-lumella\/","og_locale":"fi_FI","og_type":"article","og_title":"Aika lumipesulle - Kuinka puhdistaa matto lumella? - Finarte","og_description":"Kuinka pest\u00e4 matto lumessa?","og_url":"https:\/\/finarte.fi\/fi\/kuinka-puhdistaa-matto-lumella\/","og_site_name":"Finarte","article_modified_time":"2024-01-17T14:47:09+00:00","twitter_card":"summary_large_image","twitter_misc":{"Arvioitu lukuaika":"2 minuuttia"},"schema":{"@context":"https:\/\/schema.org","@graph":[{"@type":"WebPage","@id":"https:\/\/finarte.fi\/fi\/kuinka-puhdistaa-matto-lumella\/","url":"https:\/\/finarte.fi\/fi\/kuinka-puhdistaa-matto-lumella\/","name":"Aika lumipesulle - Kuinka puhdistaa matto lumella? - Finarte","isPartOf":{"@id":"https:\/\/finarte.fi\/fi\/#website"},"datePublished":"2024-01-17T13:12:15+00:00","dateModified":"2024-01-17T14:47:09+00:00","breadcrumb":{"@id":"https:\/\/finarte.fi\/fi\/kuinka-puhdistaa-matto-lumella\/#breadcrumb"},"inLanguage":"fi","potentialAction":[{"@type":"ReadAction","target":["https:\/\/finarte.fi\/fi\/kuinka-puhdistaa-matto-lumella\/"]}]},{"@type":"BreadcrumbList","@id":"https:\/\/finarte.fi\/fi\/kuinka-puhdistaa-matto-lumella\/#breadcrumb","itemListElement":[{"@type":"ListItem","position":1,"name":"Home","item":"https:\/\/finarte.fi\/fi\/"},{"@type":"ListItem","position":2,"name":"Aika lumipesulle &#8211; Kuinka puhdistaa matto lumella?"}]},{"@type":"WebSite","@id":"https:\/\/finarte.fi\/fi\/#website","url":"https:\/\/finarte.fi\/fi\/","name":"Finarte","description":"","potentialAction":[{"@type":"SearchAction","target":{"@type":"EntryPoint","urlTemplate":"https:\/\/finarte.fi\/fi\/?s={search_term_string}"},"query-input":{"@type":"PropertyValueSpecification","valueRequired":true,"valueName":"search_term_string"}}],"inLanguage":"fi"}]}},"_links":{"self":[{"href":"https:\/\/finarte.fi\/fi\/wp-json\/wp\/v2\/pages\/8692","targetHints":{"allow":["GET"]}}],"collection":[{"href":"https:\/\/finarte.fi\/fi\/wp-json\/wp\/v2\/pages"}],"about":[{"href":"https:\/\/finarte.fi\/fi\/wp-json\/wp\/v2\/types\/page"}],"author":[{"embeddable":true,"href":"https:\/\/finarte.fi\/fi\/wp-json\/wp\/v2\/users\/2"}],"replies":[{"embeddable":true,"href":"https:\/\/finarte.fi\/fi\/wp-json\/wp\/v2\/comments?post=8692"}],"version-history":[{"count":4,"href":"https:\/\/finarte.fi\/fi\/wp-json\/wp\/v2\/pages\/8692\/revisions"}],"predecessor-version":[{"id":8696,"href":"https:\/\/finarte.fi\/fi\/wp-json\/wp\/v2\/pages\/8692\/revisions\/8696"}],"wp:attachment":[{"href":"https:\/\/finarte.fi\/fi\/wp-json\/wp\/v2\/media?parent=8692"}],"curies":[{"name":"wp","href":"https:\/\/api.w.org\/{rel}","templated":true}]}}