{"id":5968,"date":"2023-01-31T14:14:35","date_gmt":"2023-01-31T12:14:35","guid":{"rendered":"https:\/\/finarte.fi\/privacy-policy\/"},"modified":"2023-10-13T12:28:35","modified_gmt":"2023-10-13T12:28:35","slug":"tietosuojaseloste","status":"publish","type":"page","link":"https:\/\/finarte.fi\/fi\/tietosuojaseloste\/","title":{"rendered":"Tietosuojaseloste"},"content":{"rendered":"<p style=\"text-align: left;\"><strong>TIETOSUOJASELOSTE<\/strong><\/p>\n<p>&nbsp;<\/p>\n<h4><b>REKISTERINPIT\u00c4J\u00c4<\/b><\/h4>\n<p>Finarte (India) Oy (\u201dFinarte\u201d tai \u201dme\u201d) k\u00e4sittelee verkkokaupan asiakkaiden henkil\u00f6tietoja tilauksen k\u00e4sittelemiseksi, asiakassuhteen hoitamiseen, sek\u00e4 suoramarkkinointitarkoituksiin. Lis\u00e4ksi k\u00e4sittelemme verkkosivuvierailijoidemme tietoja analytiikkatarkoituksiin.<\/p>\n<p>T\u00e4ss\u00e4 tietosuojaselosteessa kerromme miten henkil\u00f6tietojasi k\u00e4sitell\u00e4\u00e4n kun Finarte on rekisterinpit\u00e4j\u00e4.<\/p>\n<p>Rekisterinpit\u00e4j\u00e4n yhteystiedot:<\/p>\n<p>Finarte (India) Oy<br \/>\nY-tunnus 0924122-2<br \/>\nKirkkokatu 1<br \/>\n48100 Kotka<\/p>\n<p>store@finarte.fi<br \/>\n+358 5 2871181<\/p>\n<h4><b>MIT\u00c4 TIETOJA FINARTE KER\u00c4\u00c4 JA S\u00c4ILYTT\u00c4\u00c4<\/b><\/h4>\n<ol>\n<li>K\u00e4ytt\u00e4j\u00e4n itsens\u00e4 antamat tiedot\n<ul>\n<li>Tunnistautumistiedot, kuten nimi<\/li>\n<li>Yhteystiedot, kuten puhelinnumero, s\u00e4hk\u00f6postiosoite ja postiosoite<\/li>\n<li>Maksutiedot, kuten laskutustiedot sek\u00e4 maksuv\u00e4linetiedot<\/li>\n<li>Sijaintitiedot palvelun lokalisointia varten (valuutat, toimitustavat)<\/li>\n<li>Markkinointiviestiluvat<\/li>\n<li>Asiakkaan erillisell\u00e4 suostumuksella annetut personoivat tiedot, kuten asiakaskyselyvastaukset<\/li>\n<li>Tuotekohtaiset t\u00e4ydennysilmoitustilaukset<\/li>\n<\/ul>\n<\/li>\n<li>Palveluiden k\u00e4yt\u00f6st\u00e4 havaitut tiedot\n<ul>\n<li>Toimitustiedot, kuten toimitusosoite ja valittu maksutapa<\/li>\n<li>Ostoshistoria, kuten tilatut tuotteet, palautukset ja maksut<\/li>\n<li>Verkkokaupan selaus- ja k\u00e4ytt\u00f6tiedot<\/li>\n<li>P\u00e4\u00e4telaitteen tunnistetiedot<\/li>\n<li>Verkkokauppasessiotapahtumat, kuten ostoskorilis\u00e4ykset<\/li>\n<\/ul>\n<\/li>\n<li>Analytiikalla p\u00e4\u00e4tellyt tiedot\n<ul>\n<li>Selaus- ja ostotiedoista p\u00e4\u00e4telt\u00e4v\u00e4t tuotesuositukset<\/li>\n<li>Ostotiedoista p\u00e4\u00e4tellyt asiakasryhmittelyt ja kiinnostuksen kohteet<\/li>\n<li>Ostotiedoista p\u00e4\u00e4tellyt kokotiedot kokosuositusten antamista varten<\/li>\n<\/ul>\n<\/li>\n<\/ol>\n<p>P\u00e4\u00e4s\u00e4\u00e4nt\u00f6isesti tietojen l\u00e4hde on verkkosivujen k\u00e4ytt\u00e4j\u00e4\/asiakas itse. T\u00e4m\u00e4n lis\u00e4ksi saatamme hankkia lis\u00e4tietoja yhteisty\u00f6kumppaneiltamme, esim. luottopalveluiden tarjoajalta laskupalveluita varten. Voit n\u00e4hd\u00e4 omistamasi tiedot asiakastilin kautta sek\u00e4 halutessasi sinulla on mahdollisuus h\u00e4vitt\u00e4\u00e4 itseesi liittyv\u00e4t tunnistetiedot.<\/p>\n<p>Rekister\u00f6ityneist\u00e4 tai tilauksen tehneist\u00e4 asiakkaista ker\u00e4\u00e4mme tilauksen toteutumiseen tarvittavia tietoja, joita on: asiakkaan nimi, yhteystiedot (s\u00e4hk\u00f6posti, puhelinnnumero, toimitus- ja laskutusosoite), maksutavan valinta sek\u00e4 muut asiakkaan antamat lis\u00e4tiedot.<\/p>\n<p>T\u00e4m\u00e4n lis\u00e4ksi ker\u00e4\u00e4mme tietoja tilaus- ja toimitushistoriasta, asiakaskommunikaatiosta (sis. reklamaatiot) ja suoramarkkinointiin liittyv\u00e4t suostumukset ja kiellot.<\/p>\n<p>Yritysasiakkaiden edustajien kohdalla yrityksen nimi, y-tunnus sek\u00e4 muut yritysasiakkaan antaman lis\u00e4tiedot kuuluvat ker\u00e4tt\u00e4vien tietojen piiriin.<\/p>\n<p>Lis\u00e4ksi voimme k\u00e4sitell\u00e4 kaikista verkkokaupan vierailijoista er\u00e4it\u00e4 teknisi\u00e4 tietoja, joita voidaan joissain tilanteissa pit\u00e4\u00e4 henkil\u00f6tietoina, kuten IP-osoitteesi, k\u00e4ytt\u00f6j\u00e4rjestelm\u00e4 ja laitetyyppi, sivuhistoria verkkokaupan sis\u00e4ll\u00e4 ja verkkokaupan hakuhistoria (mm. verkkokaupasta etsim\u00e4si tuotteet).<\/p>\n<h4><b>EV\u00c4STEET JA ANALYTIIKKATY\u00d6KALUT<\/b><\/h4>\n<p>Finarten nettisivut hy\u00f6dynt\u00e4v\u00e4t ev\u00e4steit\u00e4 sek\u00e4 vastaavia selainteknisi\u00e4 toimintoja, kuten selaimen muistia. Ev\u00e4ste on pieni, k\u00e4ytt\u00e4j\u00e4n tietokoneelle tallennettava tekstitiedosto. Jos et halua sivustojen tallentavan ev\u00e4steit\u00e4 tietokoneeseesi, voit est\u00e4\u00e4 ev\u00e4steet selainasetuksistasi. T\u00e4ll\u00f6in emme voi taata, ett\u00e4 verkkokauppamme toimii parhaalla mahdollisella tavalla.<\/p>\n<p>Ev\u00e4steit\u00e4 k\u00e4ytet\u00e4\u00e4n mm. ostoskorin toiminnallisuuksiin, k\u00e4ytt\u00e4j\u00e4n tunnistamiseen ja rekister\u00f6ityneen asiakkaan kirjautumiseen. Oletusarvoisesti selaimesi ev\u00e4steet s\u00e4ilyv\u00e4t yhden kuukauden, ellet poista niit\u00e4 erikseen. Ev\u00e4steiden poistaminen onnistuu selaimesi asetuksista. Muista kuitenkin, ett\u00e4 selaimeesi latautuu uudet ev\u00e4steet, kun vierailet sivuillamme taas. Ev\u00e4steiden ja niiden k\u00e4yt\u00f6n hyv\u00e4ksyminen on pakollista.<\/p>\n<p>Ev\u00e4steit\u00e4 k\u00e4ytet\u00e4\u00e4n my\u00f6s verkkokaupan sek\u00e4 markkinoinnin personoinnin mahdollistamiseksi. K\u00e4yt\u00e4mme ev\u00e4steit\u00e4 parantaaksemme verkkokauppamme k\u00e4ytett\u00e4vyytt\u00e4 ja toimivuutta. Lis\u00e4ksi hy\u00f6dynn\u00e4mme ev\u00e4steit\u00e4 analytiikkatiedon ker\u00e4\u00e4miseksi ja sosiaalisen median tilien integroimisessa sivustollemme.<\/p>\n<p>K\u00e4yt\u00e4mme lis\u00e4ksi Google Analytics -ty\u00f6kalua. Lis\u00e4\u00e4 tietoa Google Analyticsin tietosuojasta on saatavilla osoitteessa Google Analyticsin\u00a0<a href=\"https:\/\/support.google.com\/analytics\/answer\/6004245?hl=fi.\">tietosuojaselosteesta<\/a>.<\/p>\n<p>Tekniset analytiikkatiedot tallentuvat vierailun yhteydess\u00e4 automaattisesti.<\/p>\n<h4><b>MIHIN TIETOJANI K\u00c4YTET\u00c4\u00c4N?<\/b><\/h4>\n<p>Henkil\u00f6tietoja k\u00e4ytet\u00e4\u00e4n:<\/p>\n<ul>\n<li>Tilausten k\u00e4sittelyyn, toimitukseen, arkistointiin ja kirjanpitoon<\/li>\n<li>Asiakkuuksien yll\u00e4pitoon<\/li>\n<li>Finartenm sis\u00e4isten toimintojen kehitt\u00e4miseen<\/li>\n<li>Asiakaskokemuksen ja -palvelun kehitt\u00e4miseen<\/li>\n<li>Tilastointiin ja toiminnan johtamiseen<\/li>\n<li>Est\u00e4m\u00e4\u00e4n v\u00e4\u00e4rink\u00e4yt\u00f6kset<\/li>\n<li>Paremman ja henkil\u00f6kohtaisemman sis\u00e4ll\u00f6n ja markkinoinnin tuottamiseen<\/li>\n<li>Asiakaspalautusten helpottamiseen ja nopeuttamiseen<\/li>\n<li>Relevantin sis\u00e4ll\u00f6n kohdistamiseen<\/li>\n<\/ul>\n<p><b>Tilaussopimuksen t\u00e4yt\u00e4nt\u00f6\u00f6npano<\/b><\/p>\n<p>K\u00e4sittelemme henkil\u00f6tietoja tilauksen k\u00e4sittelemist\u00e4, vahvistamista ja toimittamista varten. Henkil\u00f6tietoja voidaan lis\u00e4ksi k\u00e4sitell\u00e4 tilausta tai tuotetta koskevien reklamaatioiden tai takuuta koskevien tilanteiden yhteydess\u00e4.<\/p>\n<p><b>Asiakasviestint\u00e4\u00e4n ja asiakassuhteen hoitaminen<\/b><\/p>\n<p>Asiakkaiden tietoja voidaan k\u00e4ytt\u00e4\u00e4 asiakaspalveluun, viestint\u00e4\u00e4n ja asiakassuhteen hallintaan ja yll\u00e4pit\u00e4miseen.<\/p>\n<p>Jos otat yhteytt\u00e4 asiakaspalveluumme, k\u00e4yt\u00e4mme annettuja tietoja kysymyksiin vastaamiseen ja mahdollisten ongelmien ratkaisemiseen sek\u00e4 viestisi k\u00e4sittelyyn.<\/p>\n<p><b>Suoramarkkinointitarkoitukset<\/b><\/p>\n<p>Mik\u00e4li olet tilannut uutiskirjeemme tai muulla tavoin ilmaissut haluavasi vastaanottaa suoramarkkinointimateriaalia, voimme k\u00e4sitell\u00e4 henkil\u00f6tietojasi l\u00e4hett\u00e4\u00e4ksemme sinulle suoramarkkinointimateriaalia, kuten tietoa tuotteistamme sek\u00e4 ajankohtaisista tarjouksista ja tapahtumista.<\/p>\n<p>Lis\u00e4\u00e4 tietoa henkil\u00f6tietojen k\u00e4ytt\u00e4misest\u00e4 suoramarkkinoinnissa saat kohdasta 10. Sinulla on aina oikeus kielt\u00e4\u00e4 s\u00e4hk\u00f6inen suoramarkkinointi.<\/p>\n<p><b>Henkil\u00f6tietojen k\u00e4sittelyn perusteet<\/b><\/p>\n<p>Henkil\u00f6tietoja voivat k\u00e4sitell\u00e4 ainoastaan ne henkil\u00f6t, joiden ty\u00f6teht\u00e4vien puolesta t\u00e4m\u00e4 on perusteltua. Henkil\u00f6tiedot on suojattu asiattomalta p\u00e4\u00e4sylt\u00e4 asianmukaisin k\u00e4ytt\u00e4j\u00e4kohtaisin tunnuksin, salasanoin ja k\u00e4ytt\u00f6oikeuksin.<\/p>\n<p>Finarte noudattaa asiakastietojen k\u00e4sittelyss\u00e4 hyvi\u00e4 tietosuojak\u00e4yt\u00e4nt\u00f6j\u00e4 ja p\u00e4\u00e4sy\u00e4 tietoihin valvotaan. 25.5.2018 alkaen noudatettavan EU:n tietosuoja-asetuksen vaatimuksia noudatetaan henkil\u00f6tietojen k\u00e4sittelyss\u00e4.<\/p>\n<h4><b>S\u00c4ILYTYSAIKA JA OMIEN TIETOJEN TARKASTELU<\/b><\/h4>\n<p>S\u00e4ilyt\u00e4mme tietoja tarvittavan ajan, jotta pystymme toteuttamaan t\u00e4ss\u00e4 selosteessa mainitut k\u00e4ytt\u00f6tarkoitukset.<\/p>\n<p>Asiakkaan niin halutessa h\u00e4nen tietonsa voidaan anonymisoida, jolloin kaikki henkil\u00f6tiedot poistetaan pseudonymisoimalla ne tilist\u00e4 ja ostohistoriasta. N\u00e4in anonymisoidusta tilist\u00e4 asiakasta ei voida tunnistaa eik\u00e4 kyseist\u00e4 tili\u00e4 pysty sellaisenaan en\u00e4\u00e4 palauttamaan.<\/p>\n<p>Lains\u00e4\u00e4d\u00e4nt\u00f6 tai maksamattomat velat saattavat joissain tapauksissa velvoittaa Finartea s\u00e4ilytt\u00e4m\u00e4\u00e4n osan asiakastiedoista anonymisointitoiveesta huolimatta.<\/p>\n<p>S\u00e4ilyt\u00e4mme asiakkaidemme henkil\u00f6tietoja ainoastaan niin kauan kuin lains\u00e4\u00e4d\u00e4nt\u00f6 sit\u00e4 vaatii tai kuin se on tarpeellisia yll\u00e4 yksil\u00f6ityjen k\u00e4ytt\u00f6tarkoitusten toteuttamiseksi.<\/p>\n<ul>\n<li>P\u00e4\u00e4sy sinua koskeviin henkil\u00f6tietoihin, jotka on Finartella. Saat halutessasi my\u00f6s j\u00e4ljenn\u00f6ksen n\u00e4ist\u00e4.<\/li>\n<li>Voit pyyt\u00e4\u00e4 meit\u00e4 oikaisemaan sinua koskevia tietoja<\/li>\n<li>Tietyin edellytyksin voit pyyt\u00e4\u00e4 tietojesi k\u00e4sittelyyn rajoituksia<\/li>\n<\/ul>\n<p>Tietojen s\u00e4ilytys ja k\u00e4sittely perustuvat antamaasi suostumukseen ja sinulla on luonnollisesti oikeus peruuttaa suostumuksesi. T\u00e4m\u00e4 onnistuu ottamalla meihin yhteytt\u00e4 store@finarte.fi<\/p>\n<p>Oikaisupyynn\u00f6t tai muut asiakastietoihisi liittyv\u00e4t pyynn\u00f6t tai kysymykset voit l\u00e4hett\u00e4\u00e4 asiakaspalveluumme. Mik\u00e4li huomaat k\u00e4sittelyss\u00e4mme tai toiminnassamme puutteita, sinulla on oikeus tehd\u00e4 asiasta valitus tietosuojaviranomaiselle. Kerrothan asiasta my\u00f6s meille, jotta voimme korjata virheemme.<\/p>\n<p>K\u00e4sittelemme henkil\u00f6tietoja hoitaaksemme sopimussuhteeseen perustuvat velvollisuutemme rekister\u00f6ity\u00e4 kohtaan, tai sopimuksen tekemist\u00e4 edelt\u00e4vien toimenpiteiden toteuttamiseksi. Lis\u00e4ksi k\u00e4sittelemme henkil\u00f6tietoja suostumuksen perusteella silloin kun rekister\u00f6ity on antanut henkil\u00f6tiedon k\u00e4sittelylle suostumuksensa, sek\u00e4 oikeutetun edun perusteella yll\u00e4pit\u00e4\u00e4ksemme ja kehitt\u00e4\u00e4ksemme liiketoimintaamme, esimerkiksi verkkosivuanalytiikan ker\u00e4\u00e4miseen.<\/p>\n<p>Rekister\u00f6idyll\u00e4 on oikeus peruuttaa suostumuksensa min\u00e4 tahansa ajankohtana ottamalla meihin yhteytt\u00e4.<\/p>\n<h4><b>HENKIL\u00d6TIETOJEN SIIRT\u00c4MINEN ETA-ALUEEN ULKOPUOLELLE<\/b><\/h4>\n<p>P\u00e4\u00e4s\u00e4\u00e4nt\u00f6isesti k\u00e4sittelemme henkil\u00f6tietoja Euroopan talousalueen sis\u00e4ll\u00e4.<\/p>\n<p>Saatamme kuitenkin joissain tilanteissa siirt\u00e4\u00e4 henkil\u00f6tietoja k\u00e4sitelt\u00e4v\u00e4ksi t\u00e4m\u00e4n alueen ulkopuolelle. T\u00e4ll\u00f6in huolehdimme, ett\u00e4 kansainv\u00e4lisi\u00e4 siirtoja koskevat sopimukset sis\u00e4lt\u00e4v\u00e4t kansainv\u00e4lisi\u00e4 siirtoja koskevat mallilausekkeet tai ett\u00e4 siirrot muuten tapahtuvat muun kulloinkin voimassaolevan EU-komission hyv\u00e4ksym\u00e4n j\u00e4rjestelyn mukaisesti, esimerkiksi Privacy Shield -ohjelman puitteissa.<\/p>\n<h4><b>P\u00c4\u00c4TYYK\u00d6 TIETOJANI KOLMANSILLE OSAPUOLILLE?<\/b><\/h4>\n<p>Jotkin v\u00e4ltt\u00e4m\u00e4tt\u00f6m\u00e4t tiedot v\u00e4littyv\u00e4t kolmansille osapuolille maksutapahtuman, toimituksen tai markkinointiviestien mahdollistamiseksi. Esimerkiksi toimituksien mahdollistamiseksi osoite- ja yhteystietosi v\u00e4littyv\u00e4t logistiikasta vastaaville tahoille. Verkkokauppatapahtumat v\u00e4littyv\u00e4t k\u00e4ytt\u00e4m\u00e4\u00e4mme sis\u00e4lt\u00f6- ja markkinointikohdennusj\u00e4rjestelm\u00e4\u00e4n, johon vain meill\u00e4 on p\u00e4\u00e4sy. Maksutapahtuman yhteydess\u00e4 maksutietosi kulkevat luotetun maksunv\u00e4litt\u00e4j\u00e4n kautta.<\/p>\n<p>Maksutapahtumien osalta rekisterinpit\u00e4j\u00e4n\u00e4 toimii kulloinkin valittu maksupalveluntarjoaja. Maksupalveluntarjoajien tietosuojaselosteet ovat luettavissa kunkin palveluntarjoajan omilta sivuilta:<\/p>\n<p><a href=\"https:\/\/www.paypal.com\/us\/webapps\/mpp\/ua\/privacy-full\">Paypal<\/a><\/p>\n<p><a href=\"https:\/\/cdn.klarna.com\/1.0\/shared\/content\/legal\/terms\/0\/fi_fi\/privacy\">Klarna<\/a><\/p>\n<p>Kullekin taholle l\u00e4hetet\u00e4\u00e4n vain palvelun toteutumisen kannalta v\u00e4ltt\u00e4m\u00e4tt\u00f6min tieto eik\u00e4 n\u00e4ill\u00e4 palveluntarjoajilla ole oikeutta k\u00e4ytt\u00e4\u00e4 tietojasi muuhun kuin palvelun toteuttamiseen. Kaikki tiedonsiirto tapahtuu salattujen yhteyksien kautta.<\/p>\n<p>Emme luovuta henkil\u00f6tietojasi Finarten organisaation ulkopuolisille osapuolille, lukuun ottamatta seuraavia tilanteita:<\/p>\n<p><b>Oikeudellisista syist\u00e4<\/b><\/p>\n<p>Voimme luovuttaa henkil\u00f6tietoja Finarten organisaation ulkopuolisille osapuolille, jos p\u00e4\u00e4sy henkil\u00f6tietoihin on kohtuullisesti katsoen tarpeellista (i) soveltuvan lain, s\u00e4\u00e4ntelyn tai tuomioistuimen p\u00e4\u00e4t\u00f6ksen noudattamiseksi; (ii) petoksen, identiteettivarkauden, rahanpesun, terrorismin rahoittamisen taikka tietoturva- tai teknisten ongelmien havaitsemiseksi, est\u00e4miseksi tai muutoin asian k\u00e4sittelemiseksi; tai (iii) muun yleisen edun edellytt\u00e4m\u00e4n tarkoituksen varmistamiseksi lains\u00e4\u00e4d\u00e4nn\u00f6n mukaisesti.<\/p>\n<p><b>Valtuutetuille palveluntarjoajille<\/b><\/p>\n<p>Voimme luovuttaa henkil\u00f6tietoja meille palveluita suorittaville valtuutetuille palveluntarjoajille, esimerkiksi kuljetuspalvelusta vastaavalle palveluntarjoajalle. Sopimuksemme palveluntarjoajiemme kanssa sis\u00e4lt\u00e4v\u00e4t sitoumukset, joiden mukaisesti palveluntarjoajat sitoutuvat rajoittamaan henkil\u00f6tietojen k\u00e4ytt\u00f6\u00e4 sek\u00e4 noudattamaan v\u00e4hint\u00e4\u00e4n t\u00e4m\u00e4n tietosuojaselosteen mukaisia yksityisyys- ja tietoturvastandardeja.<\/p>\n<p><b>Nimenomaisella suostumuksellasi<\/b><\/p>\n<p>Voimme luovuttaa henkil\u00f6tietoja Finarten organisaation ulkopuolisille kolmansille osapuolille muista, kuin edell\u00e4 mainituista syist\u00e4, kun meill\u00e4 on siihen rekister\u00f6idyn nimenomainen suostumus. Rekister\u00f6idyll\u00e4 on oikeus peruuttaa t\u00e4llainen suostumus milloin tahansa ottamalla meihin yhteytt\u00e4.<\/p>\n<h4><b>SUORAMARKKINOINTI<\/b><\/h4>\n<p>Mik\u00e4li olet antanut suostumuksesi suoramarkkinoinnin vastaanottamiseen esimerkiksi tilaamalla uutiskirjeen, voimme l\u00e4hett\u00e4\u00e4 sinulle tiedotteita koskien tuotteitamme, tarjouksiamme tai tapahtumiamme.<\/p>\n<p>Rekister\u00f6idyll\u00e4 on aina oikeus kielt\u00e4\u00e4 meit\u00e4 k\u00e4ytt\u00e4m\u00e4st\u00e4 henkil\u00f6tietoja suoramarkkinointiin, markkinatutkimukseen tai profilointiin ottamalla meihin. yhteytt\u00e4 yll\u00e4 osoitettujen yhteystietojen mukaisesti taikka k\u00e4ytt\u00e4m\u00e4ll\u00e4 suoramarkkinointiviestien yhteydess\u00e4 tarjottavaa tilauksen peruuttamismahdollisuutta.<\/p>\n<h4><b>VALITUKSEN TEKEMINEN<\/b><\/h4>\n<p>Sinulla on oikeus tehd\u00e4 valitus valvontaviranomaiselle, jos koet Finarten henkil\u00f6tietojen k\u00e4sittelyn olevan tietosuojalains\u00e4\u00e4d\u00e4nn\u00f6n vastaista.<\/p>\n<h4><b>FINARTEN OIKEUS MUUTTAA T\u00c4T\u00c4 TIETOSUOJASELOSTETTA<\/b><\/h4>\n<p>Pyrimme kehitt\u00e4m\u00e4\u00e4n palveluitamme jatkuvasti ja tarjoamaan paremman asiakaskokemuksen k\u00e4ytt\u00e4jillemme. T\u00e4m\u00e4n my\u00f6t\u00e4 joitakin palveluita ja toiminnallisuuksia saattaa tulla lis\u00e4\u00e4 tai ne voivat muuttua, jolloin p\u00e4ivit\u00e4mme t\u00e4t\u00e4 selostetta tarpeen mukaan. Lains\u00e4\u00e4d\u00e4nn\u00f6n muutokset saattavat my\u00f6s asettaa tarpeita muuttaa tai tarkentaa t\u00e4m\u00e4n selosteen osia.<\/p>\n<p>Merkitt\u00e4vist\u00e4 muutoksista ilmoitamme asiakkaillemme erikseen.<\/p>\n<p style=\"text-align: left;\"><strong>\u00a0<\/strong><\/p>\n","protected":false},"excerpt":{"rendered":"<p>TIETOSUOJASELOSTE &nbsp; REKISTERINPIT\u00c4J\u00c4 Finarte (India) Oy (\u201dFinarte\u201d tai \u201dme\u201d) k\u00e4sittelee verkkokaupan asiakkaiden henkil\u00f6tietoja tilauksen k\u00e4sittelemiseksi, asiakassuhteen hoitamiseen, sek\u00e4 suoramarkkinointitarkoituksiin. Lis\u00e4ksi k\u00e4sittelemme verkkosivuvierailijoidemme tietoja analytiikkatarkoituksiin. T\u00e4ss\u00e4 tietosuojaselosteessa kerromme miten henkil\u00f6tietojasi k\u00e4sitell\u00e4\u00e4n kun Finarte on rekisterinpit\u00e4j\u00e4. Rekisterinpit\u00e4j\u00e4n yhteystiedot: Finarte (India) Oy Y-tunnus 0924122-2 Kirkkokatu 1 48100 Kotka store@finarte.fi +358 5 2871181 MIT\u00c4 TIETOJA FINARTE KER\u00c4\u00c4 JA S\u00c4ILYTT\u00c4\u00c4 [&#8230;]\n","protected":false},"author":1,"featured_media":0,"parent":0,"menu_order":0,"comment_status":"closed","ping_status":"open","template":"","meta":{"footnotes":""},"class_list":["post-5968","page","type-page","status-publish","hentry"],"yoast_head":"<!-- This site is optimized with the Yoast SEO plugin v27.1.1 - https:\/\/yoast.com\/product\/yoast-seo-wordpress\/ -->\n<title>Tietosuojaseloste - Finarte<\/title>\n<meta name=\"robots\" content=\"index, follow, max-snippet:-1, max-image-preview:large, max-video-preview:-1\" \/>\n<link rel=\"canonical\" href=\"https:\/\/finarte.fi\/fi\/tietosuojaseloste\/\" \/>\n<meta property=\"og:locale\" content=\"fi_FI\" \/>\n<meta property=\"og:type\" content=\"article\" \/>\n<meta property=\"og:title\" content=\"Tietosuojaseloste - Finarte\" \/>\n<meta property=\"og:description\" content=\"TIETOSUOJASELOSTE &nbsp; REKISTERINPIT\u00c4J\u00c4 Finarte (India) Oy (\u201dFinarte\u201d tai \u201dme\u201d) k\u00e4sittelee verkkokaupan asiakkaiden henkil\u00f6tietoja tilauksen k\u00e4sittelemiseksi, asiakassuhteen hoitamiseen, sek\u00e4 suoramarkkinointitarkoituksiin. Lis\u00e4ksi k\u00e4sittelemme verkkosivuvierailijoidemme tietoja analytiikkatarkoituksiin. T\u00e4ss\u00e4 tietosuojaselosteessa kerromme miten henkil\u00f6tietojasi k\u00e4sitell\u00e4\u00e4n kun Finarte on rekisterinpit\u00e4j\u00e4. Rekisterinpit\u00e4j\u00e4n yhteystiedot: Finarte (India) Oy Y-tunnus 0924122-2 Kirkkokatu 1 48100 Kotka store@finarte.fi +358 5 2871181 MIT\u00c4 TIETOJA FINARTE KER\u00c4\u00c4 JA S\u00c4ILYTT\u00c4\u00c4 [...]\" \/>\n<meta property=\"og:url\" content=\"https:\/\/finarte.fi\/fi\/tietosuojaseloste\/\" \/>\n<meta property=\"og:site_name\" content=\"Finarte\" \/>\n<meta property=\"article:modified_time\" content=\"2023-10-13T12:28:35+00:00\" \/>\n<meta name=\"twitter:card\" content=\"summary_large_image\" \/>\n<meta name=\"twitter:label1\" content=\"Arvioitu lukuaika\" \/>\n\t<meta name=\"twitter:data1\" content=\"6 minuuttia\" \/>\n<script type=\"application\/ld+json\" class=\"yoast-schema-graph\">{\"@context\":\"https:\/\/schema.org\",\"@graph\":[{\"@type\":\"WebPage\",\"@id\":\"https:\/\/finarte.fi\/fi\/tietosuojaseloste\/\",\"url\":\"https:\/\/finarte.fi\/fi\/tietosuojaseloste\/\",\"name\":\"Tietosuojaseloste - Finarte\",\"isPartOf\":{\"@id\":\"https:\/\/finarte.fi\/fi\/#website\"},\"datePublished\":\"2023-01-31T12:14:35+00:00\",\"dateModified\":\"2023-10-13T12:28:35+00:00\",\"breadcrumb\":{\"@id\":\"https:\/\/finarte.fi\/fi\/tietosuojaseloste\/#breadcrumb\"},\"inLanguage\":\"fi\",\"potentialAction\":[{\"@type\":\"ReadAction\",\"target\":[\"https:\/\/finarte.fi\/fi\/tietosuojaseloste\/\"]}]},{\"@type\":\"BreadcrumbList\",\"@id\":\"https:\/\/finarte.fi\/fi\/tietosuojaseloste\/#breadcrumb\",\"itemListElement\":[{\"@type\":\"ListItem\",\"position\":1,\"name\":\"Home\",\"item\":\"https:\/\/finarte.fi\/fi\/\"},{\"@type\":\"ListItem\",\"position\":2,\"name\":\"Tietosuojaseloste\"}]},{\"@type\":\"WebSite\",\"@id\":\"https:\/\/finarte.fi\/fi\/#website\",\"url\":\"https:\/\/finarte.fi\/fi\/\",\"name\":\"Finarte\",\"description\":\"\",\"potentialAction\":[{\"@type\":\"SearchAction\",\"target\":{\"@type\":\"EntryPoint\",\"urlTemplate\":\"https:\/\/finarte.fi\/fi\/?s={search_term_string}\"},\"query-input\":{\"@type\":\"PropertyValueSpecification\",\"valueRequired\":true,\"valueName\":\"search_term_string\"}}],\"inLanguage\":\"fi\"}]}<\/script>\n<!-- \/ Yoast SEO plugin. -->","yoast_head_json":{"title":"Tietosuojaseloste - Finarte","robots":{"index":"index","follow":"follow","max-snippet":"max-snippet:-1","max-image-preview":"max-image-preview:large","max-video-preview":"max-video-preview:-1"},"canonical":"https:\/\/finarte.fi\/fi\/tietosuojaseloste\/","og_locale":"fi_FI","og_type":"article","og_title":"Tietosuojaseloste - Finarte","og_description":"TIETOSUOJASELOSTE &nbsp; REKISTERINPIT\u00c4J\u00c4 Finarte (India) Oy (\u201dFinarte\u201d tai \u201dme\u201d) k\u00e4sittelee verkkokaupan asiakkaiden henkil\u00f6tietoja tilauksen k\u00e4sittelemiseksi, asiakassuhteen hoitamiseen, sek\u00e4 suoramarkkinointitarkoituksiin. Lis\u00e4ksi k\u00e4sittelemme verkkosivuvierailijoidemme tietoja analytiikkatarkoituksiin. T\u00e4ss\u00e4 tietosuojaselosteessa kerromme miten henkil\u00f6tietojasi k\u00e4sitell\u00e4\u00e4n kun Finarte on rekisterinpit\u00e4j\u00e4. Rekisterinpit\u00e4j\u00e4n yhteystiedot: Finarte (India) Oy Y-tunnus 0924122-2 Kirkkokatu 1 48100 Kotka store@finarte.fi +358 5 2871181 MIT\u00c4 TIETOJA FINARTE KER\u00c4\u00c4 JA S\u00c4ILYTT\u00c4\u00c4 [...]","og_url":"https:\/\/finarte.fi\/fi\/tietosuojaseloste\/","og_site_name":"Finarte","article_modified_time":"2023-10-13T12:28:35+00:00","twitter_card":"summary_large_image","twitter_misc":{"Arvioitu lukuaika":"6 minuuttia"},"schema":{"@context":"https:\/\/schema.org","@graph":[{"@type":"WebPage","@id":"https:\/\/finarte.fi\/fi\/tietosuojaseloste\/","url":"https:\/\/finarte.fi\/fi\/tietosuojaseloste\/","name":"Tietosuojaseloste - Finarte","isPartOf":{"@id":"https:\/\/finarte.fi\/fi\/#website"},"datePublished":"2023-01-31T12:14:35+00:00","dateModified":"2023-10-13T12:28:35+00:00","breadcrumb":{"@id":"https:\/\/finarte.fi\/fi\/tietosuojaseloste\/#breadcrumb"},"inLanguage":"fi","potentialAction":[{"@type":"ReadAction","target":["https:\/\/finarte.fi\/fi\/tietosuojaseloste\/"]}]},{"@type":"BreadcrumbList","@id":"https:\/\/finarte.fi\/fi\/tietosuojaseloste\/#breadcrumb","itemListElement":[{"@type":"ListItem","position":1,"name":"Home","item":"https:\/\/finarte.fi\/fi\/"},{"@type":"ListItem","position":2,"name":"Tietosuojaseloste"}]},{"@type":"WebSite","@id":"https:\/\/finarte.fi\/fi\/#website","url":"https:\/\/finarte.fi\/fi\/","name":"Finarte","description":"","potentialAction":[{"@type":"SearchAction","target":{"@type":"EntryPoint","urlTemplate":"https:\/\/finarte.fi\/fi\/?s={search_term_string}"},"query-input":{"@type":"PropertyValueSpecification","valueRequired":true,"valueName":"search_term_string"}}],"inLanguage":"fi"}]}},"_links":{"self":[{"href":"https:\/\/finarte.fi\/fi\/wp-json\/wp\/v2\/pages\/5968","targetHints":{"allow":["GET"]}}],"collection":[{"href":"https:\/\/finarte.fi\/fi\/wp-json\/wp\/v2\/pages"}],"about":[{"href":"https:\/\/finarte.fi\/fi\/wp-json\/wp\/v2\/types\/page"}],"author":[{"embeddable":true,"href":"https:\/\/finarte.fi\/fi\/wp-json\/wp\/v2\/users\/1"}],"replies":[{"embeddable":true,"href":"https:\/\/finarte.fi\/fi\/wp-json\/wp\/v2\/comments?post=5968"}],"version-history":[{"count":2,"href":"https:\/\/finarte.fi\/fi\/wp-json\/wp\/v2\/pages\/5968\/revisions"}],"predecessor-version":[{"id":5970,"href":"https:\/\/finarte.fi\/fi\/wp-json\/wp\/v2\/pages\/5968\/revisions\/5970"}],"wp:attachment":[{"href":"https:\/\/finarte.fi\/fi\/wp-json\/wp\/v2\/media?parent=5968"}],"curies":[{"name":"wp","href":"https:\/\/api.w.org\/{rel}","templated":true}]}}