{"id":4543,"date":"2023-09-11T13:44:46","date_gmt":"2023-09-11T10:44:46","guid":{"rendered":"https:\/\/finarte.fi\/sustainability\/"},"modified":"2023-09-11T13:58:54","modified_gmt":"2023-09-11T13:58:54","slug":"vastuullisuus","status":"publish","type":"page","link":"https:\/\/finarte.fi\/fi\/vastuullisuus\/","title":{"rendered":"Vastuullisuus"},"content":{"rendered":"<div class=\"row\"  id=\"row-1850063932\">\n\n\t<div id=\"col-442633467\" class=\"col small-12 large-12\"  >\n\t\t\t\t<div class=\"col-inner\"  >\n\t\t\t\n\t\t\t\n\n  <div class=\"banner has-hover\" id=\"banner-348193541\">\n          <div class=\"banner-inner fill\">\n        <div class=\"banner-bg fill\" >\n            <img loading=\"lazy\" decoding=\"async\" width=\"827\" height=\"1024\" src=\"https:\/\/finarte.fi\/wp-content\/uploads\/2023\/04\/Finarte-Dyyni-mood.jpeg\" class=\"bg attachment-large size-large\" alt=\"\" \/>                        <div class=\"overlay\"><\/div>            \n                    <\/div>\n\t\t\n        <div class=\"banner-layers container\">\n            <div class=\"fill banner-link\"><\/div>            \n   <div id=\"text-box-764094159\" class=\"text-box banner-layer x90 md-x90 lg-x90 y50 md-y50 lg-y50 res-text\">\n                                <div class=\"text-box-content text dark\">\n              \n              <div class=\"text-inner text-center\">\n                  \n<h3 class=\"uppercase\">KUDOMME KEST\u00c4V\u00c4\u00c4 EL\u00c4M\u00c4\u00c4<\/h3>\n<p>Finarte valmistaa tuotteita, jotka tuovat iloa ja pehmeytt\u00e4 el\u00e4m\u00e4\u00e4n. Tuotteemme suunnitellaan Suomessa ja muotoiluamme ohjaa ajatus yksil\u00f6llisist\u00e4 designtekstiileist\u00e4, jotka kest\u00e4v\u00e4t aikaa niin tyylilt\u00e4\u00e4n kuin laadultaan.\u00a0<\/p>\n<p>Mattomme valmistetaan kierr\u00e4tetyist\u00e4 sek\u00e4 luonnollisista materiaaleista k\u00e4sity\u00f6n\u00e4 Intiassa, jonne perheyrityksemme on jo 30 vuotta luonut ty\u00f6nteon mahdollisuuksia. Tuotantomme mahdollistaa paikallisille toimeentuloa ja s\u00e4ilytt\u00e4\u00e4 samalla k\u00e4sity\u00f6taitoja.\u00a0<\/p>\n<p>Finarten vastuullisuus muodostuu nelj\u00e4st\u00e4 teemasta: l\u00e4pin\u00e4kyvyys, kiertotalous, ymp\u00e4rist\u00f6vastuu ja sosiaalinen vastuu.\u00a0<\/p>\n<p>Lue lis\u00e4\u00e4 alta.<\/p>\n              <\/div>\n           <\/div>\n                            \n<style>\n#text-box-764094159 {\n  width: 60%;\n}\n#text-box-764094159 .text-box-content {\n  font-size: 100%;\n}\n@media (min-width:550px) {\n  #text-box-764094159 {\n    width: 40%;\n  }\n}\n<\/style>\n    <\/div>\n \n        <\/div>\n      <\/div>\n\n            \n<style>\n#banner-348193541 {\n  padding-top: 600px;\n}\n#banner-348193541 .overlay {\n  background-color: rgba(0, 0, 0, 0.31);\n}\n<\/style>\n  <\/div>\n\n\n\t\t<\/div>\n\t\t\t\t\t<\/div>\n\n\t\n<\/div>\n<div class=\"row\"  id=\"row-119181282\">\n\n\t<div id=\"col-1082922924\" class=\"col medium-6 small-12 large-6\"  >\n\t\t\t\t<div class=\"col-inner\"  >\n\t\t\t\n\t\t\t\n\n  <div class=\"banner has-hover\" id=\"banner-870247907\">\n          <div class=\"banner-inner fill\">\n        <div class=\"banner-bg fill\" >\n            <img loading=\"lazy\" decoding=\"async\" width=\"700\" height=\"900\" src=\"https:\/\/finarte.fi\/wp-content\/uploads\/2023\/06\/ruusukvartsi-2.webp\" class=\"bg attachment-large size-large\" alt=\"\" \/>                        <div class=\"overlay\"><\/div>            \n                    <\/div>\n\t\t\n        <div class=\"banner-layers container\">\n            <div class=\"fill banner-link\"><\/div>            \n   <div id=\"text-box-1094342096\" class=\"text-box banner-layer x50 md-x50 lg-x50 y50 md-y50 lg-y50 res-text\">\n                                <div class=\"text-box-content text dark\">\n              \n              <div class=\"text-inner text-center\">\n                  \n\t<div id=\"text-3245113611\" class=\"text\">\n\t\t\n<h3>L\u00c4PIN\u00c4KYVYYDEN UUSI TASO<\/h3>\n<p>Toimintaamme ohjaavat arvomme: aitous, laatu ja l\u00e4pin\u00e4kyvyys, mik\u00e4 tarkoittaa t\u00e4ytt\u00e4 avoimuutta siit\u00e4, ketk\u00e4 Finarten tuotteita valmistavat sek\u00e4 miss\u00e4 ja mist\u00e4 materiaalista ne ovat tehty.\u00a0<\/p>\n\t\t\n<style>\n#text-3245113611 {\n  font-size: 1rem;\n}\n<\/style>\n\t<\/div>\n\t\n<a href=\"https:\/\/finarte.fi\/fi\/lapinakyvyys\/\" class=\"button white is-outline\" >\n\t\t<span>Kuteen j\u00e4ljill\u00e4 - seuraa Finarte-maton matkaa<\/span>\n\t<\/a>\n\n              <\/div>\n           <\/div>\n                            \n<style>\n#text-box-1094342096 {\n  width: 60%;\n}\n#text-box-1094342096 .text-box-content {\n  font-size: 100%;\n}\n<\/style>\n    <\/div>\n \n        <\/div>\n      <\/div>\n\n            \n<style>\n#banner-870247907 {\n  padding-top: 500px;\n}\n#banner-870247907 .overlay {\n  background-color: rgba(0, 0, 0, 0.17);\n}\n<\/style>\n  <\/div>\n\n\n\t\t<\/div>\n\t\t\t\t\t<\/div>\n\n\t\n\n\t<div id=\"col-652973696\" class=\"col medium-6 small-12 large-6\"  >\n\t\t\t\t<div class=\"col-inner\"  >\n\t\t\t\n\t\t\t\n\n  <div class=\"banner has-hover\" id=\"banner-673318210\">\n          <div class=\"banner-inner fill\">\n        <div class=\"banner-bg fill\" >\n            <img loading=\"lazy\" decoding=\"async\" width=\"819\" height=\"1024\" src=\"https:\/\/finarte.fi\/wp-content\/uploads\/2023\/09\/finarte-birgitta-rug-grey-mood-2-819x1024.webp\" class=\"bg attachment-large size-large\" alt=\"\" \/>                        <div class=\"overlay\"><\/div>            \n                    <\/div>\n\t\t\n        <div class=\"banner-layers container\">\n            <div class=\"fill banner-link\"><\/div>            \n   <div id=\"text-box-1880253460\" class=\"text-box banner-layer x50 md-x50 lg-x50 y50 md-y50 lg-y50 res-text\">\n                                <div class=\"text-box-content text dark\">\n              \n              <div class=\"text-inner text-center\">\n                  \n\t<div id=\"text-1851677213\" class=\"text\">\n\t\t\n<h3>KIERTOTALOUTTA MUOTOILEMASSA<\/h3>\n<p>Finarten syd\u00e4n on yhdistelm\u00e4 kiertotalouden mukaista muotoilua sek\u00e4 vastuuta jatkaa matonkudonnan kulttuuriperinteit\u00e4. Kuten iso\u00e4idit kutoivat mattoja vanhoista lakanoista, me toteutamme samaa ajatusta k\u00e4ytt\u00e4en tekstiiliteollisuuden ylij\u00e4\u00e4m\u00e4\u00e4.\u00a0<\/p>\n<p>Olemme todellinen kiertotalouden edell\u00e4k\u00e4vij\u00e4, sill\u00e4 olemme k\u00e4ytt\u00e4neet kierr\u00e4tettyj\u00e4 materiaaleja vuodesta 1985. Vastuullisten tuotteiden lis\u00e4ksi tarjoamme tuotteidemme elinkaarta pident\u00e4vi\u00e4 huolto- ja vuokrauspalveluja.<\/p>\n\t\t\n<style>\n#text-1851677213 {\n  font-size: 0.75rem;\n}\n<\/style>\n\t<\/div>\n\t\n<a href=\"https:\/\/finarte.fi\/fi\/kiertotalous\/\" class=\"button white is-outline\" >\n\t\t<span>Lue lis\u00e4\u00e4 kiertotaloudesta<\/span>\n\t<\/a>\n\n              <\/div>\n           <\/div>\n                            \n<style>\n#text-box-1880253460 {\n  width: 60%;\n}\n#text-box-1880253460 .text-box-content {\n  font-size: 100%;\n}\n<\/style>\n    <\/div>\n \n        <\/div>\n      <\/div>\n\n            \n<style>\n#banner-673318210 {\n  padding-top: 500px;\n}\n#banner-673318210 .overlay {\n  background-color: rgba(0, 0, 0, 0.17);\n}\n<\/style>\n  <\/div>\n\n\n\t\t<\/div>\n\t\t\t\t\t<\/div>\n\n\t\n<\/div>\n<div class=\"row\"  id=\"row-810578617\">\n\n\t<div id=\"col-2110177184\" class=\"col medium-6 small-12 large-6\"  >\n\t\t\t\t<div class=\"col-inner\"  >\n\t\t\t\n\t\t\t\n\n  <div class=\"banner has-hover\" id=\"banner-1078205605\">\n          <div class=\"banner-inner fill\">\n        <div class=\"banner-bg fill\" >\n            <img loading=\"lazy\" decoding=\"async\" width=\"819\" height=\"1024\" src=\"https:\/\/finarte.fi\/wp-content\/uploads\/2023\/08\/finarte-arkki-rug-beige-mood-1-819x1024.webp\" class=\"bg attachment-large size-large\" alt=\"\" \/>                        <div class=\"overlay\"><\/div>            \n                    <\/div>\n\t\t\n        <div class=\"banner-layers container\">\n            <div class=\"fill banner-link\"><\/div>            \n   <div id=\"text-box-803084102\" class=\"text-box banner-layer x50 md-x50 lg-x50 y50 md-y50 lg-y50 res-text\">\n                                <div class=\"text-box-content text dark\">\n              \n              <div class=\"text-inner text-center\">\n                  \n\t<div id=\"text-3286424411\" class=\"text\">\n\t\t\n<h3>YMP\u00c4RIST\u00d6VASTUUN YTIMESS\u00c4<\/h3>\n<p>Uskomme, ett\u00e4 tehd\u00e4kseen kaunista ei tarvitse tinki\u00e4 kest\u00e4vyydest\u00e4. Kierr\u00e4tetyn puuvillan lis\u00e4ksi teemme mattoja ja tekstiilej\u00e4 my\u00f6s muista vastuullisista raaka-aineista: villasta, juutista sek\u00e4 kierr\u00e4tetyist\u00e4 muovipulloista.\u00a0<\/p>\n<p>Totuus on kuitenkin se, ett\u00e4 mattotuotannosta \u2013 kuten kaikesta muustakin tuottamisesta \u2013 aiheutuu ymp\u00e4rist\u00f6vaikutuksia. Siksi seisomme sanojemme takana, ja pyrimme todentamaan vaikutuksiamme. Olemme ker\u00e4nneet tietoja materiaaliemme ilmastovaikutuksista\u00a0<a href=\"https:\/\/finarte.fi\/fi\/hiilidioksidiraportti\/\">hiiliraporttiin<\/a>.<\/p>\n\t\t\n<style>\n#text-3286424411 {\n  font-size: 0.75rem;\n}\n<\/style>\n\t<\/div>\n\t\n<a href=\"https:\/\/finarte.fi\/fi\/ymparistovastuu\/\" class=\"button white is-outline\" >\n\t\t<span>lue lis\u00e4\u00e4 teositamme ymp\u00e4rist\u00f6n eteen<\/span>\n\t<\/a>\n\n              <\/div>\n           <\/div>\n                            \n<style>\n#text-box-803084102 {\n  width: 60%;\n}\n#text-box-803084102 .text-box-content {\n  font-size: 100%;\n}\n<\/style>\n    <\/div>\n \n        <\/div>\n      <\/div>\n\n            \n<style>\n#banner-1078205605 {\n  padding-top: 500px;\n}\n#banner-1078205605 .overlay {\n  background-color: rgba(0, 0, 0, 0.17);\n}\n<\/style>\n  <\/div>\n\n\n\t\t<\/div>\n\t\t\t\t\t<\/div>\n\n\t\n\n\t<div id=\"col-2085918338\" class=\"col medium-6 small-12 large-6\"  >\n\t\t\t\t<div class=\"col-inner\"  >\n\t\t\t\n\t\t\t\n\n  <div class=\"banner has-hover\" id=\"banner-587688093\">\n          <div class=\"banner-inner fill\">\n        <div class=\"banner-bg fill\" >\n            <img loading=\"lazy\" decoding=\"async\" width=\"819\" height=\"1024\" src=\"https:\/\/finarte.fi\/wp-content\/uploads\/2023\/08\/finarte-jade-rug-mood-1-819x1024.webp\" class=\"bg attachment-large size-large\" alt=\"\" \/>                        <div class=\"overlay\"><\/div>            \n                    <\/div>\n\t\t\n        <div class=\"banner-layers container\">\n            <div class=\"fill banner-link\"><\/div>            \n   <div id=\"text-box-997331764\" class=\"text-box banner-layer x50 md-x50 lg-x50 y50 md-y50 lg-y50 res-text\">\n                                <div class=\"text-box-content text dark\">\n              \n              <div class=\"text-inner text-center\">\n                  \n\t<div id=\"text-756065484\" class=\"text\">\n\t\t\n<h3>YHDESS\u00c4 YHTEISKUNTAVASTUUN KANTOA<\/h3>\n<p>Finarten matot on tehty Intiassa jo kolmenkymmenen vuoden ajan. Meille ei ole olemassa vaihtoehtoa siirt\u00e4\u00e4 tuotantoa pois Intiasta, sill\u00e4 Finarte-mattojen valmistus vaikuttaa suoraan yli 500 perheen elantoon ja me olemme omalta osaltamme vastuussa heid\u00e4n hyvinvoinnistaan. Siksi koemme t\u00e4rke\u00e4ksi tukea paikallista yhteis\u00f6\u00e4 monin tavoin.\u00a0<\/p>\n<p>Olemme muun muassa toteuttaneet Ulkoasiainministeri\u00f6n tukeman koulutusohjelman, jonka avulla saimme opetettua kutomisen tekniikoita kutojille. Koulutetut kutojat voivat puolestaan jakaa t\u00e4t\u00e4 tietoa eteenp\u00e4in yhteis\u00f6\u00f6ns\u00e4, luoden uusia taitoja ja ty\u00f6mahdollisuuksia.<\/p>\n\t\t\n<style>\n#text-756065484 {\n  font-size: 0.75rem;\n}\n<\/style>\n\t<\/div>\n\t\n<a href=\"https:\/\/finarte.fi\/fi\/sosiaalinen-vastuu\/\" class=\"button white is-outline\" >\n\t\t<span>lue lis\u00e4\u00e4 sosiaalisesta vaikutuksestamme<\/span>\n\t<\/a>\n\n              <\/div>\n           <\/div>\n                            \n<style>\n#text-box-997331764 {\n  width: 60%;\n}\n#text-box-997331764 .text-box-content {\n  font-size: 100%;\n}\n<\/style>\n    <\/div>\n \n        <\/div>\n      <\/div>\n\n            \n<style>\n#banner-587688093 {\n  padding-top: 500px;\n}\n#banner-587688093 .overlay {\n  background-color: rgba(0, 0, 0, 0.17);\n}\n<\/style>\n  <\/div>\n\n\n\t\t<\/div>\n\t\t\t\t\t<\/div>\n\n\t\n<\/div>\n","protected":false},"excerpt":{"rendered":"","protected":false},"author":2,"featured_media":0,"parent":0,"menu_order":0,"comment_status":"closed","ping_status":"closed","template":"","meta":{"footnotes":""},"class_list":["post-4543","page","type-page","status-publish","hentry"],"yoast_head":"<!-- This site is optimized with the Yoast SEO plugin v27.1.1 - https:\/\/yoast.com\/product\/yoast-seo-wordpress\/ -->\n<title>Vastuullisuus - Finarte<\/title>\n<meta name=\"robots\" content=\"index, follow, max-snippet:-1, max-image-preview:large, max-video-preview:-1\" \/>\n<link rel=\"canonical\" href=\"https:\/\/finarte.fi\/fi\/vastuullisuus\/\" \/>\n<meta property=\"og:locale\" content=\"fi_FI\" \/>\n<meta property=\"og:type\" content=\"article\" \/>\n<meta property=\"og:title\" content=\"Vastuullisuus - Finarte\" \/>\n<meta property=\"og:url\" content=\"https:\/\/finarte.fi\/fi\/vastuullisuus\/\" \/>\n<meta property=\"og:site_name\" content=\"Finarte\" \/>\n<meta property=\"article:modified_time\" content=\"2023-09-11T13:58:54+00:00\" \/>\n<meta name=\"twitter:card\" content=\"summary_large_image\" \/>\n<meta name=\"twitter:label1\" content=\"Arvioitu lukuaika\" \/>\n\t<meta name=\"twitter:data1\" content=\"2 minuuttia\" \/>\n<script type=\"application\/ld+json\" class=\"yoast-schema-graph\">{\"@context\":\"https:\/\/schema.org\",\"@graph\":[{\"@type\":\"WebPage\",\"@id\":\"https:\/\/finarte.fi\/fi\/vastuullisuus\/\",\"url\":\"https:\/\/finarte.fi\/fi\/vastuullisuus\/\",\"name\":\"Vastuullisuus - Finarte\",\"isPartOf\":{\"@id\":\"https:\/\/finarte.fi\/fi\/#website\"},\"datePublished\":\"2023-09-11T10:44:46+00:00\",\"dateModified\":\"2023-09-11T13:58:54+00:00\",\"breadcrumb\":{\"@id\":\"https:\/\/finarte.fi\/fi\/vastuullisuus\/#breadcrumb\"},\"inLanguage\":\"fi\",\"potentialAction\":[{\"@type\":\"ReadAction\",\"target\":[\"https:\/\/finarte.fi\/fi\/vastuullisuus\/\"]}]},{\"@type\":\"BreadcrumbList\",\"@id\":\"https:\/\/finarte.fi\/fi\/vastuullisuus\/#breadcrumb\",\"itemListElement\":[{\"@type\":\"ListItem\",\"position\":1,\"name\":\"Home\",\"item\":\"https:\/\/finarte.fi\/fi\/\"},{\"@type\":\"ListItem\",\"position\":2,\"name\":\"Vastuullisuus\"}]},{\"@type\":\"WebSite\",\"@id\":\"https:\/\/finarte.fi\/fi\/#website\",\"url\":\"https:\/\/finarte.fi\/fi\/\",\"name\":\"Finarte\",\"description\":\"\",\"potentialAction\":[{\"@type\":\"SearchAction\",\"target\":{\"@type\":\"EntryPoint\",\"urlTemplate\":\"https:\/\/finarte.fi\/fi\/?s={search_term_string}\"},\"query-input\":{\"@type\":\"PropertyValueSpecification\",\"valueRequired\":true,\"valueName\":\"search_term_string\"}}],\"inLanguage\":\"fi\"}]}<\/script>\n<!-- \/ Yoast SEO plugin. -->","yoast_head_json":{"title":"Vastuullisuus - Finarte","robots":{"index":"index","follow":"follow","max-snippet":"max-snippet:-1","max-image-preview":"max-image-preview:large","max-video-preview":"max-video-preview:-1"},"canonical":"https:\/\/finarte.fi\/fi\/vastuullisuus\/","og_locale":"fi_FI","og_type":"article","og_title":"Vastuullisuus - Finarte","og_url":"https:\/\/finarte.fi\/fi\/vastuullisuus\/","og_site_name":"Finarte","article_modified_time":"2023-09-11T13:58:54+00:00","twitter_card":"summary_large_image","twitter_misc":{"Arvioitu lukuaika":"2 minuuttia"},"schema":{"@context":"https:\/\/schema.org","@graph":[{"@type":"WebPage","@id":"https:\/\/finarte.fi\/fi\/vastuullisuus\/","url":"https:\/\/finarte.fi\/fi\/vastuullisuus\/","name":"Vastuullisuus - Finarte","isPartOf":{"@id":"https:\/\/finarte.fi\/fi\/#website"},"datePublished":"2023-09-11T10:44:46+00:00","dateModified":"2023-09-11T13:58:54+00:00","breadcrumb":{"@id":"https:\/\/finarte.fi\/fi\/vastuullisuus\/#breadcrumb"},"inLanguage":"fi","potentialAction":[{"@type":"ReadAction","target":["https:\/\/finarte.fi\/fi\/vastuullisuus\/"]}]},{"@type":"BreadcrumbList","@id":"https:\/\/finarte.fi\/fi\/vastuullisuus\/#breadcrumb","itemListElement":[{"@type":"ListItem","position":1,"name":"Home","item":"https:\/\/finarte.fi\/fi\/"},{"@type":"ListItem","position":2,"name":"Vastuullisuus"}]},{"@type":"WebSite","@id":"https:\/\/finarte.fi\/fi\/#website","url":"https:\/\/finarte.fi\/fi\/","name":"Finarte","description":"","potentialAction":[{"@type":"SearchAction","target":{"@type":"EntryPoint","urlTemplate":"https:\/\/finarte.fi\/fi\/?s={search_term_string}"},"query-input":{"@type":"PropertyValueSpecification","valueRequired":true,"valueName":"search_term_string"}}],"inLanguage":"fi"}]}},"_links":{"self":[{"href":"https:\/\/finarte.fi\/fi\/wp-json\/wp\/v2\/pages\/4543","targetHints":{"allow":["GET"]}}],"collection":[{"href":"https:\/\/finarte.fi\/fi\/wp-json\/wp\/v2\/pages"}],"about":[{"href":"https:\/\/finarte.fi\/fi\/wp-json\/wp\/v2\/types\/page"}],"author":[{"embeddable":true,"href":"https:\/\/finarte.fi\/fi\/wp-json\/wp\/v2\/users\/2"}],"replies":[{"embeddable":true,"href":"https:\/\/finarte.fi\/fi\/wp-json\/wp\/v2\/comments?post=4543"}],"version-history":[{"count":9,"href":"https:\/\/finarte.fi\/fi\/wp-json\/wp\/v2\/pages\/4543\/revisions"}],"predecessor-version":[{"id":4552,"href":"https:\/\/finarte.fi\/fi\/wp-json\/wp\/v2\/pages\/4543\/revisions\/4552"}],"wp:attachment":[{"href":"https:\/\/finarte.fi\/fi\/wp-json\/wp\/v2\/media?parent=4543"}],"curies":[{"name":"wp","href":"https:\/\/api.w.org\/{rel}","templated":true}]}}