{"id":1657,"date":"2023-09-07T19:22:52","date_gmt":"2023-09-07T16:22:52","guid":{"rendered":"https:\/\/finarte.fi\/?page_id=1657"},"modified":"2024-08-16T15:02:41","modified_gmt":"2024-08-16T12:02:41","slug":"sosiaalinen-vastuu","status":"publish","type":"page","link":"https:\/\/finarte.fi\/fi\/sosiaalinen-vastuu\/","title":{"rendered":"Sosiaalinen vastuu"},"content":{"rendered":"<div class=\"row\"  id=\"row-652566571\">\n\n\t<div id=\"col-1902146325\" class=\"col small-12 large-12\"  >\n\t\t\t\t<div class=\"col-inner\"  >\n\t\t\t\n\t\t\t\n<h1 style=\"text-align: center;\">El\u00e4m\u00e4nmittaista yhteisty\u00f6t\u00e4<\/h1>\n\t<div id=\"gap-2065136826\" class=\"gap-element clearfix\" style=\"display:block; height:auto;\">\n\t\t\n<style>\n#gap-2065136826 {\n  padding-top: 30px;\n}\n<\/style>\n\t<\/div>\n\t\n<p>Finarten matot on tehty Intiassa jo 30 vuoden ajan. Mattotuotantomme suorassa vaikutuspiiriss\u00e4 on yli 500 perhett\u00e4, ja olemme omalta osaltamme vastuussa heid\u00e4n hyvinvoinnistaan. Siksi koemme t\u00e4rke\u00e4ksi tukea paikallista yhteis\u00f6\u00e4 monin tavoin, lue lis\u00e4\u00e4 alta.<\/p>\n\t\t<\/div>\n\t\t\t\t\n<style>\n#col-1902146325 > .col-inner {\n  padding: 0px 50px 0px 50px;\n}\n<\/style>\n\t<\/div>\n\n\t\n<\/div>\n<div class=\"row\"  id=\"row-683957953\">\n\n\t<div id=\"col-1136704942\" class=\"col small-12 large-12\"  >\n\t\t\t\t<div class=\"col-inner\"  >\n\t\t\t\n\t\t\t\n<div class=\"row\"  id=\"row-332502052\">\n\n\t<div id=\"col-2067841873\" class=\"col medium-6 small-12 large-6\"  >\n\t\t\t\t<div class=\"col-inner\"  >\n\t\t\t\n\t\t\t\n<h3 style=\"text-align: center;\">Yhdess\u00e4 yhteiskuntavastuun kantoa<\/h3>\n\t<div id=\"gap-1411331710\" class=\"gap-element clearfix\" style=\"display:block; height:auto;\">\n\t\t\n<style>\n#gap-1411331710 {\n  padding-top: 30px;\n}\n<\/style>\n\t<\/div>\n\t\n<p>Olemme valmistaneet mattoja Intiassa vuodesta 1991. Finarten perustajat, Eija Rasinm\u00e4ki ja Erkki Immonen sek\u00e4 heid\u00e4n tytt\u00e4rens\u00e4, nykyinen toimitusjohtaja Larissa Immonen, ovat vierailleet Intiassa v\u00e4hint\u00e4\u00e4n kahdesti vuodessa aina siit\u00e4 l\u00e4htien (pl. COVID19-aikana 2020-2021). Lis\u00e4ksi Larissa ja Eija asuivat Intiassa vuosina 2005-2008. Yhteisty\u00f6st\u00e4 intialaisten kanssa on tullut kumppanuuksia, joissa molemmat osapuolet tekev\u00e4t t\u00f6it\u00e4 niin ymp\u00e4rist\u00f6n kuin kest\u00e4v\u00e4mpien tuotteiden puolesta.<\/p>\n<a href=\"https:\/\/finarte.fi\/fi\/lapinakyvyys\/\" class=\"button primary is-outline\" >\n\t\t<span>Lue lis\u00e4\u00e4 yhteisty\u00f6kumppaneistamme<\/span>\n\t<\/a>\n\n\t\t<\/div>\n\t\t\t\t\t<\/div>\n\n\t\n\n\t<div id=\"col-1762845121\" class=\"col medium-6 small-12 large-6\"  >\n\t\t\t\t<div class=\"col-inner\"  >\n\t\t\t\n\t\t\t\n\t<div class=\"img has-hover x md-x lg-x y md-y lg-y\" id=\"image_569767697\">\n\t\t\t\t\t\t\t\t<div class=\"img-inner dark\" >\n\t\t\t<img loading=\"lazy\" decoding=\"async\" width=\"1020\" height=\"816\" src=\"https:\/\/finarte.fi\/wp-content\/uploads\/2023\/09\/finarte-india-eija-erkki-2-e1723809720903-1024x819.webp\" class=\"attachment-large size-large\" alt=\"\" srcset=\"https:\/\/finarte.fi\/wp-content\/uploads\/2023\/09\/finarte-india-eija-erkki-2-e1723809720903-1024x819.webp 1024w, https:\/\/finarte.fi\/wp-content\/uploads\/2023\/09\/finarte-india-eija-erkki-2-e1723809720903-510x408.webp 510w, https:\/\/finarte.fi\/wp-content\/uploads\/2023\/09\/finarte-india-eija-erkki-2-e1723809720903-300x240.webp 300w, https:\/\/finarte.fi\/wp-content\/uploads\/2023\/09\/finarte-india-eija-erkki-2-e1723809720903-768x614.webp 768w, https:\/\/finarte.fi\/wp-content\/uploads\/2023\/09\/finarte-india-eija-erkki-2-e1723809720903-100x80.webp 100w, https:\/\/finarte.fi\/wp-content\/uploads\/2023\/09\/finarte-india-eija-erkki-2-e1723809720903.webp 1350w\" sizes=\"auto, (max-width: 1020px) 100vw, 1020px\" \/>\t\t\t\t\t\t\n\t\t\t\t\t<\/div>\n\t\t\t\t\t\t\t\t\n<style>\n#image_569767697 {\n  width: 100%;\n}\n<\/style>\n\t<\/div>\n\t\n\t\t<\/div>\n\t\t\t\t\t<\/div>\n\n\t\n<\/div>\n\t\t<\/div>\n\t\t\t\t\n<style>\n#col-1136704942 > .col-inner {\n  padding: 0px 50px 0px 50px;\n}\n<\/style>\n\t<\/div>\n\n\t\n<\/div>\n<div class=\"row\"  id=\"row-1476736152\">\n\n\t<div id=\"col-1662071919\" class=\"col small-12 large-12\"  >\n\t\t\t\t<div class=\"col-inner\"  >\n\t\t\t\n\t\t\t\n<div class=\"row\"  id=\"row-44330562\">\n\n\t<div id=\"col-86052794\" class=\"col small-12 large-12\"  >\n\t\t\t\t<div class=\"col-inner\"  >\n\t\t\t\n\t\t\t\n<div class=\"row\"  id=\"row-1336062555\">\n\n\t<div id=\"col-1056547690\" class=\"col medium-6 small-12 large-6\"  >\n\t\t\t\t<div class=\"col-inner\"  >\n\t\t\t\n\t\t\t\n\t<div class=\"img has-hover x md-x lg-x y md-y lg-y\" id=\"image_1863436873\">\n\t\t\t\t\t\t\t\t<div class=\"img-inner dark\" >\n\t\t\t<img loading=\"lazy\" decoding=\"async\" width=\"1020\" height=\"816\" src=\"https:\/\/finarte.fi\/wp-content\/uploads\/2023\/09\/finarte-india-weavers-3-e1723809248432-1024x819.webp\" class=\"attachment-large size-large\" alt=\"\" srcset=\"https:\/\/finarte.fi\/wp-content\/uploads\/2023\/09\/finarte-india-weavers-3-e1723809248432-1024x819.webp 1024w, https:\/\/finarte.fi\/wp-content\/uploads\/2023\/09\/finarte-india-weavers-3-e1723809248432-510x408.webp 510w, https:\/\/finarte.fi\/wp-content\/uploads\/2023\/09\/finarte-india-weavers-3-e1723809248432-300x240.webp 300w, https:\/\/finarte.fi\/wp-content\/uploads\/2023\/09\/finarte-india-weavers-3-e1723809248432-768x614.webp 768w, https:\/\/finarte.fi\/wp-content\/uploads\/2023\/09\/finarte-india-weavers-3-e1723809248432-100x80.webp 100w, https:\/\/finarte.fi\/wp-content\/uploads\/2023\/09\/finarte-india-weavers-3-e1723809248432.webp 1350w\" sizes=\"auto, (max-width: 1020px) 100vw, 1020px\" \/>\t\t\t\t\t\t\n\t\t\t\t\t<\/div>\n\t\t\t\t\t\t\t\t\n<style>\n#image_1863436873 {\n  width: 100%;\n}\n<\/style>\n\t<\/div>\n\t\n\t\t<\/div>\n\t\t\t\t\t<\/div>\n\n\t\n\n\t<div id=\"col-1209987909\" class=\"col medium-6 small-12 large-6\"  >\n\t\t\t\t<div class=\"col-inner\"  >\n\t\t\t\n\t\t\t\n<h3 style=\"text-align: center;\">Code of Conduct ohjaa<\/h3>\n\t<div id=\"gap-2012388523\" class=\"gap-element clearfix\" style=\"display:block; height:auto;\">\n\t\t\n<style>\n#gap-2012388523 {\n  padding-top: 30px;\n}\n<\/style>\n\t<\/div>\n\t\n<div class=\"wpb_text_column wpb_content_element  vc_custom_1635432357260\">\n<div class=\"wpb_wrapper\">\n<p>Kaikkien tuottajien tulee allekirjoittaa\u00a0<a href=\"https:\/\/finarte.fi\/code-of-conduct\/\">ohjes\u00e4\u00e4nt\u00f6mme<\/a>, joka ulottuu my\u00f6s alihankkijoihin. Toimittajamme ovat vastuussa meille, ett\u00e4 kaikki alihankkijat toimivat vastuullisesti ja lakien mukaisesti, joten Code of Conduct velvoittaa my\u00f6s koko tuotantoketjun ja alihankkijoiden ilmoittamista.<\/p>\n<\/div>\n<\/div>\n<a href=\"https:\/\/finarte.fi\/fi\/lapinakyvyys\/\" class=\"button primary is-outline\" >\n\t\t<span>Tutustu paremmin tehtaisiimme<\/span>\n\t<\/a>\n\n\t\t<\/div>\n\t\t\t\t\t<\/div>\n\n\t\n<\/div>\n\t\t<\/div>\n\t\t\t\t\t<\/div>\n\n\t\n<\/div>\n\t\t<\/div>\n\t\t\t\t\n<style>\n#col-1662071919 > .col-inner {\n  padding: 0px 50px 0px 50px;\n}\n<\/style>\n\t<\/div>\n\n\t\n<\/div>\n<div class=\"row\"  id=\"row-2030172242\">\n\n\t<div id=\"col-1199893643\" class=\"col small-12 large-12\"  >\n\t\t\t\t<div class=\"col-inner\"  >\n\t\t\t\n\t\t\t\n<div class=\"row\"  id=\"row-844129065\">\n\n\t<div id=\"col-1776352768\" class=\"col small-12 large-12\"  >\n\t\t\t\t<div class=\"col-inner\"  >\n\t\t\t\n\t\t\t\n<h3 style=\"text-align: center;\">Sosiaalisen vastuun sertifikaatit<\/h3>\n\t<div id=\"gap-1206057986\" class=\"gap-element clearfix\" style=\"display:block; height:auto;\">\n\t\t\n<style>\n#gap-1206057986 {\n  padding-top: 30px;\n}\n<\/style>\n\t<\/div>\n\t\n<p>L\u00e4hes kaikilla yhteisty\u00f6kumppaneillamme on arvostettu ty\u00f6ntekij\u00f6iden reilun kohtelun takaava sosiaalisen vastuun\u00a0<a href=\"https:\/\/sa-intl.org\/programs\/sa8000\/\">SA8000<\/a>\u00a0tai\u00a0<a href=\"https:\/\/www.amfori.org\/content\/amfori-bsci\">amfori BSCI-<\/a>sertifikaatti. SA8000-sertifiointi tarkoittaa, ett\u00e4 yhteisty\u00f6kumppanimme huomioivat ty\u00f6ntekij\u00f6iden ja alihankkijoiden reilujen ty\u00f6skentely- ja toimintaolosuhteiden lis\u00e4ksi oman toimintansa yhteiskunnalliset vaikutukset. Sertifikaatti on voimassa kolme vuotta kerrallaan ja vaadittavia valvontatarkastuksia tehd\u00e4\u00e4n koko t\u00e4m\u00e4n ajan.<\/p>\n<a href=\"https:\/\/finarte.fi\/fi\/ymparistovastuu\/\" class=\"button primary is-outline\" >\n\t\t<span>Lue lis\u00e4\u00e4  materiaaleista<\/span>\n\t<\/a>\n\n\t\t<\/div>\n\t\t\t\t\t<\/div>\n\n\t\n<\/div>\n\t\t<\/div>\n\t\t\t\t\n<style>\n#col-1199893643 > .col-inner {\n  padding: 0px 50px 0px 50px;\n}\n<\/style>\n\t<\/div>\n\n\t\n<\/div>\n<div class=\"row\"  id=\"row-793293247\">\n\n\t<div id=\"col-1778212017\" class=\"col small-12 large-12\"  >\n\t\t\t\t<div class=\"col-inner\"  >\n\t\t\t\n\t\t\t\n<div class=\"row\"  id=\"row-222439488\">\n\n\t<div id=\"col-1597308868\" class=\"col medium-6 small-12 large-6\"  >\n\t\t\t\t<div class=\"col-inner\"  >\n\t\t\t\n\t\t\t\n<h3 style=\"text-align: center;\">Lapsity\u00f6voimaa vastaan<\/h3>\n\t<div id=\"gap-224826548\" class=\"gap-element clearfix\" style=\"display:block; height:auto;\">\n\t\t\n<style>\n#gap-224826548 {\n  padding-top: 30px;\n}\n<\/style>\n\t<\/div>\n\t\n<p>Kaikki Finarten yhteisty\u00f6kumppaneiden ty\u00f6ntekij\u00e4t ovat ty\u00f6ik\u00e4isi\u00e4, emmek\u00e4 hyv\u00e4ksy miss\u00e4\u00e4n tapauksessa lapsity\u00f6voiman k\u00e4ytt\u00f6\u00e4. Yhteisty\u00f6kumppanimme ovat my\u00f6s osana\u00a0<a href=\"https:\/\/www.care-fair.org\/\">Care &amp; Fair<\/a>\u00a0tai\u00a0<a href=\"https:\/\/goodweave.org\/\">GoodWeave\u00a0<\/a>-organisaatioita, jotka ehk\u00e4isev\u00e4t lapsity\u00f6voiman k\u00e4ytt\u00f6\u00e4 sek\u00e4 edist\u00e4v\u00e4t matonkutojien ja heid\u00e4n perheidens\u00e4 elinoloja. Lis\u00e4ksi yhteisty\u00f6kumppanimme ovat rahoittaneet kouluja omilla alueillaan.<\/p>\n<a href=\"https:\/\/finarte.fi\/fi\/lapinakyvyys\/\" class=\"button primary is-outline\" >\n\t\t<span>Tutustu finarte-mattojen tuotantopolkuun<\/span>\n\t<\/a>\n\n\t\t<\/div>\n\t\t\t\t\t<\/div>\n\n\t\n\n\t<div id=\"col-1885682265\" class=\"col medium-6 small-12 large-6\"  >\n\t\t\t\t<div class=\"col-inner\"  >\n\t\t\t\n\t\t\t\n\t<div class=\"img has-hover x md-x lg-x y md-y lg-y\" id=\"image_1526237341\">\n\t\t\t\t\t\t\t\t<div class=\"img-inner dark\" >\n\t\t\t<img loading=\"lazy\" decoding=\"async\" width=\"827\" height=\"1024\" src=\"https:\/\/finarte.fi\/wp-content\/uploads\/2023\/04\/Finarte-Dyyni-mood.jpeg\" class=\"attachment-large size-large\" alt=\"\" srcset=\"https:\/\/finarte.fi\/wp-content\/uploads\/2023\/04\/Finarte-Dyyni-mood.jpeg 827w, https:\/\/finarte.fi\/wp-content\/uploads\/2023\/04\/Finarte-Dyyni-mood-510x631.jpeg 510w, https:\/\/finarte.fi\/wp-content\/uploads\/2023\/04\/Finarte-Dyyni-mood-242x300.jpeg 242w, https:\/\/finarte.fi\/wp-content\/uploads\/2023\/04\/Finarte-Dyyni-mood-768x951.jpeg 768w\" sizes=\"auto, (max-width: 827px) 100vw, 827px\" \/>\t\t\t\t\t\t\n\t\t\t\t\t<\/div>\n\t\t\t\t\t\t\t\t\n<style>\n#image_1526237341 {\n  width: 100%;\n}\n<\/style>\n\t<\/div>\n\t\n\t\t<\/div>\n\t\t\t\t\t<\/div>\n\n\t\n<\/div>\n\t\t<\/div>\n\t\t\t\t\n<style>\n#col-1778212017 > .col-inner {\n  padding: 0px 50px 0px 50px;\n}\n<\/style>\n\t<\/div>\n\n\t\n<\/div>\n<div class=\"row\"  id=\"row-300891537\">\n\n\t<div id=\"col-360579682\" class=\"col small-12 large-12\"  >\n\t\t\t\t<div class=\"col-inner\"  >\n\t\t\t\n\t\t\t\n<div class=\"row\"  id=\"row-1358444621\">\n\n\t<div id=\"col-1569778044\" class=\"col medium-6 small-12 large-6\"  >\n\t\t\t\t<div class=\"col-inner\"  >\n\t\t\t\n\t\t\t\n\t<div class=\"img has-hover x md-x lg-x y md-y lg-y\" id=\"image_1176174808\">\n\t\t\t\t\t\t\t\t<div class=\"img-inner dark\" >\n\t\t\t<img loading=\"lazy\" decoding=\"async\" width=\"819\" height=\"1024\" src=\"https:\/\/finarte.fi\/wp-content\/uploads\/2023\/09\/finarte-india-eija-weavers-2-819x1024.webp\" class=\"attachment-large size-large\" alt=\"\" srcset=\"https:\/\/finarte.fi\/wp-content\/uploads\/2023\/09\/finarte-india-eija-weavers-2-819x1024.webp 819w, https:\/\/finarte.fi\/wp-content\/uploads\/2023\/09\/finarte-india-eija-weavers-2-510x638.webp 510w, https:\/\/finarte.fi\/wp-content\/uploads\/2023\/09\/finarte-india-eija-weavers-2-240x300.webp 240w, https:\/\/finarte.fi\/wp-content\/uploads\/2023\/09\/finarte-india-eija-weavers-2-768x960.webp 768w, https:\/\/finarte.fi\/wp-content\/uploads\/2023\/09\/finarte-india-eija-weavers-2.webp 1080w\" sizes=\"auto, (max-width: 819px) 100vw, 819px\" \/>\t\t\t\t\t\t\n\t\t\t\t\t<\/div>\n\t\t\t\t\t\t\t\t\n<style>\n#image_1176174808 {\n  width: 100%;\n}\n<\/style>\n\t<\/div>\n\t\n\t\t<\/div>\n\t\t\t\t\t<\/div>\n\n\t\n\n\t<div id=\"col-636253151\" class=\"col medium-6 small-12 large-6\"  >\n\t\t\t\t<div class=\"col-inner\"  >\n\t\t\t\n\t\t\t\n<h3 style=\"text-align: center;\">Tietotaito voimaannuttaa<\/h3>\n\t<div id=\"gap-747469180\" class=\"gap-element clearfix\" style=\"display:block; height:auto;\">\n\t\t\n<style>\n#gap-747469180 {\n  padding-top: 30px;\n}\n<\/style>\n\t<\/div>\n\t\n<p>Finarte toteutti vuosina 2014-2016 laaja-alaisen koulutusohjelman Ulkoasiainministeri\u00f6n Finnpartnership-hankkeen tukemana. Koulutushankkeessa Finarte opetti erilaisia kudontatekniikoita Induskleedin ty\u00f6ntekij\u00f6ille. Koulutetut kutojat voivat\u00a0 puolestaan jakaa t\u00e4t\u00e4 tietoa eteenp\u00e4in yhteis\u00f6\u00f6n, luoden samalla uusia taitoja ja ty\u00f6mahdollisuuksia. Lis\u00e4ksi suunnittelijamme Eija Rasinm\u00e4ki ja Mervi Pesonen ovat k\u00e4yneet vuosia Intiassa opettamassa paikallisille kutojille suomalaisia kudontatekniikoita.<\/p>\n<a href=\"https:\/\/finarte.fi\/fi\/lapinakyvyys\/\" class=\"button primary is-outline\" >\n\t\t<span>Lue lis\u00e4\u00e4 l\u00e4pin\u00e4kyvyydest\u00e4<\/span>\n\t<\/a>\n\n\t\t<\/div>\n\t\t\t\t\t<\/div>\n\n\t\n<\/div>\n\t\t<\/div>\n\t\t\t\t\n<style>\n#col-360579682 > .col-inner {\n  padding: 0px 50px 0px 50px;\n}\n<\/style>\n\t<\/div>\n\n\t\n<\/div>\n<div class=\"row\"  id=\"row-74393498\">\n\n\t<div id=\"col-1776514679\" class=\"col small-12 large-12\"  >\n\t\t\t\t<div class=\"col-inner\"  >\n\t\t\t\n\t\t\t\n<div class=\"row\"  id=\"row-1181539214\">\n\n\t<div id=\"col-2099841948\" class=\"col medium-6 small-12 large-6\"  >\n\t\t\t\t<div class=\"col-inner\"  >\n\t\t\t\n\t\t\t\n<h3 style=\"text-align: center;\">T\u00e4ht\u00e4imen\u00e4 naisten ja tytt\u00f6jen aseman parantaminen<\/h3>\n\t<div id=\"gap-950721470\" class=\"gap-element clearfix\" style=\"display:block; height:auto;\">\n\t\t\n<style>\n#gap-950721470 {\n  padding-top: 30px;\n}\n<\/style>\n\t<\/div>\n\t\n<p>Tiesitk\u00f6, ett\u00e4\u00a0<a href=\"https:\/\/plan.fi\/wp-content\/uploads\/2021\/05\/ilmastonmuutos-uhkaa-tyttojen-oikeuksia.pdf\">tytt\u00f6jen kouluttaminen<\/a>\u00a0on yksi keino torjua ilmastonmuutosta? Kaikki yhteisty\u00f6kumppanimme ovat perustaneet kouluja omille alueilleen luodakseen parempia mahdollisuuksia paikallisille yhteis\u00f6ille. Esimerkiksi\u00a0<a href=\"https:\/\/finarte.fi\/fi\/lapinakyvyys\/\">Indus Kleedill\u00e4<\/a>\u00a0on kaksi kumppanuuskoulua, joista toinen on maksuton tytt\u00f6jen peruskoulu ja toinen oppilaitos, joka tarjoaa mahdollisuuksia yliopistoon t\u00e4ht\u00e4\u00e4ville opiskelijoille.\u00a0<\/p>\n<p>Yhteisty\u00f6kumppaniyrityksemme Indus Kleed\u00a0on perheyritys, jonka toiminnassa perheen naiset ovat vahvasti mukana. Lis\u00e4ksi yhteisty\u00f6kumppanimme pyrkiv\u00e4t vaikuttamaan asenteisiin ottamalla naisia t\u00f6ihin positioihin, jotka ovat perinteisesti olleet miehille tarkoitettuja. Naisten ty\u00f6llisyyttt\u00e4 edistet\u00e4\u00e4n tarjoamalla teht\u00e4vi\u00e4, kuten korinpunontaa, jotka on mahdollista suorittaa kotoa k\u00e4sin.<\/p>\n<a href=\"https:\/\/finarte.fi\/fi\/lapinakyvyys\/\" class=\"button primary is-outline\" >\n\t\t<span>lue lis\u00e4\u00e4 yhteisty\u00f6kumppaneistamme<\/span>\n\t<\/a>\n\n\t\t<\/div>\n\t\t\t\t\t<\/div>\n\n\t\n\n\t<div id=\"col-1923512548\" class=\"col medium-6 small-12 large-6\"  >\n\t\t\t\t<div class=\"col-inner\"  >\n\t\t\t\n\t\t\t\n\t<div class=\"img has-hover x md-x lg-x y md-y lg-y\" id=\"image_102797613\">\n\t\t\t\t\t\t\t\t<div class=\"img-inner dark\" >\n\t\t\t<img loading=\"lazy\" decoding=\"async\" width=\"1020\" height=\"816\" src=\"https:\/\/finarte.fi\/wp-content\/uploads\/2023\/09\/finarte-india-4-1-1024x819.webp\" class=\"attachment-large size-large\" alt=\"\" srcset=\"https:\/\/finarte.fi\/wp-content\/uploads\/2023\/09\/finarte-india-4-1-1024x819.webp 1024w, https:\/\/finarte.fi\/wp-content\/uploads\/2023\/09\/finarte-india-4-1-510x408.webp 510w, https:\/\/finarte.fi\/wp-content\/uploads\/2023\/09\/finarte-india-4-1-300x240.webp 300w, https:\/\/finarte.fi\/wp-content\/uploads\/2023\/09\/finarte-india-4-1-768x614.webp 768w, https:\/\/finarte.fi\/wp-content\/uploads\/2023\/09\/finarte-india-4-1.webp 1350w\" sizes=\"auto, (max-width: 1020px) 100vw, 1020px\" \/>\t\t\t\t\t\t\n\t\t\t\t\t<\/div>\n\t\t\t\t\t\t\t\t\n<style>\n#image_102797613 {\n  width: 100%;\n}\n<\/style>\n\t<\/div>\n\t\n\t\t<\/div>\n\t\t\t\t\t<\/div>\n\n\t\n<\/div>\n\t\t<\/div>\n\t\t\t\t\n<style>\n#col-1776514679 > .col-inner {\n  padding: 0px 50px 0px 50px;\n}\n<\/style>\n\t<\/div>\n\n\t\n<\/div>\n<div class=\"row\"  id=\"row-577985337\">\n\n\t<div id=\"col-1846682157\" class=\"col small-12 large-12\"  >\n\t\t\t\t<div class=\"col-inner\"  >\n\t\t\t\n\t\t\t\n<div class=\"row\"  id=\"row-1001964141\">\n\n\t<div id=\"col-864409738\" class=\"col medium-6 small-12 large-6\"  >\n\t\t\t\t<div class=\"col-inner\"  >\n\t\t\t\n\t\t\t\n\t<div class=\"img has-hover x md-x lg-x y md-y lg-y\" id=\"image_831177258\">\n\t\t\t\t\t\t\t\t<div class=\"img-inner dark\" >\n\t\t\t<img loading=\"lazy\" decoding=\"async\" width=\"819\" height=\"1024\" src=\"https:\/\/finarte.fi\/wp-content\/uploads\/2023\/09\/marianne-larissa-1-kukkapuro-819x1024.webp\" class=\"attachment-large size-large\" alt=\"\" srcset=\"https:\/\/finarte.fi\/wp-content\/uploads\/2023\/09\/marianne-larissa-1-kukkapuro-819x1024.webp 819w, https:\/\/finarte.fi\/wp-content\/uploads\/2023\/09\/marianne-larissa-1-kukkapuro-510x638.webp 510w, https:\/\/finarte.fi\/wp-content\/uploads\/2023\/09\/marianne-larissa-1-kukkapuro-240x300.webp 240w, https:\/\/finarte.fi\/wp-content\/uploads\/2023\/09\/marianne-larissa-1-kukkapuro-768x960.webp 768w, https:\/\/finarte.fi\/wp-content\/uploads\/2023\/09\/marianne-larissa-1-kukkapuro.webp 1080w\" sizes=\"auto, (max-width: 819px) 100vw, 819px\" \/>\t\t\t\t\t\t\n\t\t\t\t\t<\/div>\n\t\t\t\t\t\t\t\t\n<style>\n#image_831177258 {\n  width: 100%;\n}\n<\/style>\n\t<\/div>\n\t\n\t\t<\/div>\n\t\t\t\t\t<\/div>\n\n\t\n\n\t<div id=\"col-762307719\" class=\"col medium-6 small-12 large-6\"  >\n\t\t\t\t<div class=\"col-inner\"  >\n\t\t\t\n\t\t\t\n<h3 style=\"text-align: center;\">Reilusti muotoiltu<\/h3>\n\t<div id=\"gap-1370260237\" class=\"gap-element clearfix\" style=\"display:block; height:auto;\">\n\t\t\n<style>\n#gap-1370260237 {\n  padding-top: 30px;\n}\n<\/style>\n\t<\/div>\n\t\n<p><a href=\"https:\/\/www.stjm.fi\/uutiset\/tekstiili-ja-muotiala-tanaan-osa-5-mista-vaatteen-hinta-muodostuu\/\">Suomen Tekstiili &amp; Muoti ry:n<\/a>\u00a0mukaan suomalaisen tuotteen arvosta noin 80 prosenttia j\u00e4\u00e4 Suomeen, vaikka valmistus tapahtuisi muualla. Hankkimalla Finarte-tuotteita tuet suomalaista perheyritt\u00e4jyytt\u00e4 sek\u00e4 ty\u00f6llist\u00e4mist\u00e4 niin Suomessa kuin muuallakin. Kehittyv\u00e4ss\u00e4 maassa teetetyll\u00e4 ty\u00f6ll\u00e4 on kaksoisvaikutus: voimme samanaikaisesti tukea paikallista ty\u00f6llisyytt\u00e4 ja kumppaniemme hyvinvointia sek\u00e4 Intiassa ett\u00e4 Suomessa.<\/p>\n<p><span class=\"Superette-Light-Web\" style=\"font-size: 140%;\">Suomalaisen tuotteen arvosta noin 80% j\u00e4\u00e4 Suomeen, vaikka valmistus tapahtuisi muualla.<\/span><\/p>\n\t<div id=\"gap-1711115253\" class=\"gap-element clearfix\" style=\"display:block; height:auto;\">\n\t\t\n<style>\n#gap-1711115253 {\n  padding-top: 30px;\n}\n<\/style>\n\t<\/div>\n\t\n<p>Rehtiytemme ulottuu paitsi ulkomaisiin yhteisty\u00f6kumppaneihimme, my\u00f6s kotimaisiin muotolijoihin. Maksamme aina lahjakkaille muotoilijoille reilun palkkion ty\u00f6st\u00e4\u00e4n. Yhteisty\u00f6mme perustuu rojaltisopimukseen, jonka mukaan tuotteen suunnittelija saa osuutensa jokaisesta myydyst\u00e4 tuotteesta.<\/p>\n<a href=\"https:\/\/finarte.fi\/fi\/suunnittelijat\/\" class=\"button primary is-outline\" >\n\t\t<span>Lue lis\u00e4\u00e4 suunnittelijoistamme<\/span>\n\t<\/a>\n\n\t\t<\/div>\n\t\t\t\t\t<\/div>\n\n\t\n<\/div>\n\t\t<\/div>\n\t\t\t\t\n<style>\n#col-1846682157 > .col-inner {\n  padding: 0px 50px 0px 50px;\n}\n<\/style>\n\t<\/div>\n\n\t\n<\/div>\n","protected":false},"excerpt":{"rendered":"","protected":false},"author":2,"featured_media":0,"parent":0,"menu_order":0,"comment_status":"closed","ping_status":"closed","template":"","meta":{"footnotes":""},"class_list":["post-1657","page","type-page","status-publish","hentry"],"yoast_head":"<!-- This site is optimized with the Yoast SEO plugin v27.1.1 - https:\/\/yoast.com\/product\/yoast-seo-wordpress\/ -->\n<title>Sosiaalinen vastuu - Finarte<\/title>\n<meta name=\"robots\" content=\"index, follow, max-snippet:-1, max-image-preview:large, max-video-preview:-1\" \/>\n<link rel=\"canonical\" href=\"https:\/\/finarte.fi\/fi\/sosiaalinen-vastuu\/\" \/>\n<meta property=\"og:locale\" content=\"fi_FI\" \/>\n<meta property=\"og:type\" content=\"article\" \/>\n<meta property=\"og:title\" content=\"Sosiaalinen vastuu - Finarte\" \/>\n<meta property=\"og:url\" content=\"https:\/\/finarte.fi\/fi\/sosiaalinen-vastuu\/\" \/>\n<meta property=\"og:site_name\" content=\"Finarte\" \/>\n<meta property=\"article:modified_time\" content=\"2024-08-16T12:02:41+00:00\" \/>\n<meta name=\"twitter:card\" content=\"summary_large_image\" \/>\n<meta name=\"twitter:label1\" content=\"Arvioitu lukuaika\" \/>\n\t<meta name=\"twitter:data1\" content=\"4 minuuttia\" \/>\n<script type=\"application\/ld+json\" class=\"yoast-schema-graph\">{\"@context\":\"https:\/\/schema.org\",\"@graph\":[{\"@type\":\"WebPage\",\"@id\":\"https:\/\/finarte.fi\/fi\/sosiaalinen-vastuu\/\",\"url\":\"https:\/\/finarte.fi\/fi\/sosiaalinen-vastuu\/\",\"name\":\"Sosiaalinen vastuu - Finarte\",\"isPartOf\":{\"@id\":\"https:\/\/finarte.fi\/fi\/#website\"},\"datePublished\":\"2023-09-07T16:22:52+00:00\",\"dateModified\":\"2024-08-16T12:02:41+00:00\",\"breadcrumb\":{\"@id\":\"https:\/\/finarte.fi\/fi\/sosiaalinen-vastuu\/#breadcrumb\"},\"inLanguage\":\"fi\",\"potentialAction\":[{\"@type\":\"ReadAction\",\"target\":[\"https:\/\/finarte.fi\/fi\/sosiaalinen-vastuu\/\"]}]},{\"@type\":\"BreadcrumbList\",\"@id\":\"https:\/\/finarte.fi\/fi\/sosiaalinen-vastuu\/#breadcrumb\",\"itemListElement\":[{\"@type\":\"ListItem\",\"position\":1,\"name\":\"Home\",\"item\":\"https:\/\/finarte.fi\/fi\/\"},{\"@type\":\"ListItem\",\"position\":2,\"name\":\"Sosiaalinen vastuu\"}]},{\"@type\":\"WebSite\",\"@id\":\"https:\/\/finarte.fi\/fi\/#website\",\"url\":\"https:\/\/finarte.fi\/fi\/\",\"name\":\"Finarte\",\"description\":\"\",\"potentialAction\":[{\"@type\":\"SearchAction\",\"target\":{\"@type\":\"EntryPoint\",\"urlTemplate\":\"https:\/\/finarte.fi\/fi\/?s={search_term_string}\"},\"query-input\":{\"@type\":\"PropertyValueSpecification\",\"valueRequired\":true,\"valueName\":\"search_term_string\"}}],\"inLanguage\":\"fi\"}]}<\/script>\n<!-- \/ Yoast SEO plugin. -->","yoast_head_json":{"title":"Sosiaalinen vastuu - Finarte","robots":{"index":"index","follow":"follow","max-snippet":"max-snippet:-1","max-image-preview":"max-image-preview:large","max-video-preview":"max-video-preview:-1"},"canonical":"https:\/\/finarte.fi\/fi\/sosiaalinen-vastuu\/","og_locale":"fi_FI","og_type":"article","og_title":"Sosiaalinen vastuu - Finarte","og_url":"https:\/\/finarte.fi\/fi\/sosiaalinen-vastuu\/","og_site_name":"Finarte","article_modified_time":"2024-08-16T12:02:41+00:00","twitter_card":"summary_large_image","twitter_misc":{"Arvioitu lukuaika":"4 minuuttia"},"schema":{"@context":"https:\/\/schema.org","@graph":[{"@type":"WebPage","@id":"https:\/\/finarte.fi\/fi\/sosiaalinen-vastuu\/","url":"https:\/\/finarte.fi\/fi\/sosiaalinen-vastuu\/","name":"Sosiaalinen vastuu - Finarte","isPartOf":{"@id":"https:\/\/finarte.fi\/fi\/#website"},"datePublished":"2023-09-07T16:22:52+00:00","dateModified":"2024-08-16T12:02:41+00:00","breadcrumb":{"@id":"https:\/\/finarte.fi\/fi\/sosiaalinen-vastuu\/#breadcrumb"},"inLanguage":"fi","potentialAction":[{"@type":"ReadAction","target":["https:\/\/finarte.fi\/fi\/sosiaalinen-vastuu\/"]}]},{"@type":"BreadcrumbList","@id":"https:\/\/finarte.fi\/fi\/sosiaalinen-vastuu\/#breadcrumb","itemListElement":[{"@type":"ListItem","position":1,"name":"Home","item":"https:\/\/finarte.fi\/fi\/"},{"@type":"ListItem","position":2,"name":"Sosiaalinen vastuu"}]},{"@type":"WebSite","@id":"https:\/\/finarte.fi\/fi\/#website","url":"https:\/\/finarte.fi\/fi\/","name":"Finarte","description":"","potentialAction":[{"@type":"SearchAction","target":{"@type":"EntryPoint","urlTemplate":"https:\/\/finarte.fi\/fi\/?s={search_term_string}"},"query-input":{"@type":"PropertyValueSpecification","valueRequired":true,"valueName":"search_term_string"}}],"inLanguage":"fi"}]}},"_links":{"self":[{"href":"https:\/\/finarte.fi\/fi\/wp-json\/wp\/v2\/pages\/1657","targetHints":{"allow":["GET"]}}],"collection":[{"href":"https:\/\/finarte.fi\/fi\/wp-json\/wp\/v2\/pages"}],"about":[{"href":"https:\/\/finarte.fi\/fi\/wp-json\/wp\/v2\/types\/page"}],"author":[{"embeddable":true,"href":"https:\/\/finarte.fi\/fi\/wp-json\/wp\/v2\/users\/2"}],"replies":[{"embeddable":true,"href":"https:\/\/finarte.fi\/fi\/wp-json\/wp\/v2\/comments?post=1657"}],"version-history":[{"count":6,"href":"https:\/\/finarte.fi\/fi\/wp-json\/wp\/v2\/pages\/1657\/revisions"}],"predecessor-version":[{"id":4100,"href":"https:\/\/finarte.fi\/fi\/wp-json\/wp\/v2\/pages\/1657\/revisions\/4100"}],"wp:attachment":[{"href":"https:\/\/finarte.fi\/fi\/wp-json\/wp\/v2\/media?parent=1657"}],"curies":[{"name":"wp","href":"https:\/\/api.w.org\/{rel}","templated":true}]}}