{"id":1632,"date":"2023-09-11T12:12:59","date_gmt":"2023-09-11T09:12:59","guid":{"rendered":"https:\/\/finarte.fi\/?page_id=1632"},"modified":"2025-03-14T15:42:14","modified_gmt":"2025-03-14T13:42:14","slug":"materiaaliopas","status":"publish","type":"page","link":"https:\/\/finarte.fi\/fi\/materiaaliopas\/","title":{"rendered":"Materiaaliopas"},"content":{"rendered":"\t<div id=\"text-950312473\" class=\"text\">\n\t\t\n<h2 style=\"text-align: center;\">Materiaaliopas<\/h2>\n\t\t\n<style>\n#text-950312473 {\n  font-size: 2rem;\n}\n<\/style>\n\t<\/div>\n\t\n<div class=\"row\"  id=\"row-1663684191\">\n\n\t<div id=\"col-1214216122\" class=\"col small-12 large-12\"  >\n\t\t\t\t<div class=\"col-inner\"  >\n\t\t\t\n\t\t\t\n<p style=\"text-align: center;\">Parhaiten materiaaliltaan k\u00e4ytt\u00f6tarkoitukseesi sopivan maton valinnan ei tarvitse olla hankalaa. Lue Finarten vinkit eri mattomateriaalien valintaan sek\u00e4 suosittelemamme materiaalit kodin eri huoneisiin. Jos etsit vinkkej\u00e4 siihen, miten pit\u00e4\u00e4 huolta valitsemastasi matosta, tutustu\u00a0<a href=\"https:\/\/finarte.fi\/fi\/hoito-opas\/\">Hoito-oppaaseemme<\/a>.<\/p>\n\t\t<\/div>\n\t\t\t\t\t<\/div>\n\n\t\n\n<style>\n#row-1663684191 > .col > .col-inner {\n  padding: 0px 100px 0px 100px;\n}\n<\/style>\n<\/div>\n\t<div id=\"gap-767996825\" class=\"gap-element clearfix\" style=\"display:block; height:auto;\">\n\t\t\n<style>\n#gap-767996825 {\n  padding-top: 30px;\n}\n<\/style>\n\t<\/div>\n\t\n<div class=\"row\"  id=\"row-961834204\">\n\n\t<div id=\"col-1860964693\" class=\"col small-12 large-12\"  >\n\t\t\t\t<div class=\"col-inner\"  >\n\t\t\t\n\t\t\t\n<div class=\"row\"  id=\"row-107814447\">\n\n\t<div id=\"col-651792807\" class=\"col medium-8 small-12 large-8\"  >\n\t\t\t\t<div class=\"col-inner\"  >\n\t\t\t\n\t\t\t\n<h2><span style=\"color: #ff5400;\">VILLA<\/span><\/h2>\n<p>Lampaanvilla on luonnonmateriaali, josta valmistetut matot sopivat monipuolisesti kodin eri huoneisiin hyvien k\u00e4ytt\u00f6ominaisuuksiensa vuoksi. Villa hylkii luonnostaan likaa, ja helpointa se on pit\u00e4\u00e4 puhtaana s\u00e4\u00e4nn\u00f6llisell\u00e4 imuroinnilla. Etenkin talvella villa on miellytt\u00e4v\u00e4 materiaalivalinta, sill\u00e4 se erist\u00e4\u00e4 hyvin l\u00e4mp\u00f6\u00e4. Akustoivana materiaalina se vaimentaa askelten \u00e4\u00e4ni\u00e4. Villa on luonnonkuiduista paloturvallisin, se ei syty helposti ja sammuu itsekseen. Villamaton voi sijoittaa l\u00e4mmitt\u00e4m\u00e4\u00e4n askelia olohuoneeseen, makuuhuoneeseen, k\u00e4yt\u00e4viin ja auloihin. Finarten k\u00e4ytt\u00e4m\u00e4 lampaanvilla on mulesing-vapaata ja kotoisin Intiasta, Uudesta-Seelannista ja Saudi-Arabiasta.<\/p>\n<p><span class=\"Superette-Light-Web\" style=\"font-size: 100%;\">plussat<br \/><\/span>+ hylkii likaa<br \/>+ l\u00e4mmin tuntu<br \/>+ ei syty helposti eik\u00e4 yll\u00e4pid\u00e4 palamista<\/p>\n<p><span class=\"Superette-Light-Web\" style=\"font-size: 100%;\">miinukset<br \/><\/span>\u2013 irtoaa jonkin verran nukkaa<br \/>\u2013 villa voi olla allergisoiva<\/p>\n<a href=\"https:\/\/finarte.fi\/fi\/tuote-osasto\/matot\/materiaali\/villa\/\" class=\"button primary is-outline\" >\n\t\t<span>Tutustu villamattoihimme<\/span>\n\t<\/a>\n\n\t\t<\/div>\n\t\t\t\t\t<\/div>\n\n\t\n\n\t<div id=\"col-1267038941\" class=\"col medium-4 small-12 large-4\"  >\n\t\t\t\t<div class=\"col-inner\"  >\n\t\t\t\n\t\t\t\n\t<div class=\"img has-hover x md-x lg-x y md-y lg-y\" id=\"image_976955252\">\n\t\t\t\t\t\t\t\t<div class=\"img-inner dark\" >\n\t\t\t<img loading=\"lazy\" decoding=\"async\" width=\"819\" height=\"1024\" src=\"https:\/\/finarte.fi\/wp-content\/uploads\/2023\/09\/finarte-pome-rug-mood-4-819x1024.webp\" class=\"attachment-large size-large\" alt=\"\" srcset=\"https:\/\/finarte.fi\/wp-content\/uploads\/2023\/09\/finarte-pome-rug-mood-4-819x1024.webp 819w, https:\/\/finarte.fi\/wp-content\/uploads\/2023\/09\/finarte-pome-rug-mood-4-510x638.webp 510w, https:\/\/finarte.fi\/wp-content\/uploads\/2023\/09\/finarte-pome-rug-mood-4-240x300.webp 240w, https:\/\/finarte.fi\/wp-content\/uploads\/2023\/09\/finarte-pome-rug-mood-4-768x960.webp 768w, https:\/\/finarte.fi\/wp-content\/uploads\/2023\/09\/finarte-pome-rug-mood-4.webp 1080w\" sizes=\"auto, (max-width: 819px) 100vw, 819px\" \/>\t\t\t\t\t\t\n\t\t\t\t\t<\/div>\n\t\t\t\t\t\t\t\t\n<style>\n#image_976955252 {\n  width: 100%;\n}\n<\/style>\n\t<\/div>\n\t\n\t\t<\/div>\n\t\t\t\t\t<\/div>\n\n\t\n<\/div>\n\t\t<\/div>\n\t\t\t\t\t<\/div>\n\n\t\n\n<style>\n#row-961834204 > .col > .col-inner {\n  padding: 0px 50px 0px 50px;\n}\n<\/style>\n<\/div>\n<div class=\"row\"  id=\"row-1651851493\">\n\n\t<div id=\"col-332381847\" class=\"col small-12 large-12\"  >\n\t\t\t\t<div class=\"col-inner\"  >\n\t\t\t\n\t\t\t\n<div class=\"row\"  id=\"row-989408185\">\n\n\t<div id=\"col-962998441\" class=\"col medium-4 small-12 large-4\"  >\n\t\t\t\t<div class=\"col-inner\"  >\n\t\t\t\n\t\t\t\n\t<div class=\"img has-hover x md-x lg-x y md-y lg-y\" id=\"image_1976443050\">\n\t\t\t\t\t\t\t\t<div class=\"img-inner dark\" >\n\t\t\t<img loading=\"lazy\" decoding=\"async\" width=\"827\" height=\"1024\" src=\"https:\/\/finarte.fi\/wp-content\/uploads\/2023\/04\/Finarte-Dyyni-mood.jpeg\" class=\"attachment-large size-large\" alt=\"\" srcset=\"https:\/\/finarte.fi\/wp-content\/uploads\/2023\/04\/Finarte-Dyyni-mood.jpeg 827w, https:\/\/finarte.fi\/wp-content\/uploads\/2023\/04\/Finarte-Dyyni-mood-510x631.jpeg 510w, https:\/\/finarte.fi\/wp-content\/uploads\/2023\/04\/Finarte-Dyyni-mood-242x300.jpeg 242w, https:\/\/finarte.fi\/wp-content\/uploads\/2023\/04\/Finarte-Dyyni-mood-768x951.jpeg 768w\" sizes=\"auto, (max-width: 827px) 100vw, 827px\" \/>\t\t\t\t\t\t\n\t\t\t\t\t<\/div>\n\t\t\t\t\t\t\t\t\n<style>\n#image_1976443050 {\n  width: 100%;\n}\n<\/style>\n\t<\/div>\n\t\n\t\t<\/div>\n\t\t\t\t\t<\/div>\n\n\t\n\n\t<div id=\"col-528872941\" class=\"col medium-8 small-12 large-8\"  >\n\t\t\t\t<div class=\"col-inner\"  >\n\t\t\t\n\t\t\t\n<h2><span style=\"color: #ff5400;\">KIERR\u00c4TETTY PUUVILLA<\/span><\/h2>\n<p>K\u00e4yt\u00e4nn\u00f6llisen ja miellytt\u00e4v\u00e4n pehme\u00e4n puuvillamaton voit sijoittaa melkein mihin tahansa kodissasi. Puuvilla kest\u00e4\u00e4 hyvin kulutusta ja sit\u00e4 on helppo huoltaa, joten se sopii my\u00f6s eteiseen tai keitti\u00f6\u00f6n. Puuvillamatot ovat my\u00f6s lapsi- ja lemmikkiperheiden suosiossa. Puuvillamattomme valmistetaan ainoastaan kierr\u00e4tetyst\u00e4 puuvillasta. K\u00e4yt\u00e4mme hy\u00f6dyksi teollisuuden leikkuuylij\u00e4\u00e4m\u00e4t ja hukkamateriaalit, jotka muuten p\u00e4\u00e4tyisiv\u00e4t tuhottavaksi.<\/p>\n<p><span class=\"Superette-Light-Web\" style=\"font-size: 100%;\">plussat<br \/><\/span>+ hyv\u00e4 kulutuksenkesto<br \/>+ helppo pest\u00e4 ja huoltaa<br \/>+ ei s\u00e4hk\u00f6isty tai nyppyynny<\/p>\n<p><span class=\"Superette-Light-Web\" style=\"font-size: 100%;\">miinukset<br \/><\/span>\u2013 pitk\u00e4kestoinen UV-s\u00e4teily kellastaa kuitua<br \/>\u2013 erist\u00e4\u00e4 heikosti l\u00e4mp\u00f6\u00e4<br \/>\u2013 likaantuu helpommin kuin villa<\/p>\n<a href=\"https:\/\/finarte.fi\/fi\/tuote-osasto\/matot\/materiaali\/kierratetty-puuvilla\/\" class=\"button primary is-outline\" >\n\t\t<span>TUtustu kierr\u00e4tyspuuvillamattoihimme<\/span>\n\t<\/a>\n\n\t\t<\/div>\n\t\t\t\t\t<\/div>\n\n\t\n<\/div>\n\t\t<\/div>\n\t\t\t\t\t<\/div>\n\n\t\n\n<style>\n#row-1651851493 > .col > .col-inner {\n  padding: 0px 50px 0px 50px;\n}\n<\/style>\n<\/div>\n<div class=\"row\"  id=\"row-852631556\">\n\n\t<div id=\"col-4095635\" class=\"col small-12 large-12\"  >\n\t\t\t\t<div class=\"col-inner\"  >\n\t\t\t\n\t\t\t\n<div class=\"row\"  id=\"row-1929859561\">\n\n\t<div id=\"col-1971752\" class=\"col medium-8 small-12 large-8\"  >\n\t\t\t\t<div class=\"col-inner\"  >\n\t\t\t\n\t\t\t\n<h2><span style=\"color: #ff5400;\">VISKOOSI<\/span><\/h2>\n<p>Viskoosi on pehme\u00e4 ja hengitt\u00e4v\u00e4 selluloosasta valmistettu muuntokuitu, jonka kaunis kiilto muistuttaa silkki\u00e4. Viskoosimaton s\u00e4vy ja pinnan kiilto el\u00e4ytyv\u00e4t valon mukaan. Maton s\u00e4vy voi siis vaihdella kiilt\u00e4v\u00e4st\u00e4 himme\u00e4mp\u00e4\u00e4n riippuen valon tulosuunnasta.<\/p>\n<p>Viskoosi on herkk\u00e4 materiaali ja t\u00e4m\u00e4n ominaisuuden vuoksi viskoosimatto sopii parhaiten huoneeseen, jossa on v\u00e4hemm\u00e4n trafiikkia. Parhaimmillaan viskoosimatto on katseenvangitsijana suurilla pinnoilla oleskelutilassa tai makuuhuoneessa. Viskoosi siet\u00e4\u00e4 heikosti vett\u00e4 ja kosteutta ja t\u00e4m\u00e4n vuoksi emme suosittele viskoosimattoa keitti\u00f6\u00f6n tai eteiseen. Suora auringonpaiste saattaa l\u00e4mp\u00f6ns\u00e4 puolesta aiheuttaa muutoksia kuituihin.<\/p>\n<p><span class=\"Superette-Light-Web\" style=\"font-size: 100%;\">plussat<br \/><\/span>+ kaunis kiilto<br \/>+ pehme\u00e4, silkkim\u00e4inen tuntu<br \/>+ ylellinen mattomateriaali<\/p>\n<p><span class=\"Superette-Light-Web\" style=\"font-size: 100%;\">miinukset<br \/><\/span>\u2013 herkk\u00e4 materiaali, alhainen hankauksenkesto<br \/>\u2013 vesi voi aiheuttaa l\u00e4ikki\u00e4 maton pintaan<br \/>\u2013 painavista huonekaluista voi j\u00e4\u00e4d\u00e4 painaumia mattoon<\/p>\n<a href=\"https:\/\/finarte.fi\/fi\/tuote-osasto\/matot\/materiaali\/viskoosi\/\" class=\"button primary is-outline\" >\n\t\t<span>Tutustu viskoosimattoihimme<\/span>\n\t<\/a>\n\n\t\t<\/div>\n\t\t\t\t\t<\/div>\n\n\t\n\n\t<div id=\"col-209794267\" class=\"col medium-4 small-12 large-4\"  >\n\t\t\t\t<div class=\"col-inner\"  >\n\t\t\t\n\t\t\t\n\t<div class=\"img has-hover x md-x lg-x y md-y lg-y\" id=\"image_823220701\">\n\t\t\t\t\t\t\t\t<div class=\"img-inner dark\" >\n\t\t\t<img loading=\"lazy\" decoding=\"async\" width=\"819\" height=\"1024\" src=\"https:\/\/finarte.fi\/wp-content\/uploads\/2023\/09\/finarte-raya-suraya-rug-mood-1-819x1024.webp\" class=\"attachment-large size-large\" alt=\"\" srcset=\"https:\/\/finarte.fi\/wp-content\/uploads\/2023\/09\/finarte-raya-suraya-rug-mood-1-819x1024.webp 819w, https:\/\/finarte.fi\/wp-content\/uploads\/2023\/09\/finarte-raya-suraya-rug-mood-1-510x638.webp 510w, https:\/\/finarte.fi\/wp-content\/uploads\/2023\/09\/finarte-raya-suraya-rug-mood-1-240x300.webp 240w, https:\/\/finarte.fi\/wp-content\/uploads\/2023\/09\/finarte-raya-suraya-rug-mood-1-768x960.webp 768w, https:\/\/finarte.fi\/wp-content\/uploads\/2023\/09\/finarte-raya-suraya-rug-mood-1.webp 1080w\" sizes=\"auto, (max-width: 819px) 100vw, 819px\" \/>\t\t\t\t\t\t\n\t\t\t\t\t<\/div>\n\t\t\t\t\t\t\t\t\n<style>\n#image_823220701 {\n  width: 100%;\n}\n<\/style>\n\t<\/div>\n\t\n\t\t<\/div>\n\t\t\t\t\t<\/div>\n\n\t\n<\/div>\n\t\t<\/div>\n\t\t\t\t\t<\/div>\n\n\t\n\n<style>\n#row-852631556 > .col > .col-inner {\n  padding: 0px 50px 0px 50px;\n}\n<\/style>\n<\/div>\n<div class=\"row\"  id=\"row-344594231\">\n\n\t<div id=\"col-1342423322\" class=\"col small-12 large-12\"  >\n\t\t\t\t<div class=\"col-inner\"  >\n\t\t\t\n\t\t\t\n<div class=\"row\"  id=\"row-1374550803\">\n\n\t<div id=\"col-1366832263\" class=\"col medium-4 small-12 large-4\"  >\n\t\t\t\t<div class=\"col-inner\"  >\n\t\t\t\n\t\t\t\n\t<div class=\"img has-hover x md-x lg-x y md-y lg-y\" id=\"image_50499219\">\n\t\t\t\t\t\t\t\t<div class=\"img-inner dark\" >\n\t\t\t<img loading=\"lazy\" decoding=\"async\" width=\"819\" height=\"1024\" src=\"https:\/\/finarte.fi\/wp-content\/uploads\/2023\/08\/Finarte-juuri-basket-mood-1-819x1024.webp\" class=\"attachment-large size-large\" alt=\"\" srcset=\"https:\/\/finarte.fi\/wp-content\/uploads\/2023\/08\/Finarte-juuri-basket-mood-1-819x1024.webp 819w, https:\/\/finarte.fi\/wp-content\/uploads\/2023\/08\/Finarte-juuri-basket-mood-1-510x638.webp 510w, https:\/\/finarte.fi\/wp-content\/uploads\/2023\/08\/Finarte-juuri-basket-mood-1-240x300.webp 240w, https:\/\/finarte.fi\/wp-content\/uploads\/2023\/08\/Finarte-juuri-basket-mood-1-768x960.webp 768w, https:\/\/finarte.fi\/wp-content\/uploads\/2023\/08\/Finarte-juuri-basket-mood-1.webp 1080w\" sizes=\"auto, (max-width: 819px) 100vw, 819px\" \/>\t\t\t\t\t\t\n\t\t\t\t\t<\/div>\n\t\t\t\t\t\t\t\t\n<style>\n#image_50499219 {\n  width: 100%;\n}\n<\/style>\n\t<\/div>\n\t\n\t\t<\/div>\n\t\t\t\t\t<\/div>\n\n\t\n\n\t<div id=\"col-532864730\" class=\"col medium-8 small-12 large-8\"  >\n\t\t\t\t<div class=\"col-inner\"  >\n\t\t\t\n\t\t\t\n<h2><span style=\"color: #ff5400;\">JUUTTI<\/span><\/h2>\n<p>Juutti on nopeakasvuinen runkokuitu, joka on yksi ymp\u00e4rist\u00f6yst\u00e4v\u00e4llisimmist\u00e4 saatavilla olevista luonnonkuiduista. Sen viljelyyn ei tarvita juuri lainkaan lannoitteita tai kasvinsuojeluaineita. Finarten k\u00e4ytt\u00e4m\u00e4 juutti on per\u00e4isin Intiasta, miss\u00e4 mattojemme kudontakin tapahtuu.<\/p>\n<div class=\"result-shield-container tlid-copy-target\" tabindex=\"0\">\n<p>Juutin parhaimpiin ominaisuuksiin kuuluu kest\u00e4vyys ja k\u00e4yt\u00e4nn\u00f6llisyys. Sen kauniin kirjavassa pinnassa lika ei juuri n\u00e4y. Juuttimatto kest\u00e4\u00e4 hyvin kovaakin kulutusta. Siksi se onkin suosittu valinta eteisiin ja parvekkeille.<\/p>\n<\/div>\n<p><span class=\"Superette-Light-Web\" style=\"font-size: 100%;\">plussat<br \/><\/span>+ pysyy helposti siistin\u00e4 imuroinnilla<br \/>+ ymp\u00e4rist\u00f6yst\u00e4v\u00e4llinen luonnonkuitu<\/p>\n<p><span class=\"Superette-Light-Web\" style=\"font-size: 100%;\">miinukset<br \/><\/span>\u2013 UV-s\u00e4teily heikent\u00e4\u00e4 kuitua<br \/>\u2013 voi irrota nukkaa<\/p>\n<a href=\"https:\/\/finarte.fi\/fi\/tuote-osasto\/matot\/materiaali\/juutti\/\" class=\"button primary is-outline\" >\n\t\t<span>TUtustu juuttimattoihimme<\/span>\n\t<\/a>\n\n\t\t<\/div>\n\t\t\t\t\t<\/div>\n\n\t\n<\/div>\n\t\t<\/div>\n\t\t\t\t\t<\/div>\n\n\t\n\n<style>\n#row-344594231 > .col > .col-inner {\n  padding: 0px 50px 0px 50px;\n}\n<\/style>\n<\/div>\n<div class=\"row\"  id=\"row-269983929\">\n\n\t<div id=\"col-1724841521\" class=\"col small-12 large-12\"  >\n\t\t\t\t<div class=\"col-inner\"  >\n\t\t\t\n\t\t\t\n<div class=\"row\"  id=\"row-101883512\">\n\n\t<div id=\"col-771371825\" class=\"col medium-8 small-12 large-8\"  >\n\t\t\t\t<div class=\"col-inner\"  >\n\t\t\t\n\t\t\t\n<h2><span style=\"color: #ff5400;\">KIERR\u00c4TETTY PET-MATERIAALI<\/span><\/h2>\n<p>Kun maton t\u00e4ytyy kest\u00e4\u00e4 astetta enemm\u00e4n kulutusta eteisess\u00e4, parvekkeella tai lemmikin tassujen alla, loistava valinta on kierr\u00e4tetyist\u00e4 muovipulloista tehty rPET-muovi. Se on luja ja kevyt materiaali, joka on samalla helppohoitoinen ja pehme\u00e4 koskettaa. Monik\u00e4ytt\u00f6inen rPET kest\u00e4\u00e4 my\u00f6s UV-s\u00e4teily\u00e4 ja vett\u00e4, soveltuen parvekkeelle ja kosteisiin tiloihin.<\/p>\n<p><span class=\"Superette-Light-Web\" style=\"font-size: 100%;\">plussat<br \/><\/span>+ kest\u00e4v\u00e4 mutta pehme\u00e4 materiaali<br \/>+ kest\u00e4\u00e4 hyvin UV-s\u00e4teily\u00e4 ja kosteutta<br \/>+ valmistettu kierr\u00e4tetyist\u00e4 muovipulloista<\/p>\n<p><span class=\"Superette-Light-Web\" style=\"font-size: 100%;\">miinukset<br \/><\/span>\u2013 erist\u00e4\u00e4 heikosti l\u00e4mp\u00f6\u00e4<br \/>\u2013 likaantuu helpommin kuin villa<\/p>\n<a href=\"https:\/\/finarte.fi\/fi\/tuote-osasto\/matot\/materiaali\/muut-materiaalit\/rpet\/\" class=\"button primary is-outline\" >\n\t\t<span>TUTUSTU rPET-MATTOIHIMME<\/span>\n\t<\/a>\n\n\t\t<\/div>\n\t\t\t\t\t<\/div>\n\n\t\n\n\t<div id=\"col-323253753\" class=\"col medium-4 small-12 large-4\"  >\n\t\t\t\t<div class=\"col-inner\"  >\n\t\t\t\n\t\t\t\n\t<div class=\"img has-hover x md-x lg-x y md-y lg-y\" id=\"image_1688466585\">\n\t\t\t\t\t\t\t\t<div class=\"img-inner dark\" >\n\t\t\t<img loading=\"lazy\" decoding=\"async\" width=\"819\" height=\"1024\" src=\"https:\/\/finarte.fi\/wp-content\/uploads\/2023\/09\/finarte-pinta-rug-mood-1-819x1024.webp\" class=\"attachment-large size-large\" alt=\"\" srcset=\"https:\/\/finarte.fi\/wp-content\/uploads\/2023\/09\/finarte-pinta-rug-mood-1-819x1024.webp 819w, https:\/\/finarte.fi\/wp-content\/uploads\/2023\/09\/finarte-pinta-rug-mood-1-510x638.webp 510w, https:\/\/finarte.fi\/wp-content\/uploads\/2023\/09\/finarte-pinta-rug-mood-1-240x300.webp 240w, https:\/\/finarte.fi\/wp-content\/uploads\/2023\/09\/finarte-pinta-rug-mood-1-768x960.webp 768w, https:\/\/finarte.fi\/wp-content\/uploads\/2023\/09\/finarte-pinta-rug-mood-1.webp 1080w\" sizes=\"auto, (max-width: 819px) 100vw, 819px\" \/>\t\t\t\t\t\t\n\t\t\t\t\t<\/div>\n\t\t\t\t\t\t\t\t\n<style>\n#image_1688466585 {\n  width: 100%;\n}\n<\/style>\n\t<\/div>\n\t\n\t\t<\/div>\n\t\t\t\t\t<\/div>\n\n\t\n<\/div>\n\t\t<\/div>\n\t\t\t\t\t<\/div>\n\n\t\n\n<style>\n#row-269983929 > .col > .col-inner {\n  padding: 0px 50px 0px 50px;\n}\n<\/style>\n<\/div>\n","protected":false},"excerpt":{"rendered":"","protected":false},"author":2,"featured_media":0,"parent":0,"menu_order":0,"comment_status":"closed","ping_status":"closed","template":"","meta":{"footnotes":""},"class_list":["post-1632","page","type-page","status-publish","hentry"],"yoast_head":"<!-- This site is optimized with the Yoast SEO plugin v27.3 - https:\/\/yoast.com\/product\/yoast-seo-wordpress\/ -->\n<title>Materiaaliopas - Finarte<\/title>\n<meta name=\"robots\" content=\"index, follow, max-snippet:-1, max-image-preview:large, max-video-preview:-1\" \/>\n<link rel=\"canonical\" href=\"https:\/\/finarte.fi\/fi\/materiaaliopas\/\" \/>\n<meta property=\"og:locale\" content=\"fi_FI\" \/>\n<meta property=\"og:type\" content=\"article\" \/>\n<meta property=\"og:title\" content=\"Materiaaliopas - Finarte\" \/>\n<meta property=\"og:url\" content=\"https:\/\/finarte.fi\/fi\/materiaaliopas\/\" \/>\n<meta property=\"og:site_name\" content=\"Finarte\" \/>\n<meta property=\"article:modified_time\" content=\"2025-03-14T13:42:14+00:00\" \/>\n<meta name=\"twitter:card\" content=\"summary_large_image\" \/>\n<meta name=\"twitter:label1\" content=\"Arvioitu lukuaika\" \/>\n\t<meta name=\"twitter:data1\" content=\"3 minuuttia\" \/>\n<script type=\"application\/ld+json\" class=\"yoast-schema-graph\">{\"@context\":\"https:\\\/\\\/schema.org\",\"@graph\":[{\"@type\":\"WebPage\",\"@id\":\"https:\\\/\\\/finarte.fi\\\/fi\\\/materiaaliopas\\\/\",\"url\":\"https:\\\/\\\/finarte.fi\\\/fi\\\/materiaaliopas\\\/\",\"name\":\"Materiaaliopas - Finarte\",\"isPartOf\":{\"@id\":\"https:\\\/\\\/finarte.fi\\\/fi\\\/#website\"},\"datePublished\":\"2023-09-11T09:12:59+00:00\",\"dateModified\":\"2025-03-14T13:42:14+00:00\",\"breadcrumb\":{\"@id\":\"https:\\\/\\\/finarte.fi\\\/fi\\\/materiaaliopas\\\/#breadcrumb\"},\"inLanguage\":\"fi\",\"potentialAction\":[{\"@type\":\"ReadAction\",\"target\":[\"https:\\\/\\\/finarte.fi\\\/fi\\\/materiaaliopas\\\/\"]}]},{\"@type\":\"BreadcrumbList\",\"@id\":\"https:\\\/\\\/finarte.fi\\\/fi\\\/materiaaliopas\\\/#breadcrumb\",\"itemListElement\":[{\"@type\":\"ListItem\",\"position\":1,\"name\":\"Home\",\"item\":\"https:\\\/\\\/finarte.fi\\\/fi\\\/\"},{\"@type\":\"ListItem\",\"position\":2,\"name\":\"Materiaaliopas\"}]},{\"@type\":\"WebSite\",\"@id\":\"https:\\\/\\\/finarte.fi\\\/fi\\\/#website\",\"url\":\"https:\\\/\\\/finarte.fi\\\/fi\\\/\",\"name\":\"Finarte\",\"description\":\"\",\"potentialAction\":[{\"@type\":\"SearchAction\",\"target\":{\"@type\":\"EntryPoint\",\"urlTemplate\":\"https:\\\/\\\/finarte.fi\\\/fi\\\/?s={search_term_string}\"},\"query-input\":{\"@type\":\"PropertyValueSpecification\",\"valueRequired\":true,\"valueName\":\"search_term_string\"}}],\"inLanguage\":\"fi\"}]}<\/script>\n<!-- \/ Yoast SEO plugin. -->","yoast_head_json":{"title":"Materiaaliopas - Finarte","robots":{"index":"index","follow":"follow","max-snippet":"max-snippet:-1","max-image-preview":"max-image-preview:large","max-video-preview":"max-video-preview:-1"},"canonical":"https:\/\/finarte.fi\/fi\/materiaaliopas\/","og_locale":"fi_FI","og_type":"article","og_title":"Materiaaliopas - Finarte","og_url":"https:\/\/finarte.fi\/fi\/materiaaliopas\/","og_site_name":"Finarte","article_modified_time":"2025-03-14T13:42:14+00:00","twitter_card":"summary_large_image","twitter_misc":{"Arvioitu lukuaika":"3 minuuttia"},"schema":{"@context":"https:\/\/schema.org","@graph":[{"@type":"WebPage","@id":"https:\/\/finarte.fi\/fi\/materiaaliopas\/","url":"https:\/\/finarte.fi\/fi\/materiaaliopas\/","name":"Materiaaliopas - Finarte","isPartOf":{"@id":"https:\/\/finarte.fi\/fi\/#website"},"datePublished":"2023-09-11T09:12:59+00:00","dateModified":"2025-03-14T13:42:14+00:00","breadcrumb":{"@id":"https:\/\/finarte.fi\/fi\/materiaaliopas\/#breadcrumb"},"inLanguage":"fi","potentialAction":[{"@type":"ReadAction","target":["https:\/\/finarte.fi\/fi\/materiaaliopas\/"]}]},{"@type":"BreadcrumbList","@id":"https:\/\/finarte.fi\/fi\/materiaaliopas\/#breadcrumb","itemListElement":[{"@type":"ListItem","position":1,"name":"Home","item":"https:\/\/finarte.fi\/fi\/"},{"@type":"ListItem","position":2,"name":"Materiaaliopas"}]},{"@type":"WebSite","@id":"https:\/\/finarte.fi\/fi\/#website","url":"https:\/\/finarte.fi\/fi\/","name":"Finarte","description":"","potentialAction":[{"@type":"SearchAction","target":{"@type":"EntryPoint","urlTemplate":"https:\/\/finarte.fi\/fi\/?s={search_term_string}"},"query-input":{"@type":"PropertyValueSpecification","valueRequired":true,"valueName":"search_term_string"}}],"inLanguage":"fi"}]}},"_links":{"self":[{"href":"https:\/\/finarte.fi\/fi\/wp-json\/wp\/v2\/pages\/1632","targetHints":{"allow":["GET"]}}],"collection":[{"href":"https:\/\/finarte.fi\/fi\/wp-json\/wp\/v2\/pages"}],"about":[{"href":"https:\/\/finarte.fi\/fi\/wp-json\/wp\/v2\/types\/page"}],"author":[{"embeddable":true,"href":"https:\/\/finarte.fi\/fi\/wp-json\/wp\/v2\/users\/2"}],"replies":[{"embeddable":true,"href":"https:\/\/finarte.fi\/fi\/wp-json\/wp\/v2\/comments?post=1632"}],"version-history":[{"count":15,"href":"https:\/\/finarte.fi\/fi\/wp-json\/wp\/v2\/pages\/1632\/revisions"}],"predecessor-version":[{"id":18998,"href":"https:\/\/finarte.fi\/fi\/wp-json\/wp\/v2\/pages\/1632\/revisions\/18998"}],"wp:attachment":[{"href":"https:\/\/finarte.fi\/fi\/wp-json\/wp\/v2\/media?parent=1632"}],"curies":[{"name":"wp","href":"https:\/\/api.w.org\/{rel}","templated":true}]}}