{"id":17577,"date":"2023-09-11T13:09:02","date_gmt":"2023-09-11T10:09:02","guid":{"rendered":"https:\/\/finarte.fi\/terms-and-conditions\/"},"modified":"2025-11-10T12:33:45","modified_gmt":"2025-11-10T10:33:45","slug":"allgemeine-geschaftsbedingungen","status":"publish","type":"page","link":"https:\/\/finarte.fi\/de\/allgemeine-geschaftsbedingungen\/","title":{"rendered":"Allgemeine Gesch\u00e4ftsbedingungen (AGB)"},"content":{"rendered":"<h1 style=\"text-align: center;\">Allgemeine Gesch\u00e4ftsbedingungen<\/h1>\n<div class=\"row\"  id=\"row-1623211693\">\n\n\t<div id=\"col-24104932\" class=\"col small-12 large-12\"  >\n\t\t\t\t<div class=\"col-inner\"  >\n\t\t\t\n\t\t\t\n\t<div id=\"gap-168807766\" class=\"gap-element clearfix\" style=\"display:block; height:auto;\">\n\t\t\n<style>\n#gap-168807766 {\n  padding-top: 30px;\n}\n<\/style>\n\t<\/div>\n\t\n<p>Die nachstehenden Allgemeinen Gesch\u00e4ftsbedingungen gelten zwischen dem Kunden und dem Finarte Online-Shop f\u00fcr den Kauf und Verkauf von Produkten im Warenkorb des Kunden.<\/p>\n<p>Wir behalten uns das Recht vor, diese Bedingungen jederzeit zu \u00e4ndern, anzupassen oder zu aktualisieren, und Sie erkl\u00e4ren sich damit einverstanden, an diese \u00c4nderungen gebunden zu sein, wenn Sie die Website weiterhin nutzen.<\/p>\n<p>Diese Verkaufsbedingungen gelten ab dem 13. November 2023, bis auf Weiteres.<\/p>\n<h2>BESTELLUNGEN<\/h2>\n<p>Sie k\u00f6nnen Finarte-Produkte \u00fcber die Warenkorb-Funktion im Online-Shop kaufen. Nach der Bestellung erhalten Sie eine Bestellbest\u00e4tigung per E-Mail sowie eine Versandbest\u00e4tigung, sobald Ihr Paket versendet wurde.<\/p>\n<p>Bitte beachten Sie, dass wir nicht garantieren k\u00f6nnen, dass alle im Online-Shop aufgef\u00fchrten Artikel auf Lager sind. Sollte ein Artikel nicht verf\u00fcgbar sein, werden wir Sie schnellstm\u00f6glich per E-Mail kontaktieren.<\/p>\n<p>Ihre Bestellung wird innerhalb von 3\u20135 Werktagen bearbeitet und versendet. Bitte beachten Sie, dass sich die Lieferzeiten w\u00e4hrend der Sale-Phasen verl\u00e4ngern k\u00f6nnen.<\/p>\n<p>Falls Sie unsicher sind, ob Ihre Bestellung erfolgreich war oder keine Bestellbest\u00e4tigung erhalten haben, kontaktieren Sie uns bitte per E-Mail oder Telefon.<\/p>\n<h2>VERSAND &amp; LIEFERUNG<\/h2>\n<p>Wir liefern in alle L\u00e4nder. Bestellungen innerhalb der EU, des Vereinigten K\u00f6nigreichs, der Schweiz, Norwegens, der Vereinigten Staaten und Kanadas k\u00f6nnen direkt \u00fcber unseren Online-Shop get\u00e4tigt werden. F\u00fcr Bestellungen in andere L\u00e4nder au\u00dferhalb der EU kontaktieren Sie uns bitte per E-Mail.<\/p>\n<p>Bestellungen werden innerhalb von 1\u20132 Werktagen bearbeitet und weltweit aus Kotka, Finnland, versendet. Die gesch\u00e4tzte Lieferzeit betr\u00e4gt 3\u20135 Werktage innerhalb Finnlands und 5\u201314 Werktage f\u00fcr internationale Bestellungen. Wir behalten uns eventuelle Lieferverz\u00f6gerungen vor.<\/p>\n<p>Die Preise sind in Euro angegeben und enthalten die Mehrwertsteuer (VAT) f\u00fcr Bestellungen innerhalb der EU. F\u00fcr Bestellungen au\u00dferhalb der EU sind die Preise ohne Mehrwertsteuer angegeben. Versandkosten werden automatisch zu allen Bestellungen hinzugef\u00fcgt.<\/p>\n<p><strong>Versandkosten<\/strong>:<br \/>Finnland: 8,90 \u20ac (DB Schenker Abholstation), 30\u20ac (Posti Hauszustellung)<br data-start=\"2724\" data-end=\"2727\" \/>EU (einschlie\u00dflich Schweiz und Norwegen): 30\u20ac<br data-start=\"2797\" data-end=\"2800\" \/>Vereinigte Staaten und Kanada: 149\u20ac<\/p>\n<p data-start=\"2840\" data-end=\"2908\">Kostenloser Versand f\u00fcr Bestellungen \u00fcber 100\u20ac (nur in Finnland).<\/p>\n<p data-start=\"2910\" data-end=\"3129\">Die Versandkosten f\u00fcr ma\u00dfgefertigte Produkte werden individuell pro Bestellung berechnet und im Checkout angezeigt. In Finnland ist der Versand per Seefracht kostenlos, w\u00e4hrend Luftfracht gegen Aufpreis verf\u00fcgbar ist.<\/p>\n<p data-start=\"3131\" data-end=\"3457\">Z\u00f6lle und Steuern sind f\u00fcr Bestellungen innerhalb der EU im Preis enthalten. F\u00fcr Bestellungen au\u00dferhalb der EU, einschlie\u00dflich der Vereinigten Staaten und Kanadas, ist der Kunde f\u00fcr alle eventuell anfallenden Z\u00f6lle, Steuern oder Einfuhrgeb\u00fchren verantwortlich. Diese Kosten sind nicht im Gesamtbetrag an der Kasse enthalten.<\/p>\n<p data-start=\"3459\" data-end=\"3524\">Finarte (India) Oy beh\u00e4lt sich das Recht vor, Preise zu \u00e4ndern.<\/p>\n<p data-start=\"3526\" data-end=\"3757\">Wenn eine Bestellung Vorbestellungsartikel enth\u00e4lt, wird die Bestellung in einer Sendung verschickt, sobald alle Artikel auf Lager sind. Wenn Sie eine Teillieferung w\u00fcnschen, kontaktieren Sie uns bitte unter <a class=\"decorated-link cursor-pointer\" href=\"mailto:store@finarte.fi\" rel=\"noopener\" data-start=\"3736\" data-end=\"3752\">store@finarte.fi<\/a>.<\/p>\n<h2>ZAHLUNGSBEDINGUNGEN<\/h2>\n<p data-start=\"3793\" data-end=\"3922\">Alle Bestellungen werden w\u00e4hrend des Checkouts bezahlt. Wir akzeptieren Zahlungen \u00fcber PayPal, Paytrail und Klarna.<\/p>\n<p data-start=\"3924\" data-end=\"4031\">\u00dcber PayPal k\u00f6nnen Sie mit Visa, Visa Electron, MasterCard oder Ihrem pers\u00f6nlichen PayPal-Konto bezahlen.<\/p>\n<p data-start=\"4033\" data-end=\"4195\">Wenn Sie Klarna als Zahlungsmethode w\u00e4hlen, gelten die spezifischen Zahlungsbedingungen von Klarna. Weitere Informationen finden Sie auf der Website von Klarna.<\/p>\n<h2>R\u00dcCKGABE<\/h2>\n<p data-start=\"4220\" data-end=\"4432\">Wir hoffen, dass Sie mit Ihrem Finarte-Einkauf zufrieden sind. Sollten Sie aus irgendeinem Grund nicht zufrieden sein, k\u00f6nnen Sie die gekauften Artikel innerhalb von vierzehn (14) Tagen nach Erhalt zur\u00fcckgeben.<\/p>\n<p data-start=\"4434\" data-end=\"4571\">Die zur\u00fcckgesendeten Produkte m\u00fcssen vollst\u00e4ndig, unbenutzt und in der Originalverpackung mit intakten Etiketten zur\u00fcckgesendet werden.<\/p>\n<p data-start=\"4573\" data-end=\"4804\"><strong data-start=\"4573\" data-end=\"4593\">R\u00fccksendekosten:<\/strong><br data-start=\"4593\" data-end=\"4596\" \/>Finnland: 15\u20ac<br data-start=\"4610\" data-end=\"4613\" \/>Europa: 30\u20ac<br data-start=\"4625\" data-end=\"4628\" \/>Vereinigte Staaten und Kanada: Die Kunden tragen die R\u00fccksendekosten selbst. R\u00fccksendungen m\u00fcssen auf eigene Kosten an unsere R\u00fccksendeadresse in Kalifornien gesendet werden.<\/p>\n<p data-start=\"4806\" data-end=\"4889\">Bitte beachten Sie, dass die urspr\u00fcnglichen Versandkosten nicht erstattet werden.<\/p>\n<p data-start=\"4891\" data-end=\"5379\"><strong>F\u00fcr R\u00fccksendungen innerhalb Finnlands<\/strong> bringen Sie Ihr Paket zu Ihrer n\u00e4chsten DB Schenker Abgabestelle (dieselbe wie die Abholstelle). Legen Sie ein ausgef\u00fclltes R\u00fccksendeformular in das Paket und geben Sie die R\u00fccksendung in der Originalverpackung mit den urspr\u00fcnglichen Versandetiketten auf. Wenn Sie die Originalverpackung nicht mehr haben, schreiben Sie Ihre urspr\u00fcngliche Sendungsnummer (siehe Versandbest\u00e4tigungs-E-Mail oder SMS) sowie die R\u00fccksendeadresse deutlich auf das Paket.<\/p>\n<p data-start=\"5381\" data-end=\"5552\">Nach Erhalt und Pr\u00fcfung der zur\u00fcckgesandten Artikel erstatten wir den vollen Kaufpreis abz\u00fcglich der R\u00fccksendegeb\u00fchr von 15\u20ac. Versandkosten sind nicht erstattungsf\u00e4hig.<\/p>\n<p data-start=\"5554\" data-end=\"5652\">R\u00fccksendeadresse:<br data-start=\"5575\" data-end=\"5578\" \/>Finarte (India) Oy \/ R\u00fccksendung<br data-start=\"5610\" data-end=\"5613\" \/>Kirkkokatu 1<br data-start=\"5625\" data-end=\"5628\" \/>48100 Kotka<br data-start=\"5639\" data-end=\"5642\" \/>Finnland<\/p>\n<p data-start=\"5654\" data-end=\"5799\">Wenn Ihre Bestellung per Posti-Heimlieferung zugestellt wurde, kontaktieren Sie bitte unseren Kundenservice, um die R\u00fccksendung zu vereinbaren.<\/p>\n<p data-start=\"5801\" data-end=\"5891\"><strong>F\u00fcr alle R\u00fccksendungen au\u00dferhalb Finnlands<\/strong> kontaktieren Sie bitte unseren Kundenservice.<\/p>\n<h2 data-start=\"5801\" data-end=\"5891\">NICHT ABGEHOLTE SENDUNGEN<\/h2>\n<p>Wenn eine Bestellung als unzustellbar an uns zur\u00fcckgesendet wird, behalten wir uns das Recht vor, die Versand- und R\u00fccksendekosten vom Erstattungsbetrag abzuziehen.<\/p>\n<h2>MA\u00dfGEFERTIGTE PRODUKTE<\/h2>\n<p>Ma\u00dfgefertigte Produkte k\u00f6nnen nach 24 Stunden ab dem Zeitpunkt der Bestellung nicht mehr storniert, umgetauscht oder zur\u00fcckgegeben werden.<\/p>\n<h2>FEHLERHAFTE PRODUKTE<\/h2>\n<p>Wenn Sie ein falsches oder fehlerhaftes Produkt erhalten haben, kontaktieren Sie bitte unseren Kundenservice unter <a class=\"decorated-link cursor-pointer\" href=\"mailto:store@finarte.fi\" rel=\"noopener\" data-start=\"6432\" data-end=\"6448\">store@finarte.fi<\/a>.<\/p>\n<h2>ALLGEMEINES<\/h2>\n<p data-start=\"6481\" data-end=\"6655\">Finarte beh\u00e4lt sich das Recht vor, Bestellungen abzulehnen oder zu stornieren, wenn der Verdacht besteht, dass gegen diese Allgemeinen Gesch\u00e4ftsbedingungen versto\u00dfen wurde.<\/p>\n<p data-start=\"6657\" data-end=\"6786\">Bitte beachten Sie, dass die Farben der Produkte im Online-Shop je nach Bildschirm- und Computereinstellungen abweichen k\u00f6nnen.<\/p>\n<p data-start=\"6788\" data-end=\"6994\">Wir empfehlen, unsere Produkte ausschlie\u00dflich \u00fcber unsere Website, den Concept Store oder autorisierte Einzelh\u00e4ndler zu kaufen. Eine Liste der offiziellen H\u00e4ndler finden Sie auf unserer Seite <em data-start=\"6980\" data-end=\"6991\">Retailers<\/em>.<\/p>\n<h2>KONTAKT<\/h2>\n<p data-start=\"7018\" data-end=\"7134\">Wir hoffen, dass Sie Ihren Einkauf bei Finarte genie\u00dfen. Wenn Sie Fragen haben, k\u00f6nnen Sie uns gerne kontaktieren:<\/p>\n<p data-start=\"7136\" data-end=\"7189\">Finarte<br data-start=\"7147\" data-end=\"7150\" \/>Kirkkokatu 1<br data-start=\"7162\" data-end=\"7165\" \/>48101 Kotka<br data-start=\"7176\" data-end=\"7179\" \/>Finnland<\/p>\n<p data-start=\"7191\" data-end=\"7238\"><a href=\"mailto:store@finarte.fi\">store@finarte.fi<\/a><br data-start=\"7214\" data-end=\"7217\" \/>+358 5 287 11 81<\/p>\n<p data-start=\"7240\" data-end=\"7313\">Unser Kundenservice hilft Ihnen gerne auf Finnisch und Englisch weiter.<\/p>\n\t\t<\/div>\n\t\t\t\t\n<style>\n#col-24104932 > .col-inner {\n  padding: 0px 50px 0px 50px;\n}\n<\/style>\n\t<\/div>\n\n\t\n<\/div>\n","protected":false},"excerpt":{"rendered":"<p>Allgemeine Gesch\u00e4ftsbedingungen<\/p>\n","protected":false},"author":2,"featured_media":0,"parent":0,"menu_order":0,"comment_status":"closed","ping_status":"closed","template":"","meta":{"footnotes":""},"class_list":["post-17577","page","type-page","status-publish","hentry"],"yoast_head":"<!-- This site is optimized with the Yoast SEO plugin v27.3 - https:\/\/yoast.com\/product\/yoast-seo-wordpress\/ -->\n<title>Allgemeine Gesch\u00e4ftsbedingungen (AGB) - Finarte<\/title>\n<meta name=\"description\" content=\"Lesen Sie die Allgemeinen Gesch\u00e4ftsbedingungen von Finarte f\u00fcr Online-K\u00e4ufe. Erfahren Sie mehr \u00fcber Bestellungen, Versand, Zahlungen, R\u00fcckgaben und Kundenrechte. Kontaktieren Sie uns bei Fragen.\" \/>\n<meta name=\"robots\" content=\"index, follow, max-snippet:-1, max-image-preview:large, max-video-preview:-1\" \/>\n<link rel=\"canonical\" href=\"https:\/\/finarte.fi\/de\/allgemeine-geschaftsbedingungen\/\" \/>\n<meta property=\"og:locale\" content=\"de_DE\" \/>\n<meta property=\"og:type\" content=\"article\" \/>\n<meta property=\"og:title\" content=\"Allgemeine Gesch\u00e4ftsbedingungen (AGB) - Finarte\" \/>\n<meta property=\"og:description\" content=\"Lesen Sie die Allgemeinen Gesch\u00e4ftsbedingungen von Finarte f\u00fcr Online-K\u00e4ufe. Erfahren Sie mehr \u00fcber Bestellungen, Versand, Zahlungen, R\u00fcckgaben und Kundenrechte. Kontaktieren Sie uns bei Fragen.\" \/>\n<meta property=\"og:url\" content=\"https:\/\/finarte.fi\/de\/allgemeine-geschaftsbedingungen\/\" \/>\n<meta property=\"og:site_name\" content=\"Finarte\" \/>\n<meta property=\"article:modified_time\" content=\"2025-11-10T10:33:45+00:00\" \/>\n<meta name=\"twitter:card\" content=\"summary_large_image\" \/>\n<meta name=\"twitter:label1\" content=\"Gesch\u00e4tzte Lesezeit\" \/>\n\t<meta name=\"twitter:data1\" content=\"3\u00a0Minuten\" \/>\n<script type=\"application\/ld+json\" class=\"yoast-schema-graph\">{\"@context\":\"https:\\\/\\\/schema.org\",\"@graph\":[{\"@type\":\"WebPage\",\"@id\":\"https:\\\/\\\/finarte.fi\\\/de\\\/allgemeine-geschaftsbedingungen\\\/\",\"url\":\"https:\\\/\\\/finarte.fi\\\/de\\\/allgemeine-geschaftsbedingungen\\\/\",\"name\":\"Allgemeine Gesch\u00e4ftsbedingungen (AGB) - Finarte\",\"isPartOf\":{\"@id\":\"https:\\\/\\\/finarte.fi\\\/de\\\/#website\"},\"datePublished\":\"2023-09-11T10:09:02+00:00\",\"dateModified\":\"2025-11-10T10:33:45+00:00\",\"description\":\"Lesen Sie die Allgemeinen Gesch\u00e4ftsbedingungen von Finarte f\u00fcr Online-K\u00e4ufe. Erfahren Sie mehr \u00fcber Bestellungen, Versand, Zahlungen, R\u00fcckgaben und Kundenrechte. Kontaktieren Sie uns bei Fragen.\",\"breadcrumb\":{\"@id\":\"https:\\\/\\\/finarte.fi\\\/de\\\/allgemeine-geschaftsbedingungen\\\/#breadcrumb\"},\"inLanguage\":\"de\",\"potentialAction\":[{\"@type\":\"ReadAction\",\"target\":[\"https:\\\/\\\/finarte.fi\\\/de\\\/allgemeine-geschaftsbedingungen\\\/\"]}]},{\"@type\":\"BreadcrumbList\",\"@id\":\"https:\\\/\\\/finarte.fi\\\/de\\\/allgemeine-geschaftsbedingungen\\\/#breadcrumb\",\"itemListElement\":[{\"@type\":\"ListItem\",\"position\":1,\"name\":\"Home\",\"item\":\"https:\\\/\\\/finarte.fi\\\/de\\\/\"},{\"@type\":\"ListItem\",\"position\":2,\"name\":\"Allgemeine Gesch\u00e4ftsbedingungen (AGB)\"}]},{\"@type\":\"WebSite\",\"@id\":\"https:\\\/\\\/finarte.fi\\\/de\\\/#website\",\"url\":\"https:\\\/\\\/finarte.fi\\\/de\\\/\",\"name\":\"Finarte\",\"description\":\"\",\"potentialAction\":[{\"@type\":\"SearchAction\",\"target\":{\"@type\":\"EntryPoint\",\"urlTemplate\":\"https:\\\/\\\/finarte.fi\\\/de\\\/?s={search_term_string}\"},\"query-input\":{\"@type\":\"PropertyValueSpecification\",\"valueRequired\":true,\"valueName\":\"search_term_string\"}}],\"inLanguage\":\"de\"}]}<\/script>\n<!-- \/ Yoast SEO plugin. -->","yoast_head_json":{"title":"Allgemeine Gesch\u00e4ftsbedingungen (AGB) - Finarte","description":"Lesen Sie die Allgemeinen Gesch\u00e4ftsbedingungen von Finarte f\u00fcr Online-K\u00e4ufe. Erfahren Sie mehr \u00fcber Bestellungen, Versand, Zahlungen, R\u00fcckgaben und Kundenrechte. Kontaktieren Sie uns bei Fragen.","robots":{"index":"index","follow":"follow","max-snippet":"max-snippet:-1","max-image-preview":"max-image-preview:large","max-video-preview":"max-video-preview:-1"},"canonical":"https:\/\/finarte.fi\/de\/allgemeine-geschaftsbedingungen\/","og_locale":"de_DE","og_type":"article","og_title":"Allgemeine Gesch\u00e4ftsbedingungen (AGB) - Finarte","og_description":"Lesen Sie die Allgemeinen Gesch\u00e4ftsbedingungen von Finarte f\u00fcr Online-K\u00e4ufe. Erfahren Sie mehr \u00fcber Bestellungen, Versand, Zahlungen, R\u00fcckgaben und Kundenrechte. Kontaktieren Sie uns bei Fragen.","og_url":"https:\/\/finarte.fi\/de\/allgemeine-geschaftsbedingungen\/","og_site_name":"Finarte","article_modified_time":"2025-11-10T10:33:45+00:00","twitter_card":"summary_large_image","twitter_misc":{"Gesch\u00e4tzte Lesezeit":"3\u00a0Minuten"},"schema":{"@context":"https:\/\/schema.org","@graph":[{"@type":"WebPage","@id":"https:\/\/finarte.fi\/de\/allgemeine-geschaftsbedingungen\/","url":"https:\/\/finarte.fi\/de\/allgemeine-geschaftsbedingungen\/","name":"Allgemeine Gesch\u00e4ftsbedingungen (AGB) - Finarte","isPartOf":{"@id":"https:\/\/finarte.fi\/de\/#website"},"datePublished":"2023-09-11T10:09:02+00:00","dateModified":"2025-11-10T10:33:45+00:00","description":"Lesen Sie die Allgemeinen Gesch\u00e4ftsbedingungen von Finarte f\u00fcr Online-K\u00e4ufe. Erfahren Sie mehr \u00fcber Bestellungen, Versand, Zahlungen, R\u00fcckgaben und Kundenrechte. Kontaktieren Sie uns bei Fragen.","breadcrumb":{"@id":"https:\/\/finarte.fi\/de\/allgemeine-geschaftsbedingungen\/#breadcrumb"},"inLanguage":"de","potentialAction":[{"@type":"ReadAction","target":["https:\/\/finarte.fi\/de\/allgemeine-geschaftsbedingungen\/"]}]},{"@type":"BreadcrumbList","@id":"https:\/\/finarte.fi\/de\/allgemeine-geschaftsbedingungen\/#breadcrumb","itemListElement":[{"@type":"ListItem","position":1,"name":"Home","item":"https:\/\/finarte.fi\/de\/"},{"@type":"ListItem","position":2,"name":"Allgemeine Gesch\u00e4ftsbedingungen (AGB)"}]},{"@type":"WebSite","@id":"https:\/\/finarte.fi\/de\/#website","url":"https:\/\/finarte.fi\/de\/","name":"Finarte","description":"","potentialAction":[{"@type":"SearchAction","target":{"@type":"EntryPoint","urlTemplate":"https:\/\/finarte.fi\/de\/?s={search_term_string}"},"query-input":{"@type":"PropertyValueSpecification","valueRequired":true,"valueName":"search_term_string"}}],"inLanguage":"de"}]}},"_links":{"self":[{"href":"https:\/\/finarte.fi\/de\/wp-json\/wp\/v2\/pages\/17577","targetHints":{"allow":["GET"]}}],"collection":[{"href":"https:\/\/finarte.fi\/de\/wp-json\/wp\/v2\/pages"}],"about":[{"href":"https:\/\/finarte.fi\/de\/wp-json\/wp\/v2\/types\/page"}],"author":[{"embeddable":true,"href":"https:\/\/finarte.fi\/de\/wp-json\/wp\/v2\/users\/2"}],"replies":[{"embeddable":true,"href":"https:\/\/finarte.fi\/de\/wp-json\/wp\/v2\/comments?post=17577"}],"version-history":[{"count":7,"href":"https:\/\/finarte.fi\/de\/wp-json\/wp\/v2\/pages\/17577\/revisions"}],"predecessor-version":[{"id":28145,"href":"https:\/\/finarte.fi\/de\/wp-json\/wp\/v2\/pages\/17577\/revisions\/28145"}],"wp:attachment":[{"href":"https:\/\/finarte.fi\/de\/wp-json\/wp\/v2\/media?parent=17577"}],"curies":[{"name":"wp","href":"https:\/\/api.w.org\/{rel}","templated":true}]}}