{"id":17559,"date":"2024-01-17T15:12:15","date_gmt":"2024-01-17T13:12:15","guid":{"rendered":"https:\/\/finarte.fi\/snow-washing-how-to-do-it\/"},"modified":"2025-03-06T09:15:22","modified_gmt":"2025-03-06T07:15:22","slug":"snow-washing-how-to-do-it","status":"publish","type":"page","link":"https:\/\/finarte.fi\/de\/snow-washing-how-to-do-it\/","title":{"rendered":"Snow Washing \u2013 So geht\u2019s"},"content":{"rendered":"<p data-start=\"24\" data-end=\"55\">\t<div id=\"text-3450618085\" class=\"text\">\n\t\t\n<p data-start=\"57\" data-end=\"78\"><strong data-start=\"57\" data-end=\"76\">SCHNEEREINIGUNG<\/strong><\/p>\n<p data-start=\"80\" data-end=\"92\">\t\t\n<style>\n#text-3450618085 {\n  text-align: center;\n}\n<\/style>\n\t<\/div>\n\t\n<p data-start=\"94\" data-end=\"120\"><strong data-start=\"94\" data-end=\"118\">Wie funktioniert es?<\/strong><\/p>\n<p data-start=\"122\" data-end=\"129\">\t<div id=\"gap-742330121\" class=\"gap-element clearfix\" style=\"display:block; height:auto;\">\n\t\t\n<style>\n#gap-742330121 {\n  padding-top: 30px;\n}\n<\/style>\n\t<\/div>\n\t\n<p data-start=\"131\" data-end=\"138\"><div class=\"row\"  id=\"row-1429291492\">\n<p data-start=\"140\" data-end=\"189\">\n\t<div id=\"col-324046393\" class=\"col small-12 large-12\"  >\n\t\t\t\t<div class=\"col-inner\"  >\n\t\t\t\n\t\t\t\n<p data-start=\"191\" data-end=\"204\"><div class=\"row\"  id=\"row-380749710\">\n<p data-start=\"206\" data-end=\"242\">\n\t<div id=\"col-1101364538\" class=\"col medium-6 small-12 large-6\"  >\n\t\t\t\t<div class=\"col-inner\"  >\n\t\t\t\n\t\t\t\n<p data-start=\"244\" data-end=\"266\">\t<div class=\"img has-hover x md-x lg-x y md-y lg-y\" id=\"image_1760115032\">\n\t\t\t\t\t\t\t\t<div class=\"img-inner dark\" >\n\t\t\t<img loading=\"lazy\" decoding=\"async\" width=\"819\" height=\"1024\" src=\"https:\/\/finarte.fi\/wp-content\/uploads\/2024\/01\/lumipesu1-819x1024.webp\" class=\"attachment-large size-large\" alt=\"\" srcset=\"https:\/\/finarte.fi\/wp-content\/uploads\/2024\/01\/lumipesu1-819x1024.webp 819w, https:\/\/finarte.fi\/wp-content\/uploads\/2024\/01\/lumipesu1-240x300.webp 240w, https:\/\/finarte.fi\/wp-content\/uploads\/2024\/01\/lumipesu1-768x960.webp 768w, https:\/\/finarte.fi\/wp-content\/uploads\/2024\/01\/lumipesu1-510x638.webp 510w, https:\/\/finarte.fi\/wp-content\/uploads\/2024\/01\/lumipesu1.webp 1080w\" sizes=\"auto, (max-width: 819px) 100vw, 819px\" \/>\t\t\t\t\t\t\n\t\t\t\t\t<\/div>\n\t\t\t\t\t\t\t\t\n<style>\n#image_1760115032 {\n  width: 100%;\n}\n<\/style>\n\t<\/div>\n\t\n<p data-start=\"268\" data-end=\"319\">\t\t<\/div>\n\t\t\t\t\t<\/div>\n\n\t<br data-start=\"280\" data-end=\"283\" \/>\n\t<div id=\"col-1185696177\" class=\"col medium-6 small-12 large-6\"  >\n\t\t\t\t<div class=\"col-inner\"  >\n\t\t\t\n\t\t\t\n<p data-start=\"321\" data-end=\"578\">Die Temperaturen sind in den letzten Wochen in Finnland und vielen Teilen Europas <strong data-start=\"403\" data-end=\"429\">unter den Gefrierpunkt<\/strong> gefallen. Diese frostige Wetterlage bringt auch Vorteile mit sich: <strong data-start=\"497\" data-end=\"575\">Jetzt ist die perfekte Zeit, um Wollteppiche drau\u00dfen im Schnee zu reinigen<\/strong>.<\/p>\n<p data-start=\"580\" data-end=\"774\">Besonders <strong data-start=\"590\" data-end=\"606\">Wollteppiche<\/strong> profitieren von dieser nat\u00fcrlichen Reinigungstechnik. Lesen Sie unsere <strong data-start=\"678\" data-end=\"687\">Tipps<\/strong>, wie Sie Ihre Teppiche auf diese <strong data-start=\"721\" data-end=\"752\">spa\u00dfige und effektive Weise<\/strong> auffrischen k\u00f6nnen!<\/p>\n<ol data-start=\"776\" data-end=\"1786\">\n<li data-start=\"776\" data-end=\"871\">\n<p data-start=\"779\" data-end=\"871\"><strong data-start=\"779\" data-end=\"805\">Saugen Sie den Teppich<\/strong> zun\u00e4chst im Innenraum ab, um \u00fcbersch\u00fcssigen Staub zu entfernen.<\/p>\n<\/li>\n<li data-start=\"873\" data-end=\"1043\">\n<p data-start=\"876\" data-end=\"1043\"><strong data-start=\"876\" data-end=\"919\">Lassen Sie den Teppich drau\u00dfen abk\u00fchlen<\/strong>, bevor Sie ihn mit Schnee reinigen. Ein warmer Teppich w\u00fcrde den Schnee schmelzen lassen, wodurch er daran kleben bleibt.<\/p>\n<\/li>\n<li data-start=\"1045\" data-end=\"1297\">\n<p data-start=\"1048\" data-end=\"1297\"><strong data-start=\"1048\" data-end=\"1088\">Legen Sie den Teppich auf den Schnee<\/strong> und reiben Sie ihn mit <strong data-start=\"1112\" data-end=\"1141\">frischem, sauberem Schnee<\/strong> ab. Sie k\u00f6nnen den Teppich auch im Schnee einrollen oder ihn aufh\u00e4ngen und auf diese Weise reinigen. Vergessen Sie nicht, <strong data-start=\"1264\" data-end=\"1280\">beide Seiten<\/strong> zu bearbeiten.<\/p>\n<\/li>\n<li data-start=\"1299\" data-end=\"1409\">\n<p data-start=\"1302\" data-end=\"1409\"><strong data-start=\"1302\" data-end=\"1327\">Sch\u00fctteln und b\u00fcrsten<\/strong> Sie den Teppich anschlie\u00dfend gr\u00fcndlich, um den Schnee <strong data-start=\"1382\" data-end=\"1406\">restlos zu entfernen<\/strong>.<\/p>\n<\/li>\n<li data-start=\"1411\" data-end=\"1487\">\n<p data-start=\"1414\" data-end=\"1487\"><strong data-start=\"1414\" data-end=\"1440\">Lassen Sie den Teppich<\/strong> nach der Reinigung eine Weile drau\u00dfen ruhen.<\/p>\n<\/li>\n<li data-start=\"1489\" data-end=\"1786\">\n<p data-start=\"1492\" data-end=\"1786\"><strong data-start=\"1492\" data-end=\"1542\">Genie\u00dfen Sie Ihren frisch gereinigten Teppich!<\/strong> Nach der Schneereinigung wirkt der Teppich <strong data-start=\"1586\" data-end=\"1637\">sauberer, frischer und seine Farben strahlender<\/strong>. Bitte beachten Sie, dass der Teppich beim Reinholen m\u00f6glicherweise noch <strong data-start=\"1711\" data-end=\"1728\">leicht feucht<\/strong> sein kann \u2013 seien Sie daher vorsichtig mit Ihren B\u00f6den.<\/p>\n<\/li>\n<\/ol>\n<p data-start=\"1788\" data-end=\"1808\">Viel Freude damit!<\/p>\n<p data-start=\"1810\" data-end=\"1824\">\t\t<\/div>\n\t\t\t\t\t<\/div>\n\n\t\n<p data-start=\"1826\" data-end=\"1840\"><\/div>\n<p data-start=\"1842\" data-end=\"1850\">\t\t<\/div>\n\t\t\t\t\n<style>\n#col-324046393 > .col-inner {\n  padding: 0px 10px 0px 10px;\n}\n<\/style>\n\t<\/div>\n\n\t\n<p data-start=\"1852\" data-end=\"1860\"><\/div>\n","protected":false},"excerpt":{"rendered":"<p>Wie funktioniert es?<\/p>\n","protected":false},"author":2,"featured_media":0,"parent":0,"menu_order":0,"comment_status":"closed","ping_status":"closed","template":"","meta":{"footnotes":""},"class_list":["post-17559","page","type-page","status-publish","hentry"],"yoast_head":"<!-- This site is optimized with the Yoast SEO plugin v27.3 - https:\/\/yoast.com\/product\/yoast-seo-wordpress\/ -->\n<title>Snow Washing \u2013 So geht\u2019s - Finarte<\/title>\n<meta name=\"description\" content=\"Entdecken Sie die Kunst der Schneereinigung! Erfahren Sie, wie Sie Wollteppiche auf nat\u00fcrliche Weise im Schnee reinigen und auffrischen \u2013 perfekt f\u00fcr die Winterpflege.\" \/>\n<meta name=\"robots\" content=\"index, follow, max-snippet:-1, max-image-preview:large, max-video-preview:-1\" \/>\n<link rel=\"canonical\" href=\"https:\/\/finarte.fi\/de\/snow-washing-how-to-do-it\/\" \/>\n<meta property=\"og:locale\" content=\"de_DE\" \/>\n<meta property=\"og:type\" content=\"article\" \/>\n<meta property=\"og:title\" content=\"Snow Washing \u2013 So geht\u2019s - Finarte\" \/>\n<meta property=\"og:description\" content=\"Entdecken Sie die Kunst der Schneereinigung! Erfahren Sie, wie Sie Wollteppiche auf nat\u00fcrliche Weise im Schnee reinigen und auffrischen \u2013 perfekt f\u00fcr die Winterpflege.\" \/>\n<meta property=\"og:url\" content=\"https:\/\/finarte.fi\/de\/snow-washing-how-to-do-it\/\" \/>\n<meta property=\"og:site_name\" content=\"Finarte\" \/>\n<meta property=\"article:modified_time\" content=\"2025-03-06T07:15:22+00:00\" \/>\n<meta name=\"twitter:card\" content=\"summary_large_image\" \/>\n<meta name=\"twitter:label1\" content=\"Gesch\u00e4tzte Lesezeit\" \/>\n\t<meta name=\"twitter:data1\" content=\"2\u00a0Minuten\" \/>\n<script type=\"application\/ld+json\" class=\"yoast-schema-graph\">{\"@context\":\"https:\\\/\\\/schema.org\",\"@graph\":[{\"@type\":\"WebPage\",\"@id\":\"https:\\\/\\\/finarte.fi\\\/de\\\/snow-washing-how-to-do-it\\\/\",\"url\":\"https:\\\/\\\/finarte.fi\\\/de\\\/snow-washing-how-to-do-it\\\/\",\"name\":\"Snow Washing \u2013 So geht\u2019s - Finarte\",\"isPartOf\":{\"@id\":\"https:\\\/\\\/finarte.fi\\\/de\\\/#website\"},\"datePublished\":\"2024-01-17T13:12:15+00:00\",\"dateModified\":\"2025-03-06T07:15:22+00:00\",\"description\":\"Entdecken Sie die Kunst der Schneereinigung! Erfahren Sie, wie Sie Wollteppiche auf nat\u00fcrliche Weise im Schnee reinigen und auffrischen \u2013 perfekt f\u00fcr die Winterpflege.\",\"breadcrumb\":{\"@id\":\"https:\\\/\\\/finarte.fi\\\/de\\\/snow-washing-how-to-do-it\\\/#breadcrumb\"},\"inLanguage\":\"de\",\"potentialAction\":[{\"@type\":\"ReadAction\",\"target\":[\"https:\\\/\\\/finarte.fi\\\/de\\\/snow-washing-how-to-do-it\\\/\"]}]},{\"@type\":\"BreadcrumbList\",\"@id\":\"https:\\\/\\\/finarte.fi\\\/de\\\/snow-washing-how-to-do-it\\\/#breadcrumb\",\"itemListElement\":[{\"@type\":\"ListItem\",\"position\":1,\"name\":\"Home\",\"item\":\"https:\\\/\\\/finarte.fi\\\/de\\\/\"},{\"@type\":\"ListItem\",\"position\":2,\"name\":\"Snow Washing \u2013 So geht\u2019s\"}]},{\"@type\":\"WebSite\",\"@id\":\"https:\\\/\\\/finarte.fi\\\/de\\\/#website\",\"url\":\"https:\\\/\\\/finarte.fi\\\/de\\\/\",\"name\":\"Finarte\",\"description\":\"\",\"potentialAction\":[{\"@type\":\"SearchAction\",\"target\":{\"@type\":\"EntryPoint\",\"urlTemplate\":\"https:\\\/\\\/finarte.fi\\\/de\\\/?s={search_term_string}\"},\"query-input\":{\"@type\":\"PropertyValueSpecification\",\"valueRequired\":true,\"valueName\":\"search_term_string\"}}],\"inLanguage\":\"de\"}]}<\/script>\n<!-- \/ Yoast SEO plugin. -->","yoast_head_json":{"title":"Snow Washing \u2013 So geht\u2019s - Finarte","description":"Entdecken Sie die Kunst der Schneereinigung! Erfahren Sie, wie Sie Wollteppiche auf nat\u00fcrliche Weise im Schnee reinigen und auffrischen \u2013 perfekt f\u00fcr die Winterpflege.","robots":{"index":"index","follow":"follow","max-snippet":"max-snippet:-1","max-image-preview":"max-image-preview:large","max-video-preview":"max-video-preview:-1"},"canonical":"https:\/\/finarte.fi\/de\/snow-washing-how-to-do-it\/","og_locale":"de_DE","og_type":"article","og_title":"Snow Washing \u2013 So geht\u2019s - Finarte","og_description":"Entdecken Sie die Kunst der Schneereinigung! Erfahren Sie, wie Sie Wollteppiche auf nat\u00fcrliche Weise im Schnee reinigen und auffrischen \u2013 perfekt f\u00fcr die Winterpflege.","og_url":"https:\/\/finarte.fi\/de\/snow-washing-how-to-do-it\/","og_site_name":"Finarte","article_modified_time":"2025-03-06T07:15:22+00:00","twitter_card":"summary_large_image","twitter_misc":{"Gesch\u00e4tzte Lesezeit":"2\u00a0Minuten"},"schema":{"@context":"https:\/\/schema.org","@graph":[{"@type":"WebPage","@id":"https:\/\/finarte.fi\/de\/snow-washing-how-to-do-it\/","url":"https:\/\/finarte.fi\/de\/snow-washing-how-to-do-it\/","name":"Snow Washing \u2013 So geht\u2019s - Finarte","isPartOf":{"@id":"https:\/\/finarte.fi\/de\/#website"},"datePublished":"2024-01-17T13:12:15+00:00","dateModified":"2025-03-06T07:15:22+00:00","description":"Entdecken Sie die Kunst der Schneereinigung! Erfahren Sie, wie Sie Wollteppiche auf nat\u00fcrliche Weise im Schnee reinigen und auffrischen \u2013 perfekt f\u00fcr die Winterpflege.","breadcrumb":{"@id":"https:\/\/finarte.fi\/de\/snow-washing-how-to-do-it\/#breadcrumb"},"inLanguage":"de","potentialAction":[{"@type":"ReadAction","target":["https:\/\/finarte.fi\/de\/snow-washing-how-to-do-it\/"]}]},{"@type":"BreadcrumbList","@id":"https:\/\/finarte.fi\/de\/snow-washing-how-to-do-it\/#breadcrumb","itemListElement":[{"@type":"ListItem","position":1,"name":"Home","item":"https:\/\/finarte.fi\/de\/"},{"@type":"ListItem","position":2,"name":"Snow Washing \u2013 So geht\u2019s"}]},{"@type":"WebSite","@id":"https:\/\/finarte.fi\/de\/#website","url":"https:\/\/finarte.fi\/de\/","name":"Finarte","description":"","potentialAction":[{"@type":"SearchAction","target":{"@type":"EntryPoint","urlTemplate":"https:\/\/finarte.fi\/de\/?s={search_term_string}"},"query-input":{"@type":"PropertyValueSpecification","valueRequired":true,"valueName":"search_term_string"}}],"inLanguage":"de"}]}},"_links":{"self":[{"href":"https:\/\/finarte.fi\/de\/wp-json\/wp\/v2\/pages\/17559","targetHints":{"allow":["GET"]}}],"collection":[{"href":"https:\/\/finarte.fi\/de\/wp-json\/wp\/v2\/pages"}],"about":[{"href":"https:\/\/finarte.fi\/de\/wp-json\/wp\/v2\/types\/page"}],"author":[{"embeddable":true,"href":"https:\/\/finarte.fi\/de\/wp-json\/wp\/v2\/users\/2"}],"replies":[{"embeddable":true,"href":"https:\/\/finarte.fi\/de\/wp-json\/wp\/v2\/comments?post=17559"}],"version-history":[{"count":4,"href":"https:\/\/finarte.fi\/de\/wp-json\/wp\/v2\/pages\/17559\/revisions"}],"predecessor-version":[{"id":17565,"href":"https:\/\/finarte.fi\/de\/wp-json\/wp\/v2\/pages\/17559\/revisions\/17565"}],"wp:attachment":[{"href":"https:\/\/finarte.fi\/de\/wp-json\/wp\/v2\/media?parent=17559"}],"curies":[{"name":"wp","href":"https:\/\/api.w.org\/{rel}","templated":true}]}}