{"id":17491,"date":"2023-09-07T18:51:17","date_gmt":"2023-09-07T15:51:17","guid":{"rendered":"https:\/\/finarte.fi\/mifuko\/"},"modified":"2025-03-17T12:27:18","modified_gmt":"2025-03-17T10:27:18","slug":"mifuko","status":"publish","type":"page","link":"https:\/\/finarte.fi\/de\/mifuko\/","title":{"rendered":"Mifuko"},"content":{"rendered":"<div class=\"row\"  id=\"row-1697206479\">\n\n\t<div id=\"col-292066125\" class=\"col small-12 large-12\"  >\n\t\t\t\t<div class=\"col-inner\"  >\n\t\t\t\n\t\t\t\n<div class=\"row\"  id=\"row-1862992522\">\n\n\t<div id=\"col-718372699\" class=\"col medium-6 small-12 large-6\"  >\n\t\t\t\t<div class=\"col-inner\"  >\n\t\t\t\n\t\t\t\n\t<div class=\"img has-hover x md-x lg-x y md-y lg-y\" id=\"image_82285332\">\n\t\t\t\t\t\t\t\t<div class=\"img-inner dark\" >\n\t\t\t<img loading=\"lazy\" decoding=\"async\" width=\"819\" height=\"1024\" src=\"https:\/\/finarte.fi\/wp-content\/uploads\/2023\/09\/finarte-mombasa-rug-mood-819x1024.webp\" class=\"attachment-large size-large\" alt=\"\" srcset=\"https:\/\/finarte.fi\/wp-content\/uploads\/2023\/09\/finarte-mombasa-rug-mood-819x1024.webp 819w, https:\/\/finarte.fi\/wp-content\/uploads\/2023\/09\/finarte-mombasa-rug-mood-510x638.webp 510w, https:\/\/finarte.fi\/wp-content\/uploads\/2023\/09\/finarte-mombasa-rug-mood-240x300.webp 240w, https:\/\/finarte.fi\/wp-content\/uploads\/2023\/09\/finarte-mombasa-rug-mood-768x960.webp 768w, https:\/\/finarte.fi\/wp-content\/uploads\/2023\/09\/finarte-mombasa-rug-mood.webp 1080w\" sizes=\"auto, (max-width: 819px) 100vw, 819px\" \/>\t\t\t\t\t\t\n\t\t\t\t\t<\/div>\n\t\t\t\t\t\t\t\t\n<style>\n#image_82285332 {\n  width: 100%;\n}\n<\/style>\n\t<\/div>\n\t\n\t\t<\/div>\n\t\t\t\t\t<\/div>\n\n\t\n\n\t<div id=\"col-614493781\" class=\"col medium-6 small-12 large-6\"  >\n\t\t\t\t<div class=\"col-inner\"  >\n\t\t\t\n\t\t\t\n<p style=\"text-align: center;\"><strong>Mifuko<\/strong><\/p>\n<p>Mifuko ist ein Fair-Trade-Designunternehmen, dessen Produkte, die traditionellen Kiondo-K\u00f6rbe, in Kenia ethisch handgefertigt werden. Gegr\u00fcndet wurde Mifuko von den Designerinnen Mari Martikainen und Minna Impi\u00f6, mit der Vision, traditionelle Handwerkskunst zu bewahren. Heute bietet das Unternehmen 600 Frauen in l\u00e4ndlichen Regionen Kenias Arbeit.<\/p>\n<p>Die gemeinsamen Werte \u2013 die Unterst\u00fctzung von Handarbeit und die Bewahrung traditioneller Techniken \u2013 f\u00fchrten Finarte und Mifuko zusammen. Minna und Mari haben f\u00fcr Finarte den Kelim-Wollteppich Mombasa entworfen.<\/p>\n\t<div id=\"gap-145564307\" class=\"gap-element clearfix\" style=\"display:block; height:auto;\">\n\t\t\n<style>\n#gap-145564307 {\n  padding-top: 30px;\n}\n<\/style>\n\t<\/div>\n\t\n<div class=\"row align-middle\"  id=\"row-1548736895\">\n\n\t<div id=\"col-610335523\" class=\"col medium-6 small-12 large-6\"  >\n\t\t\t\t<div class=\"col-inner\"  >\n\t\t\t\n\t\t\t\n\t<div class=\"img has-hover x md-x lg-x y md-y lg-y\" id=\"image_658777056\">\n\t\t\t\t\t\t\t\t<div class=\"img-inner image-cover dark\" style=\"padding-top:100%;\">\n\t\t\t<img loading=\"lazy\" decoding=\"async\" width=\"1020\" height=\"816\" src=\"https:\/\/finarte.fi\/wp-content\/uploads\/2023\/09\/finarte-mifuko-e1693671932414-1024x819.webp\" class=\"attachment-large size-large\" alt=\"\" srcset=\"https:\/\/finarte.fi\/wp-content\/uploads\/2023\/09\/finarte-mifuko-e1693671932414-1024x819.webp 1024w, https:\/\/finarte.fi\/wp-content\/uploads\/2023\/09\/finarte-mifuko-e1693671932414-510x408.webp 510w, https:\/\/finarte.fi\/wp-content\/uploads\/2023\/09\/finarte-mifuko-e1693671932414-300x240.webp 300w, https:\/\/finarte.fi\/wp-content\/uploads\/2023\/09\/finarte-mifuko-e1693671932414-768x614.webp 768w, https:\/\/finarte.fi\/wp-content\/uploads\/2023\/09\/finarte-mifuko-e1693671932414.webp 1350w\" sizes=\"auto, (max-width: 1020px) 100vw, 1020px\" \/>\t\t\t\t\t\t\n\t\t\t\t\t<\/div>\n\t\t\t\t\t\t\t\t\n<style>\n#image_658777056 {\n  width: 100%;\n}\n<\/style>\n\t<\/div>\n\t\n\t\t<\/div>\n\t\t\t\t\t<\/div>\n\n\t\n\n\t<div id=\"col-948350841\" class=\"col medium-6 small-12 large-6\"  >\n\t\t\t\t<div class=\"col-inner\"  >\n\t\t\t\n\t\t\t\n<blockquote>\n<p>Mombasa verbindet nordische Formen mit afrikanischen Farben \u2013 ein Hauch hei\u00dfer Luft mit warmen Farbt\u00f6nen, w\u00fcrzigen D\u00fcften und einer frischen Meeresbrise.<\/p>\n<\/blockquote>\n\t\t<\/div>\n\t\t\t\t\t<\/div>\n\n\t\n<\/div>\n\t\t<\/div>\n\t\t\t\t\t<\/div>\n\n\t\n<\/div>\n\t<div id=\"text-825671582\" class=\"text Superette-Light-Web\">\n\t\t\n<p>Mifukos Designs<\/p>\n\t\t\n<style>\n#text-825671582 {\n  font-size: 1.5rem;\n  text-align: center;\n  color: #ff5000;\n}\n#text-825671582 > * {\n  color: #ff5000;\n}\n<\/style>\n\t<\/div>\n\t\n\t\n  \n    <div class=\"row large-columns-4 medium-columns-3 small-columns-2 row-small slider row-slider slider-nav-reveal slider-nav-push\"  data-flickity-options='{&quot;imagesLoaded&quot;: true, &quot;groupCells&quot;: &quot;100%&quot;, &quot;dragThreshold&quot; : 5, &quot;cellAlign&quot;: &quot;left&quot;,&quot;wrapAround&quot;: true,&quot;prevNextButtons&quot;: true,&quot;percentPosition&quot;: true,&quot;pageDots&quot;: false, &quot;rightToLeft&quot;: false, &quot;autoPlay&quot; : false}' >\n\n  \n\t     <div class=\"product-small col has-hover product type-product post-18032 status-publish first onbackorder product_cat-bestseller product_cat-bunte-teppiche product_cat-designer product_cat-duenne-teppiche product_cat-flachgewebe product_cat-flurteppiche product_cat-gemustert product_cat-groesse product_cat-kuechenteppiche product_cat-mifuko product_cat-mittelgrosse-teppiche product_cat-raum product_cat-schlafzimmerteppiche product_cat-stil product_cat-technik product_cat-teppiche product_cat-wohnzimmerteppiche product_cat-wolle has-post-thumbnail taxable shipping-taxable purchasable product-type-variable has-default-attributes\">\n\t<div class=\"col-inner\">\n\t\n<div class=\"badge-container absolute left top z-1\">\n\n<\/div>\n\t<div class=\"product-small box \">\n\t\t<div class=\"box-image\">\n\t\t\t<div class=\"image-fade_in_back\">\n\t\t\t\t<a href=\"https:\/\/finarte.fi\/de\/shop\/produkte\/teppiche\/material\/wolle\/mombasa\/\">\n\t\t\t\t\t<img loading=\"lazy\" decoding=\"async\" width=\"400\" height=\"480\" src=\"https:\/\/finarte.fi\/wp-content\/uploads\/2023\/08\/finarte-mombasa-rug-400x480.webp\" class=\"attachment-woocommerce_thumbnail size-woocommerce_thumbnail\" alt=\"Mombasa Wollteppich\" \/><img loading=\"lazy\" decoding=\"async\" width=\"400\" height=\"480\" src=\"https:\/\/finarte.fi\/wp-content\/uploads\/2023\/09\/finarte-mombasa-rug-mood-400x480.webp\" class=\"show-on-hover absolute fill hide-for-small back-image\" alt=\"Alternative view of Mombasa Wollteppich\" aria-hidden=\"true\" \/>\t\t\t\t<\/a>\n\t\t\t<\/div>\n\t\t\t<div class=\"image-tools is-small top right show-on-hover\">\n\t\t\t\t\t\t<div class=\"wishlist-icon\">\n\t\t\t<button class=\"wishlist-button button is-outline circle icon\" aria-label=\"Wunschliste\">\n\t\t\t\t<i class=\"icon-heart\" aria-hidden=\"true\"><\/i>\t\t\t<\/button>\n\t\t\t<div class=\"wishlist-popup dark\">\n\t\t\t\t\n<div\n\tclass=\"yith-wcwl-add-to-wishlist add-to-wishlist-18032 yith-wcwl-add-to-wishlist--link-style wishlist-fragment on-first-load\"\n\tdata-fragment-ref=\"18032\"\n\tdata-fragment-options=\"{&quot;base_url&quot;:&quot;&quot;,&quot;product_id&quot;:18032,&quot;parent_product_id&quot;:0,&quot;product_type&quot;:&quot;variable&quot;,&quot;is_single&quot;:false,&quot;in_default_wishlist&quot;:false,&quot;show_view&quot;:false,&quot;browse_wishlist_text&quot;:&quot;Browse wishlist&quot;,&quot;already_in_wishslist_text&quot;:&quot;The product is already in your wishlist!&quot;,&quot;product_added_text&quot;:&quot;Product added!&quot;,&quot;available_multi_wishlist&quot;:false,&quot;disable_wishlist&quot;:false,&quot;show_count&quot;:false,&quot;ajax_loading&quot;:false,&quot;loop_position&quot;:&quot;after_add_to_cart&quot;,&quot;item&quot;:&quot;add_to_wishlist&quot;}\"\n>\n\t\t\t\n\t\t\t<!-- ADD TO WISHLIST -->\n\t\t\t\n<div class=\"yith-wcwl-add-button\">\n\t\t<a\n\t\thref=\"?add_to_wishlist=18032&#038;_wpnonce=128e449d54\"\n\t\tclass=\"add_to_wishlist single_add_to_wishlist\"\n\t\tdata-product-id=\"18032\"\n\t\tdata-product-type=\"variable\"\n\t\tdata-original-product-id=\"0\"\n\t\tdata-title=\"Zur Wunschliste hinzuf\u00fcgen\"\n\t\trel=\"nofollow\"\n\t>\n\t\t<svg id=\"yith-wcwl-icon-heart-outline\" class=\"yith-wcwl-icon-svg\" fill=\"none\" stroke-width=\"1.5\" stroke=\"currentColor\" viewBox=\"0 0 24 24\" xmlns=\"http:\/\/www.w3.org\/2000\/svg\">\n  <path stroke-linecap=\"round\" stroke-linejoin=\"round\" d=\"M21 8.25c0-2.485-2.099-4.5-4.688-4.5-1.935 0-3.597 1.126-4.312 2.733-.715-1.607-2.377-2.733-4.313-2.733C5.1 3.75 3 5.765 3 8.25c0 7.22 9 12 9 12s9-4.78 9-12Z\"><\/path>\n<\/svg>\t\t<span>Zur Wunschliste hinzuf\u00fcgen<\/span>\n\t<\/a>\n<\/div>\n\n\t\t\t<!-- COUNT TEXT -->\n\t\t\t\n\t\t\t<\/div>\n\t\t\t<\/div>\n\t\t<\/div>\n\t\t\t\t\t<\/div>\n\t\t\t<div class=\"image-tools is-small hide-for-small bottom left show-on-hover\">\n\t\t\t\t\t\t\t<\/div>\n\t\t\t<div class=\"image-tools grid-tools text-center hide-for-small bottom hover-slide-in show-on-hover\">\n\t\t\t\t<a href=\"#quick-view\" class=\"quick-view\" role=\"button\" data-prod=\"18032\" aria-haspopup=\"dialog\" aria-expanded=\"false\" data-flatsome-role-button>Schnellansicht<\/a>\t\t\t<\/div>\n\t\t\t\t\t<\/div>\n\n\t\t<div class=\"box-text box-text-products\">\n\t\t\t<div class=\"title-wrapper\">\t\t<p class=\"category uppercase is-smaller no-text-overflow product-cat op-8\">\n\t\t\tBestseller\t\t<\/p>\n\t<p class=\"name product-title woocommerce-loop-product__title\"><a href=\"https:\/\/finarte.fi\/de\/shop\/produkte\/teppiche\/material\/wolle\/mombasa\/\" class=\"woocommerce-LoopProduct-link woocommerce-loop-product__link\">Mombasa Wollteppich<\/a><\/p><\/div><div class=\"price-wrapper\">\n\t<span class=\"price\"><span class=\"woocommerce-Price-amount amount\" aria-hidden=\"true\"><bdi>360,00<span class=\"woocommerce-Price-currencySymbol\">&euro;<\/span><\/bdi><\/span> <span aria-hidden=\"true\"> \u2013 <\/span> <span class=\"woocommerce-Price-amount amount\" aria-hidden=\"true\"><bdi>490,00<span class=\"woocommerce-Price-currencySymbol\">&euro;<\/span><\/bdi><\/span><span class=\"screen-reader-text\">Preisspanne: 360,00&euro; bis 490,00&euro;<\/span><\/span>\n<\/div>\t\t<\/div>\n\t<\/div>\n\t<span class=\"gtm4wp_productdata\" style=\"display:none; visibility:hidden;\" data-gtm4wp_product_data=\"{&quot;internal_id&quot;:18032,&quot;item_id&quot;:18032,&quot;item_name&quot;:&quot;Mombasa Wollteppich&quot;,&quot;sku&quot;:18032,&quot;price&quot;:360,&quot;stocklevel&quot;:0,&quot;stockstatus&quot;:&quot;onbackorder&quot;,&quot;google_business_vertical&quot;:&quot;retail&quot;,&quot;item_category&quot;:&quot;Wolle&quot;,&quot;id&quot;:18032,&quot;productlink&quot;:&quot;https:\\\/\\\/finarte.fi\\\/de\\\/shop\\\/produkte\\\/teppiche\\\/material\\\/wolle\\\/mombasa\\\/&quot;,&quot;item_list_name&quot;:&quot;General Product List&quot;,&quot;index&quot;:1,&quot;product_type&quot;:&quot;variable&quot;,&quot;item_brand&quot;:&quot;&quot;}\"><\/span>\t\t\t<input type=\"hidden\" class=\"pmwProductId\" data-id=\"18032\">\n\t\t\t\t\t<script>\n\t\t\t(window.pmwDataLayer = window.pmwDataLayer || {}).products                = window.pmwDataLayer.products || {};\n\t\t\twindow.pmwDataLayer.products[18032] = {\"id\":\"18032\",\"sku\":\"\",\"price\":360,\"brand\":\"\",\"quantity\":1,\"dyn_r_ids\":{\"post_id\":\"18032\",\"sku\":18032,\"gpf\":\"woocommerce_gpf_18032\",\"gla\":\"gla_18032\"},\"is_variable\":true,\"type\":\"variable\",\"name\":\"Mombasa Wollteppich\",\"category\":[\"Bestseller\",\"Bunte Teppiche\",\"Designer\",\"D\u00fcnne Teppiche\",\"Flachgewebe\",\"Flurteppiche\",\"Gemustert\",\"Gr\u00f6\u00dfe\",\"K\u00fcchenteppiche\",\"Mifuko\",\"Mittelgro\u00dfe Teppiche\",\"Raum\",\"Schlafzimmerteppiche\",\"Stil\",\"Technik\",\"Teppiche\",\"Wohnzimmerteppiche\",\"Wolle\"],\"is_variation\":false};\n\t\t\t\t\twindow.pmw_product_position = window.pmw_product_position || 1;\n\t\twindow.pmwDataLayer.products[18032]['position'] = window.pmw_product_position++;\n\t\t\t\t<\/script>\n\t\t\t<\/div>\n<\/div><\/div>\n\t\t<\/div>\n\t\t\t\t\n<style>\n#col-292066125 > .col-inner {\n  padding: 0px 50px 0px 50px;\n}\n<\/style>\n\t<\/div>\n\n\t\n<\/div>\n","protected":false},"excerpt":{"rendered":"","protected":false},"author":2,"featured_media":0,"parent":0,"menu_order":0,"comment_status":"closed","ping_status":"closed","template":"","meta":{"footnotes":""},"class_list":["post-17491","page","type-page","status-publish","hentry"],"yoast_head":"<!-- This site is optimized with the Yoast SEO plugin v27.3 - https:\/\/yoast.com\/product\/yoast-seo-wordpress\/ -->\n<title>Mifuko - Finarte<\/title>\n<meta name=\"description\" content=\"Entdecken Sie Mifuko, ein Fair-Trade-Designunternehmen, das kenianische Handwerkskunst bewahrt. Erkunden Sie die Zusammenarbeit mit Finarte und den Kelim-Wollteppich Mombasa.\" \/>\n<meta name=\"robots\" content=\"index, follow, max-snippet:-1, max-image-preview:large, max-video-preview:-1\" \/>\n<link rel=\"canonical\" href=\"https:\/\/finarte.fi\/de\/mifuko\/\" \/>\n<meta property=\"og:locale\" content=\"de_DE\" \/>\n<meta property=\"og:type\" content=\"article\" \/>\n<meta property=\"og:title\" content=\"Mifuko - Finarte\" \/>\n<meta property=\"og:description\" content=\"Entdecken Sie Mifuko, ein Fair-Trade-Designunternehmen, das kenianische Handwerkskunst bewahrt. Erkunden Sie die Zusammenarbeit mit Finarte und den Kelim-Wollteppich Mombasa.\" \/>\n<meta property=\"og:url\" content=\"https:\/\/finarte.fi\/de\/mifuko\/\" \/>\n<meta property=\"og:site_name\" content=\"Finarte\" \/>\n<meta property=\"article:modified_time\" content=\"2025-03-17T10:27:18+00:00\" \/>\n<meta name=\"twitter:card\" content=\"summary_large_image\" \/>\n<meta name=\"twitter:label1\" content=\"Gesch\u00e4tzte Lesezeit\" \/>\n\t<meta name=\"twitter:data1\" content=\"1\u00a0Minute\" \/>\n<script type=\"application\/ld+json\" class=\"yoast-schema-graph\">{\"@context\":\"https:\\\/\\\/schema.org\",\"@graph\":[{\"@type\":\"WebPage\",\"@id\":\"https:\\\/\\\/finarte.fi\\\/de\\\/mifuko\\\/\",\"url\":\"https:\\\/\\\/finarte.fi\\\/de\\\/mifuko\\\/\",\"name\":\"Mifuko - Finarte\",\"isPartOf\":{\"@id\":\"https:\\\/\\\/finarte.fi\\\/de\\\/#website\"},\"datePublished\":\"2023-09-07T15:51:17+00:00\",\"dateModified\":\"2025-03-17T10:27:18+00:00\",\"description\":\"Entdecken Sie Mifuko, ein Fair-Trade-Designunternehmen, das kenianische Handwerkskunst bewahrt. Erkunden Sie die Zusammenarbeit mit Finarte und den Kelim-Wollteppich Mombasa.\",\"breadcrumb\":{\"@id\":\"https:\\\/\\\/finarte.fi\\\/de\\\/mifuko\\\/#breadcrumb\"},\"inLanguage\":\"de\",\"potentialAction\":[{\"@type\":\"ReadAction\",\"target\":[\"https:\\\/\\\/finarte.fi\\\/de\\\/mifuko\\\/\"]}]},{\"@type\":\"BreadcrumbList\",\"@id\":\"https:\\\/\\\/finarte.fi\\\/de\\\/mifuko\\\/#breadcrumb\",\"itemListElement\":[{\"@type\":\"ListItem\",\"position\":1,\"name\":\"Home\",\"item\":\"https:\\\/\\\/finarte.fi\\\/de\\\/\"},{\"@type\":\"ListItem\",\"position\":2,\"name\":\"Mifuko\"}]},{\"@type\":\"WebSite\",\"@id\":\"https:\\\/\\\/finarte.fi\\\/de\\\/#website\",\"url\":\"https:\\\/\\\/finarte.fi\\\/de\\\/\",\"name\":\"Finarte\",\"description\":\"\",\"potentialAction\":[{\"@type\":\"SearchAction\",\"target\":{\"@type\":\"EntryPoint\",\"urlTemplate\":\"https:\\\/\\\/finarte.fi\\\/de\\\/?s={search_term_string}\"},\"query-input\":{\"@type\":\"PropertyValueSpecification\",\"valueRequired\":true,\"valueName\":\"search_term_string\"}}],\"inLanguage\":\"de\"}]}<\/script>\n<!-- \/ Yoast SEO plugin. -->","yoast_head_json":{"title":"Mifuko - Finarte","description":"Entdecken Sie Mifuko, ein Fair-Trade-Designunternehmen, das kenianische Handwerkskunst bewahrt. Erkunden Sie die Zusammenarbeit mit Finarte und den Kelim-Wollteppich Mombasa.","robots":{"index":"index","follow":"follow","max-snippet":"max-snippet:-1","max-image-preview":"max-image-preview:large","max-video-preview":"max-video-preview:-1"},"canonical":"https:\/\/finarte.fi\/de\/mifuko\/","og_locale":"de_DE","og_type":"article","og_title":"Mifuko - Finarte","og_description":"Entdecken Sie Mifuko, ein Fair-Trade-Designunternehmen, das kenianische Handwerkskunst bewahrt. Erkunden Sie die Zusammenarbeit mit Finarte und den Kelim-Wollteppich Mombasa.","og_url":"https:\/\/finarte.fi\/de\/mifuko\/","og_site_name":"Finarte","article_modified_time":"2025-03-17T10:27:18+00:00","twitter_card":"summary_large_image","twitter_misc":{"Gesch\u00e4tzte Lesezeit":"1\u00a0Minute"},"schema":{"@context":"https:\/\/schema.org","@graph":[{"@type":"WebPage","@id":"https:\/\/finarte.fi\/de\/mifuko\/","url":"https:\/\/finarte.fi\/de\/mifuko\/","name":"Mifuko - Finarte","isPartOf":{"@id":"https:\/\/finarte.fi\/de\/#website"},"datePublished":"2023-09-07T15:51:17+00:00","dateModified":"2025-03-17T10:27:18+00:00","description":"Entdecken Sie Mifuko, ein Fair-Trade-Designunternehmen, das kenianische Handwerkskunst bewahrt. Erkunden Sie die Zusammenarbeit mit Finarte und den Kelim-Wollteppich Mombasa.","breadcrumb":{"@id":"https:\/\/finarte.fi\/de\/mifuko\/#breadcrumb"},"inLanguage":"de","potentialAction":[{"@type":"ReadAction","target":["https:\/\/finarte.fi\/de\/mifuko\/"]}]},{"@type":"BreadcrumbList","@id":"https:\/\/finarte.fi\/de\/mifuko\/#breadcrumb","itemListElement":[{"@type":"ListItem","position":1,"name":"Home","item":"https:\/\/finarte.fi\/de\/"},{"@type":"ListItem","position":2,"name":"Mifuko"}]},{"@type":"WebSite","@id":"https:\/\/finarte.fi\/de\/#website","url":"https:\/\/finarte.fi\/de\/","name":"Finarte","description":"","potentialAction":[{"@type":"SearchAction","target":{"@type":"EntryPoint","urlTemplate":"https:\/\/finarte.fi\/de\/?s={search_term_string}"},"query-input":{"@type":"PropertyValueSpecification","valueRequired":true,"valueName":"search_term_string"}}],"inLanguage":"de"}]}},"_links":{"self":[{"href":"https:\/\/finarte.fi\/de\/wp-json\/wp\/v2\/pages\/17491","targetHints":{"allow":["GET"]}}],"collection":[{"href":"https:\/\/finarte.fi\/de\/wp-json\/wp\/v2\/pages"}],"about":[{"href":"https:\/\/finarte.fi\/de\/wp-json\/wp\/v2\/types\/page"}],"author":[{"embeddable":true,"href":"https:\/\/finarte.fi\/de\/wp-json\/wp\/v2\/users\/2"}],"replies":[{"embeddable":true,"href":"https:\/\/finarte.fi\/de\/wp-json\/wp\/v2\/comments?post=17491"}],"version-history":[{"count":6,"href":"https:\/\/finarte.fi\/de\/wp-json\/wp\/v2\/pages\/17491\/revisions"}],"predecessor-version":[{"id":19122,"href":"https:\/\/finarte.fi\/de\/wp-json\/wp\/v2\/pages\/17491\/revisions\/19122"}],"wp:attachment":[{"href":"https:\/\/finarte.fi\/de\/wp-json\/wp\/v2\/media?parent=17491"}],"curies":[{"name":"wp","href":"https:\/\/api.w.org\/{rel}","templated":true}]}}