{"id":17398,"date":"2023-09-07T18:37:42","date_gmt":"2023-09-07T15:37:42","guid":{"rendered":"https:\/\/finarte.fi\/designers\/"},"modified":"2025-03-17T10:55:51","modified_gmt":"2025-03-17T08:55:51","slug":"designer","status":"publish","type":"page","link":"https:\/\/finarte.fi\/de\/designer\/","title":{"rendered":"Designer"},"content":{"rendered":"\n  <div class=\"banner has-hover\" id=\"banner-536873825\">\n          <div class=\"banner-inner fill\">\n        <div class=\"banner-bg fill\" >\n            <img loading=\"lazy\" decoding=\"async\" width=\"768\" height=\"960\" src=\"https:\/\/finarte.fi\/wp-content\/uploads\/2024\/09\/finarte-kertomus-wool-rug.webp\" class=\"bg attachment-large size-large\" alt=\"\" \/>                        <div class=\"overlay\"><\/div>            \n                    <\/div>\n\t\t\n        <div class=\"banner-layers container\">\n            <div class=\"fill banner-link\"><\/div>            \n<p data-start=\"110\" data-end=\"178\">\n   <div id=\"text-box-1715327826\" class=\"text-box banner-layer x90 md-x90 lg-x90 y50 md-y50 lg-y50 res-text\">\n                                <div class=\"text-box-content text dark\">\n              \n              <div class=\"text-inner text-center\">\n                  \n<h3>GRENZENSPRENGENDES<br \/>FINNISCHES DESIGN<\/h3>\n<p><span class=\"Superette-Light-Web\" style=\"font-size: 110%;\">Wir stehen f\u00fcr Selbstausdruck<\/p>\n<p>Unser kreativer Prozess wird von der Idee einzigartiger Designobjekte geleitet, die f\u00fcr viele zug\u00e4nglich sind und sowohl in Design als auch in Qualit\u00e4t die Zeit \u00fcberdauern. Wir arbeiten mit herausragenden finnischen Designern aus verschiedenen Bereichen zusammen, die mit ihren individuellen Ans\u00e4tzen unsere Kollektion bereichern \u2013 immer mit dem Ziel, wertvolle handwerkliche Traditionen und Techniken in die Moderne zu \u00fcberf\u00fchren.<\/p>\n              <\/div>\n           <\/div>\n                            \n<style>\n#text-box-1715327826 {\n  width: 60%;\n}\n#text-box-1715327826 .text-box-content {\n  font-size: 100%;\n}\n@media (min-width:550px) {\n  #text-box-1715327826 {\n    width: 40%;\n  }\n}\n<\/style>\n    <\/div>\n \n<\/p>\n<p data-start=\"703\" data-end=\"725\">\n        <\/div>\n      <\/div>\n\n            \n<style>\n#banner-536873825 {\n  padding-top: 500px;\n}\n#banner-536873825 .overlay {\n  background-color: rgba(0, 0, 0, 0.31);\n}\n#banner-536873825 .banner-bg img {\n  object-position: 40% 88%;\n}\n<\/style>\n  <\/div>\n\n\n\t<div id=\"gap-1033170740\" class=\"gap-element clearfix\" style=\"display:block; height:auto;\">\n\t\t\n<style>\n#gap-1033170740 {\n  padding-top: 30px;\n}\n<\/style>\n\t<\/div>\n\t\n\t<div id=\"text-213521335\" class=\"text Superette-Light-Web\">\n\t\t\n<p style=\"text-align: center;\"><span style=\"font-size: 150%;\">Entdecken Sie unsere Designer<\/span><\/p>\n\t\t\n<style>\n#text-213521335 {\n  color: #ff5000;\n}\n#text-213521335 > * {\n  color: #ff5000;\n}\n<\/style>\n\t<\/div>\n\t\n  <div class=\"banner-grid-wrapper\">\n  <div id=\"banner-grid-1612697626\" class=\"banner-grid row row-grid row-small\" data-packery-options=\"\">\n                      \n<p data-start=\"802\" data-end=\"836\">\n<div class=\"col grid-col large-6 grid-col-2-3\" ><div class=\"col-inner\">\n<p data-start=\"838\" data-end=\"920\">\n\n  <div class=\"banner has-hover\" id=\"banner-1479175722\">\n          <div class=\"banner-inner fill\">\n        <div class=\"banner-bg fill\" >\n            <img loading=\"lazy\" decoding=\"async\" width=\"819\" height=\"1024\" src=\"https:\/\/finarte.fi\/wp-content\/uploads\/2023\/08\/finarte-ruukku-rug-pink-mood-1-819x1024.webp\" class=\"bg attachment-large size-large\" alt=\"\" \/>                                    \n                    <\/div>\n\t\t\n        <div class=\"banner-layers container\">\n            <a class=\"fill\" href=\"https:\/\/finarte.fi\/de\/marianne-huotari\/\" target=\"_new\"><div class=\"fill banner-link\"><\/div><\/a>            \n<p data-start=\"922\" data-end=\"966\">\n   <div id=\"text-box-1726111301\" class=\"text-box banner-layer x50 md-x50 lg-x50 y50 md-y50 lg-y50 res-text\">\n                                <div class=\"text-box-content text dark\">\n              \n              <div class=\"text-inner text-center\">\n                  \n<h1><a href=\"https:\/\/finarte.fi\/de\/marianne-huotari\/\"><strong>MARIANNE HUOTARI<\/strong><\/a><\/h1>\n              <\/div>\n           <\/div>\n                            \n<style>\n#text-box-1726111301 {\n  width: 60%;\n}\n#text-box-1726111301 .text-box-content {\n  font-size: 100%;\n}\n<\/style>\n    <\/div>\n \n<\/p>\n<p data-start=\"1003\" data-end=\"1017\">\n        <\/div>\n      <\/div>\n\n            \n<style>\n#banner-1479175722 {\n  padding-top: 500px;\n}\n<\/style>\n  <\/div>\n\n\n<\/div><\/div>\n<div class=\"col grid-col large-6 grid-col-1-2\" ><div class=\"col-inner\">\n<p data-start=\"1069\" data-end=\"1149\">\n\n  <div class=\"banner has-hover\" id=\"banner-45844635\">\n          <div class=\"banner-inner fill\">\n        <div class=\"banner-bg fill\" >\n            <img loading=\"lazy\" decoding=\"async\" width=\"819\" height=\"1024\" src=\"https:\/\/finarte.fi\/wp-content\/uploads\/2023\/09\/finarte-birgitta-rug-beige-mood-2-819x1024.webp\" class=\"bg attachment-large size-large\" alt=\"\" \/>                                    \n                    <\/div>\n\t\t\n        <div class=\"banner-layers container\">\n            <a class=\"fill\" href=\"https:\/\/finarte.fi\/de\/eija-rasinmaki\/\" target=\"_new\"><div class=\"fill banner-link\"><\/div><\/a>            \n<p data-start=\"1151\" data-end=\"1195\">\n   <div id=\"text-box-1643559538\" class=\"text-box banner-layer x50 md-x50 lg-x50 y50 md-y50 lg-y50 res-text\">\n                                <div class=\"text-box-content text dark\">\n              \n              <div class=\"text-inner text-center\">\n                  \n<h1><a href=\"https:\/\/finarte.fi\/de\/eija-rasinmaki\/\"><strong>EIJA RASINM\u00c4KI<\/strong><\/a><\/h1>\n              <\/div>\n           <\/div>\n                            \n<style>\n#text-box-1643559538 {\n  width: 60%;\n}\n#text-box-1643559538 .text-box-content {\n  font-size: 100%;\n}\n<\/style>\n    <\/div>\n \n<\/p>\n<p data-start=\"1230\" data-end=\"1244\">\n        <\/div>\n      <\/div>\n\n            \n<style>\n#banner-45844635 {\n  padding-top: 500px;\n}\n#banner-45844635 .banner-bg img {\n  object-position: 23% 97%;\n}\n<\/style>\n  <\/div>\n\n\n<\/div><\/div>\n<div class=\"col grid-col large-3 grid-col-1-2\" ><div class=\"col-inner\">\n<p data-start=\"1296\" data-end=\"1371\">\n\n  <div class=\"banner has-hover\" id=\"banner-656057301\">\n          <div class=\"banner-inner fill\">\n        <div class=\"banner-bg fill\" >\n            <img loading=\"lazy\" decoding=\"async\" width=\"682\" height=\"1024\" src=\"https:\/\/finarte.fi\/wp-content\/uploads\/2023\/04\/Finarte-Dyyni-Saana-ja-Olli-682x1024.jpeg\" class=\"bg attachment-large size-large\" alt=\"\" \/>                                    \n                    <\/div>\n\t\t\n        <div class=\"banner-layers container\">\n            <a class=\"fill\" href=\"https:\/\/finarte.fi\/de\/saana-ja-olli\/\" target=\"_new\"><div class=\"fill banner-link\"><\/div><\/a>            \n   <div id=\"text-box-586684453\" class=\"text-box banner-layer x50 md-x50 lg-x50 y50 md-y50 lg-y50 res-text\">\n                                <div class=\"text-box-content text dark\">\n              \n              <div class=\"text-inner text-center\">\n                  \n<h1><a href=\"https:\/\/finarte.fi\/de\/saana-ja-olli\/\"><strong>SAANA JA OLLI<\/strong><\/a><\/h1>\n              <\/div>\n           <\/div>\n                            \n<style>\n#text-box-586684453 {\n  width: 60%;\n}\n#text-box-586684453 .text-box-content {\n  font-size: 100%;\n}\n<\/style>\n    <\/div>\n \n        <\/div>\n      <\/div>\n\n            \n<style>\n#banner-656057301 {\n  padding-top: 500px;\n}\n<\/style>\n  <\/div>\n\n\n<\/div><\/div>\n<div class=\"col grid-col large-3 grid-col-1-2\" ><div class=\"col-inner\">\n<p data-start=\"1517\" data-end=\"1597\">\n\n  <div class=\"banner has-hover\" id=\"banner-18505973\">\n          <div class=\"banner-inner fill\">\n        <div class=\"banner-bg fill\" >\n            <img loading=\"lazy\" decoding=\"async\" width=\"819\" height=\"1024\" src=\"https:\/\/finarte.fi\/wp-content\/uploads\/2023\/08\/finarte-terttu-rug-blue-mood-1-819x1024.webp\" class=\"bg attachment-large size-large\" alt=\"\" \/>                                    \n                    <\/div>\n\t\t\n        <div class=\"banner-layers container\">\n            <a class=\"fill\" href=\"https:\/\/finarte.fi\/de\/eri-shimatsuka\/\" target=\"_new\"><div class=\"fill banner-link\"><\/div><\/a>            \n   <div id=\"text-box-1430921875\" class=\"text-box banner-layer x15 md-x15 lg-x15 y50 md-y50 lg-y50 res-text\">\n                                <div class=\"text-box-content text dark\">\n              \n              <div class=\"text-inner text-center\">\n                  \n<h1><a href=\"https:\/\/finarte.fi\/de\/eri-shimatsuka\/\"><strong>ERI SHIMATSUKA<\/strong><\/a><\/h1>\n              <\/div>\n           <\/div>\n                            \n<style>\n#text-box-1430921875 {\n  width: 60%;\n}\n#text-box-1430921875 .text-box-content {\n  font-size: 100%;\n}\n<\/style>\n    <\/div>\n \n        <\/div>\n      <\/div>\n\n            \n<style>\n#banner-18505973 {\n  padding-top: 500px;\n}\n<\/style>\n  <\/div>\n\n\n<\/div><\/div>\n<div class=\"col grid-col large-6 grid-col-1-3\" ><div class=\"col-inner\">\n<p data-start=\"1744\" data-end=\"1821\">\n\n  <div class=\"banner has-hover\" id=\"banner-1666516193\">\n          <div class=\"banner-inner fill\">\n        <div class=\"banner-bg fill\" >\n            <img loading=\"lazy\" decoding=\"async\" width=\"819\" height=\"1024\" src=\"https:\/\/finarte.fi\/wp-content\/uploads\/2023\/09\/finarte-pome-rug-mood-2-819x1024.webp\" class=\"bg attachment-large size-large\" alt=\"\" \/>                                    \n                    <\/div>\n\t\t\n        <div class=\"banner-layers container\">\n            <a class=\"fill\" href=\"https:\/\/finarte.fi\/de\/minni-havas\/\" target=\"_new\"><div class=\"fill banner-link\"><\/div><\/a>            \n   <div id=\"text-box-1180248724\" class=\"text-box banner-layer x50 md-x50 lg-x50 y50 md-y50 lg-y50 res-text\">\n                                <div class=\"text-box-content text dark\">\n              \n              <div class=\"text-inner text-center\">\n                  \n<h1><a href=\"https:\/\/finarte.fi\/de\/minni-havas\/\"><strong>MINNI HAVAS<\/strong><\/a><\/h1>\n              <\/div>\n           <\/div>\n                            \n<style>\n#text-box-1180248724 {\n  width: 60%;\n}\n#text-box-1180248724 .text-box-content {\n  font-size: 100%;\n}\n<\/style>\n    <\/div>\n \n        <\/div>\n      <\/div>\n\n            \n<style>\n#banner-1666516193 {\n  padding-top: 500px;\n}\n<\/style>\n  <\/div>\n\n\n<\/div><\/div>\n            <\/div>\n    <style>\n    #banner-grid-1612697626 .grid-col-1{height: 762px}\n    #banner-grid-1612697626 .grid-col-1-2{height: 381px}\n    #banner-grid-1612697626 .grid-col-1-3{height:254px}\n    #banner-grid-1612697626 .grid-col-2-3{height: 508px}\n    #banner-grid-1612697626 .grid-col-1-4{height: 190.5px}\n    #banner-grid-1612697626 .grid-col-3-4{height: 571.5px}\n\n\n    \n    \n\n  <\/style>\n    <\/div>\n  \n\t<div id=\"gap-755612543\" class=\"gap-element clearfix\" style=\"display:block; height:auto;\">\n\t\t\n<style>\n#gap-755612543 {\n  padding-top: 30px;\n}\n<\/style>\n\t<\/div>\n\t\n  <div class=\"banner-grid-wrapper\">\n  <div id=\"banner-grid-1941653210\" class=\"banner-grid row row-grid row-small\" data-packery-options=\"\">\n                      \n<div class=\"col grid-col large-6 grid-col-1-2\" ><div class=\"col-inner\">\n\n  <div class=\"banner has-hover\" id=\"banner-102171003\">\n          <div class=\"banner-inner fill\">\n        <div class=\"banner-bg fill\" >\n            <img loading=\"lazy\" decoding=\"async\" width=\"819\" height=\"1024\" src=\"https:\/\/finarte.fi\/wp-content\/uploads\/2023\/08\/finarte-akaatti-rug-mood-1-819x1024.webp\" class=\"bg attachment-large size-large\" alt=\"\" \/>                                    \n                    <\/div>\n\t\t\n        <div class=\"banner-layers container\">\n            <a class=\"fill\" href=\"https:\/\/finarte.fi\/de\/juslin-maunula\/\"><div class=\"fill banner-link\"><\/div><\/a>            \n   <div id=\"text-box-874151388\" class=\"text-box banner-layer x50 md-x50 lg-x50 y50 md-y50 lg-y50 res-text\">\n                                <div class=\"text-box-content text dark\">\n              \n              <div class=\"text-inner text-center\">\n                  \n<h1 class=\"uppercase\"><a href=\"https:\/\/finarte.fi\/de\/juslin-maunula\/\"><strong>JUSLIN MAUNULA<\/strong><\/a><\/h1>\n              <\/div>\n           <\/div>\n                            \n<style>\n#text-box-874151388 {\n  width: 60%;\n}\n#text-box-874151388 .text-box-content {\n  font-size: 100%;\n}\n<\/style>\n    <\/div>\n \n        <\/div>\n      <\/div>\n\n            \n<style>\n#banner-102171003 {\n  padding-top: 500px;\n}\n<\/style>\n  <\/div>\n\n\n<\/div><\/div>\n<div class=\"col grid-col large-6 grid-col-1-3\" ><div class=\"col-inner\">\n\n  <div class=\"banner has-hover\" id=\"banner-678301659\">\n          <div class=\"banner-inner fill\">\n        <div class=\"banner-bg fill\" >\n            <img loading=\"lazy\" decoding=\"async\" width=\"819\" height=\"1024\" src=\"https:\/\/finarte.fi\/wp-content\/uploads\/2023\/09\/finarte-juhla-rug-mood-819x1024.webp\" class=\"bg attachment-large size-large\" alt=\"\" \/>                        <div class=\"overlay\"><\/div>            \n                    <\/div>\n\t\t\n        <div class=\"banner-layers container\">\n            <a class=\"fill\" href=\"https:\/\/finarte.fi\/de\/pasi-karkkainen-tunkelo\/\"><div class=\"fill banner-link\"><\/div><\/a>            \n   <div id=\"text-box-727928197\" class=\"text-box banner-layer x50 md-x50 lg-x50 y50 md-y50 lg-y50 res-text\">\n                                <div class=\"text-box-content text dark\">\n              \n              <div class=\"text-inner text-center\">\n                  \n<h1><a href=\"_wp_link_placeholder\" data-wplink-edit=\"true\"><strong>PASI K\u00c4RKK\u00c4INEN-TUNKELO<\/strong><\/a><\/h1>\n              <\/div>\n           <\/div>\n                            \n<style>\n#text-box-727928197 {\n  width: 60%;\n}\n#text-box-727928197 .text-box-content {\n  font-size: 100%;\n}\n<\/style>\n    <\/div>\n \n        <\/div>\n      <\/div>\n\n            \n<style>\n#banner-678301659 {\n  padding-top: 500px;\n}\n#banner-678301659 .overlay {\n  background-color: rgba(0, 0, 0, 0.17);\n}\n#banner-678301659 .banner-bg img {\n  object-position: 36% 94%;\n}\n<\/style>\n  <\/div>\n\n\n<\/div><\/div>\n<div class=\"col grid-col large-6 grid-col-2-3\" ><div class=\"col-inner\">\n\n  <div class=\"banner has-hover\" id=\"banner-1309023267\">\n          <div class=\"banner-inner fill\">\n        <div class=\"banner-bg fill\" >\n            <img loading=\"lazy\" decoding=\"async\" width=\"768\" height=\"1024\" src=\"https:\/\/finarte.fi\/wp-content\/uploads\/2024\/06\/finarte-usva-mood-big-768x1024.webp\" class=\"bg attachment-large size-large\" alt=\"\" \/>                                    \n                    <\/div>\n\t\t\n        <div class=\"banner-layers container\">\n            <a class=\"fill\" href=\"https:\/\/finarte.fi\/de\/mervi-pesonen\/\"><div class=\"fill banner-link\"><\/div><\/a>            \n   <div id=\"text-box-1763562595\" class=\"text-box banner-layer x50 md-x50 lg-x50 y50 md-y50 lg-y50 res-text\">\n                                <div class=\"text-box-content text dark\">\n              \n              <div class=\"text-inner text-center\">\n                  \n<h1 class=\"uppercase\"><strong>MERVI PESONEN<\/strong><\/h1>\n              <\/div>\n           <\/div>\n                            \n<style>\n#text-box-1763562595 {\n  width: 60%;\n}\n#text-box-1763562595 .text-box-content {\n  font-size: 100%;\n}\n<\/style>\n    <\/div>\n \n        <\/div>\n      <\/div>\n\n            \n<style>\n#banner-1309023267 {\n  padding-top: 500px;\n}\n<\/style>\n  <\/div>\n\n\n<\/div><\/div>\n<div class=\"col grid-col large-3 grid-col-1-2\" ><div class=\"col-inner\">\n\n  <div class=\"banner has-hover\" id=\"banner-1226434620\">\n          <div class=\"banner-inner fill\">\n        <div class=\"banner-bg fill\" >\n            <img loading=\"lazy\" decoding=\"async\" width=\"819\" height=\"1024\" src=\"https:\/\/finarte.fi\/wp-content\/uploads\/2023\/09\/finarte-mombasa-rug-mood-819x1024.webp\" class=\"bg attachment-large size-large\" alt=\"\" \/>                                    \n                    <\/div>\n\t\t\n        <div class=\"banner-layers container\">\n            <a class=\"fill\" href=\"https:\/\/finarte.fi\/de\/mifuko\/\"><div class=\"fill banner-link\"><\/div><\/a>            \n   <div id=\"text-box-1326084377\" class=\"text-box banner-layer x50 md-x50 lg-x50 y50 md-y50 lg-y50 res-text\">\n                                <div class=\"text-box-content text dark\">\n              \n              <div class=\"text-inner text-center\">\n                  \n<h1><a href=\"https:\/\/finarte.fi\/de\/mifuko\/\"><strong>MIFUKO<\/strong><\/a><\/h1>\n              <\/div>\n           <\/div>\n                            \n<style>\n#text-box-1326084377 {\n  width: 60%;\n}\n#text-box-1326084377 .text-box-content {\n  font-size: 100%;\n}\n<\/style>\n    <\/div>\n \n        <\/div>\n      <\/div>\n\n            \n<style>\n#banner-1226434620 {\n  padding-top: 500px;\n}\n<\/style>\n  <\/div>\n\n\n<\/div><\/div>\n<div class=\"col grid-col large-3 grid-col-1-2\" ><div class=\"col-inner\">\n\n  <div class=\"banner has-hover\" id=\"banner-1442048309\">\n          <div class=\"banner-inner fill\">\n        <div class=\"banner-bg fill\" >\n            <img loading=\"lazy\" decoding=\"async\" width=\"819\" height=\"1024\" src=\"https:\/\/finarte.fi\/wp-content\/uploads\/2023\/08\/finarte-stool-rug-mood-1-819x1024.webp\" class=\"bg attachment-large size-large\" alt=\"\" \/>                                    \n                    <\/div>\n\t\t\n        <div class=\"banner-layers container\">\n            <div class=\"fill banner-link\"><\/div>            \n   <div id=\"text-box-867414620\" class=\"text-box banner-layer x50 md-x50 lg-x50 y50 md-y50 lg-y50 res-text\">\n                                <div class=\"text-box-content text dark\">\n              \n              <div class=\"text-inner text-center\">\n                  \n<h1><strong>ANTTI KEKKI<\/strong><\/h1>\n              <\/div>\n           <\/div>\n                            \n<style>\n#text-box-867414620 {\n  width: 60%;\n}\n#text-box-867414620 .text-box-content {\n  font-size: 100%;\n}\n<\/style>\n    <\/div>\n \n        <\/div>\n      <\/div>\n\n            \n<style>\n#banner-1442048309 {\n  padding-top: 500px;\n}\n<\/style>\n  <\/div>\n\n\n<\/div><\/div>\n            <\/div>\n    <style>\n    #banner-grid-1941653210 .grid-col-1{height: 600px}\n    #banner-grid-1941653210 .grid-col-1-2{height: 300px}\n    #banner-grid-1941653210 .grid-col-1-3{height:200px}\n    #banner-grid-1941653210 .grid-col-2-3{height: 400px}\n    #banner-grid-1941653210 .grid-col-1-4{height: 150px}\n    #banner-grid-1941653210 .grid-col-3-4{height: 450px}\n\n\n    \n    \n\n  <\/style>\n    <\/div>\n  \n","protected":false},"excerpt":{"rendered":"","protected":false},"author":2,"featured_media":0,"parent":0,"menu_order":0,"comment_status":"closed","ping_status":"closed","template":"","meta":{"footnotes":""},"class_list":["post-17398","page","type-page","status-publish","hentry"],"yoast_head":"<!-- This site is optimized with the Yoast SEO plugin v27.3 - https:\/\/yoast.com\/product\/yoast-seo-wordpress\/ -->\n<title>Designer - Finarte<\/title>\n<meta name=\"description\" content=\"Entdecken Sie bahnbrechendes finnisches Design bei Finarte. Lernen Sie unsere talentierten Designer kennen, erfahren Sie mehr \u00fcber ihre kreativen Prozesse und wie sie finnische Handwerkstraditionen in modernes Design \u00fcberf\u00fchren.\" \/>\n<meta name=\"robots\" content=\"index, follow, max-snippet:-1, max-image-preview:large, max-video-preview:-1\" \/>\n<link rel=\"canonical\" href=\"https:\/\/finarte.fi\/de\/designer\/\" \/>\n<meta property=\"og:locale\" content=\"de_DE\" \/>\n<meta property=\"og:type\" content=\"article\" \/>\n<meta property=\"og:title\" content=\"Designer - Finarte\" \/>\n<meta property=\"og:description\" content=\"Entdecken Sie bahnbrechendes finnisches Design bei Finarte. Lernen Sie unsere talentierten Designer kennen, erfahren Sie mehr \u00fcber ihre kreativen Prozesse und wie sie finnische Handwerkstraditionen in modernes Design \u00fcberf\u00fchren.\" \/>\n<meta property=\"og:url\" content=\"https:\/\/finarte.fi\/de\/designer\/\" \/>\n<meta property=\"og:site_name\" content=\"Finarte\" \/>\n<meta property=\"article:modified_time\" content=\"2025-03-17T08:55:51+00:00\" \/>\n<meta name=\"twitter:card\" content=\"summary_large_image\" \/>\n<meta name=\"twitter:label1\" content=\"Gesch\u00e4tzte Lesezeit\" \/>\n\t<meta name=\"twitter:data1\" content=\"2\u00a0Minuten\" \/>\n<script type=\"application\/ld+json\" class=\"yoast-schema-graph\">{\"@context\":\"https:\\\/\\\/schema.org\",\"@graph\":[{\"@type\":\"WebPage\",\"@id\":\"https:\\\/\\\/finarte.fi\\\/de\\\/designer\\\/\",\"url\":\"https:\\\/\\\/finarte.fi\\\/de\\\/designer\\\/\",\"name\":\"Designer - Finarte\",\"isPartOf\":{\"@id\":\"https:\\\/\\\/finarte.fi\\\/de\\\/#website\"},\"datePublished\":\"2023-09-07T15:37:42+00:00\",\"dateModified\":\"2025-03-17T08:55:51+00:00\",\"description\":\"Entdecken Sie bahnbrechendes finnisches Design bei Finarte. Lernen Sie unsere talentierten Designer kennen, erfahren Sie mehr \u00fcber ihre kreativen Prozesse und wie sie finnische Handwerkstraditionen in modernes Design \u00fcberf\u00fchren.\",\"breadcrumb\":{\"@id\":\"https:\\\/\\\/finarte.fi\\\/de\\\/designer\\\/#breadcrumb\"},\"inLanguage\":\"de\",\"potentialAction\":[{\"@type\":\"ReadAction\",\"target\":[\"https:\\\/\\\/finarte.fi\\\/de\\\/designer\\\/\"]}]},{\"@type\":\"BreadcrumbList\",\"@id\":\"https:\\\/\\\/finarte.fi\\\/de\\\/designer\\\/#breadcrumb\",\"itemListElement\":[{\"@type\":\"ListItem\",\"position\":1,\"name\":\"Home\",\"item\":\"https:\\\/\\\/finarte.fi\\\/de\\\/\"},{\"@type\":\"ListItem\",\"position\":2,\"name\":\"Designer\"}]},{\"@type\":\"WebSite\",\"@id\":\"https:\\\/\\\/finarte.fi\\\/de\\\/#website\",\"url\":\"https:\\\/\\\/finarte.fi\\\/de\\\/\",\"name\":\"Finarte\",\"description\":\"\",\"potentialAction\":[{\"@type\":\"SearchAction\",\"target\":{\"@type\":\"EntryPoint\",\"urlTemplate\":\"https:\\\/\\\/finarte.fi\\\/de\\\/?s={search_term_string}\"},\"query-input\":{\"@type\":\"PropertyValueSpecification\",\"valueRequired\":true,\"valueName\":\"search_term_string\"}}],\"inLanguage\":\"de\"}]}<\/script>\n<!-- \/ Yoast SEO plugin. -->","yoast_head_json":{"title":"Designer - Finarte","description":"Entdecken Sie bahnbrechendes finnisches Design bei Finarte. Lernen Sie unsere talentierten Designer kennen, erfahren Sie mehr \u00fcber ihre kreativen Prozesse und wie sie finnische Handwerkstraditionen in modernes Design \u00fcberf\u00fchren.","robots":{"index":"index","follow":"follow","max-snippet":"max-snippet:-1","max-image-preview":"max-image-preview:large","max-video-preview":"max-video-preview:-1"},"canonical":"https:\/\/finarte.fi\/de\/designer\/","og_locale":"de_DE","og_type":"article","og_title":"Designer - Finarte","og_description":"Entdecken Sie bahnbrechendes finnisches Design bei Finarte. Lernen Sie unsere talentierten Designer kennen, erfahren Sie mehr \u00fcber ihre kreativen Prozesse und wie sie finnische Handwerkstraditionen in modernes Design \u00fcberf\u00fchren.","og_url":"https:\/\/finarte.fi\/de\/designer\/","og_site_name":"Finarte","article_modified_time":"2025-03-17T08:55:51+00:00","twitter_card":"summary_large_image","twitter_misc":{"Gesch\u00e4tzte Lesezeit":"2\u00a0Minuten"},"schema":{"@context":"https:\/\/schema.org","@graph":[{"@type":"WebPage","@id":"https:\/\/finarte.fi\/de\/designer\/","url":"https:\/\/finarte.fi\/de\/designer\/","name":"Designer - Finarte","isPartOf":{"@id":"https:\/\/finarte.fi\/de\/#website"},"datePublished":"2023-09-07T15:37:42+00:00","dateModified":"2025-03-17T08:55:51+00:00","description":"Entdecken Sie bahnbrechendes finnisches Design bei Finarte. Lernen Sie unsere talentierten Designer kennen, erfahren Sie mehr \u00fcber ihre kreativen Prozesse und wie sie finnische Handwerkstraditionen in modernes Design \u00fcberf\u00fchren.","breadcrumb":{"@id":"https:\/\/finarte.fi\/de\/designer\/#breadcrumb"},"inLanguage":"de","potentialAction":[{"@type":"ReadAction","target":["https:\/\/finarte.fi\/de\/designer\/"]}]},{"@type":"BreadcrumbList","@id":"https:\/\/finarte.fi\/de\/designer\/#breadcrumb","itemListElement":[{"@type":"ListItem","position":1,"name":"Home","item":"https:\/\/finarte.fi\/de\/"},{"@type":"ListItem","position":2,"name":"Designer"}]},{"@type":"WebSite","@id":"https:\/\/finarte.fi\/de\/#website","url":"https:\/\/finarte.fi\/de\/","name":"Finarte","description":"","potentialAction":[{"@type":"SearchAction","target":{"@type":"EntryPoint","urlTemplate":"https:\/\/finarte.fi\/de\/?s={search_term_string}"},"query-input":{"@type":"PropertyValueSpecification","valueRequired":true,"valueName":"search_term_string"}}],"inLanguage":"de"}]}},"_links":{"self":[{"href":"https:\/\/finarte.fi\/de\/wp-json\/wp\/v2\/pages\/17398","targetHints":{"allow":["GET"]}}],"collection":[{"href":"https:\/\/finarte.fi\/de\/wp-json\/wp\/v2\/pages"}],"about":[{"href":"https:\/\/finarte.fi\/de\/wp-json\/wp\/v2\/types\/page"}],"author":[{"embeddable":true,"href":"https:\/\/finarte.fi\/de\/wp-json\/wp\/v2\/users\/2"}],"replies":[{"embeddable":true,"href":"https:\/\/finarte.fi\/de\/wp-json\/wp\/v2\/comments?post=17398"}],"version-history":[{"count":14,"href":"https:\/\/finarte.fi\/de\/wp-json\/wp\/v2\/pages\/17398\/revisions"}],"predecessor-version":[{"id":19078,"href":"https:\/\/finarte.fi\/de\/wp-json\/wp\/v2\/pages\/17398\/revisions\/19078"}],"wp:attachment":[{"href":"https:\/\/finarte.fi\/de\/wp-json\/wp\/v2\/media?parent=17398"}],"curies":[{"name":"wp","href":"https:\/\/api.w.org\/{rel}","templated":true}]}}